{"id":22577,"date":"2025-10-22T13:09:13","date_gmt":"2025-10-22T05:09:13","guid":{"rendered":"https:\/\/yebodaglass.com\/?post_type=product&#038;p=22577"},"modified":"2025-11-04T11:54:26","modified_gmt":"2025-11-04T03:54:26","slug":"little-yogurt-bottles-banana-milk-glass-bottles-supplier","status":"publish","type":"product","link":"https:\/\/yebodaglass.com\/zh\/little-yogurt-bottles-banana-milk-glass-bottles-supplier\/","title":{"rendered":"100-200\u6beb\u5347\u661f\u7403\u5c0f\u9178\u5976\u74f6 \u2013 \u751c\u70b9\u676f"},"content":{"rendered":"<p>\u0130htiya\u00e7lar\u0131n\u0131 bilerek, s\u00fcrekli di\u015fli a\u011f\u0131zl\u0131, \u00f6zel 310 ml&#039;lik s\u00fct tipi cam \u015fi\u015fe tasar\u0131m\u0131 geli\u015ftirdik. B\u00f6ylece kapak daha s\u0131k\u0131 oturarak uzun mesafeli nakliye s\u0131ras\u0131nda s\u0131z\u0131nt\u0131lar\u0131 \u00f6nledi ve ayn\u0131 zamanda t\u00fcketicilerin a\u00e7mas\u0131 daha kolay oldu. K\u0131sa s\u00fcrede, m\u00fc\u015fterilerin s\u0131z\u0131nt\u0131 \u015fikayetleri oran\u0131nda azald\u0131 ve sipari\u015f hacimleri artt\u0131.<\/p>\n<h2>\u4ea7\u54c1\u7279\u6027<\/h2>\n<p><strong>\u8bbe\u8ba1\u7279\u70b9<\/strong><\/p>\n<p>Marka veya besin bilgisi i\u00e7eren \u00f6zel yap\u0131\u015fkanl\u0131 etiketlere destek.<\/p>\n<p><strong>\u6750\u6599\u8d28\u91cf<\/strong><\/p>\n<p>Perakende veya toptan sat\u0131\u015f i\u00e7in tekli hediye kutular\u0131ndan veya toplu kartonlardan se\u00e7im yap\u0131n.<\/p>\n<p><strong>\u529f\u80fd\u6027\u80fd<\/strong><\/p>\n<p>\u5bbd\u53e3\u8bbe\u8ba1\u65b9\u4fbf\u704c\u88c5\u548c\u76db\u88c5\uff0c\u786e\u4fdd\u5bc6\u5c01\u4e25\u5b9e\u3002\u5982\u679c\u60a8\u6709\u591a\u79cd\u7c7b\u578b\u7684\u76d6\u5b50\uff08\u94dd\u7b94\u6216\u5851\u6599\uff09\uff0c\u53ef\u4ee5\u4f7f\u7528\u5b83\u4eec\u6765\u9632\u6b62\u6cc4\u6f0f\u5e76\u4fdd\u6301\u4ea7\u54c1\u65b0\u9c9c\uff0c\u56e0\u6b64\uff0c\u5b83\u662f\u5bb6\u5ead\u548c\u4f01\u4e1a\u7684\u5b8c\u7f8e\u5de5\u5177\u3002<\/p>\n<h2>\u4e3b\u8981\u89c4\u683c<\/h2>\n<table style=\"border-collapse: collapse; width: 80%; margin-left: auto; margin-right: auto;\" border=\"0\" width=\"288\" cellspacing=\"0\" cellpadding=\"0\">\n<tbody>\n<tr style=\"height: 13.50pt;\">\n<td style=\"height: 13.5pt; width: 54pt; text-align: center;\" width=\"72\" height=\"18\">\u6a21\u578b<\/td>\n<td style=\"width: 54pt; text-align: center;\" width=\"72\">\u5bb9\u91cf\uff08\u6beb\u5347\uff09<\/td>\n<td style=\"width: 54pt; text-align: center;\" width=\"72\">\u5c3a\u5bf8\uff08\u5398\u7c73\uff09<\/td>\n<td style=\"width: 54pt; text-align: center;\" width=\"72\">\u5f62\u72b6<\/td>\n<\/tr>\n<tr style=\"height: 13.50pt;\">\n<td style=\"height: 13.5pt; text-align: center;\" align=\"right\" height=\"18\">64010045<\/td>\n<td style=\"text-align: center;\" align=\"right\">100<\/td>\n<td style=\"text-align: center;\">6.9&#215;6.2<\/td>\n<td class=\"et2\" style=\"text-align: center;\" rowspan=\"2\">100ml 200ml \u03a0\u03c1\u03bf\u03c3\u03b1\u03c1\u03bc\u03bf\u03c3\u03bc\u03ad\u03bd\u03b1 \u03bc\u03c0\u03bf\u03c5\u03ba\u03ac\u03bb\u03b9\u03b1 \u03b3\u03ac\u03bb\u03b1\u03ba\u03c4\u03bf\u03c2 \u03b1\u03c0\u03cc \u03b4\u03b9\u03b1\u03c6\u03b1\u03bd\u03ad\u03c2 \u03b3\u03c5\u03b1\u03bb\u03af \u03bc\u03b5 \u03ba\u03b1\u03c0\u03ac\u03ba\u03b9\u03b1 \u03c7\u03bf\u03bd\u03b4\u03c1\u03b9\u03ba\u03ae\u03c2<\/td>\n<\/tr>\n<tr style=\"height: 13.50pt;\">\n<td style=\"height: 13.5pt; text-align: center;\" align=\"right\" height=\"18\">64020046<\/td>\n<td style=\"text-align: center;\" align=\"right\">200<\/td>\n<td style=\"text-align: center;\">7.9&#215;7.3<\/td>\n<\/tr>\n<\/tbody>\n<\/table>\n<h2>\u6210\u529f\u6848\u4f8b<\/h2>\n<p>\u6211\u4eec\u63a5\u5230\u97e9\u56fd\u4e00\u5bb6\u7cbe\u54c1\u9178\u5976\u5de5\u5382\u7684\u8ba2\u5355\uff0c\u4e3a\u5176\u751c\u70b9\u4ea7\u54c1\u7ebf\u5347\u7ea7\u751f\u4ea7\u884c\u661f\u5f62\u72b6\u7684\u73bb\u7483\u5e03\u4e01\u676f\u3002\u72ec\u7279\u7684\u5f27\u5f62\u5e95\u90e8\u8bbe\u8ba1\u80fd\u591f\u7acb\u5373\u5438\u5f15\u6d88\u8d39\u8005\u5728\u8d27\u67b6\u4e0a\u7684\u76ee\u5149\uff0c\u4ece\u800c\u8d4b\u4e88\u8be5\u9178\u5976\u548c\u6155\u65af\u54c1\u724c\u4e00\u79cd\u4fcf\u76ae\u3001\u5962\u534e\u4e14\u5145\u6ee1\u5320\u5fc3\u7684\u6c1b\u56f4\u3002<\/p>\n<p>\u6b64\u5916\uff0c\u8be5\u54c1\u724c\u8fd8\u66f4\u6362\u4e86\u94f6\u8272\u94dd\u76d6\u7684\u8bbe\u8ba1\uff0c\u4f7f\u5176\u5177\u6709\u9632\u6f0f\u5bc6\u5c01\u529f\u80fd\uff0c\u5e76\u9970\u4ee5\u82b1\u5349\u56fe\u6848\uff0c\u4ee5\u5951\u5408\u5176\u201c\u81ea\u7136\u6e05\u65b0\u201d\u7684\u54c1\u724c\u4e3b\u9898\u3002\u7115\u7136\u4e00\u65b0\u7684\u5305\u88c5\u4e0d\u4ec5\u63d0\u5347\u4e86\u4ea7\u54c1\u5916\u89c2\uff0c\u4e5f\u6539\u5584\u4e86\u4ea7\u54c1\u5728\u8fd0\u8f93\u8fc7\u7a0b\u4e2d\u7684\u50a8\u5b58\u6761\u4ef6\u3002<\/p>\n<p>\u8be5\u4ea7\u54c1\u4e0a\u5e02\u4e09\u4e2a\u6708\u540e\uff0c\u96f6\u552e\u989d\u589e\u957f\u4e86 45%\uff0c\u5e76\u6269\u5c55\u5230\u591a\u5bb6\u9ad8\u6863\u5496\u5561\u9986\u548c\u751c\u54c1\u5e97\u3002<\/p>\n<h2>\u60a8\u7684\u81ea\u5b9a\u4e49\u6307\u5357<\/h2>\n<ol>\n<li><strong>\u5b9a\u5236\u74f6\u76d6\u548c\u5bc6\u5c01\u4ef6\uff1a<\/strong>\u74f6\u76d6\u7684\u9009\u62e9\u975e\u5e38\u4e30\u5bcc\uff0c\u4f8b\u5982\u91d1\u5c5e\u3001\u5851\u6599\u6216\u9632\u7be1\u6539\u74f6\u76d6\uff0c\u989c\u8272\u4e5f\u591a\u79cd\u591a\u6837\uff08\u5982\u94f6\u8272\u3001\u91d1\u8272\u548c\u767d\u8272\uff09\u3002\u6b64\u5916\uff0c\u8fd8\u53ef\u4ee5\u5370\u4e0a\u54c1\u724c\u6807\u5fd7\u6216\u56fe\u6848\uff0c\u8fd9\u4e0d\u4ec5\u80fd\u63d0\u5347\u4ea7\u54c1\u7684\u5b9e\u7528\u6027\uff0c\u8fd8\u80fd\u901a\u8fc7\u89c6\u89c9\u8bc6\u522b\u5438\u5f15\u987e\u5ba2\u3002<\/li>\n<li><strong>\u5b9a\u5236\u8868\u9762\u548c\u8bbe\u8ba1\uff1a<\/strong>\u6211\u4eec\u53ef\u4ee5\u5b8c\u6210\u4ee5\u4e0b\u4e00\u9879\u6216\u591a\u9879\u4efb\u52a1\uff1a\u78e8\u7802\u3001\u70eb\u91d1\u3001\u55b7\u6f06\u6216\u8d34\u82b1\uff0c\u4e3a\u5305\u88c5\u6dfb\u52a0\u54c1\u724c\u4fe1\u606f\u6216\u74f6\u5b50\u7eb9\u7406\uff0c\u4f7f\u5305\u88c5\u66f4\u65f6\u5c1a\u3001\u66f4\u5177\u5438\u5f15\u529b\u3002<\/li>\n<\/ol>","protected":false},"excerpt":{"rendered":"<p>\u5b9a\u5236\u7684\u661f\u7403\u9020\u578b\u5c0f\u9178\u5976\u74f6\u975e\u5e38\u9002\u5408\u76db\u88c5\u9999\u8549\u725b\u5976\u3001\u751c\u70b9\u548c\u86cb\u5976\u51bb\u3002\u7ecf\u4e45\u8010\u7528\uff0c\u53ef\u91cd\u590d\u4f7f\u7528\uff0c\u662f\u98df\u54c1\u5305\u88c5\u54c1\u724c\u7684\u7406\u60f3\u4e4b\u9009\u3002<\/p>","protected":false},"featured_media":22595,"template":"","meta":[],"product_brand":[],"product_cat":[124,122,130],"product_tag":[],"class_list":{"0":"post-22577","1":"product","2":"type-product","3":"status-publish","4":"has-post-thumbnail","6":"product_cat-custom-glass-jars","7":"product_cat-custom-glass-packaging","8":"product_cat-glass-yogurt-jars","10":"first","11":"instock","12":"shipping-taxable","13":"product-type-simple"},"jetpack_sharing_enabled":true,"_links":{"self":[{"href":"https:\/\/yebodaglass.com\/zh\/wp-json\/wp\/v2\/product\/22577","targetHints":{"allow":["GET"]}}],"collection":[{"href":"https:\/\/yebodaglass.com\/zh\/wp-json\/wp\/v2\/product"}],"about":[{"href":"https:\/\/yebodaglass.com\/zh\/wp-json\/wp\/v2\/types\/product"}],"version-history":[{"count":5,"href":"https:\/\/yebodaglass.com\/zh\/wp-json\/wp\/v2\/product\/22577\/revisions"}],"predecessor-version":[{"id":22613,"href":"https:\/\/yebodaglass.com\/zh\/wp-json\/wp\/v2\/product\/22577\/revisions\/22613"}],"wp:featuredmedia":[{"embeddable":true,"href":"https:\/\/yebodaglass.com\/zh\/wp-json\/wp\/v2\/media\/22595"}],"wp:attachment":[{"href":"https:\/\/yebodaglass.com\/zh\/wp-json\/wp\/v2\/media?parent=22577"}],"wp:term":[{"taxonomy":"product_brand","embeddable":true,"href":"https:\/\/yebodaglass.com\/zh\/wp-json\/wp\/v2\/product_brand?post=22577"},{"taxonomy":"product_cat","embeddable":true,"href":"https:\/\/yebodaglass.com\/zh\/wp-json\/wp\/v2\/product_cat?post=22577"},{"taxonomy":"product_tag","embeddable":true,"href":"https:\/\/yebodaglass.com\/zh\/wp-json\/wp\/v2\/product_tag?post=22577"}],"curies":[{"name":"wp","href":"https:\/\/api.w.org\/{rel}","templated":true}]}}