{"id":24603,"date":"2025-12-25T09:22:12","date_gmt":"2025-12-25T01:22:12","guid":{"rendered":"https:\/\/yebodaglass.com\/?post_type=product&#038;p=24603"},"modified":"2025-12-25T10:26:37","modified_gmt":"2025-12-25T02:26:37","slug":"unique-glass-jars-with-bamboo-lids-bulk","status":"publish","type":"product","link":"https:\/\/yebodaglass.com\/tr\/unique-glass-jars-with-bamboo-lids-bulk\/","title":{"rendered":"500 ml, 750 ml, 1100 ml Bambu Kapakl\u0131 Benzersiz Cam Kavanozlar (Toptan Sat\u0131\u015f)"},"content":{"rendered":"<p data-start=\"66\" data-end=\"288\">Bu e\u015fsiz cam kavanozlar yumu\u015fak, yuvarlak \u015fekilli, ince boyunlu ve dolgun yuvarlak g\u00f6vdelidir. Her bir kavanozun g\u00f6vdesi, zarif\u00e7e k\u0131vr\u0131lm\u0131\u015f, tamamen \u015feffaf bir camdan yap\u0131lm\u0131\u015ft\u0131r ve p\u00fcr\u00fczs\u00fcz ve hafif bambu kapa\u011f\u0131yla di\u011ferlerinden farkl\u0131d\u0131r.<\/p>\n<h2>\u00dcr\u00fcn \u00d6zellikleri<\/h2>\n<ul>\n<li><strong>Yuvarlak ve Dolgun \u015eekil:<\/strong> \u0130nce boyun ve dolgun g\u00f6vde yap\u0131s\u0131, en y\u00fcksek depolama kapasitesini sa\u011flarken, g\u00f6rsel etkiye de p\u00fcr\u00fczs\u00fcz ve yumu\u015fak bir doku kazand\u0131r\u0131r.<\/li>\n<li><strong>Tamamen \u015eeffaf G\u00f6vde:<\/strong> Bu, y\u00fcksek borosilikat camdan yap\u0131lm\u0131\u015f bir kapt\u0131r ve bu sayede kapa\u011f\u0131 a\u00e7madan kavanozun i\u00e7indekileri g\u00f6rebilir, b\u00f6ylece ne oldu\u011funu kolayca anlayabilirsiniz.<\/li>\n<li><strong>Basit Bambu Kapak:<\/strong> Bambu malzemeden yap\u0131lm\u0131\u015f bej renkli d\u00fcz kapak hafiftir, cam kavanozun tarz\u0131na uyar ve kullan\u0131lan malzeme ferah ve temiz bir dokunu\u015f katar.<\/li>\n<\/ul>\n<h2 style=\"text-align: left;\">Temel \u00d6zellikler<\/h2>\n<table class=\"aligncenter\" style=\"border-collapse: collapse; width: 364.52pt;\" border=\"0\" width=\"486\" cellspacing=\"0\" cellpadding=\"0\">\n<tbody>\n<tr style=\"height: 13.50pt;\">\n<td style=\"height: 13.50pt; width: 105.00pt;\" width=\"140\" height=\"18\">\u015eartname<\/td>\n<td style=\"width: 259.50pt;\" width=\"346\">Detaylar<\/td>\n<\/tr>\n<tr style=\"height: 13.50pt;\">\n<td style=\"height: 13.50pt;\" height=\"18\">Boyutlar<\/td>\n<td>500 ml: 10\u00d710,5 cm \/ 750 ml: 10,5\u00d712 cm \/ 1100 ml: 11,5\u00d716 cm<\/td>\n<\/tr>\n<tr style=\"height: 13.50pt;\">\n<td style=\"height: 13.50pt;\" height=\"18\">Malzeme<\/td>\n<td>Y\u00fcksek Borosilikat Cam, Bambu<\/td>\n<\/tr>\n<tr style=\"height: 13.50pt;\">\n<td style=\"height: 13.50pt;\" height=\"18\">Kapak Tipi<\/td>\n<td>Bambu D\u00fcz Kapak<\/td>\n<\/tr>\n<tr style=\"height: 13.50pt;\">\n<td style=\"height: 13.50pt;\" height=\"18\">Malzeme \u00d6zelli\u011fi<\/td>\n<td>Is\u0131ya ve Kimyasallara Dayan\u0131kl\u0131, Y\u00fcksek \u015eeffafl\u0131k<\/td>\n<\/tr>\n<tr style=\"height: 13.50pt;\">\n<td style=\"height: 13.50pt;\" height=\"18\">\u0130deal \u0130\u00e7in<\/td>\n<td>E\u015fsiz Cam Kavanozlar, kapakl\u0131 cam kavanozlar<\/td>\n<\/tr>\n<\/tbody>\n<\/table>\n<h2>Ba\u015far\u0131 \u00d6yk\u00fcs\u00fc: L\u00fcks Bir Bakkal\u0131n \u0130mza \u00dcr\u00fcn Serisi<\/h2>\n<p>L\u00fcks bir market zinciri, granola ve kar\u0131\u015f\u0131k kahvalt\u0131l\u0131k gevrekleri i\u00e7in kapakl\u0131, kendine \u00f6zg\u00fc 750 ml&#039;lik cam kavanozumuzu kulland\u0131. Sonu\u00e7 ne oldu? \u015e\u0131k tasar\u0131m en h\u0131zl\u0131 \u015fekilde sembol haline geldi, \u00fcr\u00fcn serisi &#034;Kavisli Kavanozlar&#034; olarak an\u0131ld\u0131 ve do\u011frudan sat\u0131\u015flarda &#039;lik bir art\u0131\u015fa yol a\u00e7t\u0131. Ayr\u0131ca, kavanozlar\u0131n \u00e7ekici tasar\u0131m\u0131, sosyal medyada kullan\u0131c\u0131lar taraf\u0131ndan olu\u015fturulan i\u00e7erikte 0&#039;l\u00fck bir art\u0131\u015fa neden oldu. Market zinciri, \u00fcr\u00fcnden son derece memnun kald\u0131ktan sonra, \u00fcr\u00fcn serisini \u00fclke \u00e7ap\u0131nda yayg\u0131nla\u015ft\u0131rmak amac\u0131yla 80.000 adet daha sipari\u015f verdi.<\/p>\n<h2>Benzersiz Cam Kavanozlar \u0130\u00e7in Ki\u015fiselle\u015ftirme \u00d6nerileri<\/h2>\n<ul>\n<li>Cam Renkleri: \u015eeffaf cam\u0131n yan\u0131 s\u0131ra kehribar, kobalt mavisi veya ye\u015fil gibi yumu\u015fak cam renkleri de tercih edebilirsiniz.<\/li>\n<li>Lazerle Kaz\u0131ma: Kal\u0131c\u0131 logolar veya desenler, cam y\u00fczeyine do\u011frudan ve kal\u0131c\u0131 olarak kaz\u0131n\u0131r.<\/li>\n<li>Serigrafi bask\u0131: Makinede y\u0131kanabilir, dayan\u0131kl\u0131 ve sa\u011flam seramik pigmentler kullanarak renkli logonuzu, boyutunuzu veya dekoratif \u015feritlerinizi cama serigrafi bask\u0131 y\u00f6ntemiyle uygulay\u0131n.<\/li>\n<li>Kal\u0131c\u0131 kabartmal\u0131 \u00f6l\u00e7\u00fc \u00e7izgileri: Kullan\u0131\u015fl\u0131l\u0131\u011f\u0131 art\u0131rmak i\u00e7in barda\u011fa kal\u0131c\u0131 kabartmal\u0131 \u00f6l\u00e7\u00fc \u00e7izgileri (ml\/oz) kal\u0131play\u0131n.<\/li>\n<\/ul>","protected":false},"excerpt":{"rendered":"<p dir=\"auto\">E\u015fsiz cam kavanozlarla dekorasyonunuza \u015f\u0131kl\u0131k kat\u0131n. Kapakl\u0131 cam kavanozumuz y\u00fcksek borosilikat camdan ve do\u011fal bambu kaplamadan \u00fcretilmi\u015ftir. H\u0131zl\u0131 teslimat i\u00e7in stokta mevcuttur.<\/p>","protected":false},"featured_media":24604,"template":"","meta":[],"product_brand":[],"product_cat":[122,124,137],"product_tag":[],"class_list":{"0":"post-24603","1":"product","2":"type-product","3":"status-publish","4":"has-post-thumbnail","6":"product_cat-custom-glass-packaging","7":"product_cat-custom-glass-jars","8":"product_cat-glass-jars-with-lids","10":"first","11":"instock","12":"shipping-taxable","13":"product-type-simple"},"jetpack_sharing_enabled":true,"_links":{"self":[{"href":"https:\/\/yebodaglass.com\/tr\/wp-json\/wp\/v2\/product\/24603","targetHints":{"allow":["GET"]}}],"collection":[{"href":"https:\/\/yebodaglass.com\/tr\/wp-json\/wp\/v2\/product"}],"about":[{"href":"https:\/\/yebodaglass.com\/tr\/wp-json\/wp\/v2\/types\/product"}],"version-history":[{"count":4,"href":"https:\/\/yebodaglass.com\/tr\/wp-json\/wp\/v2\/product\/24603\/revisions"}],"predecessor-version":[{"id":24612,"href":"https:\/\/yebodaglass.com\/tr\/wp-json\/wp\/v2\/product\/24603\/revisions\/24612"}],"wp:featuredmedia":[{"embeddable":true,"href":"https:\/\/yebodaglass.com\/tr\/wp-json\/wp\/v2\/media\/24604"}],"wp:attachment":[{"href":"https:\/\/yebodaglass.com\/tr\/wp-json\/wp\/v2\/media?parent=24603"}],"wp:term":[{"taxonomy":"product_brand","embeddable":true,"href":"https:\/\/yebodaglass.com\/tr\/wp-json\/wp\/v2\/product_brand?post=24603"},{"taxonomy":"product_cat","embeddable":true,"href":"https:\/\/yebodaglass.com\/tr\/wp-json\/wp\/v2\/product_cat?post=24603"},{"taxonomy":"product_tag","embeddable":true,"href":"https:\/\/yebodaglass.com\/tr\/wp-json\/wp\/v2\/product_tag?post=24603"}],"curies":[{"name":"wp","href":"https:\/\/api.w.org\/{rel}","templated":true}]}}