{"id":24588,"date":"2025-12-24T14:14:57","date_gmt":"2025-12-24T06:14:57","guid":{"rendered":"https:\/\/yebodaglass.com\/?post_type=product&#038;p=24588"},"modified":"2025-12-25T10:18:26","modified_gmt":"2025-12-25T02:18:26","slug":"borosilicate-glass-jars-with-lids-and-spoons-bulk","status":"publish","type":"product","link":"https:\/\/yebodaglass.com\/tr\/borosilicate-glass-jars-with-lids-and-spoons-bulk\/","title":{"rendered":"300 ml, 350 ml, 450 ml Borosilikat Cam Kavanozlar, Kapaklar\u0131 ve Ka\u015f\u0131klar\u0131yla Birlikte (Toptan)"},"content":{"rendered":"<p data-start=\"66\" data-end=\"288\">Kapakl\u0131 ve ka\u015f\u0131kl\u0131 bu cam kavanoz tamamen borosilikat camdan \u00fcretilmi\u015ftir. Silindirik \u015fekle sahip her kavanoza a\u00e7\u0131k bej renkli bambu kapak ve ka\u015f\u0131k e\u015flik eder ve kullan\u0131m\u0131 kolayd\u0131r.<\/p>\n<h2>\u00dcr\u00fcn \u00d6zellikleri<\/h2>\n<ul>\n<li><strong>Kapak ve ka\u015f\u0131k birle\u015fik yap\u0131s\u0131:<\/strong> Bu, kapa\u011f\u0131n ortas\u0131na tak\u0131lacak bir bambu ka\u015f\u0131k olacak ve bu yap\u0131, mutfak gere\u00e7lerinin kaybolmas\u0131n\u0131 \u00f6nleyerek i\u015flemi kolayla\u015ft\u0131racak.<\/li>\n<li><strong>Borosilikat Cam:<\/strong> Borosilikat cam, m\u00fckemmel s\u0131cakl\u0131k dayan\u0131m\u0131na (-20\u00b0C - 150\u00b0C) ve k\u0131r\u0131lmaz \u00f6zelli\u011fe sahiptir ve tekrar kullan\u0131labilir.<\/li>\n<li><strong>M\u00fckemmel Hava Ge\u00e7irmez Bambu Kapak:<\/strong> Cam kavanozun a\u00e7\u0131k bej renkli, entegre s\u0131zd\u0131rmazl\u0131k halkal\u0131 bambu kapa\u011f\u0131 vard\u0131r ve bu da cam kavanozu kuru \u00fcr\u00fcnleri saklamak i\u00e7in etkili bir yer haline getirir.<\/li>\n<\/ul>\n<h2 style=\"text-align: left;\">Temel \u00d6zellikler<\/h2>\n<table class=\"aligncenter\" style=\"border-collapse: collapse; width: 528.02pt;\" border=\"0\" width=\"704\" cellspacing=\"0\" cellpadding=\"0\">\n<tbody>\n<tr style=\"height: 13.50pt;\">\n<td style=\"height: 13.50pt; width: 135.00pt;\" width=\"180\" height=\"18\">Ba\u011flanmak<\/td>\n<td style=\"width: 393.00pt;\" width=\"524\">Detaylar<\/td>\n<\/tr>\n<tr style=\"height: 13.50pt;\">\n<td style=\"height: 13.50pt;\" height=\"18\">Boyutlar<\/td>\n<td>300 ml: 6,5 \u00d7 10 cm; 350 ml: 6,5 \u00d7 12 cm; 450 ml: 6,5 \u00d7 15 cm<\/td>\n<\/tr>\n<tr style=\"height: 13.50pt;\">\n<td style=\"height: 13.50pt;\" height=\"18\">Malzeme<\/td>\n<td>Y\u00fcksek borosilikat cam, bambu<\/td>\n<\/tr>\n<tr style=\"height: 13.50pt;\">\n<td style=\"height: 13.50pt;\" height=\"18\">Kavanoz \u015eekli<\/td>\n<td>D\u00fcz silindirik \u015fekil, p\u00fcr\u00fczs\u00fcz i\u00e7 duvar, d\u00fcz dairesel taban<\/td>\n<\/tr>\n<tr style=\"height: 13.50pt;\">\n<td style=\"height: 13.50pt;\" height=\"18\">Kapak Tipi<\/td>\n<td>A\u00e7\u0131k bej bambu d\u00fcz kapak<\/td>\n<\/tr>\n<tr style=\"height: 13.50pt;\">\n<td style=\"height: 13.50pt;\" height=\"18\">Borosilikat Malzeme \u00d6zellikleri<\/td>\n<td>Y\u00fcksek \u015feffafl\u0131k, m\u00fckemmel s\u0131cakl\u0131k dayan\u0131m\u0131<\/td>\n<\/tr>\n<tr style=\"height: 13.50pt;\">\n<td style=\"height: 13.50pt;\" height=\"18\">\u0130deal \u0130\u00e7in<\/td>\n<td>Kapakl\u0131 ve ka\u015f\u0131kl\u0131 cam kavanozlar, kapakl\u0131 cam kavanozlar<\/td>\n<\/tr>\n<\/tbody>\n<\/table>\n<h2>Ba\u015far\u0131 \u00d6yk\u00fcs\u00fc: Distrib\u00fct\u00f6rlerin H\u0131zl\u0131 B\u00fcy\u00fcmesi<\/h2>\n<p>B\u00f6lgesel mutfak e\u015fyas\u0131 ve g\u0131da tedarik\u00e7ilerinden biri, ba\u015flang\u0131\u00e7ta 4.000 adet kapakl\u0131 ve ka\u015f\u0131kl\u0131 cam kavanoz sipari\u015fi verdi. Piyasan\u0131n tepkisi ola\u011fan\u00fcst\u00fcyd\u00fc. \u0130lk olarak, y\u00fcksek kaliteli borosilikat cam, g\u0131dalar\u0131n raf \u00f6mr\u00fcn\u00fc oran\u0131nda uzatt\u0131; ikincisi, \u00fcst\u00fcn hava ge\u00e7irmezlik \u00f6zelli\u011fi, k\u0131r\u0131lma oran\u0131n\u0131 oran\u0131nda azaltt\u0131. Bu bulgulara g\u00f6re, distrib\u00fct\u00f6r 320.000 adet kapakl\u0131 kavanozdan olu\u015fan ek bir parti daha sipari\u015f etti.<\/p>\n<h2>Kapakl\u0131 Cam Kavanozlar \u0130\u00e7in \u00d6zel Tasar\u0131m \u00d6nerileri<\/h2>\n<ul>\n<li>Logolu Ka\u015f\u0131k Sap\u0131: Bambu ka\u015f\u0131k sap\u0131na lazerle \u015firket logonuzu i\u015fleyin.<\/li>\n<li>Dokulu Taban: Kavanozun taban\u0131na ince bir \u0131zgara deseni i\u015flenmi\u015ftir, bu da p\u00fcr\u00fczs\u00fcz mutfak tezgah\u0131nda daha iyi tutu\u015f sa\u011flar.<\/li>\n<li>Ka\u015f\u0131k Boyutu Se\u00e7enekleri: Farkl\u0131 boyutlarda ka\u015f\u0131klar (\u00f6rne\u011fin 300 ml&#039;lik mini ka\u015f\u0131klar) iste\u011fe ba\u011fl\u0131 aksesuar olarak mevcuttur.<\/li>\n<li>Leke Tutmayan Kaplama: Kavanozun i\u00e7 duvar\u0131ndaki bu g\u0131da s\u0131n\u0131f\u0131 \u015feffaf kaplama, g\u0131da baharatlar\u0131n\u0131n veya koyu renkli yiyeceklerin leke b\u0131rakmas\u0131n\u0131 \u00f6nler.<\/li>\n<li>Buzlu Etiket Alan\u0131: Bu, \u00fcr\u00fcn\u00fcn etiketlendi\u011fi dikd\u00f6rtgen \u015feklinde buzlu bir aland\u0131r.<\/li>\n<\/ul>","protected":false},"excerpt":{"rendered":"<p dir=\"auto\">Bulk glass jar with lid and spoon offering glass jars with lid in transparent borosilicate, minimalist bamboo elements, gradient sizes. Bulk order discounts.<\/p>","protected":false},"featured_media":24596,"template":"","meta":[],"product_brand":[],"product_cat":[122,124,137],"product_tag":[],"class_list":{"0":"post-24588","1":"product","2":"type-product","3":"status-publish","4":"has-post-thumbnail","6":"product_cat-custom-glass-packaging","7":"product_cat-custom-glass-jars","8":"product_cat-glass-jars-with-lids","10":"first","11":"instock","12":"shipping-taxable","13":"product-type-simple"},"jetpack_sharing_enabled":true,"_links":{"self":[{"href":"https:\/\/yebodaglass.com\/tr\/wp-json\/wp\/v2\/product\/24588","targetHints":{"allow":["GET"]}}],"collection":[{"href":"https:\/\/yebodaglass.com\/tr\/wp-json\/wp\/v2\/product"}],"about":[{"href":"https:\/\/yebodaglass.com\/tr\/wp-json\/wp\/v2\/types\/product"}],"version-history":[{"count":4,"href":"https:\/\/yebodaglass.com\/tr\/wp-json\/wp\/v2\/product\/24588\/revisions"}],"predecessor-version":[{"id":24610,"href":"https:\/\/yebodaglass.com\/tr\/wp-json\/wp\/v2\/product\/24588\/revisions\/24610"}],"wp:featuredmedia":[{"embeddable":true,"href":"https:\/\/yebodaglass.com\/tr\/wp-json\/wp\/v2\/media\/24596"}],"wp:attachment":[{"href":"https:\/\/yebodaglass.com\/tr\/wp-json\/wp\/v2\/media?parent=24588"}],"wp:term":[{"taxonomy":"product_brand","embeddable":true,"href":"https:\/\/yebodaglass.com\/tr\/wp-json\/wp\/v2\/product_brand?post=24588"},{"taxonomy":"product_cat","embeddable":true,"href":"https:\/\/yebodaglass.com\/tr\/wp-json\/wp\/v2\/product_cat?post=24588"},{"taxonomy":"product_tag","embeddable":true,"href":"https:\/\/yebodaglass.com\/tr\/wp-json\/wp\/v2\/product_tag?post=24588"}],"curies":[{"name":"wp","href":"https:\/\/api.w.org\/{rel}","templated":true}]}}