{"id":24586,"date":"2025-12-24T14:26:16","date_gmt":"2025-12-24T06:26:16","guid":{"rendered":"https:\/\/yebodaglass.com\/?post_type=product&#038;p=24586"},"modified":"2026-03-12T15:46:01","modified_gmt":"2026-03-12T07:46:01","slug":"custom-food-storage-glass-jars-for-packaging-bulk","status":"publish","type":"product","link":"https:\/\/yebodaglass.com\/tr\/custom-food-storage-glass-jars-for-packaging-bulk\/","title":{"rendered":"175 ml \u2013 500 ml \u00d6zel Tasar\u0131ml\u0131 Toplu Ambalaj \u0130\u00e7in Cam G\u0131da Saklama Kavanozlar\u0131"},"content":{"rendered":"<p>Bu g\u0131da saklama cam kavanozlar\u0131 p\u00fcr\u00fczs\u00fcz bir \u015fekle sahip olup, i\u00e7indekileri net bir \u015fekilde g\u00f6rmeyi sa\u011flayan \u015feffaf kristal berrakl\u0131\u011f\u0131nda bir camdan yap\u0131lm\u0131\u015f silindirik bir g\u00f6vdeye sahiptir. Kapaklar\u0131 do\u011fal ah\u015faptan yap\u0131lm\u0131\u015f olup, yiyeceklerin tazeli\u011fini korumak i\u00e7in silikon bir s\u0131zd\u0131rmazl\u0131k halkas\u0131 i\u00e7erir.<\/p>\n<h2>\u00dcr\u00fcn \u00d6zellikleri<\/h2>\n<ul>\n<li><strong>Y\u00fcksek S\u0131cakl\u0131k Direnci: <\/strong>Y\u00fcksek borosilikat cam, s\u0131cakl\u0131k de\u011fi\u015fimlerine kar\u015f\u0131 dayan\u0131kl\u0131d\u0131r ve bu nedenle hem s\u0131cak hem de so\u011fuk yiyeceklerin saklanmas\u0131nda kullan\u0131labilir. Ayr\u0131ca k\u0131r\u0131lma olas\u0131l\u0131\u011f\u0131 daha d\u00fc\u015f\u00fckt\u00fcr, bu nedenle kavanoz daha fazla \u015fekilde kullan\u0131labilir.<\/li>\n<li><strong>M\u00fckemmel silikon kapak:<\/strong> Ah\u015fap kapa\u011f\u0131n i\u00e7ine yerle\u015ftirilmi\u015f silikon halka sayesinde kapa\u011f\u0131n s\u0131zd\u0131rmazl\u0131\u011f\u0131 sa\u011flan\u0131r, b\u00f6ylece i\u00e7ecekler tazeli\u011fini korur ve d\u00f6k\u00fclmeleri \u00f6nler.<\/li>\n<li><strong>\u00c7e\u015fitli boyutlarda:<\/strong> Mini, k\u00fc\u00e7\u00fck ve b\u00fcy\u00fck gibi \u00e7e\u015fitli boyutlarda sunulan bu \u00fcr\u00fcn, kuru g\u0131da saklama ihtiya\u00e7lar\u0131n\u0131z\u0131n tamam\u0131na uygundur.<\/li>\n<\/ul>\n<h2>Temel \u00d6zellikler<\/h2>\n<table style=\"border-collapse: collapse; width: 80%; margin-left: auto; margin-right: auto;\" border=\"0\" width=\"360\" cellspacing=\"0\" cellpadding=\"0\">\n<tbody>\n<tr style=\"height: 13.50pt;\">\n<td style=\"height: 13.5pt; width: 54pt; text-align: center;\" width=\"72\" height=\"18\">Kapasite(ml)<\/td>\n<td style=\"width: 54pt; text-align: center;\" width=\"72\">Boyut (cm)<\/td>\n<td style=\"width: 54pt; text-align: center;\" width=\"72\">A\u011f\u0131z \u00c7ap\u0131<\/td>\n<td style=\"width: 54pt; text-align: center;\" width=\"72\">Malzeme<\/td>\n<td style=\"width: 54pt; text-align: center;\" width=\"72\">Renk<\/td>\n<\/tr>\n<tr style=\"height: 13.50pt;\">\n<td style=\"height: 13.5pt; text-align: center;\" align=\"right\" height=\"18\">175<\/td>\n<td style=\"text-align: center;\">6,5 x 10,0<\/td>\n<td class=\"et2\" style=\"text-align: center;\" rowspan=\"5\">65 mm<\/td>\n<td class=\"et2\" style=\"text-align: center;\" rowspan=\"5\">Borosilikat<\/td>\n<td class=\"et2\" style=\"text-align: center;\" rowspan=\"5\">Temizle veya \u00f6zel<\/td>\n<\/tr>\n<tr style=\"height: 13.50pt;\">\n<td style=\"height: 13.5pt; text-align: center;\" align=\"right\" height=\"18\">250<\/td>\n<td style=\"text-align: center;\">6,5 x 10,0<\/td>\n<\/tr>\n<tr style=\"height: 13.50pt;\">\n<td style=\"height: 13.5pt; text-align: center;\" align=\"right\" height=\"18\">300<\/td>\n<td style=\"text-align: center;\">6,5 x 12,0<\/td>\n<\/tr>\n<tr style=\"height: 13.50pt;\">\n<td style=\"height: 13.5pt; text-align: center;\" align=\"right\" height=\"18\">380<\/td>\n<td style=\"text-align: center;\">6,5 x 15,0<\/td>\n<\/tr>\n<tr style=\"height: 13.50pt;\">\n<td style=\"height: 13.5pt; text-align: center;\" align=\"right\" height=\"18\">500<\/td>\n<td style=\"text-align: center;\">6,5 x 20,0<\/td>\n<\/tr>\n<\/tbody>\n<\/table>\n<h2>Ba\u015far\u0131 Hikayesi<\/h2>\n<p>Kanada&#039;daki b\u00fcy\u00fck bir sa\u011fl\u0131kl\u0131 g\u0131da zinciri, t\u00fcm mutfak saklama kavanozlar\u0131m\u0131z\u0131 al\u0131p, \u00fczerlerine markal\u0131 ah\u015fap oyma kapaklar ve kehribar rengi cam kavanozlar yapt\u0131rmaya karar verdi. Bu \u00f6zelle\u015ftirme \u00f6zellikleri son derece faydal\u0131 oldu: kehribar rengi cam kavanozlar, \u0131\u015f\u0131\u011fa duyarl\u0131 bitkilerin ve \u00e7aylar\u0131n bozulmas\u0131n\u0131 d\u00f6rtte bir oran\u0131nda azaltt\u0131, net boyut etiketleri ve hava ge\u00e7irmez conta, ma\u011fazadaki \u00fcr\u00fcn bozulmas\u0131n\u0131 oran\u0131nda d\u00fc\u015f\u00fcrd\u00fc. Bu sonu\u00e7lara dayanarak, 500&#039;den fazla ma\u011fazalar\u0131nda kullan\u0131lmak \u00fczere iki y\u00fcz bin adet daha saklama kavanozu sipari\u015f ettiler.<\/p>\n<h2>Mutfak Saklama Kavanozlar\u0131n\u0131n Ki\u015fiselle\u015ftirilmesi \u0130\u00e7in \u00d6neriler<\/h2>\n<ul>\n<li>\u00d6zel Ah\u015fap Kapak Markalama: \u00dcr\u00fcn\u00fcn\u00fcz\u00fcn markas\u0131 ah\u015fap kapa\u011fa lazer kesim, bask\u0131 veya damgalama y\u00f6ntemiyle i\u015flenebilir.<\/li>\n<li>I\u015f\u0131k Ge\u00e7irmez Cam: Baharat, kahve veya baz\u0131 vitaminler gibi \u0131\u015f\u0131\u011fa duyarl\u0131 \u00fcr\u00fcnleri saklamak i\u00e7in kehribar veya ye\u015fil cam kavanozlarda mevcuttur.<\/li>\n<li>Kara tahta etiket alan\u0131: Dahili kara tahta boya alan\u0131 veya kara tahta etiketleri kullan\u0131larak etiket kolayca de\u011fi\u015ftirilebilir.<\/li>\n<\/ul>","protected":false},"excerpt":{"rendered":"<p>Do\u011fal ah\u015fap kapakl\u0131 ve silikon contal\u0131, birinci s\u0131n\u0131f cam g\u0131da saklama kavanozlar\u0131. Modern kiler d\u00fczeni i\u00e7in \u00e7ok y\u00f6nl\u00fc mutfak saklama kavanozlar\u0131. Stokta mevcut.<\/p>","protected":false},"featured_media":24592,"template":"","meta":[],"product_brand":[],"product_cat":[122,124,137],"product_tag":[],"class_list":{"0":"post-24586","1":"product","2":"type-product","3":"status-publish","4":"has-post-thumbnail","6":"product_cat-custom-glass-packaging","7":"product_cat-custom-glass-jars","8":"product_cat-glass-jars-with-lids","10":"first","11":"instock","12":"shipping-taxable","13":"product-type-simple"},"jetpack_sharing_enabled":true,"_links":{"self":[{"href":"https:\/\/yebodaglass.com\/tr\/wp-json\/wp\/v2\/product\/24586","targetHints":{"allow":["GET"]}}],"collection":[{"href":"https:\/\/yebodaglass.com\/tr\/wp-json\/wp\/v2\/product"}],"about":[{"href":"https:\/\/yebodaglass.com\/tr\/wp-json\/wp\/v2\/types\/product"}],"version-history":[{"count":3,"href":"https:\/\/yebodaglass.com\/tr\/wp-json\/wp\/v2\/product\/24586\/revisions"}],"predecessor-version":[{"id":25413,"href":"https:\/\/yebodaglass.com\/tr\/wp-json\/wp\/v2\/product\/24586\/revisions\/25413"}],"wp:featuredmedia":[{"embeddable":true,"href":"https:\/\/yebodaglass.com\/tr\/wp-json\/wp\/v2\/media\/24592"}],"wp:attachment":[{"href":"https:\/\/yebodaglass.com\/tr\/wp-json\/wp\/v2\/media?parent=24586"}],"wp:term":[{"taxonomy":"product_brand","embeddable":true,"href":"https:\/\/yebodaglass.com\/tr\/wp-json\/wp\/v2\/product_brand?post=24586"},{"taxonomy":"product_cat","embeddable":true,"href":"https:\/\/yebodaglass.com\/tr\/wp-json\/wp\/v2\/product_cat?post=24586"},{"taxonomy":"product_tag","embeddable":true,"href":"https:\/\/yebodaglass.com\/tr\/wp-json\/wp\/v2\/product_tag?post=24586"}],"curies":[{"name":"wp","href":"https:\/\/api.w.org\/{rel}","templated":true}]}}