{"id":24578,"date":"2025-12-24T11:51:36","date_gmt":"2025-12-24T03:51:36","guid":{"rendered":"https:\/\/yebodaglass.com\/?post_type=product&#038;p=24578"},"modified":"2025-12-24T13:14:13","modified_gmt":"2025-12-24T05:14:13","slug":"borosilicate-glass-jars-with-bamboo-lids-and-spoons-bulk","status":"publish","type":"product","link":"https:\/\/yebodaglass.com\/tr\/borosilicate-glass-jars-with-bamboo-lids-and-spoons-bulk\/","title":{"rendered":"500 ml, 850 ml, 1150 ml Borosilikat Cam Kavanozlar, Bambu Kapaklar ve Ka\u015f\u0131klar (Toptan Sat\u0131\u015f)"},"content":{"rendered":"<p data-start=\"66\" data-end=\"288\">Bambu kapakl\u0131 ve ka\u015f\u0131kl\u0131 bu cam kavanozlar, \u015feffaf borosilikat camdan \u00fcretilmi\u015ftir ve asla modas\u0131 ge\u00e7meyen klasik yuvarlak bir sil\u00fcete sahiptir. Kavanozlar, a\u00e7\u0131k tonlu bambu d\u00fcz kapak ve kapakla ayn\u0131 renkte bambu ka\u015f\u0131kla tamamlanmaktad\u0131r.<\/p>\n<h2>\u00dcr\u00fcn \u00d6zellikleri<\/h2>\n<ul>\n<li><strong>Klasik Yuvarlak Tasar\u0131m:<\/strong> Geni\u015f g\u00f6vdesi sayesinde e\u015fyalar\u0131n\u0131z\u0131 saklamak \u00e7ok kolay; i\u00e7ine koymak istedi\u011finiz her \u015fey i\u00e7in yeterli alan var ve e\u015fyalara h\u0131zl\u0131ca eri\u015febiliyorsunuz.<\/li>\n<li><strong>Bambu Kapak ve Ka\u015f\u0131k Seti:<\/strong> Paket i\u00e7erisinde ayn\u0131 renkte olan ve bu nedenle birbirine m\u00fckemmel uyum sa\u011flayan bir kapak ve bir ka\u015f\u0131k bulunmaktad\u0131r; bu sayede hi\u00e7bir sorun ya\u015famadan hemen kullan\u0131ma haz\u0131rd\u0131rlar.<\/li>\n<li><strong>\u00dcst\u00fcn Kalite Borosilikat Cam:<\/strong> \u00dcr\u00fcn, ani s\u0131cakl\u0131k de\u011fi\u015fimlerine kar\u015f\u0131 dayan\u0131kl\u0131l\u0131k \u00f6zelli\u011fine sahip olup uzun s\u00fcre berrakl\u0131\u011f\u0131n\u0131 korur.<\/li>\n<\/ul>\n<h2 style=\"text-align: left;\">Temel \u00d6zellikler<\/h2>\n<table class=\"aligncenter\" style=\"border-collapse: collapse; width: 622.52pt;\" border=\"0\" width=\"830\" cellspacing=\"0\" cellpadding=\"0\">\n<tbody>\n<tr style=\"height: 13.50pt;\">\n<td style=\"height: 13.50pt; width: 186.75pt;\" width=\"249\" height=\"18\">Ba\u011flanmak<\/td>\n<td style=\"width: 435.75pt;\" width=\"581\">Detaylar<\/td>\n<\/tr>\n<tr style=\"height: 13.50pt;\">\n<td style=\"height: 13.50pt;\" height=\"18\">Kapasite<\/td>\n<td>500 ml, 850 ml, 1150 ml<\/td>\n<\/tr>\n<tr style=\"height: 13.50pt;\">\n<td style=\"height: 13.50pt;\" height=\"18\">Boyutlar<\/td>\n<td>7\u00d710,5 cm \/ 7\u00d713 cm \/ 7,5\u00d714 cm<\/td>\n<\/tr>\n<tr style=\"height: 13.50pt;\">\n<td style=\"height: 13.50pt;\" height=\"18\">Malzeme<\/td>\n<td>\u015eeffaf borosilikat cam ve bambu (kapak ve ka\u015f\u0131k)<\/td>\n<\/tr>\n<tr style=\"height: 13.50pt;\">\n<td style=\"height: 13.50pt;\" height=\"18\">Kapak Tipi<\/td>\n<td>A\u00e7\u0131k bej renkli bambu d\u00fcz kapak (i\u00e7inde hava ge\u00e7irmez s\u0131zd\u0131rmazl\u0131k halkas\u0131 bulunmaktad\u0131r)<\/td>\n<\/tr>\n<tr style=\"height: 13.50pt;\">\n<td style=\"height: 13.50pt;\" height=\"18\">Borosilikat Malzeme \u00d6zellikleri<\/td>\n<td>Y\u00fcksek \u015feffafl\u0131k, m\u00fckemmel s\u0131cakl\u0131k dayan\u0131m\u0131, korozyona dayan\u0131kl\u0131l\u0131k.<\/td>\n<\/tr>\n<tr style=\"height: 13.50pt;\">\n<td style=\"height: 13.50pt;\" height=\"18\">\u0130deal \u0130\u00e7in<\/td>\n<td>b\u00fcy\u00fck boy cam kavanozlar, ka\u015f\u0131kl\u0131 cam kavanozlar<\/td>\n<\/tr>\n<\/tbody>\n<\/table>\n<h2>Ba\u015far\u0131 \u00d6yk\u00fcs\u00fc: H\u0131zl\u0131 Distrib\u00fct\u00f6r B\u00fcy\u00fcmesi<\/h2>\n<p>Ulusal bir mutfak e\u015fyas\u0131 ve g\u0131da tedarik\u00e7isi, bambu kapakl\u0131 ve ka\u015f\u0131kl\u0131 cam kavanozlar\u0131m\u0131zdan ilk etapta 15.000 adet sipari\u015f verdi. S\u00fcpermarket zinciri, bambu kapak sayesinde hava ge\u00e7irmez s\u0131zd\u0131rmazl\u0131k sa\u011fland\u0131\u011f\u0131 i\u00e7in kuru g\u0131dalar\u0131n raf \u00f6mr\u00fcn\u00fcn uzad\u0131\u011f\u0131n\u0131 ve kompakt yuvarlak tasar\u0131m sayesinde raf alan\u0131n\u0131n azald\u0131\u011f\u0131n\u0131 a\u00e7\u0131klad\u0131; bunun sonucunda distrib\u00fct\u00f6r, piyasadaki y\u00fcksek talebi kar\u015f\u0131lamak i\u00e7in 380.000 adetlik toplu cam kavanoz sipari\u015fi vermeye karar verdi.<\/p>\n<h2>Toptan Cam Kavanozlar \u0130\u00e7in \u00d6zelle\u015ftirme \u00d6nerileri<\/h2>\n<ul>\n<li>Renkli Silikon S\u0131zd\u0131rmazl\u0131k Halkalar\u0131, Ki\u015fiselle\u015ftirilebilen, g\u0131da s\u0131n\u0131f\u0131 silikondan yap\u0131lm\u0131\u015f kapaklar i\u00e7in renkli i\u00e7 s\u0131zd\u0131rmazl\u0131k halkalar\u0131 sa\u011flar.<\/li>\n<li>\u00d6zel Bambu Boyama, \u0130stedi\u011finiz bambu kapak ve ka\u015f\u0131\u011f\u0131n tam rengini (do\u011fal, koyu vb.) belirtin.<\/li>\n<li>Kaz\u0131nm\u0131\u015f Ama\u00e7 Simgeleri: Baharatlar, tah\u0131llar veya bal i\u00e7in k\u00fc\u00e7\u00fck simgeleri kavanozun omuz k\u0131sm\u0131na yerle\u015ftirerek ideal \u00fcr\u00fcn\u00fcn saklama yerini kolayca bulabilirsiniz.<\/li>\n<li>Dokulu Taban: Kavanozun taban\u0131na \u00e7ok ince bir \u0131zgara deseni yerle\u015ftirerek, p\u00fcr\u00fczs\u00fcz mutfak tezgahlar\u0131nda daha iyi tutunmas\u0131na b\u00fcy\u00fck \u00f6l\u00e7\u00fcde yard\u0131mc\u0131 olabilir.<\/li>\n<\/ul>","protected":false},"excerpt":{"rendered":"<p dir=\"auto\">Toplu al\u0131mlar i\u00e7in bambu kapakl\u0131 ve ka\u015f\u0131kl\u0131 cam kavanozlar\u0131 ke\u015ffedin \u2013 zarif bombeli \u015fekil, \u015feffaf cam, uyumlu ka\u015f\u0131k klipsi. Ki\u015fiselle\u015ftirilebilir tasar\u0131mlar.<\/p>","protected":false},"featured_media":24581,"template":"","meta":[],"product_brand":[],"product_cat":[122,124,137],"product_tag":[],"class_list":{"0":"post-24578","1":"product","2":"type-product","3":"status-publish","4":"has-post-thumbnail","6":"product_cat-custom-glass-packaging","7":"product_cat-custom-glass-jars","8":"product_cat-glass-jars-with-lids","10":"first","11":"instock","12":"shipping-taxable","13":"product-type-simple"},"jetpack_sharing_enabled":true,"_links":{"self":[{"href":"https:\/\/yebodaglass.com\/tr\/wp-json\/wp\/v2\/product\/24578","targetHints":{"allow":["GET"]}}],"collection":[{"href":"https:\/\/yebodaglass.com\/tr\/wp-json\/wp\/v2\/product"}],"about":[{"href":"https:\/\/yebodaglass.com\/tr\/wp-json\/wp\/v2\/types\/product"}],"version-history":[{"count":3,"href":"https:\/\/yebodaglass.com\/tr\/wp-json\/wp\/v2\/product\/24578\/revisions"}],"predecessor-version":[{"id":24585,"href":"https:\/\/yebodaglass.com\/tr\/wp-json\/wp\/v2\/product\/24578\/revisions\/24585"}],"wp:featuredmedia":[{"embeddable":true,"href":"https:\/\/yebodaglass.com\/tr\/wp-json\/wp\/v2\/media\/24581"}],"wp:attachment":[{"href":"https:\/\/yebodaglass.com\/tr\/wp-json\/wp\/v2\/media?parent=24578"}],"wp:term":[{"taxonomy":"product_brand","embeddable":true,"href":"https:\/\/yebodaglass.com\/tr\/wp-json\/wp\/v2\/product_brand?post=24578"},{"taxonomy":"product_cat","embeddable":true,"href":"https:\/\/yebodaglass.com\/tr\/wp-json\/wp\/v2\/product_cat?post=24578"},{"taxonomy":"product_tag","embeddable":true,"href":"https:\/\/yebodaglass.com\/tr\/wp-json\/wp\/v2\/product_tag?post=24578"}],"curies":[{"name":"wp","href":"https:\/\/api.w.org\/{rel}","templated":true}]}}