{"id":24570,"date":"2025-12-24T10:32:19","date_gmt":"2025-12-24T02:32:19","guid":{"rendered":"https:\/\/yebodaglass.com\/?post_type=product&#038;p=24570"},"modified":"2025-12-24T16:47:49","modified_gmt":"2025-12-24T08:47:49","slug":"custom-glass-jar-with-bamboo-lid-for-food-storage-bulk","status":"publish","type":"product","link":"https:\/\/yebodaglass.com\/tr\/custom-glass-jar-with-bamboo-lid-for-food-storage-bulk\/","title":{"rendered":"450 ml, 560 ml, 700 ml, 950 ml Bambu Kapakl\u0131 \u00d6zel Tasar\u0131m Cam Kavanoz, Toplu G\u0131da Saklama \u0130\u00e7in"},"content":{"rendered":"<p>Plastik kapaklarla u\u011fra\u015fmay\u0131 b\u0131rak\u0131n. Ger\u00e7ekten i\u015fe yarayan saklama \u00e7\u00f6z\u00fcmlerine ihtiya\u00e7 duyan markalar i\u00e7in tasarlanm\u0131\u015f, bambu kapakl\u0131 cam kavanozlar \u00fcretiyoruz. Bu saklama kavanozlar\u0131, g\u00fcnl\u00fck envanteri bir marka an\u0131na d\u00f6n\u00fc\u015ft\u00fcr\u00fcyor. Toplu sipari\u015flerde markan\u0131za uygun \u00f6zel kaplamalar sunuyoruz.<\/p>\n<h2>\u00dcr\u00fcn \u00d6zellikleri<\/h2>\n<p><strong>Bambu Kapak Contas\u0131<\/strong><\/p>\n<p>Kahve \u00e7ekirdeklerinin tazeli\u011fini korur; nem, koku ve saklama kavanozlar\u0131 i\u00e7in hi\u00e7bir sorun yaratmaz.<\/p>\n<p><strong>Is\u0131ya Dayan\u0131kl\u0131 Cam<\/strong><\/p>\n<p>S\u0131cak bal\u0131 da, so\u011fuk \u015furubu da rahatl\u0131kla i\u015fler; asla termal \u015fok ya\u015fanmaz.<\/p>\n<p><strong>D\u00fcz Kenarl\u0131 \u015eeffafl\u0131k<\/strong><\/p>\n<p>Cam j\u00f6lesinin her bir tanesini g\u00f6r\u00fcn; saklama kavanozlar\u0131n\u0131z \u00fcr\u00fcn\u00fcn\u00fcz\u00fc sergiliyor.<\/p>\n<h2>Temel \u00d6zellikler<\/h2>\n<table style=\"border-collapse: collapse; width: 80%; margin-left: auto; margin-right: auto;\" border=\"0\" width=\"360\" cellspacing=\"0\" cellpadding=\"0\">\n<tbody>\n<tr style=\"height: 13.50pt;\">\n<td style=\"height: 13.5pt; width: 54pt; text-align: center;\" width=\"72\" height=\"18\">Kapasite(ml)<\/td>\n<td style=\"width: 54pt; text-align: center;\" width=\"72\">Boyut (cm)<\/td>\n<td style=\"width: 54pt; text-align: center;\" width=\"72\">A\u011f\u0131z \u00c7ap\u0131<\/td>\n<td style=\"width: 54pt; text-align: center;\" width=\"72\">Malzeme<\/td>\n<td style=\"width: 54pt; text-align: center;\" width=\"72\">Renk<\/td>\n<\/tr>\n<tr style=\"height: 13.50pt;\">\n<td style=\"height: 13.5pt; text-align: center;\" align=\"right\" height=\"18\">450<\/td>\n<td style=\"text-align: center;\">8,5 x 10,0<\/td>\n<td class=\"et2\" style=\"text-align: center;\" rowspan=\"4\">85 mm<\/td>\n<td class=\"et2\" style=\"text-align: center;\" rowspan=\"4\">Borosilikat<\/td>\n<td class=\"et2\" style=\"text-align: center;\" rowspan=\"4\">\u015eeffaf ve \u00f6zel<\/td>\n<\/tr>\n<tr style=\"height: 13.50pt;\">\n<td style=\"height: 13.5pt; text-align: center;\" align=\"right\" height=\"18\">560<\/td>\n<td style=\"text-align: center;\">8,5 x 12,0<\/td>\n<\/tr>\n<tr style=\"height: 13.50pt;\">\n<td style=\"height: 13.5pt; text-align: center;\" align=\"right\" height=\"18\">700<\/td>\n<td style=\"text-align: center;\">8,5 x 15,0<\/td>\n<\/tr>\n<tr style=\"height: 13.50pt;\">\n<td style=\"height: 13.5pt; text-align: center;\" align=\"right\" height=\"18\">950<\/td>\n<td style=\"text-align: center;\">8,5 x 20,0<\/td>\n<\/tr>\n<\/tbody>\n<\/table>\n<h2>Ba\u015far\u0131 \u00d6rne\u011fi<\/h2>\n<p>Bu marka, d\u00fcnyaya kar\u015f\u0131 duyarl\u0131 olmaya ger\u00e7ekten \u00f6nem veriyor. Plastik kaplar kullanmay\u0131 b\u0131rak\u0131p bambu kapakl\u0131 cam kavanozlar kullanmaya karar verdiler. Marka, s\u00fcrd\u00fcr\u00fclebilir ve do\u011fal g\u00f6r\u00fcnmeyi hedefliyor. Bambu kapaklar, markan\u0131n felsefesine \u00e7ok uygun. D\u00fcnyay\u0131 \u00f6nemseyen ve kaliteli \u00fcr\u00fcnler isteyen insanlar bunu ger\u00e7ekten be\u011fenecekler. Marka, \u00fcr\u00fcnlerinde bu de\u011fi\u015fikli\u011fi yapt\u0131. \u00c7evre dostu olmak istiyorlar. Bu da bunun b\u00fcy\u00fck bir par\u00e7as\u0131. Cam saklama kavanozlar\u0131 ve bambu kapaklar, markan\u0131n \u00e7evreye ve kaliteye \u00f6nem verdi\u011fini g\u00f6stermenin bir yolu.<\/p>\n<p>Markan\u0131n \u00fcr\u00fcn\u00fc piyasaya s\u00fcrmesinin ard\u0131ndan, \u00fc\u00e7 ay i\u00e7inde marka sat\u0131\u015flar\u0131 artt\u0131 ve organik at\u0131\u015ft\u0131rmal\u0131k \u00fcr\u00fcnleri t\u00fcketiciler aras\u0131nda en pop\u00fcler \u00fcr\u00fcn oldu.<\/p>\n<h2>\u00d6zelle\u015ftirme K\u0131lavuzunuz<\/h2>\n<ol>\n<li><strong>Ki\u015fiselle\u015ftirilmi\u015f Etiketler: <\/strong>Cam saklama kavanozlar\u0131, \u00fczerine \u00f6zel etiketler, logolar veya marka tan\u0131n\u0131rl\u0131\u011f\u0131n\u0131 kolayla\u015ft\u0131racak ve pazar taleplerine g\u00f6re tasar\u0131m de\u011fi\u015fikliklerine olanak sa\u011flayacak herhangi bir tasar\u0131m eklenerek marka olu\u015fturmada kullan\u0131labilir.<\/li>\n<li><strong>Milchflasche <\/strong>Bambu kapaklar\u0131n yan\u0131 s\u0131ra, markan\u0131n gereksinimlerini kar\u015f\u0131lamak i\u00e7in di\u011fer do\u011fal malzemelerden veya metal kapaklar da tercih edilebilir. Metal kapaklar daha modern ve l\u00fcks bir g\u00f6r\u00fcn\u00fcm sa\u011flarken, bambu kapaklar daha \u00e7evre dostudur.<\/li>\n<li><strong>Kapasite Etiketleri: <\/strong>Farkl\u0131 ama\u00e7lar i\u00e7in, \u00f6rne\u011fin depolanan \u00fcr\u00fcnlerin miktar\u0131n\u0131 veya a\u011f\u0131rl\u0131\u011f\u0131n\u0131 do\u011fru bir \u015fekilde \u00f6l\u00e7ebilmek amac\u0131yla, \u00e7e\u015fitli kapasite etiketleri veya derecelendirmeleri \u00f6zelle\u015ftirmek m\u00fcmk\u00fcnd\u00fcr; bu da kullan\u0131c\u0131 deneyimini daha kullan\u0131c\u0131 dostu ve kullan\u0131\u015fl\u0131 hale getirir.<\/li>\n<\/ol>","protected":false},"excerpt":{"rendered":"<p>\u015e\u0131k tasar\u0131ml\u0131, bambu kapakl\u0131 cam kavanoz, yiyecekleri d\u00fczenlemek ve saklamak i\u00e7in m\u00fckemmeldir. Kuru g\u0131dalar\u0131 taze tutmak i\u00e7in idealdir. Toplu sipari\u015fler ve \u00fccretsiz numuneler mevcuttur.<\/p>","protected":false},"featured_media":24577,"template":"","meta":[],"product_brand":[],"product_cat":[122,124,137],"product_tag":[],"class_list":{"0":"post-24570","1":"product","2":"type-product","3":"status-publish","4":"has-post-thumbnail","6":"product_cat-custom-glass-packaging","7":"product_cat-custom-glass-jars","8":"product_cat-glass-jars-with-lids","10":"first","11":"instock","12":"shipping-taxable","13":"product-type-simple"},"jetpack_sharing_enabled":true,"_links":{"self":[{"href":"https:\/\/yebodaglass.com\/tr\/wp-json\/wp\/v2\/product\/24570","targetHints":{"allow":["GET"]}}],"collection":[{"href":"https:\/\/yebodaglass.com\/tr\/wp-json\/wp\/v2\/product"}],"about":[{"href":"https:\/\/yebodaglass.com\/tr\/wp-json\/wp\/v2\/types\/product"}],"version-history":[{"count":4,"href":"https:\/\/yebodaglass.com\/tr\/wp-json\/wp\/v2\/product\/24570\/revisions"}],"predecessor-version":[{"id":24602,"href":"https:\/\/yebodaglass.com\/tr\/wp-json\/wp\/v2\/product\/24570\/revisions\/24602"}],"wp:featuredmedia":[{"embeddable":true,"href":"https:\/\/yebodaglass.com\/tr\/wp-json\/wp\/v2\/media\/24577"}],"wp:attachment":[{"href":"https:\/\/yebodaglass.com\/tr\/wp-json\/wp\/v2\/media?parent=24570"}],"wp:term":[{"taxonomy":"product_brand","embeddable":true,"href":"https:\/\/yebodaglass.com\/tr\/wp-json\/wp\/v2\/product_brand?post=24570"},{"taxonomy":"product_cat","embeddable":true,"href":"https:\/\/yebodaglass.com\/tr\/wp-json\/wp\/v2\/product_cat?post=24570"},{"taxonomy":"product_tag","embeddable":true,"href":"https:\/\/yebodaglass.com\/tr\/wp-json\/wp\/v2\/product_tag?post=24570"}],"curies":[{"name":"wp","href":"https:\/\/api.w.org\/{rel}","templated":true}]}}