{"id":24552,"date":"2025-12-23T15:56:39","date_gmt":"2025-12-23T07:56:39","guid":{"rendered":"https:\/\/yebodaglass.com\/?post_type=product&#038;p=24552"},"modified":"2025-12-24T09:18:02","modified_gmt":"2025-12-24T01:18:02","slug":"empty-unique-glass-jars-with-lids-wholesale","status":"publish","type":"product","link":"https:\/\/yebodaglass.com\/tr\/empty-unique-glass-jars-with-lids-wholesale\/","title":{"rendered":"350 ml \u2013 950 ml Kapakl\u0131 Bo\u015f Benzersiz Cam Kavanozlar Toptan Sat\u0131\u015f"},"content":{"rendered":"<p data-start=\"66\" data-end=\"288\">Bunlar, kendi kapaklar\u0131 olan s\u0131ra d\u0131\u015f\u0131 cam kavanozlard\u0131r: \u00fcst k\u0131sm\u0131 dar, alt k\u0131sm\u0131 geni\u015f ve keskin k\u00f6\u015feleri olan al\u0131\u015f\u0131lmad\u0131k bir yamuk \u015feklindedirler. Hafif do\u011fal bambu kapaklar\u0131yla birlikte kullan\u0131ld\u0131klar\u0131 i\u00e7in i\u00e7indekiler kolayca g\u00f6r\u00fclebilir.<\/p>\n<h2>\u00dcr\u00fcn \u00d6zellikleri<\/h2>\n<ul>\n<li><strong>\u00c7ok Y\u00fczl\u00fc Trapezoidal \u015eekil:<\/strong> \u00dcst k\u0131sm\u0131 daha ince, alt k\u0131sm\u0131 daha geni\u015f ve keskin a\u00e7\u0131lara sahip yamuk \u015fekli, silindirik kavanozlara k\u0131yasla daha stabil olmas\u0131n\u0131n yan\u0131 s\u0131ra g\u00f6rsel derinlik de sa\u011flar.<\/li>\n<li><strong>\u015eeffaf G\u00f6vde:<\/strong> Bu kavanozun g\u00f6vdesi tamamen \u015feffaf camdan yap\u0131lm\u0131\u015ft\u0131r, bu sayede kapa\u011f\u0131 a\u00e7madan i\u00e7indekileri net bir \u015fekilde g\u00f6rebilirsiniz.<\/li>\n<li><strong>Bambu Kapak:<\/strong> Bambu kapak, i\u00e7 k\u0131sm\u0131nda s\u0131zd\u0131rmazl\u0131k katman\u0131 bulunan, sade tasar\u0131ml\u0131 ve m\u00fckemmel s\u0131zd\u0131rmazl\u0131k sa\u011flayan hafif bir kapakt\u0131r.<\/li>\n<\/ul>\n<h2 style=\"text-align: left;\">Temel \u00d6zellikler<\/h2>\n<table class=\"aligncenter\" style=\"border-collapse: collapse; width: 459.02pt;\" border=\"0\" width=\"612\" cellspacing=\"0\" cellpadding=\"0\">\n<tbody>\n<tr style=\"height: 13.50pt;\">\n<td style=\"height: 13.50pt; width: 100.50pt;\" width=\"134\" height=\"18\">\u015eartname<\/td>\n<td style=\"width: 358.50pt;\" width=\"478\">Detaylar<\/td>\n<\/tr>\n<tr style=\"height: 13.50pt;\">\n<td style=\"height: 13.50pt;\" height=\"18\">Kapasite<\/td>\n<td>350 ml \/ 500 ml \/ 750 ml \/ 950 ml<\/td>\n<\/tr>\n<tr style=\"height: 13.50pt;\">\n<td style=\"height: 13.50pt;\" height=\"18\">Boyutlar<\/td>\n<td>10\u00d710,2 cm \/ 11,5\u00d712 cm \/ 12,5\u00d713,7 cm \/ 14\u00d715,2 cm<\/td>\n<\/tr>\n<tr style=\"height: 13.50pt;\">\n<td style=\"height: 13.50pt;\" height=\"18\">Malzeme<\/td>\n<td>Y\u00fcksek Borosilikat Cam<\/td>\n<\/tr>\n<tr style=\"height: 13.50pt;\">\n<td style=\"height: 13.50pt;\" height=\"18\">Kavanoz \u015eekli<\/td>\n<td>\u00c7ok Y\u00fczl\u00fc Kesik Piramit (Geni\u015fleyen Taban)<\/td>\n<\/tr>\n<tr style=\"height: 13.50pt;\">\n<td style=\"height: 13.50pt;\" height=\"18\">Kapak Tipi<\/td>\n<td>Kenar contal\u0131 hafif bambu d\u00fcz kapak<\/td>\n<\/tr>\n<tr style=\"height: 13.50pt;\">\n<td style=\"height: 13.50pt;\" height=\"18\">Malzeme \u00d6zelli\u011fi<\/td>\n<td>Is\u0131ya ve Kimyasallara Dayan\u0131kl\u0131, Y\u00fcksek \u015eeffafl\u0131k<\/td>\n<\/tr>\n<tr style=\"height: 13.50pt;\">\n<td style=\"height: 13.50pt;\" height=\"18\">\u0130deal \u0130\u00e7in<\/td>\n<td>Kapakl\u0131 Cam Kavanozlar Toptan Sat\u0131\u015f\u0131, Ah\u015fap Kapakl\u0131 Cam Kavanozlar<\/td>\n<\/tr>\n<\/tbody>\n<\/table>\n<h2>Ba\u015far\u0131 Hikayesi<\/h2>\n<p>\u00dcst d\u00fczey bir \u00e7ay \u015firketi, ayn\u0131 anda hem sergileme hem de sunum amac\u0131yla kullan\u0131labilecek ambalajlara ilgi duyuyordu. Yeni tek k\u00f6kenli \u00e7ay serilerinde kullanmak \u00fczere, kapakl\u0131 500 ml&#039;lik benzersiz cam kavanozlar\u0131m\u0131z\u0131 se\u00e7tiler. Borosilikat camdan \u00fcretilen bu tasar\u0131m, yaln\u0131zca dayan\u0131kl\u0131 olmakla kalm\u0131yor (nakliye s\u0131ras\u0131nda k\u0131r\u0131lma oran\u0131 sadece %0,2), ayn\u0131 zamanda \u00e7ok y\u00f6nl\u00fc tasar\u0131m\u0131yla \u00e7ay\u0131n rengini ve dokusunu m\u00fckemmel bir \u015fekilde sergiliyor ve bu da sosyal medyada payla\u015f\u0131lan \u00fcr\u00fcn say\u0131s\u0131nda &#039;lik bir art\u0131\u015fa yol a\u00e7t\u0131. Bu b\u00fcy\u00fck ba\u015far\u0131n\u0131n ard\u0131ndan \u015firket, k\u00fcresel olarak tan\u0131t\u0131lmak \u00fczere 200.000 adet daha cam kavanoz sipari\u015f etti.<\/p>\n<h2>Toptan Cam Kavanoz ve Kapaklar\u0131n Ki\u015fiselle\u015ftirme Se\u00e7enekleri<\/h2>\n<ul>\n<li>Promosyonel Bambu Kavanoz Kapaklar\u0131: Art\u0131k lazerle i\u015flenmi\u015f logolu, tek par\u00e7a bambudan \u00fcretilmi\u015f bambu kavanoz kapaklar\u0131na ge\u00e7ebilirsiniz.<\/li>\n<li>Buzlu bir g\u00f6r\u00fcn\u00fcm elde etmek i\u00e7in kavanoz g\u00f6vdesinin alternatif y\u00fczeylerine buzlu bir kaplama uygulamaya karar verin; b\u00f6ylece \u00e7arp\u0131c\u0131 \u0131\u015f\u0131k ve g\u00f6lge oyunlar\u0131 yaratacaks\u0131n\u0131z.<\/li>\n<li>Serigrafi Bask\u0131l\u0131 Geometrik Desenler \u2013 Kavanoz g\u00f6vdesinin a\u00e7\u0131lar\u0131n\u0131 bir veya iki y\u00fczeyde tekrarlayan desenler.<\/li>\n<li>Renkli cam detaylar \u2013 Bu detaylar, kontrast olu\u015fturmak i\u00e7in belirli y\u00fczeylerde (\u00f6rne\u011fin \u00f6n k\u0131s\u0131mda) renkli cam kullan\u0131larak uygulanabilir.<\/li>\n<\/ul>","protected":false},"excerpt":{"rendered":"<p dir=\"auto\">Benzersiz, \u00e7okgen yamuk tasar\u0131ml\u0131, y\u00fcksek borosilikat camdan \u00fcretilmi\u015f ve bambu kapakl\u0131 cam kavanoz ve kapaklar\u0131n\u0131 toptan olarak ke\u015ffedin. H\u0131zl\u0131 kargo.<\/p>","protected":false},"featured_media":24554,"template":"","meta":[],"product_brand":[],"product_cat":[122,124,137],"product_tag":[],"class_list":{"0":"post-24552","1":"product","2":"type-product","3":"status-publish","4":"has-post-thumbnail","6":"product_cat-custom-glass-packaging","7":"product_cat-custom-glass-jars","8":"product_cat-glass-jars-with-lids","10":"first","11":"instock","12":"shipping-taxable","13":"product-type-simple"},"jetpack_sharing_enabled":true,"_links":{"self":[{"href":"https:\/\/yebodaglass.com\/tr\/wp-json\/wp\/v2\/product\/24552","targetHints":{"allow":["GET"]}}],"collection":[{"href":"https:\/\/yebodaglass.com\/tr\/wp-json\/wp\/v2\/product"}],"about":[{"href":"https:\/\/yebodaglass.com\/tr\/wp-json\/wp\/v2\/types\/product"}],"version-history":[{"count":3,"href":"https:\/\/yebodaglass.com\/tr\/wp-json\/wp\/v2\/product\/24552\/revisions"}],"predecessor-version":[{"id":24568,"href":"https:\/\/yebodaglass.com\/tr\/wp-json\/wp\/v2\/product\/24552\/revisions\/24568"}],"wp:featuredmedia":[{"embeddable":true,"href":"https:\/\/yebodaglass.com\/tr\/wp-json\/wp\/v2\/media\/24554"}],"wp:attachment":[{"href":"https:\/\/yebodaglass.com\/tr\/wp-json\/wp\/v2\/media?parent=24552"}],"wp:term":[{"taxonomy":"product_brand","embeddable":true,"href":"https:\/\/yebodaglass.com\/tr\/wp-json\/wp\/v2\/product_brand?post=24552"},{"taxonomy":"product_cat","embeddable":true,"href":"https:\/\/yebodaglass.com\/tr\/wp-json\/wp\/v2\/product_cat?post=24552"},{"taxonomy":"product_tag","embeddable":true,"href":"https:\/\/yebodaglass.com\/tr\/wp-json\/wp\/v2\/product_tag?post=24552"}],"curies":[{"name":"wp","href":"https:\/\/api.w.org\/{rel}","templated":true}]}}