{"id":24543,"date":"2025-12-23T15:34:26","date_gmt":"2025-12-23T07:34:26","guid":{"rendered":"https:\/\/yebodaglass.com\/?post_type=product&#038;p=24543"},"modified":"2026-04-10T16:06:08","modified_gmt":"2026-04-10T08:06:08","slug":"wide-mouth-glass-jars-with-stainless-steel-lids-bulk","status":"publish","type":"product","link":"https:\/\/yebodaglass.com\/tr\/wide-mouth-glass-jars-with-stainless-steel-lids-bulk\/","title":{"rendered":"600 ml, 1000 ml, 1200 ml Geni\u015f A\u011f\u0131zl\u0131 Paslanmaz \u00c7elik Kapakl\u0131 Cam Kavanozlar (Toptan Sat\u0131\u015f)"},"content":{"rendered":"<p>Bu geni\u015f a\u011f\u0131zl\u0131 cam kavanozlar, ultra \u015feffaf borosilikat cam malzemeden \u00fcretilen silindirik \u015fekilleriyle modern bir g\u00f6r\u00fcn\u00fcm sergiliyor. Kap, paslanmaz \u00e7elik kapa\u011f\u0131 ve g\u0131da s\u0131n\u0131f\u0131 silikon contas\u0131 sayesinde hava ve nem ge\u00e7irmez bir s\u0131zd\u0131rmazl\u0131k sa\u011fl\u0131yor.<\/p>\n<h2>\u00dcr\u00fcn \u00d6zellikleri<\/h2>\n<ul>\n<li><strong>Kristal berrakl\u0131\u011f\u0131nda borosilikat cam:<\/strong> Borosilikat cam, dayan\u0131kl\u0131l\u0131\u011f\u0131 ve kolay temizlenebilirli\u011fi sayesinde \u0131s\u0131 \u015fokuna kar\u015f\u0131 diren\u00e7 g\u00f6sterirken \u015feffaf g\u00f6r\u00fcn\u00fcm\u00fcn\u00fc de korur.<\/li>\n<li><strong>S\u0131zd\u0131rmaz paslanmaz \u00e7elik kapak:<\/strong> S\u0131zd\u0131rmaz paslanmaz \u00e7elik kapak, paslanmaz \u00e7elik vidal\u0131 kapa\u011f\u0131 ve entegre silikon contas\u0131 sayesinde hava ge\u00e7irmez ve g\u0131da g\u00fcvenli\u011fine uygun bir bariyer olu\u015fturur.<\/li>\n<li><strong>D\u00fcz duvarl\u0131 silindirik tasar\u0131m:<\/strong> D\u00fcz duvarl\u0131 silindirik tasar\u0131m\u0131n sade silindirik yap\u0131s\u0131, maksimum depolama kapasitesi sa\u011flad\u0131\u011f\u0131 i\u00e7in kullan\u0131c\u0131lar\u0131n e\u015fyalar\u0131 g\u00fcvenli bir \u015fekilde \u00fcst \u00fcste istiflemelerine olanak tan\u0131r.<\/li>\n<\/ul>\n<h2>Temel \u00d6zellikler<\/h2>\n<table style=\"border-collapse: collapse; width: 80%; margin-left: auto; margin-right: auto;\" border=\"0\" width=\"360\" cellspacing=\"0\" cellpadding=\"0\">\n<tbody>\n<tr style=\"height: 13.50pt;\">\n<td style=\"height: 13.5pt; width: 54pt; text-align: center;\" width=\"72\" height=\"18\">Kapasite(ml)<\/td>\n<td style=\"width: 54pt; text-align: center;\" width=\"72\">Boyut (cm)<\/td>\n<td style=\"width: 54pt; text-align: center;\" width=\"72\">A\u011f\u0131z \u00c7ap\u0131<\/td>\n<td style=\"width: 54pt; text-align: center;\" width=\"72\">Malzeme<\/td>\n<td style=\"width: 54pt; text-align: center;\" width=\"72\">\u015eekil<\/td>\n<\/tr>\n<tr style=\"height: 13.50pt;\">\n<td style=\"height: 13.5pt; text-align: center;\" align=\"right\" height=\"18\">600<\/td>\n<td style=\"text-align: center;\">9.5&#215;10.0<\/td>\n<td class=\"et2\" style=\"text-align: center;\" rowspan=\"3\">95 mm<\/td>\n<td class=\"et2\" style=\"text-align: center;\" rowspan=\"3\">Borosilikat<\/td>\n<td class=\"et2\" style=\"text-align: center;\" rowspan=\"3\">Yuvarlak D\u00fcz \u2013 yan<\/td>\n<\/tr>\n<tr style=\"height: 13.50pt;\">\n<td style=\"height: 13.5pt; text-align: center;\" align=\"right\" height=\"18\">1000<\/td>\n<td style=\"text-align: center;\">9.5&#215;15.0<\/td>\n<\/tr>\n<tr style=\"height: 13.50pt;\">\n<td style=\"height: 13.5pt; text-align: center;\" align=\"right\" height=\"18\">1200<\/td>\n<td style=\"text-align: center;\">9.5&#215;20.0<\/td>\n<\/tr>\n<\/tbody>\n<\/table>\n<h2>Ba\u015far\u0131 \u00d6rne\u011fi<\/h2>\n<p>ABD&#039;li bir s\u00fcpermarket zinciri, 32 onsluk g\u0131da saklama kavanozlar\u0131m\u0131z\u0131 se\u00e7ti ve \u00fcr\u00fcn kategorileri aras\u0131nda ayr\u0131m yapmak i\u00e7in kapasite i\u015faretlerini ve farkl\u0131 renklerdeki kapaklar\u0131 \u00f6zelle\u015ftirdi. M\u00fckemmel s\u0131zd\u0131rmazl\u0131k, \u00fcr\u00fcnlerin tazeli\u011fini koruyarak bozulmay\u0131 oran\u0131nda azaltt\u0131 ve kristal berrakl\u0131\u011f\u0131ndaki cam ve i\u015faretler, toplu \u00fcr\u00fcn sat\u0131\u015flar\u0131n\u0131 art\u0131rd\u0131. S\u00fcpermarket zincirinin toplu sat\u0131\u015f sistemi o kadar ba\u015far\u0131l\u0131 oldu ki, daha sonra yeni piyasaya s\u00fcr\u00fclen \u00f6nceden paketlenmi\u015f temel mutfak malzemeleri serisi ve \u00e7evrimi\u00e7i abonelik kutular\u0131 i\u00e7in 380.000 adet cam kavanoz daha sipari\u015f etti.<\/p>\n<h2>Geni\u015f a\u011f\u0131zl\u0131 cam kavanozlar, \u00e7ok say\u0131da ki\u015fiselle\u015ftirme se\u00e7ene\u011fi sunar.<\/h2>\n<ul>\n<li>Kapak y\u00fczey se\u00e7enekleri: Paslanmaz \u00e7elik, siyah, bak\u0131r ve \u00e7e\u015fitli renklerde emaye kaplamalar mevcuttur.<\/li>\n<li>Serigrafi bask\u0131: Cam y\u00fczey, kullan\u0131c\u0131lar\u0131n \u00f6l\u00e7ek \u00e7izgileri, i\u00e7erik k\u0131lavuzlar\u0131 ve dekoratif desenler basmas\u0131na olanak tan\u0131r.<\/li>\n<li>Aksesuarlar: Aksesuarlar, \u00e7e\u015fitli tasar\u0131m se\u00e7enekleri olu\u015fturmak i\u00e7in ka\u015f\u0131klar, etiketler ve \u00f6zel ah\u015fap kapaklar\u0131n bir kombinasyonunu sunar.<\/li>\n<\/ul>","protected":false},"excerpt":{"rendered":"<p>Fabrikadan do\u011frudan sat\u0131\u015fla, meyve, tah\u0131l vb. saklamak i\u00e7in m\u00fckemmel, paslanmaz \u00e7elik kapakl\u0131 geni\u015f a\u011f\u0131zl\u0131 cam kavanozlar. Bu g\u0131da saklama kavanozlar\u0131 iste\u011fe g\u00f6re \u00f6zelle\u015ftirilebilir.<\/p>","protected":false},"featured_media":24550,"template":"","meta":[],"product_brand":[],"product_cat":[137,124,122],"product_tag":[],"class_list":{"0":"post-24543","1":"product","2":"type-product","3":"status-publish","4":"has-post-thumbnail","6":"product_cat-glass-jars-with-lids","7":"product_cat-custom-glass-jars","8":"product_cat-custom-glass-packaging","10":"first","11":"instock","12":"shipping-taxable","13":"product-type-simple"},"jetpack_sharing_enabled":true,"_links":{"self":[{"href":"https:\/\/yebodaglass.com\/tr\/wp-json\/wp\/v2\/product\/24543","targetHints":{"allow":["GET"]}}],"collection":[{"href":"https:\/\/yebodaglass.com\/tr\/wp-json\/wp\/v2\/product"}],"about":[{"href":"https:\/\/yebodaglass.com\/tr\/wp-json\/wp\/v2\/types\/product"}],"version-history":[{"count":5,"href":"https:\/\/yebodaglass.com\/tr\/wp-json\/wp\/v2\/product\/24543\/revisions"}],"predecessor-version":[{"id":25747,"href":"https:\/\/yebodaglass.com\/tr\/wp-json\/wp\/v2\/product\/24543\/revisions\/25747"}],"wp:featuredmedia":[{"embeddable":true,"href":"https:\/\/yebodaglass.com\/tr\/wp-json\/wp\/v2\/media\/24550"}],"wp:attachment":[{"href":"https:\/\/yebodaglass.com\/tr\/wp-json\/wp\/v2\/media?parent=24543"}],"wp:term":[{"taxonomy":"product_brand","embeddable":true,"href":"https:\/\/yebodaglass.com\/tr\/wp-json\/wp\/v2\/product_brand?post=24543"},{"taxonomy":"product_cat","embeddable":true,"href":"https:\/\/yebodaglass.com\/tr\/wp-json\/wp\/v2\/product_cat?post=24543"},{"taxonomy":"product_tag","embeddable":true,"href":"https:\/\/yebodaglass.com\/tr\/wp-json\/wp\/v2\/product_tag?post=24543"}],"curies":[{"name":"wp","href":"https:\/\/api.w.org\/{rel}","templated":true}]}}