{"id":24526,"date":"2025-12-23T10:20:01","date_gmt":"2025-12-23T02:20:01","guid":{"rendered":"https:\/\/yebodaglass.com\/?post_type=product&#038;p=24526"},"modified":"2025-12-23T14:09:46","modified_gmt":"2025-12-23T06:09:46","slug":"custom-98mm-diameter-glass-jars-with-lids-wholesale","status":"publish","type":"product","link":"https:\/\/yebodaglass.com\/tr\/custom-98mm-diameter-glass-jars-with-lids-wholesale\/","title":{"rendered":"600 ml, 1000 ml, 1350 ml, 98 mm \u00c7ap\u0131nda, Kapakl\u0131 \u00d6zel Tasar\u0131m Cam Kavanozlar Toptan Sat\u0131\u015f"},"content":{"rendered":"<p>K\u00fc\u00e7\u00fck kapaklarla u\u011fra\u015fmay\u0131 b\u0131rak\u0131n. Ger\u00e7ekten i\u015fe yarayan saklama \u00e7\u00f6z\u00fcmlerine ihtiya\u00e7 duyan markalar i\u00e7in \u00f6zel olarak \u00fcretilmi\u015f kapakl\u0131 cam kavanozlar\u0131 toptan olarak sunuyoruz. Bu cam kavanozlar, g\u00fcnl\u00fck stoklar\u0131 markan\u0131z i\u00e7in \u00f6zel bir an haline getirmenin yollar\u0131n\u0131 sunuyor. Toplu al\u0131mlarda, markan\u0131za uygun \u00f6zel kaplamalar uygulan\u0131r.<\/p>\n<h2>\u00dcr\u00fcn \u00d6zellikleri<\/h2>\n<p><strong>Geni\u015f, A\u011f\u0131zdan Eri\u015fim<\/strong><\/p>\n<p>Bal\u0131 veya j\u00f6leyi temiz ve d\u00fczg\u00fcn bir \u015fekilde kep\u00e7eyle al\u0131n. Burada \u00f6nemli olan &#034;SAKIN DA\u011eINIKLIK YAPMAYIN&#034; ifadesidir.<\/p>\n<p><strong>G\u00fc\u00e7l\u00fc s\u0131zd\u0131rma performans\u0131<\/strong><\/p>\n<p>S\u0131zd\u0131rmaz kapak sayesinde \u00fcr\u00fcn, g\u0131dalar\u0131n daha uzun s\u00fcre taze kalmas\u0131n\u0131, nem ve oksidasyondan korunmas\u0131n\u0131 ve b\u00f6ylece raf \u00f6mr\u00fcn\u00fcn uzamas\u0131n\u0131 sa\u011flar.<\/p>\n<p><strong>Is\u0131ya Dayan\u0131kl\u0131, Uzun \u00d6m\u00fcrl\u00fc<\/strong><\/p>\n<p>Borosilikat cam, s\u0131cak \u015furup, so\u011fuk bal veya dondurucuda saklama gibi durumlarda herhangi bir termal \u015fok ya\u015famadan kullan\u0131m imkan\u0131 sunar.<\/p>\n<h2>Temel \u00d6zellikler<\/h2>\n<table style=\"border-collapse: collapse; width: 80%; margin-left: auto; margin-right: auto;\" border=\"0\" width=\"360\" cellspacing=\"0\" cellpadding=\"0\">\n<tbody>\n<tr style=\"height: 13.50pt;\">\n<td style=\"height: 13.5pt; width: 54pt; text-align: center;\" width=\"72\" height=\"18\">Kapasite(ml)<\/td>\n<td style=\"width: 54pt; text-align: center;\" width=\"72\">Boyut (cm)<\/td>\n<td style=\"width: 54pt; text-align: center;\" width=\"72\">A\u011f\u0131z \u00c7ap\u0131<\/td>\n<td style=\"width: 54pt; text-align: center;\" width=\"72\">Malzeme<\/td>\n<td style=\"width: 54pt; text-align: center;\" width=\"72\">\u015eekil<\/td>\n<\/tr>\n<tr style=\"height: 13.50pt;\">\n<td style=\"height: 13.5pt; text-align: center;\" align=\"right\" height=\"18\">600<\/td>\n<td style=\"text-align: center;\">9,8 x 10,0<\/td>\n<td class=\"et2\" style=\"text-align: center;\" rowspan=\"3\">98 mm<\/td>\n<td class=\"et2\" style=\"text-align: center;\" rowspan=\"3\">Borosilikat cam<\/td>\n<td class=\"et2\" style=\"text-align: center;\" rowspan=\"3\">Yuvarlak D\u00fcz \u2013 yan<\/td>\n<\/tr>\n<tr style=\"height: 13.50pt;\">\n<td style=\"height: 13.5pt; text-align: center;\" align=\"right\" height=\"18\">1000<\/td>\n<td style=\"text-align: center;\">9,8 x 15,0<\/td>\n<\/tr>\n<tr style=\"height: 13.50pt;\">\n<td style=\"height: 13.5pt; text-align: center;\" align=\"right\" height=\"18\">1350<\/td>\n<td style=\"text-align: center;\">9,8 x 20,0<\/td>\n<\/tr>\n<\/tbody>\n<\/table>\n<h2>Ba\u015far\u0131 Hikayesi<\/h2>\n<p>Bir sa\u011fl\u0131kl\u0131 g\u0131da markas\u0131, \u00e7e\u015fitli kurutulmu\u015f meyve ve kuruyemi\u015flerini saklamak ve sergilemek i\u00e7in bu borosilikat cam saklama kavanozlar\u0131n\u0131 kullanmay\u0131 tercih etti. Kavanozlar\u0131n geni\u015f a\u011fz\u0131, kurutulmu\u015f meyvelerin kolayca al\u0131nmas\u0131n\u0131 sa\u011flarken, \u015feffaf cam da m\u00fc\u015fterilerin \u00fcr\u00fcnleri raftan alma iste\u011fini art\u0131ran harika bir g\u00f6rsel unsur olu\u015fturuyor.<\/p>\n<p>Yakla\u015f\u0131k 3 ay i\u00e7inde markan\u0131n kurutulmu\u015f meyve sat\u0131\u015flar\u0131 artt\u0131.<\/p>\n<h2>\u00d6zelle\u015ftirme K\u0131lavuzunuz<\/h2>\n<ol>\n<li><strong>Se\u00e7im:<\/strong> Saklama ko\u015fullar\u0131na ba\u011fl\u0131 olarak, bozulmu\u015f veya taze g\u0131dalar\u0131n saklanmas\u0131 i\u00e7in uygun olan daha iyi s\u0131zd\u0131rmazl\u0131k performans\u0131 sa\u011flamak amac\u0131yla metal klipsli kapaklar veya silikon s\u0131zd\u0131rmazl\u0131k halkalar\u0131 gibi farkl\u0131 s\u0131zd\u0131rma y\u00f6ntemleri se\u00e7ilebilir.<\/li>\n<li><strong>Kapak Renkleri:<\/strong> Kapak renklerini marka renkleriyle veya \u00fcr\u00fcn \u00f6zellikleriyle uyumlu hale getirerek daha ki\u015fiselle\u015ftirilmi\u015f ve benzersiz bir g\u00f6r\u00fcn\u00fcm elde edin. \u00d6rne\u011fin, alt\u0131n veya g\u00fcm\u00fc\u015f kapaklar l\u00fcks bir his uyand\u0131r\u0131rken, do\u011fal ah\u015fap kapaklar \u00e7evre dostu ve do\u011fal bir trendi yans\u0131t\u0131r.<\/li>\n<li><strong>Aksesuarlar:<\/strong> Kullan\u0131c\u0131y\u0131 memnun etmek ve \u00fcr\u00fcn\u00fcn i\u015flevselli\u011fini ve \u00e7ekicili\u011fini daha da art\u0131rmak i\u00e7in etiketler, \u00e7\u0131kartmalar, cam kavanoz ka\u015f\u0131klar\u0131 vb. gibi saklama kab\u0131 aksesuarlar\u0131 eklenebilir.<\/li>\n<\/ol>","protected":false},"excerpt":{"rendered":"<p>Y\u00fcksek borosilikat camdan \u00fcretilmi\u015f kapakl\u0131 kavanozlar\u0131n toptan fabrika sat\u0131\u015flar\u0131; kuru g\u0131da, baharat ve \u00e7ay saklamak i\u00e7in idealdir. Ki\u015fiselle\u015ftirme se\u00e7enekleri mevcuttur.<\/p>","protected":false},"featured_media":24540,"template":"","meta":[],"product_brand":[],"product_cat":[122,124,137],"product_tag":[],"class_list":{"0":"post-24526","1":"product","2":"type-product","3":"status-publish","4":"has-post-thumbnail","6":"product_cat-custom-glass-packaging","7":"product_cat-custom-glass-jars","8":"product_cat-glass-jars-with-lids","10":"first","11":"instock","12":"shipping-taxable","13":"product-type-simple"},"jetpack_sharing_enabled":true,"_links":{"self":[{"href":"https:\/\/yebodaglass.com\/tr\/wp-json\/wp\/v2\/product\/24526","targetHints":{"allow":["GET"]}}],"collection":[{"href":"https:\/\/yebodaglass.com\/tr\/wp-json\/wp\/v2\/product"}],"about":[{"href":"https:\/\/yebodaglass.com\/tr\/wp-json\/wp\/v2\/types\/product"}],"version-history":[{"count":5,"href":"https:\/\/yebodaglass.com\/tr\/wp-json\/wp\/v2\/product\/24526\/revisions"}],"predecessor-version":[{"id":24542,"href":"https:\/\/yebodaglass.com\/tr\/wp-json\/wp\/v2\/product\/24526\/revisions\/24542"}],"wp:featuredmedia":[{"embeddable":true,"href":"https:\/\/yebodaglass.com\/tr\/wp-json\/wp\/v2\/media\/24540"}],"wp:attachment":[{"href":"https:\/\/yebodaglass.com\/tr\/wp-json\/wp\/v2\/media?parent=24526"}],"wp:term":[{"taxonomy":"product_brand","embeddable":true,"href":"https:\/\/yebodaglass.com\/tr\/wp-json\/wp\/v2\/product_brand?post=24526"},{"taxonomy":"product_cat","embeddable":true,"href":"https:\/\/yebodaglass.com\/tr\/wp-json\/wp\/v2\/product_cat?post=24526"},{"taxonomy":"product_tag","embeddable":true,"href":"https:\/\/yebodaglass.com\/tr\/wp-json\/wp\/v2\/product_tag?post=24526"}],"curies":[{"name":"wp","href":"https:\/\/api.w.org\/{rel}","templated":true}]}}