{"id":24517,"date":"2025-12-22T16:14:46","date_gmt":"2025-12-22T08:14:46","guid":{"rendered":"https:\/\/yebodaglass.com\/?post_type=product&#038;p=24517"},"modified":"2026-03-12T15:13:26","modified_gmt":"2026-03-12T07:13:26","slug":"high-borosilicate-glass-storage-jars-with-lids-bulk","status":"publish","type":"product","link":"https:\/\/yebodaglass.com\/tr\/high-borosilicate-glass-storage-jars-with-lids-bulk\/","title":{"rendered":"550 ml \u2013 1950 ml Y\u00fcksek Borosilikat Cam Saklama Kavanozlar\u0131 (Kapakl\u0131) (Toptan)"},"content":{"rendered":"<p>Silindirik \u015fekilli, p\u00fcr\u00fczs\u00fcz, \u015feffaf ve g\u00fc\u00e7l\u00fc g\u00fcm\u00fc\u015f metal tokal\u0131 do\u011fal bambu kapakl\u0131 bu cam saklama kavanozlar\u0131, geni\u015f a\u011f\u0131zlar\u0131 sayesinde at\u0131\u015ft\u0131rmal\u0131klar\u0131n, mutfak e\u015fyalar\u0131n\u0131n ve kuru g\u0131dalar\u0131n saklanmas\u0131nda olduk\u00e7a kullan\u0131\u015fl\u0131d\u0131r.<\/p>\n<h2>\u00dcr\u00fcn \u00d6zellikleri<\/h2>\n<ul>\n<li><strong>Klasik Silindirik Tasar\u0131m:<\/strong> D\u00fcz taban ve d\u00fcz duvarlar, stabilite, kolay temizlik ve verimli istifleme sa\u011flar.<\/li>\n<li><strong>Tamamen A\u00e7\u0131k Geni\u015f A\u011f\u0131zl\u0131 Tasar\u0131m:<\/strong> Geni\u015f a\u011fz\u0131 sayesinde doldurmas\u0131, kep\u00e7eyle almas\u0131 ve temizlemesi kolayd\u0131r.<\/li>\n<li><strong>Do\u011fal Ah\u015fap ve Metal Kaplama:<\/strong> Ah\u015fap kapa\u011f\u0131n \u00fczerindeki metal plakalar, \u00fcr\u00fcne kapal\u0131 bir yap\u0131 ve do\u011fal bir dokunu\u015f katacakt\u0131r.<\/li>\n<\/ul>\n<h2>Temel \u00d6zellikler<\/h2>\n<table style=\"border-collapse: collapse; width: 80%; margin-left: auto; margin-right: auto;\" border=\"0\" width=\"288\" cellspacing=\"0\" cellpadding=\"0\">\n<tbody>\n<tr style=\"height: 13.50pt;\">\n<td style=\"height: 13.5pt; width: 54pt; text-align: center;\" width=\"72\" height=\"18\">Kapasite(ml)<\/td>\n<td style=\"width: 54pt; text-align: center;\" width=\"72\">Boyut (cm)<\/td>\n<td style=\"width: 54pt; text-align: center;\" width=\"72\">A\u011f\u0131z \u00c7ap\u0131<\/td>\n<td style=\"width: 54pt; text-align: center;\" width=\"72\">Malzeme<\/td>\n<\/tr>\n<tr style=\"height: 13.50pt;\">\n<td style=\"height: 13.5pt; text-align: center;\" align=\"right\" height=\"18\">550<\/td>\n<td style=\"text-align: center;\">10.0 x 10.0<\/td>\n<td class=\"et2\" style=\"text-align: center;\" rowspan=\"6\">100 mm<\/td>\n<td class=\"et2\" style=\"text-align: center;\" rowspan=\"6\">Borosilikat<\/td>\n<\/tr>\n<tr style=\"height: 13.50pt;\">\n<td style=\"height: 13.5pt; text-align: center;\" align=\"right\" height=\"18\">660<\/td>\n<td style=\"text-align: center;\">10.0 x 12.0<\/td>\n<\/tr>\n<tr style=\"height: 13.50pt;\">\n<td style=\"height: 13.5pt; text-align: center;\" align=\"right\" height=\"18\">900<\/td>\n<td style=\"text-align: center;\">10.0 x 15.0<\/td>\n<\/tr>\n<tr style=\"height: 13.50pt;\">\n<td style=\"height: 13.5pt; text-align: center;\" align=\"right\" height=\"18\">1250<\/td>\n<td style=\"text-align: center;\">10.0 x 20.0<\/td>\n<\/tr>\n<tr style=\"height: 13.50pt;\">\n<td style=\"height: 13.5pt; text-align: center;\" align=\"right\" height=\"18\">1500<\/td>\n<td style=\"text-align: center;\">10.0 x 23.0<\/td>\n<\/tr>\n<tr style=\"height: 13.50pt;\">\n<td style=\"height: 13.5pt; text-align: center;\" align=\"right\" height=\"18\">1950<\/td>\n<td style=\"text-align: center;\">10.0 x 28.0<\/td>\n<\/tr>\n<\/tbody>\n<\/table>\n<h2>Ba\u015far\u0131 \u00d6yk\u00fcs\u00fc: Kaliforniya&#039;da Bir Yemek Da\u011f\u0131t\u0131m \u015eirketinin \u00d6zel Sipari\u015fi<\/h2>\n<p>Geni\u015f a\u011f\u0131zl\u0131 kavanozlar\u0131m\u0131z ve ki\u015fiselle\u015ftirilmi\u015f bambu kapaklar\u0131m\u0131z, Kaliforniya merkezli, do\u011frudan t\u00fcketiciye g\u0131da da\u011f\u0131t\u0131m\u0131 yapan bir \u015firket taraf\u0131ndan sat\u0131n al\u0131nd\u0131. Geli\u015ftirilmi\u015f s\u0131zd\u0131rmazl\u0131k \u00f6zelli\u011fi, kuru tah\u0131l ve baklagillerinin raf \u00f6mr\u00fcn\u00fc d\u00f6rtte bir oran\u0131nda art\u0131rarak israf\u0131 azaltt\u0131. \u015eeffaf camdan yap\u0131lm\u0131\u015f g\u00f6vde, da\u011f\u0131t\u0131m merkezlerinin g\u00f6zlemlenmesini sa\u011flayarak toplama hatalar\u0131n\u0131 oran\u0131nda azaltt\u0131. Bu ba\u015far\u0131ya dayanarak, kuru g\u0131da ambalajlama i\u015flerini b\u00fcy\u00fctmek i\u00e7in yak\u0131n zamanda 500.000 adet daha kavanoz sipari\u015fi verdiler.<\/p>\n<h2>Kapakl\u0131 Cam Saklama Kavanozlar\u0131 \u0130\u00e7in Ki\u015fiselle\u015ftirme Fikirleri<\/h2>\n<ul>\n<li>\u00d6zel tasar\u0131m kapak malzemeleri: Ah\u015fap kapaklar\u0131n yan\u0131 s\u0131ra mantar, geri d\u00f6n\u00fc\u015ft\u00fcr\u00fclm\u00fc\u015f plastik veya seramik gibi \u00e7evre dostu di\u011fer malzemelerden yap\u0131lm\u0131\u015f kapaklar da mevcuttur.<\/li>\n<li>\u00d6l\u00e7\u00fc i\u015faretleri: Kavanozun yan taraf\u0131na kabartma veya bask\u0131 y\u00f6ntemiyle kal\u0131c\u0131 olarak i\u015faretler (bardak, gram, ons) eklenebilir ve bu i\u015faretler tariflerde kullan\u0131labilir.<\/li>\n<li>Kare kavanoz tasar\u0131m\u0131: Kutu ve raf alan\u0131n\u0131 en \u00fcst d\u00fczeye \u00e7\u0131karacak \u015fekilde geni\u015f a\u011f\u0131zl\u0131 kare veya dikd\u00f6rtgen kavanozlar tasarlay\u0131n.<\/li>\n<\/ul>","protected":false},"excerpt":{"rendered":"<p>Ah\u015fap kapakl\u0131 ve metal kelep\u00e7eli, dayan\u0131kl\u0131 cam saklama kavanozlar\u0131. Tah\u0131llar, at\u0131\u015ft\u0131rmal\u0131klar ve kuru g\u0131dalar i\u00e7in ideal, pratik, geni\u015f a\u011f\u0131zl\u0131 kavanozlar. \u00dccretsiz numuneler.<\/p>","protected":false},"featured_media":24525,"template":"","meta":[],"product_brand":[],"product_cat":[122,124,137],"product_tag":[],"class_list":{"0":"post-24517","1":"product","2":"type-product","3":"status-publish","4":"has-post-thumbnail","6":"product_cat-custom-glass-packaging","7":"product_cat-custom-glass-jars","8":"product_cat-glass-jars-with-lids","10":"first","11":"instock","12":"shipping-taxable","13":"product-type-simple"},"jetpack_sharing_enabled":true,"_links":{"self":[{"href":"https:\/\/yebodaglass.com\/tr\/wp-json\/wp\/v2\/product\/24517","targetHints":{"allow":["GET"]}}],"collection":[{"href":"https:\/\/yebodaglass.com\/tr\/wp-json\/wp\/v2\/product"}],"about":[{"href":"https:\/\/yebodaglass.com\/tr\/wp-json\/wp\/v2\/types\/product"}],"version-history":[{"count":5,"href":"https:\/\/yebodaglass.com\/tr\/wp-json\/wp\/v2\/product\/24517\/revisions"}],"predecessor-version":[{"id":25411,"href":"https:\/\/yebodaglass.com\/tr\/wp-json\/wp\/v2\/product\/24517\/revisions\/25411"}],"wp:featuredmedia":[{"embeddable":true,"href":"https:\/\/yebodaglass.com\/tr\/wp-json\/wp\/v2\/media\/24525"}],"wp:attachment":[{"href":"https:\/\/yebodaglass.com\/tr\/wp-json\/wp\/v2\/media?parent=24517"}],"wp:term":[{"taxonomy":"product_brand","embeddable":true,"href":"https:\/\/yebodaglass.com\/tr\/wp-json\/wp\/v2\/product_brand?post=24517"},{"taxonomy":"product_cat","embeddable":true,"href":"https:\/\/yebodaglass.com\/tr\/wp-json\/wp\/v2\/product_cat?post=24517"},{"taxonomy":"product_tag","embeddable":true,"href":"https:\/\/yebodaglass.com\/tr\/wp-json\/wp\/v2\/product_tag?post=24517"}],"curies":[{"name":"wp","href":"https:\/\/api.w.org\/{rel}","templated":true}]}}