{"id":24509,"date":"2025-12-22T11:32:32","date_gmt":"2025-12-22T03:32:32","guid":{"rendered":"https:\/\/yebodaglass.com\/?post_type=product&#038;p=24509"},"modified":"2026-04-13T15:43:41","modified_gmt":"2026-04-13T07:43:41","slug":"borosilicate-big-glass-jar-with-lid-for-storage-wholesale","status":"publish","type":"product","link":"https:\/\/yebodaglass.com\/tr\/borosilicate-big-glass-jar-with-lid-for-storage-wholesale\/","title":{"rendered":"1360 ml 1800 ml Borosilikat B\u00fcy\u00fck Boy Kapakl\u0131 Cam Saklama Kavanozu Toptan Sat\u0131\u015f"},"content":{"rendered":"<p>Kapakl\u0131 cam kavanoz, ultra \u015feffaf borosilikat cam malzemeden \u00fcretilmi\u015f silindirik bir \u015fekle sahiptir. \u00dcr\u00fcn, do\u011fal bambu kapa\u011f\u0131 ve g\u0131da s\u0131n\u0131f\u0131 silikon s\u0131zd\u0131rmazl\u0131k halkas\u0131 sayesinde neme kar\u015f\u0131 tamamen hava ge\u00e7irmez bir bariyer olu\u015fturacak \u015fekilde tasarlanm\u0131\u015f, g\u00f6r\u00fcn\u00fcr eklem yeri olmayan cam bir g\u00f6vdeye sahiptir.<\/p>\n<h2>\u00dcr\u00fcn \u00d6zellikleri<\/h2>\n<ul>\n<li><strong>Borosilikat Cam Malzeme:<\/strong> \u00dcr\u00fcn, y\u00fcksek \u015feffafl\u0131k sa\u011flayan ve a\u015f\u0131r\u0131 s\u0131cakl\u0131k de\u011fi\u015fimlerine kar\u015f\u0131 koruma sa\u011flayan, ayn\u0131 zamanda g\u00fcvenli ve kokusuz olan g\u0131da s\u0131n\u0131f\u0131 borosilikat camdan \u00fcretilmi\u015ftir.<\/li>\n<li><strong>Do\u011fal Bambu S\u0131zd\u0131rmaz Kapak Tasar\u0131m\u0131:<\/strong> Do\u011fal bambu kapak ve g\u0131da s\u0131n\u0131f\u0131 silikon s\u0131zd\u0131rmazl\u0131k halkas\u0131n\u0131n birle\u015fimi, \u00fcst\u00fcn s\u0131zd\u0131rmazl\u0131k \u00f6zellikleri sa\u011flayan bir s\u0131zd\u0131rmazl\u0131k sistemi olu\u015fturur.<\/li>\n<li><strong>Kolay temizlik i\u00e7in geni\u015f a\u011f\u0131z:<\/strong> Geni\u015f a\u011f\u0131zl\u0131 tasar\u0131m\u0131, kullan\u0131c\u0131lar\u0131n g\u0131da \u00fcr\u00fcnlerine kolayca eri\u015fmelerini ve kapsaml\u0131 temizlik yapmalar\u0131n\u0131 sa\u011flarken, farkl\u0131 mutfak saklama ihtiya\u00e7lar\u0131na da uyum sa\u011flar.<\/li>\n<\/ul>\n<h2>Temel \u00d6zellikler<\/h2>\n<table style=\"border-collapse: collapse; width: 80%; margin-left: auto; margin-right: auto;\" border=\"0\" width=\"360\" cellspacing=\"0\" cellpadding=\"0\">\n<tbody>\n<tr style=\"height: 13.50pt;\">\n<td style=\"height: 13.5pt; width: 54pt; text-align: center;\" width=\"72\" height=\"18\">Kapasite(ml)<\/td>\n<td style=\"width: 54pt; text-align: center;\" width=\"72\">Boyut (cm)<\/td>\n<td style=\"width: 54pt; text-align: center;\" width=\"72\">A\u011f\u0131z \u00c7ap\u0131<\/td>\n<td style=\"width: 54pt; text-align: center;\" width=\"72\">Malzeme<\/td>\n<td style=\"width: 54pt; text-align: center;\" width=\"72\">\u00d6zellikler<\/td>\n<\/tr>\n<tr style=\"height: 13.50pt;\">\n<td style=\"height: 13.5pt; text-align: center;\" height=\"18\">1360<\/td>\n<td style=\"text-align: center;\">12.0 x 15.0<\/td>\n<td class=\"et2\" style=\"text-align: center;\" rowspan=\"2\">120 mm<\/td>\n<td class=\"et2\" style=\"text-align: center;\" rowspan=\"2\">Borosilikat cam<\/td>\n<td class=\"et2\" style=\"text-align: center;\" rowspan=\"2\">D\u00fcz kenarl\u0131, 120 mm kapak<\/td>\n<\/tr>\n<tr style=\"height: 13.50pt;\">\n<td style=\"height: 13.5pt; text-align: center;\" height=\"18\">1800<\/td>\n<td style=\"text-align: center;\">12.0 x 20.0<\/td>\n<\/tr>\n<\/tbody>\n<\/table>\n<h2>Ba\u015far\u0131 \u00d6yk\u00fcs\u00fc: S\u0131f\u0131r At\u0131k S\u00fcpermarket Zincirinden \u00d6zel Sipari\u015f<\/h2>\n<p>Mutfak kavanozlar\u0131m\u0131z, kavanozlara ki\u015fiselle\u015ftirilmi\u015f hacim i\u015faretlemeleri yap\u0131lmas\u0131n\u0131 isteyen ulusal bir s\u00fcpermarket zinciri taraf\u0131ndan tercih edilen \u00fcr\u00fcnler oldu. Ki\u015fiselle\u015ftirilmi\u015f mutfak cam kavanozlar\u0131, hava ge\u00e7irmez contalar\u0131 sayesinde kiler \u00fcr\u00fcnlerinin daha uzun s\u00fcre korunmas\u0131na yard\u0131mc\u0131 olduklar\u0131 ve hacim i\u015faretlemeleri sayesinde m\u00fc\u015fterilerin sat\u0131n alma miktarlar\u0131n\u0131 oran\u0131nda azaltabildikleri i\u00e7in m\u00fc\u015fteriler aras\u0131nda pop\u00fcler hale geldi. \u0130lk sipari\u015flerinin ard\u0131ndan, \u00f6nceden paketlenmi\u015f g\u0131da saklama kitlerinden olu\u015fan yeni bir \u00fcr\u00fcn serisi olu\u015fturmak istedikleri i\u00e7in 580.000 adet cam kavanoz sipari\u015fi verdiler.<\/p>\n<h2>Mutfak Kavanozlar\u0131 \u00d6zelle\u015ftirme Se\u00e7enekleri<\/h2>\n<ol>\n<li><strong>Kapak Malzemesi ve S\u0131zd\u0131rmazl\u0131k Yap\u0131s\u0131:<\/strong> 120 mm d\u00fcz, kenarl\u0131 kavanoz, bambu, ah\u015fap veya kompozit s\u0131zd\u0131rmaz kapaklarla birle\u015ftirilebilir ve daha iyi nem direnci ve tazelik korumas\u0131 i\u00e7in silikon s\u0131zd\u0131rma halkas\u0131n\u0131n kal\u0131nl\u0131\u011f\u0131 art\u0131r\u0131labilir.<\/li>\n<li><strong>Kavanoz G\u00f6vdesi \u00d6zelle\u015ftirme:\u00a0<\/strong>Kavanoz g\u00f6vdesi, marka ve bilgi sa\u011flama gereksinimlerini kar\u015f\u0131lamak \u00fczere serigrafi, bask\u0131, etiket uygulamas\u0131, etiket alan\u0131 rezervasyonu veya buzlu y\u00fczey gibi destekleyici bir y\u00fczeye sahiptir.<\/li>\n<li><strong>Cam Kal\u0131nl\u0131\u011f\u0131 ve Darbe Etkisi:<\/strong> Kal\u0131nla\u015ft\u0131r\u0131lm\u0131\u015f borosilikat cam, s\u00fcpermarketlerdeki \u00e7ok s\u0131k \u00fcr\u00fcn de\u011fi\u015fimi ya\u015fanan senaryolarda, ta\u015f\u0131ma ve raflama s\u00fcrecinde k\u0131r\u0131lma oran\u0131n\u0131 d\u00fc\u015f\u00fcrmek i\u00e7in daha da \u00f6zelle\u015ftirilebilir.<\/li>\n<\/ol>","protected":false},"excerpt":{"rendered":"<p>Zarif, b\u00fcy\u00fck cam kavanoz, kapakl\u0131 ve do\u011fal bambu tasar\u0131ml\u0131. Modern saklama \u00e7\u00f6z\u00fcmleri i\u00e7in ideal mutfak kavanozlar\u0131. \u00d6zel marka bask\u0131 se\u00e7enekleri desteklenmektedir. \u00dccretsiz numuneler.<\/p>","protected":false},"featured_media":24510,"template":"","meta":[],"product_brand":[],"product_cat":[137,124,122],"product_tag":[],"class_list":{"0":"post-24509","1":"product","2":"type-product","3":"status-publish","4":"has-post-thumbnail","6":"product_cat-glass-jars-with-lids","7":"product_cat-custom-glass-jars","8":"product_cat-custom-glass-packaging","10":"first","11":"instock","12":"shipping-taxable","13":"product-type-simple"},"jetpack_sharing_enabled":true,"_links":{"self":[{"href":"https:\/\/yebodaglass.com\/tr\/wp-json\/wp\/v2\/product\/24509","targetHints":{"allow":["GET"]}}],"collection":[{"href":"https:\/\/yebodaglass.com\/tr\/wp-json\/wp\/v2\/product"}],"about":[{"href":"https:\/\/yebodaglass.com\/tr\/wp-json\/wp\/v2\/types\/product"}],"version-history":[{"count":5,"href":"https:\/\/yebodaglass.com\/tr\/wp-json\/wp\/v2\/product\/24509\/revisions"}],"predecessor-version":[{"id":25766,"href":"https:\/\/yebodaglass.com\/tr\/wp-json\/wp\/v2\/product\/24509\/revisions\/25766"}],"wp:featuredmedia":[{"embeddable":true,"href":"https:\/\/yebodaglass.com\/tr\/wp-json\/wp\/v2\/media\/24510"}],"wp:attachment":[{"href":"https:\/\/yebodaglass.com\/tr\/wp-json\/wp\/v2\/media?parent=24509"}],"wp:term":[{"taxonomy":"product_brand","embeddable":true,"href":"https:\/\/yebodaglass.com\/tr\/wp-json\/wp\/v2\/product_brand?post=24509"},{"taxonomy":"product_cat","embeddable":true,"href":"https:\/\/yebodaglass.com\/tr\/wp-json\/wp\/v2\/product_cat?post=24509"},{"taxonomy":"product_tag","embeddable":true,"href":"https:\/\/yebodaglass.com\/tr\/wp-json\/wp\/v2\/product_tag?post=24509"}],"curies":[{"name":"wp","href":"https:\/\/api.w.org\/{rel}","templated":true}]}}