{"id":24500,"date":"2025-12-19T17:46:32","date_gmt":"2025-12-19T09:46:32","guid":{"rendered":"https:\/\/yebodaglass.com\/?post_type=product&#038;p=24500"},"modified":"2025-12-22T10:08:45","modified_gmt":"2025-12-22T02:08:45","slug":"glass-jars-with-airtight-lids-for-storage-wholesale","status":"publish","type":"product","link":"https:\/\/yebodaglass.com\/tr\/glass-jars-with-airtight-lids-for-storage-wholesale\/","title":{"rendered":"335 ml, 580 ml, 800 ml Hava Ge\u00e7irmez Kapakl\u0131 Cam Saklama Kavanozlar\u0131 (Toptan)"},"content":{"rendered":"<p data-start=\"66\" data-end=\"288\">Hava ge\u00e7irmez kapakl\u0131 bu sa\u011flam ve uzun \u00f6m\u00fcrl\u00fc cam kavanozlar, y\u00fcksek kaliteli borosilikat camdan \u00fcretilmi\u015ftir, bu nedenle \u00e7ok \u015feffaft\u0131r ve uzun \u00f6m\u00fcrl\u00fcd\u00fcr. Koyu ah\u015fap desenli d\u00fcz kapak sadece g\u00fczel g\u00f6r\u00fcnmekle kalmaz, ayn\u0131 zamanda sa\u011flam bir s\u0131zd\u0131rmazl\u0131k sa\u011flar ve \u00fc\u00e7 farkl\u0131 boyutta sat\u0131n al\u0131nabilir.<\/p>\n<h2>\u00dcr\u00fcn \u00d6zellikleri<\/h2>\n<ul>\n<li><strong>Sa\u011flam Silindirik Tasar\u0131m:<\/strong> Kavanozun g\u00f6vdesi kal\u0131n ve sa\u011flamd\u0131r, bu da devrilmesini zorla\u015ft\u0131r\u0131r ve ayr\u0131ca g\u00fcnl\u00fck kullan\u0131ma yetecek kadar dayan\u0131kl\u0131d\u0131r.<\/li>\n<li><strong>Y\u00fcksek Kaliteli S\u0131zd\u0131rmazl\u0131k:<\/strong> \u00d6zel bir y\u00f6ntemle \u00fcretilen ah\u015fap kapak, kab\u0131 s\u0131k\u0131ca kapatarak yiyeceklerin uzun s\u00fcre taze kalmas\u0131n\u0131 sa\u011flar.<\/li>\n<li><strong>Kalitesiz Borosilikat Cam:<\/strong> Is\u0131 darbelerine kar\u015f\u0131 m\u00fckemmel direncinin yan\u0131 s\u0131ra, cam ayn\u0131 zamanda \u00e7ok \u015feffaft\u0131r ve bu nedenle i\u00e7indekiler uzun s\u00fcre g\u00f6r\u00fclebilir.<\/li>\n<\/ul>\n<h2 style=\"text-align: left;\">Temel \u00d6zellikler<\/h2>\n<table class=\"aligncenter\" style=\"border-collapse: collapse; width: 424.52pt;\" border=\"0\" width=\"566\" cellspacing=\"0\" cellpadding=\"0\">\n<tbody>\n<tr style=\"height: 13.50pt;\">\n<td style=\"height: 13.50pt; width: 107.25pt;\" width=\"143\" height=\"18\">\u015eartname<\/td>\n<td style=\"width: 317.25pt;\" width=\"423\">Detaylar<\/td>\n<\/tr>\n<tr style=\"height: 13.50pt;\">\n<td style=\"height: 13.50pt;\" height=\"18\">Kapasite<\/td>\n<td>335 ml \/ 580 ml \/ 800 ml<\/td>\n<\/tr>\n<tr style=\"height: 13.50pt;\">\n<td style=\"height: 13.50pt;\" height=\"18\">Boyutlar<\/td>\n<td>8\u00d710cm \/ 8\u00d715cm \/ 8\u00d720cm<\/td>\n<\/tr>\n<tr style=\"height: 13.50pt;\">\n<td style=\"height: 13.50pt;\" height=\"18\">Malzeme<\/td>\n<td>Y\u00fcksek Borosilikat Cam<\/td>\n<\/tr>\n<tr style=\"height: 13.50pt;\">\n<td style=\"height: 13.50pt;\" height=\"18\">Kapak Tipi<\/td>\n<td>Koyu Ah\u015fap Desenli D\u00fcz Kapak (Hava Ge\u00e7irmez)<\/td>\n<\/tr>\n<tr style=\"height: 13.50pt;\">\n<td style=\"height: 13.50pt;\" height=\"18\">Kapak \u00c7ap\u0131<\/td>\n<td>80 mm (T\u00fcm boyutlarda ayn\u0131)<\/td>\n<\/tr>\n<tr style=\"height: 13.50pt;\">\n<td style=\"height: 13.50pt;\" height=\"18\">Malzeme \u00d6zelli\u011fi<\/td>\n<td>Y\u00fcksek Is\u0131 ve Kimyasal Diren\u00e7, \u00dcst\u00fcn \u015eeffafl\u0131k<\/td>\n<\/tr>\n<tr style=\"height: 13.50pt;\">\n<td style=\"height: 13.50pt;\" height=\"18\">\u0130deal \u0130\u00e7in<\/td>\n<td>Hava Ge\u00e7irmez Kapakl\u0131 Cam Kavanozlar, Toptan Cam Kavanozlar<\/td>\n<\/tr>\n<\/tbody>\n<\/table>\n<h2>Ba\u015far\u0131 \u00d6yk\u00fcs\u00fc: Bir Kahve Kavurma \u015eirketinin Tedarik Zinciri \u00c7\u00f6z\u00fcm\u00fc<\/h2>\n<p>Orta \u00f6l\u00e7ekli kahve kavurma \u015firketi, en \u00e7ok satan \u00fcr\u00fcnlerini hava ge\u00e7irmez kapakl\u0131 580 ml&#039;lik cam kavanozlar\u0131m\u0131za paketledi. Dayan\u0131kl\u0131 borosilikat cam kavanozlar\u0131n kullan\u0131m\u0131 sayesinde, kahve kavurma \u015firketi ta\u015f\u0131ma ve depolama s\u0131ras\u0131nda k\u0131r\u0131lma olaylar\u0131n\u0131n oran\u0131nda azald\u0131\u011f\u0131n\u0131 g\u00f6rd\u00fc. Hava ge\u00e7irmez ah\u015fap kapak, kahve \u00e7ekirdeklerinin tazeli\u011fini korumada \u00e7ok etkili oldu ve kahve d\u00fckkanlar\u0131 (m\u00fc\u015fteriler), optimum demleme s\u00fcresinin uzad\u0131\u011f\u0131n\u0131 bildirdi. Operasyonel ve finansal faydalar\u0131 g\u00f6rd\u00fckten sonra, \u00fcretimlerini geni\u015fletmek i\u00e7in 250.000 adet daha kavanoz sipari\u015fi verdiler.<\/p>\n<h2>Cam Kavanozlar Toptan Sat\u0131\u015f \u00d6zelle\u015ftirme Se\u00e7enekleri<\/h2>\n<ul>\n<li>Masif ah\u015fap kapaklar, ceviz veya akasya gibi se\u00e7eneklerle sunulan, g\u00fc\u00e7l\u00fc ve g\u0131da g\u00fcvenli\u011fine uygun masif ah\u015fap kapaklara ge\u00e7i\u015f yap\u0131n.<\/li>\n<li>Kapak \u00fczerine marka bask\u0131s\u0131, logonuzun ah\u015fap \u00fczerine damgalanmas\u0131, lazerle i\u015flenmesi veya kaz\u0131nmas\u0131.<\/li>\n<li>Kapasite G\u00f6stergesi: Kavanozun kapasitesi (\u00f6rne\u011fin &#034;580 ml&#034;), kavanozun alt k\u0131sm\u0131na kabartma olarak yaz\u0131lm\u0131\u015ft\u0131r.<\/li>\n<li>Daha geni\u015f veya renkli g\u0131da s\u0131n\u0131f\u0131 silikon conta ile daha iyi s\u0131zd\u0131rmazl\u0131k sa\u011flan\u0131r. Daha geni\u015f veya renkli g\u0131da s\u0131n\u0131f\u0131 silikon conta, daha iyi bir s\u0131zd\u0131rmazl\u0131k elde edilmesine yard\u0131mc\u0131 olur.<\/li>\n<\/ul>","protected":false},"excerpt":{"rendered":"<p>Kal\u0131n cam g\u00f6vdeli ve do\u011fal ah\u015fap kapakl\u0131, hava ge\u00e7irmez kapakl\u0131 \u015f\u0131k cam kavanozlar, toptan cam kavanoz al\u0131c\u0131lar\u0131 i\u00e7in idealdir. Toplu sipari\u015flerde indirim uygulanmaktad\u0131r.<\/p>","protected":false},"featured_media":24504,"template":"","meta":[],"product_brand":[],"product_cat":[122,124,137],"product_tag":[],"class_list":{"0":"post-24500","1":"product","2":"type-product","3":"status-publish","4":"has-post-thumbnail","6":"product_cat-custom-glass-packaging","7":"product_cat-custom-glass-jars","8":"product_cat-glass-jars-with-lids","10":"first","11":"instock","12":"shipping-taxable","13":"product-type-simple"},"jetpack_sharing_enabled":true,"_links":{"self":[{"href":"https:\/\/yebodaglass.com\/tr\/wp-json\/wp\/v2\/product\/24500","targetHints":{"allow":["GET"]}}],"collection":[{"href":"https:\/\/yebodaglass.com\/tr\/wp-json\/wp\/v2\/product"}],"about":[{"href":"https:\/\/yebodaglass.com\/tr\/wp-json\/wp\/v2\/types\/product"}],"version-history":[{"count":4,"href":"https:\/\/yebodaglass.com\/tr\/wp-json\/wp\/v2\/product\/24500\/revisions"}],"predecessor-version":[{"id":24508,"href":"https:\/\/yebodaglass.com\/tr\/wp-json\/wp\/v2\/product\/24500\/revisions\/24508"}],"wp:featuredmedia":[{"embeddable":true,"href":"https:\/\/yebodaglass.com\/tr\/wp-json\/wp\/v2\/media\/24504"}],"wp:attachment":[{"href":"https:\/\/yebodaglass.com\/tr\/wp-json\/wp\/v2\/media?parent=24500"}],"wp:term":[{"taxonomy":"product_brand","embeddable":true,"href":"https:\/\/yebodaglass.com\/tr\/wp-json\/wp\/v2\/product_brand?post=24500"},{"taxonomy":"product_cat","embeddable":true,"href":"https:\/\/yebodaglass.com\/tr\/wp-json\/wp\/v2\/product_cat?post=24500"},{"taxonomy":"product_tag","embeddable":true,"href":"https:\/\/yebodaglass.com\/tr\/wp-json\/wp\/v2\/product_tag?post=24500"}],"curies":[{"name":"wp","href":"https:\/\/api.w.org\/{rel}","templated":true}]}}