{"id":24486,"date":"2025-12-19T16:52:38","date_gmt":"2025-12-19T08:52:38","guid":{"rendered":"https:\/\/yebodaglass.com\/?post_type=product&#038;p=24486"},"modified":"2026-04-10T10:09:38","modified_gmt":"2026-04-10T02:09:38","slug":"straight-sided-round-borosilicate-huge-glass-jars-bulk","status":"publish","type":"product","link":"https:\/\/yebodaglass.com\/tr\/straight-sided-round-borosilicate-huge-glass-jars-bulk\/","title":{"rendered":"3200 ml 4800 ml D\u00fcz Kenarl\u0131 Yuvarlak Borosilikat B\u00fcy\u00fck Boy Cam Kavanozlar (Toptan Sat\u0131\u015f)"},"content":{"rendered":"<p>Mutfa\u011f\u0131n\u0131z\u0131n her yerine yiyecek d\u00f6k\u00fclmesine neden olan minik kavanozlardan b\u0131kt\u0131n\u0131z m\u0131? Depolama alan\u0131na ger\u00e7ekten ihtiya\u00e7 duyan markalar i\u00e7in devasa cam kavanoz \u00e7\u00f6z\u00fcmleri \u00fcretiyoruz. Bu toplu kavanoz se\u00e7enekleri, g\u00fcnl\u00fck stoklar\u0131 premium bir marka an\u0131na d\u00f6n\u00fc\u015ft\u00fcr\u00fcyor. Toplu sipari\u015flerde renkler markan\u0131za uyacak \u015fekilde \u00f6zelle\u015ftirilir.<\/p>\n<h2>\u00dcr\u00fcn \u00d6zellikleri<\/h2>\n<p><strong>D\u00fcz Kenarl\u0131 Tasar\u0131m:\u00a0<\/strong>4800 ml kapasiteli bu kavanoz, toz, tah\u0131l, hububat, kahve \u00e7ekirde\u011fi, ot, baharat vb. \u00fcr\u00fcnleri saklayabilir; b\u00f6ylece k\u00fc\u00e7\u00fck kaplarda \u00fcr\u00fcn israf\u0131 art\u0131k olmaz.<\/p>\n<p><strong>Is\u0131ya Dayan\u0131kl\u0131 Borosilikat Cam:\u00a0<\/strong>Bu b\u00fcy\u00fck cam kavanozlar, s\u0131cak, so\u011fuk ve dondurucu yiyeceklerin saklanmas\u0131 i\u00e7in kullan\u0131labilir; asla termal \u015foka neden olmazlar. Ayr\u0131ca vazo veya mumluk olarak da kullan\u0131labilirler.<\/p>\n<p><strong>Kolay eri\u015fim i\u00e7in 150 mm geni\u015fli\u011finde kapak:\u00a0<\/strong>Cam ka\u015f\u0131k yard\u0131m\u0131yla, toz veya kuru malzemeleri zorlanmadan \u00e7\u0131kar\u0131n; s\u0131zd\u0131rmaz ve tutmas\u0131 kolayd\u0131r.<\/p>\n<h2>Temel \u00d6zellikler<\/h2>\n<table style=\"border-collapse: collapse; width: 80%; margin-left: auto; margin-right: auto;\" border=\"0\" width=\"360\" cellspacing=\"0\" cellpadding=\"0\">\n<tbody>\n<tr style=\"height: 13.50pt;\">\n<td style=\"height: 13.5pt; width: 54pt; text-align: center;\" width=\"72\" height=\"18\">Kapasite(ml)<\/td>\n<td style=\"width: 54pt; text-align: center;\" width=\"72\">Boyut (cm)<\/td>\n<td style=\"width: 54pt; text-align: center;\" width=\"72\">A\u011f\u0131z \u00c7ap\u0131<\/td>\n<td style=\"width: 54pt; text-align: center;\" width=\"72\">Malzeme<\/td>\n<td style=\"width: 54pt; text-align: center;\" width=\"72\">\u015eekil<\/td>\n<\/tr>\n<tr style=\"height: 13.50pt;\">\n<td style=\"height: 13.5pt; text-align: center;\" align=\"right\" height=\"18\">3200<\/td>\n<td style=\"text-align: center;\">15.0 x 20.0<\/td>\n<td class=\"et2\" style=\"text-align: center;\" rowspan=\"2\">150 mm<\/td>\n<td class=\"et2\" style=\"text-align: center;\" rowspan=\"2\">Borosilikat<\/td>\n<td class=\"et2\" style=\"text-align: center;\" rowspan=\"2\">D\u00fcz Kenarl\u0131 Yuvarlak<\/td>\n<\/tr>\n<tr style=\"height: 13.50pt;\">\n<td style=\"height: 13.5pt; text-align: center;\" align=\"right\" height=\"18\">4800<\/td>\n<td style=\"text-align: center;\">15.0 x 30.0<\/td>\n<\/tr>\n<\/tbody>\n<\/table>\n<h2>Ba\u015far\u0131 \u00d6rne\u011fi<\/h2>\n<p>Kanada&#039;da b\u00fcy\u00fck miktarlarda kuru g\u0131da ve \u00e7ay satan bir zincir ma\u011faza, d\u00fcz kenarl\u0131, d\u00fcz a\u011f\u0131zl\u0131, y\u00fcksek borosilikat cam saklama kaplar\u0131na ve bambu kapaklara ge\u00e7tikten sonra, t\u00fcm \u00fcr\u00fcn yelpazesini plastik kaplardan cam te\u015fhir ambalajlar\u0131na y\u00fckseltti. Cam kaplar\u0131n y\u00fcksek \u015feffafl\u0131\u011f\u0131, h\u0131zl\u0131 stok yenileme i\u00e7in geni\u015f 150 mm \u00e7ap\u0131 ve istikrarl\u0131 s\u0131zd\u0131rmazl\u0131k performans\u0131 sayesinde \u00fcr\u00fcnlerin daha iyi ayd\u0131nlat\u0131lmas\u0131yla ma\u011faza te\u015fhirleri g\u00f6rsel olarak \u00e7ok daha \u00e7ekici hale geldi. Sonu\u00e7 olarak, \u00fcr\u00fcnlerin alg\u0131lanan kalitesi de y\u00fckseldi.<\/p>\n<p>M\u00fc\u015fteri taraf\u0131ndaki uygulaman\u0131n ilk \u00fc\u00e7 ay\u0131nda, m\u00fc\u015fteri benzer toplu \u00fcr\u00fcnlerin perakende sat\u0131\u015flar\u0131nda y\u0131ll\u0131k yakla\u015f\u0131k &#039;lik bir art\u0131\u015f kaydetti; en \u00f6nemli b\u00fcy\u00fcme ise y\u00fcksek kaliteli \u00e7ay kategorisinde ger\u00e7ekle\u015fti.<\/p>\n<h2>\u00d6zelle\u015ftirme K\u0131lavuzunuz<\/h2>\n<ol>\n<li>Kapak, bambu, ah\u015fap veya kompozit malzemeden \u00fcretilmi\u015f s\u0131zd\u0131rmaz kapaklardan se\u00e7ilebilir ve kapa\u011f\u0131n \u00fcst k\u0131sm\u0131nda lazerle i\u015flenmi\u015f bir logo bulunur.<\/li>\n<li>Kutular\u0131n g\u00f6vdesine kademeli desenler, serigrafi bask\u0131 veya s\u0131cak damgalama y\u00f6ntemiyle marka logolar\u0131 uygulanarak toptan m\u00fc\u015fteriler i\u00e7in marka tan\u0131n\u0131rl\u0131\u011f\u0131 art\u0131r\u0131labilir.<\/li>\n<\/ol>","protected":false},"excerpt":{"rendered":"<p>Profesyonel bir cam kavanoz \u00fcreticisi taraf\u0131ndan \u00fcretilen, g\u0131da saklama i\u00e7in b\u00fcy\u00fck boy cam kavanozlar. Fabrikadan do\u011frudan toptan sat\u0131\u015f, \u00f6zel boyutlar, kapaklar ve toptan fiyatland\u0131rma se\u00e7enekleriyle.<\/p>","protected":false},"featured_media":24487,"template":"","meta":[],"product_brand":[],"product_cat":[137,124,122],"product_tag":[],"class_list":{"0":"post-24486","1":"product","2":"type-product","3":"status-publish","4":"has-post-thumbnail","6":"product_cat-glass-jars-with-lids","7":"product_cat-custom-glass-jars","8":"product_cat-custom-glass-packaging","10":"first","11":"instock","12":"shipping-taxable","13":"product-type-simple"},"jetpack_sharing_enabled":true,"_links":{"self":[{"href":"https:\/\/yebodaglass.com\/tr\/wp-json\/wp\/v2\/product\/24486","targetHints":{"allow":["GET"]}}],"collection":[{"href":"https:\/\/yebodaglass.com\/tr\/wp-json\/wp\/v2\/product"}],"about":[{"href":"https:\/\/yebodaglass.com\/tr\/wp-json\/wp\/v2\/types\/product"}],"version-history":[{"count":5,"href":"https:\/\/yebodaglass.com\/tr\/wp-json\/wp\/v2\/product\/24486\/revisions"}],"predecessor-version":[{"id":25713,"href":"https:\/\/yebodaglass.com\/tr\/wp-json\/wp\/v2\/product\/24486\/revisions\/25713"}],"wp:featuredmedia":[{"embeddable":true,"href":"https:\/\/yebodaglass.com\/tr\/wp-json\/wp\/v2\/media\/24487"}],"wp:attachment":[{"href":"https:\/\/yebodaglass.com\/tr\/wp-json\/wp\/v2\/media?parent=24486"}],"wp:term":[{"taxonomy":"product_brand","embeddable":true,"href":"https:\/\/yebodaglass.com\/tr\/wp-json\/wp\/v2\/product_brand?post=24486"},{"taxonomy":"product_cat","embeddable":true,"href":"https:\/\/yebodaglass.com\/tr\/wp-json\/wp\/v2\/product_cat?post=24486"},{"taxonomy":"product_tag","embeddable":true,"href":"https:\/\/yebodaglass.com\/tr\/wp-json\/wp\/v2\/product_tag?post=24486"}],"curies":[{"name":"wp","href":"https:\/\/api.w.org\/{rel}","templated":true}]}}