{"id":24485,"date":"2025-12-19T15:29:18","date_gmt":"2025-12-19T07:29:18","guid":{"rendered":"https:\/\/yebodaglass.com\/?post_type=product&#038;p=24485"},"modified":"2025-12-19T16:44:27","modified_gmt":"2025-12-19T08:44:27","slug":"clear-small-glass-jars-with-lids-bulk","status":"publish","type":"product","link":"https:\/\/yebodaglass.com\/tr\/clear-small-glass-jars-with-lids-bulk\/","title":{"rendered":"120 ml, 210 ml, 260 ml \u015eeffaf K\u00fc\u00e7\u00fck Cam Kavanozlar Kapakl\u0131 (Toptan)"},"content":{"rendered":"<p data-start=\"66\" data-end=\"288\">\u015e\u0131k ve g\u00fcvenilir olan bu k\u00fc\u00e7\u00fck cam kavanozlar borosilikat camdan \u00fcretilmi\u015ftir. Kapaklar\u0131 \u00e7ekici, koyu ah\u015fap desenli bir g\u00f6r\u00fcn\u00fcme sahiptir ve \u00e7ok k\u00fc\u00e7\u00fckten biraz daha b\u00fcy\u00fc\u011fe kadar farkl\u0131 boyutlarda mevcuttur. Kavanozun tamamen \u015feffaf cam g\u00f6vdesi, i\u00e7indeki k\u00fc\u00e7\u00fck \u015feyleri (\u00f6rne\u011fin baharatlar, i\u011fneler veya at\u0131\u015ft\u0131rmal\u0131klar) kolayca g\u00f6rmenizi sa\u011flar.<\/p>\n<h2>\u00dcr\u00fcn \u00d6zellikleri<\/h2>\n<ul>\n<li><strong>Silindirik Tasar\u0131m:<\/strong> Kavanozlar\u0131n yuvarlak tabanl\u0131 tasar\u0131m\u0131, onlar\u0131 \u00e7ok dengeli hale getirir ve bu nedenle, da\u011f\u0131n\u0131k tezgah\u0131n\u0131zdan veya raflar\u0131n\u0131zdan devrilmezler.<\/li>\n<li><strong>Borosilikat Cam\u0131n Faydalar\u0131:<\/strong> Y\u00fcksek borosilikat camdan \u00fcretilen kavanozlar, ani s\u0131cakl\u0131k de\u011fi\u015fimlerine kar\u015f\u0131 dayan\u0131kl\u0131d\u0131r; bu nedenle hem s\u0131cak hem de so\u011fuk yiyeceklerin saklanmas\u0131 i\u00e7in kullan\u0131labilir ve uzun s\u00fcreli kullan\u0131m i\u00e7in g\u00fcvenlidir.<\/li>\n<li><strong>Koyu Ah\u015fap Vidal\u0131 Kapak Tasar\u0131m\u0131:<\/strong> G\u00fczel damarl\u0131 ah\u015fap vidal\u0131 kapak, kavanoza sadece g\u00fczel bir g\u00f6r\u00fcn\u00fcm kazand\u0131rmakla kalmaz, ayn\u0131 zamanda kavanozda saklanan yiyecekleri kuru, taze ve lezzetli tutman\u0131n en iyi ve en basit yoludur.<\/li>\n<\/ul>\n<h2 style=\"text-align: left;\">Temel \u00d6zellikler<\/h2>\n<table class=\"aligncenter\" style=\"border-collapse: collapse; width: 486.02pt;\" border=\"0\" width=\"648\" cellspacing=\"0\" cellpadding=\"0\">\n<tbody>\n<tr style=\"height: 13.50pt;\">\n<td style=\"height: 13.50pt; width: 117.00pt;\" width=\"156\" height=\"18\">\u015eartname<\/td>\n<td style=\"width: 369.00pt;\" width=\"492\">Detaylar<\/td>\n<\/tr>\n<tr style=\"height: 13.50pt;\">\n<td style=\"height: 13.50pt;\" height=\"18\">Kapasite<\/td>\n<td>120 ml \/ 210 ml \/ 260 ml<\/td>\n<\/tr>\n<tr style=\"height: 13.50pt;\">\n<td style=\"height: 13.50pt;\" height=\"18\">Boyutlar<\/td>\n<td>6,5\u00d75,5 cm \/ 9\u00d78 cm \/ 9\u00d710,2 cm<\/td>\n<\/tr>\n<tr style=\"height: 13.50pt;\">\n<td style=\"height: 13.50pt;\" height=\"18\">Malzeme<\/td>\n<td>Y\u00fcksek Borosilikat Cam<\/td>\n<\/tr>\n<tr style=\"height: 13.50pt;\">\n<td style=\"height: 13.50pt;\" height=\"18\">Kavanoz \u015eekli<\/td>\n<td>D\u00fc\u015f\u00fck Profilli Silindir<\/td>\n<\/tr>\n<tr style=\"height: 13.50pt;\">\n<td style=\"height: 13.50pt;\" height=\"18\">Kapak Tipi<\/td>\n<td>Koyu Ah\u015fap Desenli D\u00fcz Kapak<\/td>\n<\/tr>\n<tr style=\"height: 13.50pt;\">\n<td style=\"height: 13.50pt;\" height=\"18\">Kapak \u00c7ap\u0131<\/td>\n<td>65 mm (T\u00fcm boyutlarda ayn\u0131)<\/td>\n<\/tr>\n<tr style=\"height: 13.50pt;\">\n<td style=\"height: 13.50pt;\" height=\"18\">Malzeme \u00d6zelli\u011fi<\/td>\n<td>Is\u0131ya ve Kimyasallara Dayan\u0131kl\u0131, Y\u00fcksek \u015eeffafl\u0131k, \u00c7izilmeye Dayan\u0131kl\u0131<\/td>\n<\/tr>\n<tr style=\"height: 13.50pt;\">\n<td style=\"height: 13.50pt;\" height=\"18\">\u0130deal \u0130\u00e7in<\/td>\n<td>Kapakl\u0131 K\u00fc\u00e7\u00fck Cam Kavanozlar, Silindir Cam Kavanozlar<\/td>\n<\/tr>\n<\/tbody>\n<\/table>\n<h2>Ger\u00e7ek D\u00fcnya \u00d6rne\u011fi: Kalite Tekrar Eden M\u00fc\u015fterilere Nas\u0131l Yol A\u00e7ar?<\/h2>\n<p>Kuzey Amerika&#039;da faaliyet g\u00f6steren \u00f6zel bir kahve kavurma \u015firketi, kapakl\u0131 210 ml&#039;lik k\u00fc\u00e7\u00fck cam kavanozlar\u0131m\u0131z\u0131 tercih etti. Sa\u011flam g\u00f6vdesi ve dayan\u0131kl\u0131 cam\u0131 sayesinde, nakliye s\u0131ras\u0131nda k\u0131r\u0131lma olaylar\u0131 oran\u0131nda azald\u0131. K\u00fc\u00e7\u00fck ve \u015f\u0131k tasar\u0131m\u0131, eski \u00fcr\u00fcnlerine g\u00f6re daha y\u00fcksek fiyata satabilecekleri, \u00e7ekici ve yerden tasarruf sa\u011flayan hediye setleri \u00fcretmelerine yard\u0131mc\u0131 oldu. \u00dcr\u00fcn performans\u0131 ve m\u00fc\u015fteri geri bildirimlerinden tamamen memnun kalan \u015firket, yeni abonelik \u00fcr\u00fcn serisi ambalaj\u0131 i\u00e7in 300.000 adet cam kavanozluk ek bir sipari\u015f verdi.<\/p>\n<h2>Kapakl\u0131 K\u00fc\u00e7\u00fck Cam Kavanozlar\u0131n\u0131z\u0131 Ki\u015fiselle\u015ftirin<\/h2>\n<ul>\n<li>Masif ah\u015fap kapaklar \u2013 L\u00fcks bir dokunu\u015f katmak i\u00e7in ceviz, abanoz veya bambu gibi masif ah\u015fap kapaklarla de\u011fi\u015ftirin.<\/li>\n<li>Kapak grav\u00fcr\u00fc \u2013 Ah\u015fap kapak y\u00fczeyine lazer kullanarak \u00e7ekici bir logo veya dekoratif desen i\u015fleyin.<\/li>\n<li>Serigrafi bask\u0131l\u0131 kapasite i\u015faretleri \u2013 Kavanozun \u00fczerine k\u00fc\u00e7\u00fck ve \u015f\u0131k kapasite i\u015faretleri ekleyin.<\/li>\n<li>Silikon s\u0131zd\u0131rmazl\u0131k halkas\u0131 \u2013 Daha iyi s\u0131zd\u0131rmazl\u0131k i\u00e7in kapa\u011fa g\u0131da s\u0131n\u0131f\u0131 silikon s\u0131zd\u0131rmazl\u0131k halkas\u0131 tak\u0131n.<\/li>\n<\/ul>","protected":false},"excerpt":{"rendered":"<p>Yuvarlak ve tombul \u015fekilli, koyu renkli ah\u015fap d\u00fcz kapakl\u0131 k\u00fc\u00e7\u00fck cam kavanozlar\u0131 ke\u015ffedin. Kristal berrakl\u0131\u011f\u0131nda borosilikat camdan \u00fcretilmi\u015ftir, h\u0131zl\u0131 kargo se\u00e7ene\u011fi mevcuttur.<\/p>","protected":false},"featured_media":24490,"template":"","meta":[],"product_brand":[],"product_cat":[122,124,137],"product_tag":[],"class_list":{"0":"post-24485","1":"product","2":"type-product","3":"status-publish","4":"has-post-thumbnail","6":"product_cat-custom-glass-packaging","7":"product_cat-custom-glass-jars","8":"product_cat-glass-jars-with-lids","10":"first","11":"instock","12":"shipping-taxable","13":"product-type-simple"},"jetpack_sharing_enabled":true,"_links":{"self":[{"href":"https:\/\/yebodaglass.com\/tr\/wp-json\/wp\/v2\/product\/24485","targetHints":{"allow":["GET"]}}],"collection":[{"href":"https:\/\/yebodaglass.com\/tr\/wp-json\/wp\/v2\/product"}],"about":[{"href":"https:\/\/yebodaglass.com\/tr\/wp-json\/wp\/v2\/types\/product"}],"version-history":[{"count":2,"href":"https:\/\/yebodaglass.com\/tr\/wp-json\/wp\/v2\/product\/24485\/revisions"}],"predecessor-version":[{"id":24492,"href":"https:\/\/yebodaglass.com\/tr\/wp-json\/wp\/v2\/product\/24485\/revisions\/24492"}],"wp:featuredmedia":[{"embeddable":true,"href":"https:\/\/yebodaglass.com\/tr\/wp-json\/wp\/v2\/media\/24490"}],"wp:attachment":[{"href":"https:\/\/yebodaglass.com\/tr\/wp-json\/wp\/v2\/media?parent=24485"}],"wp:term":[{"taxonomy":"product_brand","embeddable":true,"href":"https:\/\/yebodaglass.com\/tr\/wp-json\/wp\/v2\/product_brand?post=24485"},{"taxonomy":"product_cat","embeddable":true,"href":"https:\/\/yebodaglass.com\/tr\/wp-json\/wp\/v2\/product_cat?post=24485"},{"taxonomy":"product_tag","embeddable":true,"href":"https:\/\/yebodaglass.com\/tr\/wp-json\/wp\/v2\/product_tag?post=24485"}],"curies":[{"name":"wp","href":"https:\/\/api.w.org\/{rel}","templated":true}]}}