{"id":24478,"date":"2025-12-19T11:04:51","date_gmt":"2025-12-19T03:04:51","guid":{"rendered":"https:\/\/yebodaglass.com\/?post_type=product&#038;p=24478"},"modified":"2026-04-14T10:56:07","modified_gmt":"2026-04-14T02:56:07","slug":"clear-glass-jars-with-wood-lids-bulk","status":"publish","type":"product","link":"https:\/\/yebodaglass.com\/tr\/clear-glass-jars-with-wood-lids-bulk\/","title":{"rendered":"450 ml \u2013 1550 ml Ah\u015fap Kapakl\u0131 \u015eeffaf Cam Kavanozlar (Toptan Sat\u0131\u015f)"},"content":{"rendered":"<p data-start=\"66\" data-end=\"288\">Ah\u015fap kapakl\u0131 bu cam kavanozlar, \u015feffaf cam ve do\u011fal ah\u015fap vidal\u0131 kapaklardan olu\u015fan zarif silindirik bir \u015fekle sahiptir. \u00dcr\u00fcn \u00e7e\u015fitli boyut se\u00e7eneklerinde mevcuttur.<\/p>\n<h2>\u00dcr\u00fcn \u00d6zellikleri<\/h2>\n<ul>\n<li><strong>\u00dcst\u00fcn Kalite Borosilikat Cam:<\/strong> Cam, \u0131s\u0131ya kar\u015f\u0131 son derece dayan\u0131kl\u0131d\u0131r ve g\u00f6zle g\u00f6r\u00fclebilir \u015fekilde tamamen \u015feffaft\u0131r.<\/li>\n<li><strong>Dokulu Ah\u015fap Vida Kapa\u011f\u0131 Tasar\u0131m\u0131:<\/strong> Vidal\u0131 kapaklar\u0131n a\u00e7\u0131k renkli ah\u015fab\u0131, kapa\u011f\u0131n kolay a\u00e7\u0131lmas\u0131na ra\u011fmen s\u0131zd\u0131rmazl\u0131\u011f\u0131 art\u0131rmaya yard\u0131mc\u0131 olan dairesel dokularla s\u00fcslenmi\u015ftir.<\/li>\n<li><strong>\u015eeffaf ve Kolay Temizlenebilir Yap\u0131:<\/strong> \u015eeffaf kavanoz g\u00f6vdesi, i\u00e7indeki e\u015fyalar\u0131n a\u00e7\u0131k\u00e7a g\u00f6r\u00fclmesini sa\u011flarken, p\u00fcr\u00fczs\u00fcz cam y\u00fczeyi de temizlemeyi \u00e7ok kolayla\u015ft\u0131r\u0131r.<\/li>\n<\/ul>\n<h2 style=\"text-align: left;\">Temel \u00d6zellikler<\/h2>\n<table class=\"aligncenter\" style=\"border-collapse: collapse; width: 452.27pt;\" border=\"0\" width=\"603\" cellspacing=\"0\" cellpadding=\"0\">\n<tbody>\n<tr style=\"height: 13.50pt;\">\n<td style=\"height: 13.50pt; width: 135.00pt;\" width=\"180\" height=\"18\">\u015eartname<\/td>\n<td style=\"width: 317.25pt;\" width=\"423\">Detaylar<\/td>\n<\/tr>\n<tr style=\"height: 13.50pt;\">\n<td style=\"height: 13.50pt;\" height=\"18\">Kapasite\u200b<\/td>\n<td>450 ml \/ 750 ml \/ 950 ml \/ 1550 ml<\/td>\n<\/tr>\n<tr style=\"height: 13.50pt;\">\n<td style=\"height: 13.50pt;\" height=\"18\">Boyutlar\u200b<\/td>\n<td>9\u00d710cm \/ 9\u00d715cm \/ 9\u00d719cm \/ 9\u00d729.5cm<\/td>\n<\/tr>\n<tr style=\"height: 13.50pt;\">\n<td style=\"height: 13.50pt;\" height=\"18\">Malzeme<\/td>\n<td>Y\u00fcksek Borosilikat Cam<\/td>\n<\/tr>\n<tr style=\"height: 13.50pt;\">\n<td style=\"height: 13.50pt;\" height=\"18\">Kapak Tipi\u200b<\/td>\n<td>Dairesel damarl\u0131 dokuya sahip a\u00e7\u0131k renkli ah\u015fap vidal\u0131 kapak.<\/td>\n<\/tr>\n<tr style=\"height: 13.50pt;\">\n<td style=\"height: 13.50pt;\" height=\"18\">Kapak \u00c7ap\u0131<\/td>\n<td>90 mm (T\u00fcm boyutlarda ayn\u0131)<\/td>\n<\/tr>\n<tr style=\"height: 13.50pt;\">\n<td style=\"height: 13.50pt;\" height=\"18\">Malzeme \u00d6zelli\u011fi<\/td>\n<td>Is\u0131 ve Kimyasal Diren\u00e7li, Y\u00fcksek \u015eeffafl\u0131k, Dayan\u0131kl\u0131<\/td>\n<\/tr>\n<tr style=\"height: 13.50pt;\">\n<td style=\"height: 13.50pt;\" height=\"18\">\u0130deal Olanlar \u0130\u00e7in<\/td>\n<td>Ah\u015fap kapakl\u0131 cam kavanozlar, toptan cam kavanozlar<\/td>\n<\/tr>\n<\/tbody>\n<\/table>\n<h2>Ba\u015far\u0131 \u00d6yk\u00fcs\u00fc: Pasifik Kuzeybat\u0131&#039;daki Bir Kahve Kavurma \u015eirketinden \u00d6zel Sipari\u015f<\/h2>\n<p>Oregon&#039;da bulunan \u00f6zel bir kahve kavurma \u015firketi, kapakl\u0131 cam kavanozlar\u0131m\u0131z\u0131 ve \u00f6zel koyu ceviz a\u011fac\u0131 kapaklar\u0131n\u0131 ve UV \u0131\u015f\u0131nlar\u0131na dayan\u0131kl\u0131 kehribar camlar\u0131n\u0131 tercih etti. \u00d6zel kavanozlar, UV \u0131\u015f\u0131nlar\u0131na dayan\u0131kl\u0131 camlar\u0131 sayesinde kahve \u00e7ekirdeklerinin tazeli\u011fini ve aromas\u0131n\u0131 \u015feffaf cama g\u00f6re daha iyi koruyarak daha uzun raf \u00f6mr\u00fc sa\u011flad\u0131\u011f\u0131 i\u00e7in optimum performansta \u00e7al\u0131\u015ft\u0131. Bu kavanozlar\u0131n estetik a\u00e7\u0131dan ho\u015f tasar\u0131m\u0131, sosyal medyada m\u00fc\u015fteri payla\u015f\u0131m\u0131n\u0131 0 art\u0131rd\u0131. Kavurma \u015firketi o kadar memnun kald\u0131 ki, yeni piyasaya s\u00fcrd\u00fckleri \u00f6nceden kar\u0131\u015ft\u0131r\u0131lm\u0131\u015f kavurma malzemesi serisi i\u00e7in 320.000 adet daha sipari\u015f verdi.<\/p>\n<h2>Kapakl\u0131, Ki\u015fiselle\u015ftirilebilir Cam Saklama Kab\u0131<\/h2>\n<ul>\n<li>Ger\u00e7ek Ah\u015fap Kapak Malzemesi \u2013 Kapaklar bambu, kay\u0131n veya ak\u00e7aa\u011fa\u00e7 gibi farkl\u0131 a\u011fa\u00e7 t\u00fcrlerinden yap\u0131labilir.<\/li>\n<li>\u00d6zel Ah\u015fap Boyama \u2013 A\u00e7\u0131k do\u011fal ah\u015faptan koyu ceviz rengine kadar geni\u015f bir yelpazede boyama se\u00e7ene\u011fi aras\u0131ndan se\u00e7im yapabilirsiniz.<\/li>\n<li>Dekoratif Taban Deseni \u2013 \u00dcretim s\u00fcreci boyunca \u015fi\u015fenin taban\u0131nda ince dokulu bir desen olu\u015fturulur.<\/li>\n<\/ul>","protected":false},"excerpt":{"rendered":"<p>Ah\u015fap kapakl\u0131, y\u00fcksek kaliteli cam kavanozlar; kristal berrakl\u0131\u011f\u0131nda borosilikat camdan \u00fcretilmi\u015f, \u00e7e\u015fitli boyutlarda, kilerlerde saklama i\u00e7in ideal. \u00dccretsiz numuneler mevcuttur.<\/p>","protected":false},"featured_media":24482,"template":"","meta":[],"product_brand":[],"product_cat":[137,124,122],"product_tag":[],"class_list":{"0":"post-24478","1":"product","2":"type-product","3":"status-publish","4":"has-post-thumbnail","6":"product_cat-glass-jars-with-lids","7":"product_cat-custom-glass-jars","8":"product_cat-custom-glass-packaging","10":"first","11":"instock","12":"shipping-taxable","13":"product-type-simple"},"jetpack_sharing_enabled":true,"_links":{"self":[{"href":"https:\/\/yebodaglass.com\/tr\/wp-json\/wp\/v2\/product\/24478","targetHints":{"allow":["GET"]}}],"collection":[{"href":"https:\/\/yebodaglass.com\/tr\/wp-json\/wp\/v2\/product"}],"about":[{"href":"https:\/\/yebodaglass.com\/tr\/wp-json\/wp\/v2\/types\/product"}],"version-history":[{"count":5,"href":"https:\/\/yebodaglass.com\/tr\/wp-json\/wp\/v2\/product\/24478\/revisions"}],"predecessor-version":[{"id":25776,"href":"https:\/\/yebodaglass.com\/tr\/wp-json\/wp\/v2\/product\/24478\/revisions\/25776"}],"wp:featuredmedia":[{"embeddable":true,"href":"https:\/\/yebodaglass.com\/tr\/wp-json\/wp\/v2\/media\/24482"}],"wp:attachment":[{"href":"https:\/\/yebodaglass.com\/tr\/wp-json\/wp\/v2\/media?parent=24478"}],"wp:term":[{"taxonomy":"product_brand","embeddable":true,"href":"https:\/\/yebodaglass.com\/tr\/wp-json\/wp\/v2\/product_brand?post=24478"},{"taxonomy":"product_cat","embeddable":true,"href":"https:\/\/yebodaglass.com\/tr\/wp-json\/wp\/v2\/product_cat?post=24478"},{"taxonomy":"product_tag","embeddable":true,"href":"https:\/\/yebodaglass.com\/tr\/wp-json\/wp\/v2\/product_tag?post=24478"}],"curies":[{"name":"wp","href":"https:\/\/api.w.org\/{rel}","templated":true}]}}