{"id":24457,"date":"2025-12-18T10:59:35","date_gmt":"2025-12-18T02:59:35","guid":{"rendered":"https:\/\/yebodaglass.com\/?post_type=product&#038;p=24457"},"modified":"2026-04-13T16:19:06","modified_gmt":"2026-04-13T08:19:06","slug":"wholesale-glass-jars-with-lids-for-storage","status":"publish","type":"product","link":"https:\/\/yebodaglass.com\/tr\/wholesale-glass-jars-with-lids-for-storage\/","title":{"rendered":"600 ml \u2013 1400 ml Toptan Kapakl\u0131 Cam Saklama Kavanozlar\u0131\u00a0"},"content":{"rendered":"<p>Toptan sat\u0131\u015fa sunulan cam kavanozlar, kavisli k\u00f6\u015feleri olan kare \u015feklinde olup, borosilikat malzeme sayesinde g\u0131da s\u0131n\u0131f\u0131 standartlar\u0131n\u0131 kar\u015f\u0131layan ultra \u015feffaf camdan \u00fcretilmi\u015ftir. Kavanozlar, hava ge\u00e7irmezli\u011fi sa\u011flamak i\u00e7in do\u011fal bambu vidal\u0131 kapaklar ve dahili silikon contalarla birlikte gelir.<\/p>\n<h2>\u00dcr\u00fcn \u00d6zellikleri<\/h2>\n<ul>\n<li><strong>Basit, Kare, D\u00fcz Silindir Tasar\u0131m\u0131:<\/strong> Kare, yuvarlak k\u00f6\u015feli d\u00fcz silindir \u015fekli istiflemeye olanak tan\u0131r ve tasar\u0131m\u0131 kolay tan\u0131nmay\u0131 sa\u011flar.<\/li>\n<li><strong>Do\u011fal Bambu S\u0131zd\u0131rmaz Kapak Tasar\u0131m\u0131:<\/strong> Do\u011fal bambu kapak, g\u0131da s\u0131n\u0131f\u0131 silikon s\u0131zd\u0131rmazl\u0131k halkas\u0131yla birle\u015ferek m\u00fckemmel bir s\u0131zd\u0131rmazl\u0131k performans\u0131 sa\u011flar ve nemi ve b\u00f6cekleri etkili bir \u015fekilde \u00f6nler.<\/li>\n<li><strong>Birden Fazla Boyut Mevcuttur:<\/strong> \u00c7e\u015fitli boyutlardaki \u00fcr\u00fcnler, k\u00fc\u00e7\u00fck baharat kaplar\u0131ndan b\u00fcy\u00fck tah\u0131l veya at\u0131\u015ft\u0131rmal\u0131k saklama \u00e7\u00f6z\u00fcmlerine kadar farkl\u0131 saklama ihtiya\u00e7lar\u0131na hitap etmektedir.<\/li>\n<\/ul>\n<h2>Temel \u00d6zellikler<\/h2>\n<table style=\"border-collapse: collapse; width: 80%; margin-right: auto; margin-left: auto;\" border=\"0\" width=\"432\" cellspacing=\"0\" cellpadding=\"0\">\n<tbody>\n<tr style=\"height: 13.50pt;\">\n<td style=\"height: 13.5pt; width: 54pt; text-align: center;\" width=\"72\" height=\"18\">Kapasite<\/td>\n<td style=\"width: 54pt; text-align: center;\" width=\"72\">Boyut (cm)<\/td>\n<td style=\"width: 54pt; text-align: center;\" width=\"72\">A\u011f\u0131z \u00c7ap\u0131 (mm)<\/td>\n<td style=\"width: 54pt; text-align: center;\" width=\"72\">Malzeme<\/td>\n<td style=\"width: 54pt; text-align: center;\" width=\"72\">Renk<\/td>\n<td style=\"width: 54pt; text-align: center;\" width=\"72\">\u015eekil<\/td>\n<\/tr>\n<tr style=\"height: 13.50pt;\">\n<td style=\"height: 13.5pt; text-align: center;\" height=\"18\">600 ml<\/td>\n<td style=\"text-align: center;\">10 x 10 x 10,5<\/td>\n<td class=\"et2\" style=\"text-align: center;\" rowspan=\"5\">94&#215;100<\/td>\n<td class=\"et2\" style=\"text-align: center;\" rowspan=\"5\">Borosilikat<\/td>\n<td class=\"et2\" style=\"text-align: center;\" rowspan=\"5\">\u015eeffaf, \u00f6zel<\/td>\n<td class=\"et2\" style=\"text-align: center;\" rowspan=\"5\">Kare<\/td>\n<\/tr>\n<tr style=\"height: 13.50pt;\">\n<td style=\"height: 13.5pt; text-align: center;\" height=\"18\">800 ml<\/td>\n<td style=\"text-align: center;\">10 x 10 x 13<\/td>\n<\/tr>\n<tr style=\"height: 13.50pt;\">\n<td style=\"height: 13.5pt; text-align: center;\" height=\"18\">1000 ml<\/td>\n<td style=\"text-align: center;\">10 x 10 x 16<\/td>\n<\/tr>\n<tr style=\"height: 13.50pt;\">\n<td style=\"height: 13.5pt; text-align: center;\" height=\"18\">1200 ml<\/td>\n<td style=\"text-align: center;\">10 x 10 x 19<\/td>\n<\/tr>\n<tr style=\"height: 13.50pt;\">\n<td style=\"height: 13.5pt; text-align: center;\" height=\"18\">1400 ml<\/td>\n<td style=\"text-align: center;\">10 x 10 x 21<\/td>\n<\/tr>\n<\/tbody>\n<\/table>\n<h2>Ba\u015far\u0131 \u00d6yk\u00fcs\u00fc: Ulusal Bir \u00c7ay Markas\u0131 \u0130\u00e7in Toplu \u00c7ay Ambalaj\u0131<\/h2>\n<p>Ulusal bir \u00e7ay markas\u0131, \u00f6zel tasar\u0131m bambu kapaklarla birlikte 250 ml&#039;lik toptan cam kavanozlar se\u00e7ti. \u00c7ay\u0131n ad\u0131 ve men\u015fei kapaklara serigrafi y\u00f6ntemiyle bas\u0131ld\u0131. Kare tasar\u0131mlar\u0131 sayesinde depo ambalaj verimlili\u011fini art\u0131ran ve \u00fcst\u00fcn s\u0131zd\u0131rmazl\u0131k \u00f6zelli\u011fiyle \u00e7ay\u0131n lezzetini ve aromas\u0131n\u0131 \u00f6nceki \u00e7ay po\u015fetlerine g\u00f6re daha uzun s\u00fcre koruyan \u00f6zel tasar\u0131m toptan cam kavanozlar b\u00fcy\u00fck ba\u015far\u0131 elde etti. Marka yeni ambalajdan \u00e7ok memnun kald\u0131 ve ard\u0131ndan yeni piyasaya s\u00fcr\u00fclen bitki \u00e7ay\u0131 ve hediye seti koleksiyonu i\u00e7in 520.000 adet cam kavanoz daha sipari\u015f etti.<\/p>\n<h2>Toptan Cam Kavanozlar \u00d6zelle\u015ftirme Se\u00e7enekleri<\/h2>\n<ol>\n<li>Y\u00fcksek borosilikat camdan yap\u0131lm\u0131\u015f kaplara \u00f6l\u00e7\u00fc \u00e7izgileri veya kapasite i\u015faretleri eklenmesini destekleyerek, g\u0131da i\u015fleme, kahve ve f\u0131r\u0131nc\u0131l\u0131k sekt\u00f6rlerindeki profesyonel m\u00fc\u015fteriler taraf\u0131ndan kullan\u0131m\u0131n\u0131 kolayla\u015ft\u0131r\u0131r.<\/li>\n<li>Farkl\u0131 \u015feffafl\u0131k seviyeleri veya hafif kehribar rengi se\u00e7enekleri mevcuttur; bu sayede g\u00f6r\u00fcnt\u00fc kalitesi ile i\u00e7eriklerin \u0131\u015f\u0131ktan korunmas\u0131 ihtiyac\u0131 aras\u0131nda denge sa\u011flan\u0131r.<\/li>\n<li>Toz, baharat veya fonksiyonel g\u0131dalar\u0131n hassas bir \u015fekilde \u00f6l\u00e7\u00fclmesi i\u00e7in \u00f6zel boyut ve \u015fekildeki \u00f6l\u00e7\u00fc ka\u015f\u0131klar\u0131n\u0131 destekler.<\/li>\n<\/ol>","protected":false},"excerpt":{"rendered":"<p>Kare borosilikat tasar\u0131ml\u0131, bambu kapakl\u0131 toptan cam kavanozlar. \u00c7ay, tah\u0131l ve at\u0131\u015ft\u0131rmal\u0131klar i\u00e7in ideal saklama kavanozlar\u0131. \u00dccretsiz numuneler mevcuttur. H\u0131zl\u0131 kargo.<\/p>","protected":false},"featured_media":24458,"template":"","meta":[],"product_brand":[],"product_cat":[137,124,122],"product_tag":[],"class_list":{"0":"post-24457","1":"product","2":"type-product","3":"status-publish","4":"has-post-thumbnail","6":"product_cat-glass-jars-with-lids","7":"product_cat-custom-glass-jars","8":"product_cat-custom-glass-packaging","10":"first","11":"instock","12":"shipping-taxable","13":"product-type-simple"},"jetpack_sharing_enabled":true,"_links":{"self":[{"href":"https:\/\/yebodaglass.com\/tr\/wp-json\/wp\/v2\/product\/24457","targetHints":{"allow":["GET"]}}],"collection":[{"href":"https:\/\/yebodaglass.com\/tr\/wp-json\/wp\/v2\/product"}],"about":[{"href":"https:\/\/yebodaglass.com\/tr\/wp-json\/wp\/v2\/types\/product"}],"version-history":[{"count":5,"href":"https:\/\/yebodaglass.com\/tr\/wp-json\/wp\/v2\/product\/24457\/revisions"}],"predecessor-version":[{"id":25770,"href":"https:\/\/yebodaglass.com\/tr\/wp-json\/wp\/v2\/product\/24457\/revisions\/25770"}],"wp:featuredmedia":[{"embeddable":true,"href":"https:\/\/yebodaglass.com\/tr\/wp-json\/wp\/v2\/media\/24458"}],"wp:attachment":[{"href":"https:\/\/yebodaglass.com\/tr\/wp-json\/wp\/v2\/media?parent=24457"}],"wp:term":[{"taxonomy":"product_brand","embeddable":true,"href":"https:\/\/yebodaglass.com\/tr\/wp-json\/wp\/v2\/product_brand?post=24457"},{"taxonomy":"product_cat","embeddable":true,"href":"https:\/\/yebodaglass.com\/tr\/wp-json\/wp\/v2\/product_cat?post=24457"},{"taxonomy":"product_tag","embeddable":true,"href":"https:\/\/yebodaglass.com\/tr\/wp-json\/wp\/v2\/product_tag?post=24457"}],"curies":[{"name":"wp","href":"https:\/\/api.w.org\/{rel}","templated":true}]}}