{"id":24455,"date":"2025-12-18T09:55:12","date_gmt":"2025-12-18T01:55:12","guid":{"rendered":"https:\/\/yebodaglass.com\/?post_type=product&#038;p=24455"},"modified":"2025-12-18T11:55:49","modified_gmt":"2025-12-18T03:55:49","slug":"airtight-clear-jars-with-wooden-lids-bulk","status":"publish","type":"product","link":"https:\/\/yebodaglass.com\/tr\/airtight-clear-jars-with-wooden-lids-bulk\/","title":{"rendered":"250 ml \u2013 1550 ml Ah\u015fap Kapakl\u0131 Hava Ge\u00e7irmez \u015eeffaf Kavanozlar (Toptan Sat\u0131\u015f)"},"content":{"rendered":"<p data-start=\"66\" data-end=\"288\">Ah\u015fap kapakl\u0131 bu g\u00fczel borosilikat kavanozlar, geleneksel yuvarlak bir \u015fekle ve biraz daha dar bir boyuna sahiptir. Kavanozun g\u00f6vdesi tamamen \u015feffaf borosilikat camdan yap\u0131lm\u0131\u015ft\u0131r ve yuvarlak oluklara sahip d\u00fcz, ah\u015fap desenli bir kapakla birle\u015ftirilmi\u015ftir.<\/p>\n<h2>\u00dcr\u00fcn \u00d6zellikleri<\/h2>\n<ul>\n<li><strong>D\u0131\u015fb\u00fckey Taban Tasar\u0131m\u0131:<\/strong> Yuvarlak, d\u0131\u015fb\u00fckey taban tasar\u0131m\u0131, kavanozun yere konuldu\u011funda daha dengeli olmas\u0131n\u0131 sa\u011flarken ayn\u0131 zamanda tasar\u0131m a\u00e7\u0131s\u0131ndan da biraz daha \u015f\u0131k bir g\u00f6r\u00fcn\u00fcm kazand\u0131r\u0131yor.<\/li>\n<li><strong>Do\u011fal Oluklu Ah\u015fap Desenli Kapak:<\/strong> Kapak, kavisli oluklara sahip, sade, ah\u015fap desenli bir tasar\u0131ma sahip; bu da kullan\u0131c\u0131n\u0131n a\u00e7\u0131p kapatmas\u0131n\u0131 \u00e7ok kolayla\u015ft\u0131r\u0131yor ve kavanozu s\u0131k\u0131ca kapat\u0131yor.<\/li>\n<li><strong>Be\u015f Farkl\u0131 Kapasite Se\u00e7ene\u011fi Sunulmaktad\u0131r:<\/strong> Ki\u015fi, 250 ml&#039;den 1550 ml&#039;ye kadar be\u015f farkl\u0131 kapasitede bir kap sat\u0131n almaya karar verebilir.<\/li>\n<\/ul>\n<h2 style=\"text-align: left;\">Temel \u00d6zellikler<\/h2>\n<table class=\"aligncenter\" style=\"border-collapse: collapse; width: 422.27pt;\" border=\"0\" width=\"563\" cellspacing=\"0\" cellpadding=\"0\">\n<tbody>\n<tr style=\"height: 13.50pt;\">\n<td style=\"height: 13.50pt; width: 99.75pt;\" width=\"133\" height=\"18\">\u015eartname<\/td>\n<td style=\"width: 322.50pt;\" width=\"430\">Detaylar<\/td>\n<\/tr>\n<tr style=\"height: 13.50pt;\">\n<td style=\"height: 13.50pt;\" height=\"18\">Kapasite<\/td>\n<td>250 ml \/ 450 ml \/ 750 ml \/ 950 ml \/ 1550 ml<\/td>\n<\/tr>\n<tr style=\"height: 13.50pt;\">\n<td style=\"height: 13.50pt;\" height=\"18\">Boyutlar<\/td>\n<td>9\u00d77cm \/ 9\u00d710cm \/ 9\u00d715cm \/ 9\u00d719cm \/ 9\u00d729.5cm<\/td>\n<\/tr>\n<tr style=\"height: 13.50pt;\">\n<td style=\"height: 13.50pt;\" height=\"18\">Malzeme<\/td>\n<td>Y\u00fcksek Borosilikat Cam<\/td>\n<\/tr>\n<tr style=\"height: 13.50pt;\">\n<td style=\"height: 13.50pt;\" height=\"18\">Kapak Tipi<\/td>\n<td>Ah\u015fap Dokulu D\u00fcz Kapak, Dairesel Sapl\u0131<\/td>\n<\/tr>\n<tr style=\"height: 13.50pt;\">\n<td style=\"height: 13.50pt;\" height=\"18\">Kapak \u00c7ap\u0131<\/td>\n<td>90 mm (T\u00fcm boyutlarda ayn\u0131)<\/td>\n<\/tr>\n<tr style=\"height: 13.50pt;\">\n<td style=\"height: 13.50pt;\" height=\"18\">Malzeme \u00d6zelli\u011fi<\/td>\n<td>Y\u00fcksek Is\u0131 ve Kimyasal Diren\u00e7, \u00dcst\u00fcn \u015eeffafl\u0131k<\/td>\n<\/tr>\n<tr style=\"height: 13.50pt;\">\n<td style=\"height: 13.50pt;\" height=\"18\">\u0130deal \u0130\u00e7in<\/td>\n<td>Ah\u015fap Kapakl\u0131 Kavanozlar \/ Kapakl\u0131 Cam Kavanozlar<\/td>\n<\/tr>\n<\/tbody>\n<\/table>\n<h2>Bir Kahve Kavurma Markas\u0131n\u0131n D\u00f6n\u00fc\u015f\u00fcm\u00fc: Markan\u0131n Y\u00fckseli\u015fi<\/h2>\n<p>\u00d6zel kahve kavurma firmas\u0131, marka imaj\u0131n\u0131 y\u00fckseltmek amac\u0131yla l\u00fcks bir ambalaj istedi. Sonu\u00e7 olarak, kahve \u00e7ekirde\u011fi ambalaj\u0131 i\u00e7in ah\u015fap kapakl\u0131 750 ml&#039;lik \u015feffaf kavanozlar\u0131m\u0131z\u0131 tercih ettiler. Bu y\u00fcksek borosilikat cam \u00e7ok dayan\u0131kl\u0131d\u0131r. Asl\u0131nda, benzer \u00fcr\u00fcnler i\u00e7in sekt\u00f6r ortalamas\u0131na k\u0131yasla nakliye s\u0131ras\u0131nda k\u0131r\u0131lma oran\u0131 oran\u0131nda azalmaktad\u0131r. Ah\u015fap desenli kapak \u00e7ok hava ge\u00e7irmezdir ve m\u00fc\u015fteri geri bildirimlerine g\u00f6re kahve \u00e7ekirdeklerinin tazeli\u011fini ve aromas\u0131n\u0131 oran\u0131nda uzat\u0131r. Bu b\u00fcy\u00fck ba\u015far\u0131n\u0131n ard\u0131ndan, yepyeni bir tek k\u00f6kenli kahve \u00e7ekirde\u011fi serisini piyasaya s\u00fcrmek i\u00e7in 50.000 adet daha kavanoz sipari\u015fi verdiler.<\/p>\n<h2>\u015eeffaf Kavanozlar \u00d6zelle\u015ftirme Se\u00e7enekleri<\/h2>\n<ul>\n<li>Masif ah\u015fap kapaklar \u2013 Ah\u015fap desenli kapaklardan ger\u00e7ek bambu, me\u015fe veya ceviz kapaklara ge\u00e7i\u015f yap\u0131n.<\/li>\n<li>Lazerle i\u015flenmi\u015f kapak sanat\u0131 \u2013 Ah\u015fap kapa\u011f\u0131n\u0131z\u0131 \u015f\u0131k bir logo, desen veya yaz\u0131 ile s\u00fcsleyin.<\/li>\n<li>Serigrafi bask\u0131l\u0131 kapasite g\u00f6stergeleri \u2013 Kavanozun yan taraf\u0131na kolay ve kal\u0131c\u0131 kapasite g\u00f6stergeleri bas\u0131lm\u0131\u015ft\u0131r.<\/li>\n<li>Silikon s\u0131zd\u0131rmazl\u0131k halkas\u0131 renkleri \u2013 \u0130\u00e7 s\u0131zd\u0131rmazl\u0131k halkas\u0131, g\u0131da s\u0131n\u0131f\u0131 silikonun \u00e7e\u015fitli renklerinden herhangi birinde \u00fcretilebilir.<\/li>\n<li>Dokulu kaymaz alan \u2013 Daha iyi tutu\u015f ve g\u00fcvenlik i\u00e7in alt k\u0131s\u0131m kumlanm\u0131\u015f veya dokulu y\u00fczey i\u015flemine tabi tutulmu\u015ftur.<\/li>\n<\/ul>","protected":false},"excerpt":{"rendered":"<p>Kal\u0131n borosilikat cam ve p\u00fcr\u00fczs\u00fcz ah\u015fap kapaklara sahip bu \u015feffaf kavanozlar, mutfaklar i\u00e7in \u015f\u0131k ve pratiktir. \u00dccretsiz numune g\u00f6nderimi sa\u011flanmaktad\u0131r. H\u0131zl\u0131 kargo.<\/p>","protected":false},"featured_media":24465,"template":"","meta":[],"product_brand":[],"product_cat":[122,124,137],"product_tag":[],"class_list":{"0":"post-24455","1":"product","2":"type-product","3":"status-publish","4":"has-post-thumbnail","6":"product_cat-custom-glass-packaging","7":"product_cat-custom-glass-jars","8":"product_cat-glass-jars-with-lids","10":"first","11":"instock","12":"shipping-taxable","13":"product-type-simple"},"jetpack_sharing_enabled":true,"_links":{"self":[{"href":"https:\/\/yebodaglass.com\/tr\/wp-json\/wp\/v2\/product\/24455","targetHints":{"allow":["GET"]}}],"collection":[{"href":"https:\/\/yebodaglass.com\/tr\/wp-json\/wp\/v2\/product"}],"about":[{"href":"https:\/\/yebodaglass.com\/tr\/wp-json\/wp\/v2\/types\/product"}],"version-history":[{"count":4,"href":"https:\/\/yebodaglass.com\/tr\/wp-json\/wp\/v2\/product\/24455\/revisions"}],"predecessor-version":[{"id":24472,"href":"https:\/\/yebodaglass.com\/tr\/wp-json\/wp\/v2\/product\/24455\/revisions\/24472"}],"wp:featuredmedia":[{"embeddable":true,"href":"https:\/\/yebodaglass.com\/tr\/wp-json\/wp\/v2\/media\/24465"}],"wp:attachment":[{"href":"https:\/\/yebodaglass.com\/tr\/wp-json\/wp\/v2\/media?parent=24455"}],"wp:term":[{"taxonomy":"product_brand","embeddable":true,"href":"https:\/\/yebodaglass.com\/tr\/wp-json\/wp\/v2\/product_brand?post=24455"},{"taxonomy":"product_cat","embeddable":true,"href":"https:\/\/yebodaglass.com\/tr\/wp-json\/wp\/v2\/product_cat?post=24455"},{"taxonomy":"product_tag","embeddable":true,"href":"https:\/\/yebodaglass.com\/tr\/wp-json\/wp\/v2\/product_tag?post=24455"}],"curies":[{"name":"wp","href":"https:\/\/api.w.org\/{rel}","templated":true}]}}