{"id":24443,"date":"2025-12-17T11:52:45","date_gmt":"2025-12-17T03:52:45","guid":{"rendered":"https:\/\/yebodaglass.com\/?post_type=product&#038;p=24443"},"modified":"2025-12-18T11:56:27","modified_gmt":"2025-12-18T03:56:27","slug":"borosilicate-glass-jars-with-lids-bulk","status":"publish","type":"product","link":"https:\/\/yebodaglass.com\/tr\/borosilicate-glass-jars-with-lids-bulk\/","title":{"rendered":"16oz, 25oz, 32oz Borosilikat Cam Kavanozlar Kapakl\u0131 (Toptan)"},"content":{"rendered":"<p data-start=\"66\" data-end=\"288\">Bu kapakl\u0131 borosilikat cam kavanozlar, ince, yuvarlak bir g\u00f6vdeye ve p\u00fcr\u00fczs\u00fcz, yuvarlak kenarlara sahiptir. \u015eeffaf kristal borosilikat camdan yap\u0131lm\u0131\u015ft\u0131r, bu da yiyeceklerin d\u0131\u015far\u0131dan \u00e7ok iyi g\u00f6r\u00fcnmesini sa\u011flar. Dahili s\u0131zd\u0131rmazl\u0131k halkas\u0131na sahip a\u00e7\u0131k renkli bambu d\u00fcz kapak, s\u0131zd\u0131rmaz bir conta sa\u011flarken ayn\u0131 zamanda kaba ho\u015f bir do\u011fal g\u00f6r\u00fcn\u00fcm kazand\u0131r\u0131r.<\/p>\n<h2>\u00dcr\u00fcn \u00d6zellikleri<\/h2>\n<ul>\n<li><strong>Y\u00fcksek Borosilikat Cam\u0131n Faydalar\u0131:<\/strong> Y\u00fcksek borosilikat camdan yap\u0131ld\u0131\u011f\u0131 i\u00e7in, \u00fcst\u00fcn \u0131s\u0131 ve kimyasal direnci sayesinde zorlu ortamlarda kullan\u0131lsa bile uzun s\u00fcre dayan\u0131kl\u0131l\u0131\u011f\u0131n\u0131 korur.<\/li>\n<li><strong>Bambu Kapak \u0130\u00e7in S\u0131zd\u0131rmazl\u0131k Tasar\u0131m\u0131:<\/strong> A\u00e7\u0131k renkli bambu d\u00fcz kapak ve i\u00e7 s\u0131zd\u0131rmazl\u0131k katman\u0131, hava ge\u00e7irmezli\u011fi \u00f6nlemek i\u00e7in ideal bir ikilidir.<\/li>\n<li><strong>Farkl\u0131 Boyut Kombinasyonlar\u0131:<\/strong> \u00dc\u00e7 farkl\u0131 boyuttaki se\u00e7enek, farkl\u0131 hacim ihtiya\u00e7lar\u0131 i\u00e7in ideal bir \u00e7\u00f6z\u00fcmd\u00fcr (baharatlar i\u00e7in k\u00fc\u00e7\u00fck kavanozlar, tah\u0131llar i\u00e7in b\u00fcy\u00fck kavanozlar).<\/li>\n<\/ul>\n<h2 style=\"text-align: left;\">Temel \u00d6zellikler<\/h2>\n<table class=\"aligncenter\" style=\"border-collapse: collapse; width: 440.27pt;\" border=\"0\" width=\"587\" cellspacing=\"0\" cellpadding=\"0\">\n<tbody>\n<tr style=\"height: 13.50pt;\">\n<td style=\"height: 13.50pt; width: 99.75pt;\" width=\"133\" height=\"18\">\u015eartname<\/td>\n<td style=\"width: 340.50pt;\" width=\"454\">Detaylar<\/td>\n<\/tr>\n<tr style=\"height: 13.50pt;\">\n<td style=\"height: 13.50pt;\" height=\"18\">Kapasite<\/td>\n<td>500 ml \/ 750 ml \/ 1000 ml<\/td>\n<\/tr>\n<tr style=\"height: 13.50pt;\">\n<td style=\"height: 13.50pt;\" height=\"18\">Boyutlar<\/td>\n<td>9\u00d710cm \/ 9\u00d715cm \/ 9\u00d720cm<\/td>\n<\/tr>\n<tr style=\"height: 13.50pt;\">\n<td style=\"height: 13.50pt;\" height=\"18\">Malzeme<\/td>\n<td>Y\u00fcksek borosilikat cam<\/td>\n<\/tr>\n<tr style=\"height: 13.50pt;\">\n<td style=\"height: 13.50pt;\" height=\"18\">Kapak Tipi<\/td>\n<td>Entegre s\u0131zd\u0131rmazl\u0131k halkal\u0131 bambu d\u00fcz kapak<\/td>\n<\/tr>\n<tr style=\"height: 13.50pt;\">\n<td style=\"height: 13.50pt;\" height=\"18\">Kapak \u00c7ap\u0131<\/td>\n<td>90 mm (T\u00fcm boyutlarda ayn\u0131)<\/td>\n<\/tr>\n<tr style=\"height: 13.50pt;\">\n<td style=\"height: 13.50pt;\" height=\"18\">Malzeme \u00d6zelli\u011fi<\/td>\n<td>Is\u0131 \u015fokuna dayan\u0131kl\u0131, kimyasal olarak kararl\u0131, y\u00fcksek berrakl\u0131kta<\/td>\n<\/tr>\n<tr style=\"height: 13.50pt;\">\n<td style=\"height: 13.50pt;\" height=\"18\">\u0130deal \u0130\u00e7in<\/td>\n<td>Kapakl\u0131 cam kavanozlar (toptan), bambu kapakl\u0131 cam kavanoz<\/td>\n<\/tr>\n<\/tbody>\n<\/table>\n<h2>Ba\u015far\u0131 \u00d6yk\u00fcs\u00fc: \u00d6zel \u00c7ay Perakendecisinin Geni\u015flemesi<\/h2>\n<p>H\u0131zla b\u00fcy\u00fcyen \u00e7ay \u015firketi, toptan \u00e7ay \u00fcr\u00fcnleri i\u00e7in y\u00fcksek kaliteli ve standart ambalajlara ihtiya\u00e7 duyuyordu. Sonunda, 750 ml&#039;lik kapakl\u0131 cam kavanozlar\u0131m\u0131z, t\u00fcm perakende \u00fcr\u00fcnleri i\u00e7in standart ambalaj olarak se\u00e7ildi. Borosilikat cam\u0131n ola\u011fan\u00fcst\u00fc dayan\u0131kl\u0131l\u0131\u011f\u0131, k\u0131r\u0131lma oran\u0131n\u0131 oran\u0131nda azaltt\u0131. Bambu kapaklar m\u00fckemmel bir s\u0131zd\u0131rmazl\u0131k sa\u011flad\u0131\u011f\u0131ndan, \u00fcr\u00fcn\u00fcn raf \u00f6mr\u00fc ortalama 8 ay uzad\u0131 ve israf oran\u0131nda \u00f6nemli \u00f6l\u00e7\u00fcde azald\u0131. \u00dcr\u00fcn\u00fcn m\u00fckemmel performans\u0131 nedeniyle, yerel da\u011f\u0131t\u0131m i\u00e7in 120.000 adet cam kavanozluk ek bir sipari\u015f verdiler.<\/p>\n<h2>Kapakl\u0131 Cam Kavanozlar, Toplu Sipari\u015f ve \u00d6zelle\u015ftirme Se\u00e7enekleri<\/h2>\n<ul>\n<li>Ki\u015fiselle\u015ftirilmi\u015f bambu kapak grav\u00fcr\u00fc \u2013 Bambu kapaklara lazerle logo veya desen grav\u00fcr\u00fc.<\/li>\n<li>Renkli silikon s\u0131zd\u0131rmazl\u0131k halkalar\u0131 \u2013 S\u0131zd\u0131rmazl\u0131k halkas\u0131 i\u00e7in kullan\u0131lan silikonun rengi de\u011fi\u015ftirilebilir. G\u0131da s\u0131n\u0131f\u0131 silikon s\u0131zd\u0131rmazl\u0131k halkalar\u0131 i\u00e7in farkl\u0131 renk se\u00e7enekleri mevcuttur.<\/li>\n<li>Serigrafi bask\u0131 y\u00f6ntemiyle kapasite i\u015faretlemeleri \u2013 Mutlak mililitre ve bardak cinsinden i\u015faretlemeler bas\u0131labilir, b\u00f6ylece i\u015faretlemelerin kal\u0131c\u0131 olarak etkili olmas\u0131 sa\u011flan\u0131r.<\/li>\n<li>Buzlu taban veya omuz \u2013 Se\u00e7ilen alanlarda kumlama i\u015flemiyle y\u00fcksek kaliteli mat bir y\u00fczey efekti olu\u015fturulur.<\/li>\n<li>\u00d6zel cam renkleri \u2013 Cam, UV koruma \u00f6zelli\u011fi eklenmi\u015f a\u00e7\u0131k kehribar veya ye\u015fil renklerde \u00fcretilebilir.<\/li>\n<\/ul>","protected":false},"excerpt":{"rendered":"<p>Y\u00fcksek kaliteli, kapakl\u0131 cam kavanozlar, \u015feffaf borosilikat camdan ve do\u011fal bambu kapaklardan \u00fcretilmi\u015ftir. \u015e\u0131k tasar\u0131m ve toptan fiyat deste\u011fi.<\/p>","protected":false},"featured_media":24450,"template":"","meta":[],"product_brand":[],"product_cat":[122,124,137],"product_tag":[],"class_list":{"0":"post-24443","1":"product","2":"type-product","3":"status-publish","4":"has-post-thumbnail","6":"product_cat-custom-glass-packaging","7":"product_cat-custom-glass-jars","8":"product_cat-glass-jars-with-lids","10":"first","11":"instock","12":"shipping-taxable","13":"product-type-simple"},"jetpack_sharing_enabled":true,"_links":{"self":[{"href":"https:\/\/yebodaglass.com\/tr\/wp-json\/wp\/v2\/product\/24443","targetHints":{"allow":["GET"]}}],"collection":[{"href":"https:\/\/yebodaglass.com\/tr\/wp-json\/wp\/v2\/product"}],"about":[{"href":"https:\/\/yebodaglass.com\/tr\/wp-json\/wp\/v2\/types\/product"}],"version-history":[{"count":4,"href":"https:\/\/yebodaglass.com\/tr\/wp-json\/wp\/v2\/product\/24443\/revisions"}],"predecessor-version":[{"id":24473,"href":"https:\/\/yebodaglass.com\/tr\/wp-json\/wp\/v2\/product\/24443\/revisions\/24473"}],"wp:featuredmedia":[{"embeddable":true,"href":"https:\/\/yebodaglass.com\/tr\/wp-json\/wp\/v2\/media\/24450"}],"wp:attachment":[{"href":"https:\/\/yebodaglass.com\/tr\/wp-json\/wp\/v2\/media?parent=24443"}],"wp:term":[{"taxonomy":"product_brand","embeddable":true,"href":"https:\/\/yebodaglass.com\/tr\/wp-json\/wp\/v2\/product_brand?post=24443"},{"taxonomy":"product_cat","embeddable":true,"href":"https:\/\/yebodaglass.com\/tr\/wp-json\/wp\/v2\/product_cat?post=24443"},{"taxonomy":"product_tag","embeddable":true,"href":"https:\/\/yebodaglass.com\/tr\/wp-json\/wp\/v2\/product_tag?post=24443"}],"curies":[{"name":"wp","href":"https:\/\/api.w.org\/{rel}","templated":true}]}}