{"id":24435,"date":"2025-12-17T10:37:34","date_gmt":"2025-12-17T02:37:34","guid":{"rendered":"https:\/\/yebodaglass.com\/?post_type=product&#038;p=24435"},"modified":"2025-12-23T10:15:44","modified_gmt":"2025-12-23T02:15:44","slug":"large-glass-food-storage-canisters-with-lids-bulk","status":"publish","type":"product","link":"https:\/\/yebodaglass.com\/tr\/large-glass-food-storage-canisters-with-lids-bulk\/","title":{"rendered":"2750 ml B\u00fcy\u00fck Boy Kapakl\u0131 Cam G\u0131da Saklama Kaplar\u0131 (Toptan Sat\u0131\u015f)"},"content":{"rendered":"<p data-start=\"66\" data-end=\"288\">Bu b\u00fcy\u00fck kapakl\u0131 cam kavanozlar, estetik olarak geni\u015f hacimlerini sergileyen ince, kavisli \u015fekillere sahip borosilikat cam kavanozlard\u0131r. Kavanozlar, \u015feffaf borosilikat camdan yap\u0131lm\u0131\u015f olup, ah\u015fap desenli d\u00fcz kapaklarla birle\u015ftirilerek, \u015feffaf camla uyumlu do\u011fal ve minimalist bir tarz olu\u015fturmaktad\u0131r.<\/p>\n<h2>\u00dcr\u00fcn \u00d6zellikleri<\/h2>\n<ul>\n<li><strong>Y\u00fcksek Kapasite ve \u0130nce Tasar\u0131m:<\/strong> \u0130nce ve yuvarlak tasar\u0131m\u0131 sayesinde b\u00fcy\u00fck miktarda yiyecek saklanabilir ve kavanoz dolapta ustaca saklanabilir, b\u00f6ylece depolama alan\u0131ndan tasarruf sa\u011flan\u0131r.<\/li>\n<li><strong>Y\u00fcksek Borosilikat Cam\u0131n Avantajlar\u0131:<\/strong> Y\u00fcksek borosilikat cam \u00fcr\u00fcn\u00fc oldu\u011fu i\u00e7in s\u0131cakl\u0131k de\u011fi\u015fimlerine kar\u015f\u0131 olduk\u00e7a dayan\u0131kl\u0131d\u0131r, koku yapmaz ve uzun \u00f6m\u00fcrl\u00fcd\u00fcr.<\/li>\n<li><strong>Kapal\u0131 Ah\u015fap Desenli D\u00fcz Kapak:<\/strong> Ah\u015fap desenli, dokulu d\u00fcz kapak, kavanoz a\u011fz\u0131na s\u0131k\u0131ca oturur, bu nedenle neredeyse tamamen hava ge\u00e7irmez bir s\u0131zd\u0131rmazl\u0131k sa\u011flar.<\/li>\n<\/ul>\n<h2 style=\"text-align: left;\">Temel \u00d6zellikler<\/h2>\n<table class=\"aligncenter\" style=\"border-collapse: collapse; width: 458.27pt;\" border=\"0\" width=\"611\" cellspacing=\"0\" cellpadding=\"0\">\n<tbody>\n<tr style=\"height: 13.50pt;\">\n<td style=\"height: 13.50pt; width: 99.75pt;\" width=\"133\" height=\"18\">\u015eartname<\/td>\n<td style=\"width: 358.50pt;\" width=\"478\">Detaylar<\/td>\n<\/tr>\n<tr style=\"height: 13.50pt;\">\n<td style=\"height: 13.50pt;\" height=\"18\">Kapasite<\/td>\n<td>2750 ml (2,75 L)<\/td>\n<\/tr>\n<tr style=\"height: 13.50pt;\">\n<td style=\"height: 13.50pt;\" height=\"18\">Boyutlar<\/td>\n<td>14\u00d729.5cm<\/td>\n<\/tr>\n<tr style=\"height: 13.50pt;\">\n<td style=\"height: 13.50pt;\" height=\"18\">Malzeme<\/td>\n<td>Y\u00fcksek Borosilikat Cam<\/td>\n<\/tr>\n<tr style=\"height: 13.50pt;\">\n<td style=\"height: 13.50pt;\" height=\"18\">Kapak Tipi<\/td>\n<td>Ah\u015fap Dokulu D\u00fcz Kapak<\/td>\n<\/tr>\n<tr style=\"height: 13.50pt;\">\n<td style=\"height: 13.50pt;\" height=\"18\">Malzeme \u00d6zelli\u011fi<\/td>\n<td>Is\u0131 ve Kimyasallara Dayan\u0131kl\u0131, Y\u00fcksek \u015eeffafl\u0131k, Dayan\u0131kl\u0131<\/td>\n<\/tr>\n<tr style=\"height: 13.50pt;\">\n<td style=\"height: 13.50pt;\" height=\"18\">\u0130deal \u0130\u00e7in<\/td>\n<td>Kapakl\u0131 g\u0131da saklama kaplar\u0131, ah\u015fap kapakl\u0131 cam kavanozlar<\/td>\n<\/tr>\n<\/tbody>\n<\/table>\n<h2>Toplu Malzeme Al\u0131m\u0131n\u0131 Yeniden D\u00fc\u015f\u00fcnmek: Bir F\u0131r\u0131n\u0131n D\u00f6n\u00fc\u015f\u00fcm\u00fc<\/h2>\n<p>Geni\u015fleyen bir f\u0131r\u0131n, 50 lb&#039;lik ni\u015fasta ve \u015feker bidonlar\u0131 i\u00e7in g\u00fcvenilir bir sisteme acil ihtiya\u00e7 duyuyordu. Fabrikalar\u0131ndaki malzeme b\u00f6l\u00fcmleri, t\u00fcm depolama i\u00e7in kulland\u0131klar\u0131 kapakl\u0131 2,75 litrelik b\u00fcy\u00fck g\u0131da saklama kaplar\u0131m\u0131zla donat\u0131lm\u0131\u015ft\u0131. Bu y\u00fcksek borosilikat cam kaplar, so\u011fuk depodan s\u0131cak mutfa\u011fa g\u00fcnl\u00fck s\u0131cakl\u0131k de\u011fi\u015fimlerini hasar g\u00f6rmeden y\u00f6netti ve b\u00f6ylece 0 \u00e7atlama direnci sa\u011flad\u0131. Kab\u0131n i\u00e7ine en uygun \u015fekilde oturan ah\u015fap desenli kapak, unun tazeli\u011fini ve g\u00fcvenli\u011fini korumaya yard\u0131mc\u0131 olurken, ha\u015fere istilas\u0131n\u0131 da \u00f6nler ve malzeme bozulmas\u0131n\u0131 sadece oran\u0131nda azalt\u0131r. Ayr\u0131ca, f\u0131r\u0131n sadece yeni tesislerini donatmak i\u00e7in 350.000 adetlik b\u00fcy\u00fck bir sipari\u015f daha vermekle kalmad\u0131, ayn\u0131 zamanda \u00fcr\u00fcn\u00fcn dayan\u0131kl\u0131l\u0131\u011f\u0131 ve performans\u0131ndan son derece memnun kald\u0131\u011f\u0131 i\u00e7in de bu sipari\u015fi verdi.<\/p>\n<h2>Kapakl\u0131 B\u00fcy\u00fck Cam Kavanozlar, \u00d6zel Se\u00e7enekler<\/h2>\n<ul>\n<li>Masif ah\u015fap kapak y\u00fckseltmesi \u2013 Ah\u015fap desenli kapa\u011f\u0131 ger\u00e7ek bambu veya me\u015fe kapakla de\u011fi\u015ftirin.<\/li>\n<li>Lazerle i\u015flenmi\u015f kapasite i\u015faretleri \u2013 Do\u011fru litre ve bardak \u00f6l\u00e7\u00fclerini belirleyin.<\/li>\n<li>G\u00fc\u00e7lendirilmi\u015f taban \u2013 Barda\u011f\u0131n taban\u0131, a\u011f\u0131r \u015feyleri ta\u015f\u0131yabilmesi i\u00e7in kal\u0131nla\u015ft\u0131r\u0131lm\u0131\u015ft\u0131r.<\/li>\n<li>Tek par\u00e7a silikon s\u0131zd\u0131rmazl\u0131k halkas\u0131 \u2013 S\u0131zd\u0131rmazl\u0131k i\u00e7in kullan\u0131lan g\u0131da s\u0131n\u0131f\u0131 silikon halka kapak \u00fczerindedir.<\/li>\n<li>Vitray detaylar\u0131 \u2013 Kavanozun omuz k\u0131sm\u0131na k\u00fc\u00e7\u00fck, a\u00e7\u0131k ye\u015fil veya kehribar rengi bir par\u00e7a yerle\u015ftirin.<\/li>\n<\/ul>","protected":false},"excerpt":{"rendered":"<p>Uzun, \u015feffaf borosilikat g\u00f6vdeli ve d\u00fcz ah\u015fap kapakl\u0131 b\u00fcy\u00fck cam kavanozlar. Kapakl\u0131 ideal g\u0131da saklama kaplar\u0131, do\u011frudan fabrikadan tedarik.<\/p>","protected":false},"featured_media":24438,"template":"","meta":[],"product_brand":[],"product_cat":[122,124,137],"product_tag":[],"class_list":{"0":"post-24435","1":"product","2":"type-product","3":"status-publish","4":"has-post-thumbnail","6":"product_cat-custom-glass-packaging","7":"product_cat-custom-glass-jars","8":"product_cat-glass-jars-with-lids","10":"first","11":"instock","12":"shipping-taxable","13":"product-type-simple"},"jetpack_sharing_enabled":true,"_links":{"self":[{"href":"https:\/\/yebodaglass.com\/tr\/wp-json\/wp\/v2\/product\/24435","targetHints":{"allow":["GET"]}}],"collection":[{"href":"https:\/\/yebodaglass.com\/tr\/wp-json\/wp\/v2\/product"}],"about":[{"href":"https:\/\/yebodaglass.com\/tr\/wp-json\/wp\/v2\/types\/product"}],"version-history":[{"count":5,"href":"https:\/\/yebodaglass.com\/tr\/wp-json\/wp\/v2\/product\/24435\/revisions"}],"predecessor-version":[{"id":24534,"href":"https:\/\/yebodaglass.com\/tr\/wp-json\/wp\/v2\/product\/24435\/revisions\/24534"}],"wp:featuredmedia":[{"embeddable":true,"href":"https:\/\/yebodaglass.com\/tr\/wp-json\/wp\/v2\/media\/24438"}],"wp:attachment":[{"href":"https:\/\/yebodaglass.com\/tr\/wp-json\/wp\/v2\/media?parent=24435"}],"wp:term":[{"taxonomy":"product_brand","embeddable":true,"href":"https:\/\/yebodaglass.com\/tr\/wp-json\/wp\/v2\/product_brand?post=24435"},{"taxonomy":"product_cat","embeddable":true,"href":"https:\/\/yebodaglass.com\/tr\/wp-json\/wp\/v2\/product_cat?post=24435"},{"taxonomy":"product_tag","embeddable":true,"href":"https:\/\/yebodaglass.com\/tr\/wp-json\/wp\/v2\/product_tag?post=24435"}],"curies":[{"name":"wp","href":"https:\/\/api.w.org\/{rel}","templated":true}]}}