{"id":24427,"date":"2025-12-17T08:59:15","date_gmt":"2025-12-17T00:59:15","guid":{"rendered":"https:\/\/yebodaglass.com\/?post_type=product&#038;p=24427"},"modified":"2025-12-23T10:15:27","modified_gmt":"2025-12-23T02:15:27","slug":"bulk-big-glass-jars-with-lids-for-food-storage","status":"publish","type":"product","link":"https:\/\/yebodaglass.com\/tr\/bulk-big-glass-jars-with-lids-for-food-storage\/","title":{"rendered":"G\u0131da Saklama \u0130\u00e7in Kapakl\u0131 B\u00fcy\u00fck Boy Cam Kavanozlar 1250ml 1950ml"},"content":{"rendered":"<p data-start=\"66\" data-end=\"288\">Klasik ince yuvarlak \u015fekilli, kapakl\u0131 bu b\u00fcy\u00fck cam kavanozlar, dayan\u0131kl\u0131l\u0131k ve geni\u015f kapasite sa\u011flamak i\u00e7in borosilikat camdan \u00fcretilmi\u015ftir. Kavanozlar, ah\u015fap desenli d\u00fcz kapakl\u0131 \u015feffaf borosilikat camdan yap\u0131lm\u0131\u015ft\u0131r; bu kombinasyon, \u015feffaf g\u00f6vdeyle m\u00fckemmel uyum sa\u011flayan sade ve do\u011fal g\u00f6r\u00fcn\u00fcml\u00fc bir \u00fcr\u00fcn ortaya \u00e7\u0131kar\u0131r.<\/p>\n<h2>\u00dcr\u00fcn \u00d6zellikleri<\/h2>\n<ul>\n<li><strong>Borosilikat cam neden kullan\u0131l\u0131r:<\/strong> Bu kavanozlar\u0131n y\u00fcksek borosilikat camdan yap\u0131lm\u0131\u015f olmas\u0131 sayesinde, s\u0131cakl\u0131k de\u011fi\u015fimlerine dayan\u0131kl\u0131d\u0131rlar, koku yaymazlar ve s\u0131cak veya so\u011fuk yiyecekleri, kuru g\u0131dalar\u0131 veya di\u011fer her t\u00fcrl\u00fc e\u015fyay\u0131 saklamak i\u00e7in de g\u00fcvenle kullan\u0131labilirler.<\/li>\n<li><strong>Ah\u015fap Desenli Kapak:<\/strong> Ah\u015fap desenli d\u00fcz kapak ve \u015feffaf borosilikat cam, yaln\u0131zca s\u0131k\u0131 bir kapanma sa\u011flamakla kalmaz, ayn\u0131 zamanda s\u0131cak ve do\u011fal bir g\u00f6r\u00fcn\u00fcm de sunar.<\/li>\n<li><strong>\u0130ki Boyut Se\u00e7ene\u011fi:<\/strong> B\u00fcy\u00fck ve k\u00fc\u00e7\u00fck boyutlar, kullan\u0131c\u0131lar\u0131n de\u011fi\u015fen ihtiya\u00e7lar\u0131n\u0131 kar\u015f\u0131lamak i\u00e7in mevcuttur (\u00f6rne\u011fin, tah\u0131llar i\u00e7in b\u00fcy\u00fck kavanozlar, kuruyemi\u015fler i\u00e7in k\u00fc\u00e7\u00fck kavanozlar).<\/li>\n<\/ul>\n<h2 style=\"text-align: left;\">Temel \u00d6zellikler<\/h2>\n<table class=\"aligncenter\" style=\"border-collapse: collapse; width: 382.52pt;\" border=\"0\" width=\"510\" cellspacing=\"0\" cellpadding=\"0\">\n<tbody>\n<tr style=\"height: 13.50pt;\">\n<td style=\"height: 13.50pt; width: 99.75pt;\" width=\"133\" height=\"18\">\u015eartname<\/td>\n<td style=\"width: 282.75pt;\" width=\"377\">Detaylar<\/td>\n<\/tr>\n<tr style=\"height: 13.50pt;\">\n<td style=\"height: 13.50pt;\" height=\"18\">Kapasite<\/td>\n<td>1250ml\/1950ml<\/td>\n<\/tr>\n<tr style=\"height: 13.50pt;\">\n<td style=\"height: 13.50pt;\" height=\"18\">Boyutlar<\/td>\n<td>11.5\u00d716cm\/13\u00d719.5cm<\/td>\n<\/tr>\n<tr style=\"height: 13.50pt;\">\n<td style=\"height: 13.50pt;\" height=\"18\">Malzeme<\/td>\n<td>Y\u00fcksek Borosilikat Cam<\/td>\n<\/tr>\n<tr style=\"height: 13.50pt;\">\n<td style=\"height: 13.50pt;\" height=\"18\">Kapak Tipi<\/td>\n<td>Ah\u015fap Dokulu D\u00fcz Kapak<\/td>\n<\/tr>\n<tr style=\"height: 13.50pt;\">\n<td style=\"height: 13.50pt;\" height=\"18\">Malzeme \u00d6zelli\u011fi<\/td>\n<td>Is\u0131 \u015fokuna dayan\u0131kl\u0131, y\u00fcksek netlikte, dayan\u0131kl\u0131<\/td>\n<\/tr>\n<tr style=\"height: 13.50pt;\">\n<td style=\"height: 13.50pt;\" height=\"18\">\u0130deal \u0130\u00e7in<\/td>\n<td>B\u00fcy\u00fck boy cam kavanozlar, b\u00fcy\u00fck cam kavanozlar<\/td>\n<\/tr>\n<\/tbody>\n<\/table>\n<h2>Ba\u015far\u0131 \u00d6rne\u011fi: Bir Kahve Zinciri \u0130\u00e7in Depolama \u00c7\u00f6z\u00fcm\u00fc<\/h2>\n<p>H\u0131zla b\u00fcy\u00fcyen bir kahve zinciri, kahve \u00e7ekirdeklerini ve kavurma i\u00e7in gerekli di\u011fer malzemeleri s\u00fcrd\u00fcr\u00fclebilir bir \u015fekilde nas\u0131l toplu olarak depolayabilirdi? Bu soruyu, mutfaklar\u0131n\u0131 y\u00f6netmek i\u00e7in kapakl\u0131 1950 ml&#039;lik b\u00fcy\u00fck cam kavanozlar\u0131m\u0131z\u0131 se\u00e7erek yan\u0131tlad\u0131lar. Ah\u015fap dokulu kapaklar, etkili bir kapanman\u0131n ana nedenidir; bu sayede kahve \u00e7ekirdeklerinin \u00f6mr\u00fc uzar ve israf \u00f6nemli \u00f6l\u00e7\u00fcde azal\u0131r. B\u00fcy\u00fck kapasiteli cam kavanozlar, personelin stok yenileme s\u00fcresini yakla\u015f\u0131k oran\u0131nda azaltmas\u0131na yard\u0131mc\u0131 oldu. Bu performans iyile\u015ftirmelerine dayanarak, zincir t\u00fcm ma\u011fazalarda depolama uygulamalar\u0131n\u0131n standardizasyonunu kolayla\u015ft\u0131rmak i\u00e7in 50.000 adet kavanoz sat\u0131n almaya karar verdi.<\/p>\n<h2>Toptan Cam Kavanozlar \u00d6zelle\u015ftirme Se\u00e7enekleri Sunar<\/h2>\n<ul>\n<li>Ger\u00e7ek Ah\u015fap Kapak Y\u00fckseltmesi \u2013 Ah\u015fap desenli kapa\u011f\u0131 masif bambu veya me\u015fe kapakla de\u011fi\u015ftirin.<\/li>\n<li>Serigrafi Bask\u0131l\u0131 Kapasite \u0130\u015faretleri \u2013 Kavanoz \u00fczerine kal\u0131c\u0131 \u00f6l\u00e7\u00fc i\u015faretleri koyun.<\/li>\n<li>Buzlu Dekoratif \u015eeritler \u2013 Kum p\u00fcsk\u00fcrtme i\u015flemiyle mat kontrast \u015feritler \u00fcretin.<\/li>\n<li>Silikon S\u0131zd\u0131rmazl\u0131k Halkas\u0131 \u2013 Daha iyi s\u0131zd\u0131rmazl\u0131k i\u00e7in kapa\u011fa silikon bir s\u0131zd\u0131rmazl\u0131k halkas\u0131 tak\u0131n.<\/li>\n<li>Renkli Cam \u2013 Daha iyi UV korumas\u0131 i\u00e7in a\u00e7\u0131k kehribar veya ye\u015fil camdan yap\u0131lm\u0131\u015f kavanozlar mevcuttur.<\/li>\n<\/ul>","protected":false},"excerpt":{"rendered":"<p>Ah\u015fap kapakl\u0131 birinci s\u0131n\u0131f cam kavanoz, modern tasar\u0131ml\u0131 \u015feffaf borosilikat camdan \u00fcretilmi\u015f kapakl\u0131 cam kavanoz. Fabrikadan do\u011frudan tedarik, h\u0131zl\u0131 kargo.<\/p>","protected":false},"featured_media":24429,"template":"","meta":[],"product_brand":[],"product_cat":[122,124,137],"product_tag":[],"class_list":{"0":"post-24427","1":"product","2":"type-product","3":"status-publish","4":"has-post-thumbnail","6":"product_cat-custom-glass-packaging","7":"product_cat-custom-glass-jars","8":"product_cat-glass-jars-with-lids","10":"first","11":"instock","12":"shipping-taxable","13":"product-type-simple"},"jetpack_sharing_enabled":true,"_links":{"self":[{"href":"https:\/\/yebodaglass.com\/tr\/wp-json\/wp\/v2\/product\/24427","targetHints":{"allow":["GET"]}}],"collection":[{"href":"https:\/\/yebodaglass.com\/tr\/wp-json\/wp\/v2\/product"}],"about":[{"href":"https:\/\/yebodaglass.com\/tr\/wp-json\/wp\/v2\/types\/product"}],"version-history":[{"count":5,"href":"https:\/\/yebodaglass.com\/tr\/wp-json\/wp\/v2\/product\/24427\/revisions"}],"predecessor-version":[{"id":24533,"href":"https:\/\/yebodaglass.com\/tr\/wp-json\/wp\/v2\/product\/24427\/revisions\/24533"}],"wp:featuredmedia":[{"embeddable":true,"href":"https:\/\/yebodaglass.com\/tr\/wp-json\/wp\/v2\/media\/24429"}],"wp:attachment":[{"href":"https:\/\/yebodaglass.com\/tr\/wp-json\/wp\/v2\/media?parent=24427"}],"wp:term":[{"taxonomy":"product_brand","embeddable":true,"href":"https:\/\/yebodaglass.com\/tr\/wp-json\/wp\/v2\/product_brand?post=24427"},{"taxonomy":"product_cat","embeddable":true,"href":"https:\/\/yebodaglass.com\/tr\/wp-json\/wp\/v2\/product_cat?post=24427"},{"taxonomy":"product_tag","embeddable":true,"href":"https:\/\/yebodaglass.com\/tr\/wp-json\/wp\/v2\/product_tag?post=24427"}],"curies":[{"name":"wp","href":"https:\/\/api.w.org\/{rel}","templated":true}]}}