{"id":24404,"date":"2025-12-16T10:55:52","date_gmt":"2025-12-16T02:55:52","guid":{"rendered":"https:\/\/yebodaglass.com\/?post_type=product&#038;p=24404"},"modified":"2025-12-23T10:16:06","modified_gmt":"2025-12-23T02:16:06","slug":"clear-glass-canister-with-wood-lid-bulk","status":"publish","type":"product","link":"https:\/\/yebodaglass.com\/tr\/clear-glass-canister-with-wood-lid-bulk\/","title":{"rendered":"500 ml, 800 ml, 1200 ml \u015eeffaf Cam Saklama Kab\u0131, Ah\u015fap Kapakl\u0131 (Toptan Sat\u0131\u015f)"},"content":{"rendered":"<p data-start=\"66\" data-end=\"288\">Ah\u015fap kapakl\u0131 bu \u00e7ekici cam kavanoz, zarif bir \u015fekilde hafif\u00e7e daralan omuz k\u0131sm\u0131na do\u011fru ince ve d\u00fcz bir g\u00f6vdeye sahiptir ve yuvarlak do\u011fal mantar t\u0131pa ile kapat\u0131lm\u0131\u015ft\u0131r. \u015eeffaf y\u00fcksek borosilikat camdan yap\u0131ld\u0131\u011f\u0131 i\u00e7in olduk\u00e7a sa\u011flamd\u0131r.<\/p>\n<h2>\u00dcr\u00fcn \u00d6zellikleri<\/h2>\n<ul>\n<li><strong>K\u00fcresel Mantar T\u0131pa Tasar\u0131m\u0131:<\/strong> K\u00fcresel \u015fekilli do\u011fal mantar t\u0131pa, kavanoza daha \u00e7ekici bir g\u00f6r\u00fcn\u00fcm kazand\u0131rman\u0131n yan\u0131 s\u0131ra, a\u00e7may\u0131 ve i\u00e7indekileri \u00e7\u0131karmay\u0131 da kolayla\u015ft\u0131r\u0131yor.<\/li>\n<li><strong>Y\u00fcksek Borosilikat Cam\u0131n Faydalar\u0131 Nelerdir?<\/strong> Kavanozun \u00fcretiminde kullan\u0131lan y\u00fcksek borosilikat cam, onu termal \u015foka ve kimyasal korozyona kar\u015f\u0131 dayan\u0131kl\u0131 hale getirir, b\u00f6ylece uzun s\u00fcre dayan\u0131kl\u0131l\u0131\u011f\u0131n\u0131 korur.<\/li>\n<li><strong>\u00dcst\u00fcn Kalite Malzeme, \u00c7ok \u015eeffaf:<\/strong> Kavanoz tamamen \u015feffaft\u0131r ve bu \u00f6zellik, kavanozda saklanan \u00fcr\u00fcnlerin sergilenmesi i\u00e7in \u00e7ok kullan\u0131\u015fl\u0131d\u0131r.<\/li>\n<\/ul>\n<h2 style=\"text-align: left;\">Temel \u00d6zellikler<\/h2>\n<table class=\"aligncenter\" style=\"border-collapse: collapse; width: 452.27pt;\" border=\"0\" width=\"603\" cellspacing=\"0\" cellpadding=\"0\">\n<tbody>\n<tr style=\"height: 13.50pt;\">\n<td style=\"height: 13.50pt; width: 101.25pt;\" width=\"135\" height=\"18\">\u015eartname<\/td>\n<td style=\"width: 351.00pt;\" width=\"468\">Detaylar<\/td>\n<\/tr>\n<tr style=\"height: 13.50pt;\">\n<td style=\"height: 13.50pt;\" height=\"18\">Kapasite<\/td>\n<td>500 ml \/ 800 ml \/ 1200 ml<\/td>\n<\/tr>\n<tr style=\"height: 13.50pt;\">\n<td style=\"height: 13.50pt;\" height=\"18\">Boyutlar<\/td>\n<td>9\u00d710cm\/9\u00d715.5cm\/9\u00d720cm<\/td>\n<\/tr>\n<tr style=\"height: 13.50pt;\">\n<td style=\"height: 13.50pt;\" height=\"18\">Malzeme<\/td>\n<td>Y\u00fcksek Borosilikat Cam<\/td>\n<\/tr>\n<tr style=\"height: 13.50pt;\">\n<td style=\"height: 13.50pt;\" height=\"18\">Kapak Tipi<\/td>\n<td>K\u00fcresel do\u011fal mantar t\u0131pa (ah\u015fap kapak se\u00e7ene\u011fi mevcuttur)<\/td>\n<\/tr>\n<tr style=\"height: 13.50pt;\">\n<td style=\"height: 13.50pt;\" height=\"18\">Malzeme \u00d6zelli\u011fi<\/td>\n<td>Is\u0131 \u015fokuna dayan\u0131kl\u0131, y\u00fcksek \u015feffafl\u0131k, kimyasal olarak kararl\u0131<\/td>\n<\/tr>\n<tr style=\"height: 13.50pt;\">\n<td style=\"height: 13.50pt;\" height=\"18\">\u0130deal \u0130\u00e7in<\/td>\n<td>Ah\u015fap kapakl\u0131 cam kavanoz, kapakl\u0131 cam kavanozlar<\/td>\n<\/tr>\n<\/tbody>\n<\/table>\n<h2>El Yap\u0131m\u0131 G\u0131da Markas\u0131 \u0130\u00e7in Piyasa Ba\u015far\u0131 \u00d6yk\u00fcs\u00fc<\/h2>\n<p>\u00d6zel bir g\u0131da \u00fcreticisi, marka bilinirli\u011fini art\u0131rmakla ilgileniyordu. Bunu yapmak i\u00e7in, \u00f6zel kahvalt\u0131l\u0131k gevrekleri i\u00e7in ah\u015fap kapakl\u0131 1200 ml&#039;lik cam bidonumuzu kullanmaya ba\u015flad\u0131lar. Hava ge\u00e7irmez \u00f6zel ah\u015fap kapaklar, raf \u00f6mr\u00fcn\u00fc 12 aydan fazla uzatt\u0131 ve bozulma oran\u0131n\u0131 d\u00fc\u015f\u00fcrd\u00fc. Modern tasar\u0131m, \u00fcr\u00fcn\u00fc perakendeciler i\u00e7in daha \u00e7ekici hale getirdi ve sonu\u00e7 olarak yeni perakendeci anla\u015fmalar\u0131 artt\u0131. Buna g\u00f6re, 350.000 adetlik ek bir sipari\u015f verdiler.<\/p>\n<h2>Kapakl\u0131 \u00d6zel Tasar\u0131m Cam Saklama Kab\u0131 Se\u00e7enekleri<\/h2>\n<ul>\n<li>\u00d6zel Ah\u015fap Kapak Kaplamas\u0131 \u2013 Me\u015fe, bambu veya ceviz \u2013 se\u00e7im sizin, ayr\u0131ca \u00e7e\u015fitli boya se\u00e7enekleri de mevcut.<\/li>\n<li>Lazerle Markalama \u2013 Lazerle i\u015fleme y\u00f6ntemi kullan\u0131larak cam y\u00fczeyine hassas bir \u015fekilde logo veya tasar\u0131m uygulanmas\u0131.<\/li>\n<li>Serigrafi Bask\u0131l\u0131 Kapasite \u0130\u015faretleri \u2013 Cam \u00fczerine serigrafi bask\u0131 y\u00f6ntemiyle net, zaman zaman a\u015f\u0131nmayan \u00f6l\u00e7\u00fcm i\u015faretleri koyun.<\/li>\n<li>Mantarl\u0131 Ah\u015fap Kapak \u2013 Mantar astarl\u0131 ah\u015fap bir kapak, s\u0131zd\u0131rmazl\u0131k i\u00e7in m\u00fckemmel olacakt\u0131r.<\/li>\n<li>Renkli Cam \u00d6zellikleri \u2013 \u0130sterseniz, hafif kehribar veya ye\u015fil tonlu bir cam kavanozda da bulabilirsiniz.<\/li>\n<\/ul>","protected":false},"excerpt":{"rendered":"<p>Ah\u015fap kapakl\u0131 birinci s\u0131n\u0131f cam kavanoz, modern tasar\u0131ml\u0131 \u015feffaf borosilikat camdan \u00fcretilmi\u015f kapakl\u0131 cam kavanoz. Fabrikadan do\u011frudan tedarik, h\u0131zl\u0131 kargo.<\/p>","protected":false},"featured_media":24411,"template":"","meta":[],"product_brand":[],"product_cat":[122,124,137],"product_tag":[],"class_list":{"0":"post-24404","1":"product","2":"type-product","3":"status-publish","4":"has-post-thumbnail","6":"product_cat-custom-glass-packaging","7":"product_cat-custom-glass-jars","8":"product_cat-glass-jars-with-lids","10":"first","11":"instock","12":"shipping-taxable","13":"product-type-simple"},"jetpack_sharing_enabled":true,"_links":{"self":[{"href":"https:\/\/yebodaglass.com\/tr\/wp-json\/wp\/v2\/product\/24404","targetHints":{"allow":["GET"]}}],"collection":[{"href":"https:\/\/yebodaglass.com\/tr\/wp-json\/wp\/v2\/product"}],"about":[{"href":"https:\/\/yebodaglass.com\/tr\/wp-json\/wp\/v2\/types\/product"}],"version-history":[{"count":5,"href":"https:\/\/yebodaglass.com\/tr\/wp-json\/wp\/v2\/product\/24404\/revisions"}],"predecessor-version":[{"id":24535,"href":"https:\/\/yebodaglass.com\/tr\/wp-json\/wp\/v2\/product\/24404\/revisions\/24535"}],"wp:featuredmedia":[{"embeddable":true,"href":"https:\/\/yebodaglass.com\/tr\/wp-json\/wp\/v2\/media\/24411"}],"wp:attachment":[{"href":"https:\/\/yebodaglass.com\/tr\/wp-json\/wp\/v2\/media?parent=24404"}],"wp:term":[{"taxonomy":"product_brand","embeddable":true,"href":"https:\/\/yebodaglass.com\/tr\/wp-json\/wp\/v2\/product_brand?post=24404"},{"taxonomy":"product_cat","embeddable":true,"href":"https:\/\/yebodaglass.com\/tr\/wp-json\/wp\/v2\/product_cat?post=24404"},{"taxonomy":"product_tag","embeddable":true,"href":"https:\/\/yebodaglass.com\/tr\/wp-json\/wp\/v2\/product_tag?post=24404"}],"curies":[{"name":"wp","href":"https:\/\/api.w.org\/{rel}","templated":true}]}}