{"id":24381,"date":"2025-12-16T09:05:30","date_gmt":"2025-12-16T01:05:30","guid":{"rendered":"https:\/\/yebodaglass.com\/?post_type=product&#038;p=24381"},"modified":"2025-12-23T10:16:46","modified_gmt":"2025-12-23T02:16:46","slug":"bulk-high-borosilicate-glass-canisters-with-cork-lids","status":"publish","type":"product","link":"https:\/\/yebodaglass.com\/tr\/bulk-high-borosilicate-glass-canisters-with-cork-lids\/","title":{"rendered":"Y\u00fcksek Borosilikat Camdan \u00dcretilmi\u015f, Mantar Kapakl\u0131 B\u00fcy\u00fck Boy Saklama Kaplar\u0131: 150 ml, 300 ml, 600 ml, 1100 ml"},"content":{"rendered":"<p data-start=\"66\" data-end=\"288\">Bu cam kavanozlar, mantar t\u0131pa ile kapat\u0131lan s\u00fct \u015fi\u015fesi konseptinin modern ve sade bir yorumunu sunuyor. Y\u00fcksek kaliteli borosilikat camdan \u00fcretildikleri i\u00e7in \u00e7ok \u015feffaft\u0131rlar ve \u0131s\u0131 \u015fokuna kar\u015f\u0131 olduk\u00e7a etkilidirler.<\/p>\n<h2>\u00dcr\u00fcn \u00d6zellikleri<\/h2>\n<ul>\n<li><strong>Y\u00fcksek Borosilikat Cam Performans\u0131:<\/strong> Y\u00fcksek borosilikat cam, s\u0131cakl\u0131k de\u011fi\u015fimleri \u00e7ok h\u0131zl\u0131 olsa bile farkl\u0131 s\u0131cakl\u0131klara dayanabilir ve malzeme \u00e7atlamaz.<\/li>\n<li><strong>Saf Mantar S\u0131zd\u0131rmazl\u0131k:<\/strong> Mantar t\u0131pa, hava ve nemin i\u00e7eri girmesini engelleyen etkili bir s\u0131zd\u0131rmazl\u0131k eleman\u0131d\u0131r.<\/li>\n<li><strong>\u015e\u0131k S\u00fct \u015ei\u015fesi \u015eekli:<\/strong> Her mutfa\u011fa zamans\u0131z bir \u00e7ekicilik katan bir tasar\u0131m modeli.<\/li>\n<li><strong>Hacimdeki Varyantlar:<\/strong> Farkl\u0131 depolama ihtiya\u00e7lar\u0131n\u0131 kar\u015f\u0131lamak i\u00e7in d\u00f6rt farkl\u0131 hacim.<\/li>\n<\/ul>\n<h2 style=\"text-align: left;\">Temel \u00d6zellikler<\/h2>\n<table class=\"aligncenter\" style=\"border-collapse: collapse; width: 419.27pt;\" border=\"0\" width=\"559\" cellspacing=\"0\" cellpadding=\"0\">\n<tbody>\n<tr style=\"height: 13.50pt;\">\n<td style=\"height: 13.50pt; width: 101.25pt;\" width=\"135\" height=\"18\">\u015eartname<\/td>\n<td style=\"width: 318.00pt;\" width=\"424\">Detaylar<\/td>\n<\/tr>\n<tr style=\"height: 13.50pt;\">\n<td style=\"height: 13.50pt;\" height=\"18\">Kapasite<\/td>\n<td>150 ml \/ 300 ml \/ 600 ml \/ 1100 ml<\/td>\n<\/tr>\n<tr style=\"height: 13.50pt;\">\n<td style=\"height: 13.50pt;\" height=\"18\">Boyutlar<\/td>\n<td>6\u00d711cm\/6.5\u00d715cm\/8\u00d719cm\/8.5\u00d726cm<\/td>\n<\/tr>\n<tr style=\"height: 13.50pt;\">\n<td style=\"height: 13.50pt;\" height=\"18\">Malzeme<\/td>\n<td>Y\u00fcksek Borosilikat Cam<\/td>\n<\/tr>\n<tr style=\"height: 13.50pt;\">\n<td style=\"height: 13.50pt;\" height=\"18\">Kapak Tipi<\/td>\n<td>Do\u011fal Mantar T\u0131pa<\/td>\n<\/tr>\n<tr style=\"height: 13.50pt;\">\n<td style=\"height: 13.50pt;\" height=\"18\">Malzeme \u00d6zelli\u011fi<\/td>\n<td>Is\u0131 \u015fokuna dayan\u0131kl\u0131, y\u00fcksek berrakl\u0131k<\/td>\n<\/tr>\n<tr style=\"height: 13.50pt;\">\n<td style=\"height: 13.50pt;\" height=\"18\">\u0130deal \u0130\u00e7in<\/td>\n<td>Cam kavanozlar, mutfak i\u00e7in cam kavanozlar<\/td>\n<\/tr>\n<\/tbody>\n<\/table>\n<h2>Ba\u015far\u0131 \u00d6yk\u00fcs\u00fc: \u00d6zel Kahve Kavurma \u0130\u015fletmesi \u0130\u00e7in Marka Geli\u015ftirme<\/h2>\n<p>L\u00fcks bir kahve \u015firketi, kahve \u00e7ekirde\u011fi serisi i\u00e7in benzersiz bir ambalaj ar\u0131yordu. 600 ml&#039;lik kapakl\u0131 cam kavanozlar\u0131m\u0131z\u0131 tercih ettiler. Kaliteli y\u00fcksek borosilikat cam, buzdolab\u0131ndan oda s\u0131cakl\u0131\u011f\u0131na kadar s\u0131cakl\u0131k de\u011fi\u015fimlerine \u00e7atlamadan dayanabiliyor. Bu sayede k\u0131r\u0131lma oran\u0131 oran\u0131nda azal\u0131yor. M\u00fc\u015fteri geri bildirimlerine g\u00f6re, do\u011fal mantar contas\u0131 sayesinde kahve \u00e7ekirdeklerinin tazeli\u011fi \u00f6nceki ambalaja g\u00f6re daha uzun s\u00fcre korunuyor. Perakendeciler, premium g\u00f6r\u00fcn\u00fcm\u00fcn &#039;lik bir fiyat art\u0131\u015f\u0131na yol a\u00e7t\u0131\u011f\u0131n\u0131, sat\u0131\u015flar\u0131n ise artt\u0131\u011f\u0131n\u0131 belirtiyor. Bu bulgulara dayanarak \u015firket, 200.000 adet cam kavanozdan olu\u015fan yeni bir sipari\u015f verdi ve yeni perakende \u00fcr\u00fcn serisini \u00e7e\u015fitli pazarlarda piyasaya s\u00fcrmeyi planl\u0131yor.<\/p>\n<h2>Cam Saklama Kaplar\u0131 \u00d6zelle\u015ftirme Se\u00e7enekleri<\/h2>\n<ul>\n<li>\u00d6zel Mantar Kabartma \u2013 Marka logonuzu veya tasar\u0131m\u0131n\u0131z\u0131 do\u011fal mantar \u00fczerine bast\u0131r\u0131n.<\/li>\n<li>Serigrafi Bask\u0131l\u0131 Etiketler \u2013 \u00dcr\u00fcn bilgilerini basmak i\u00e7in dayan\u0131kl\u0131 seramik m\u00fcrekkep kullan\u0131l\u0131r.<\/li>\n<li>Kabartmal\u0131 Kapasite \u0130\u015faretleri \u2013 Zarif, y\u00fckseltilmi\u015f derecelendirmeler olu\u015fturun.<\/li>\n<li>Renkli cam se\u00e7enekleri \u2013 Renkli olmas\u0131, \u0131\u015f\u0131\u011fa duyarl\u0131 i\u00e7erikler i\u00e7in uygun olmas\u0131n\u0131 sa\u011flar.<\/li>\n<li>\u00d6zel Mantar Renkleri \u2013 Aralar\u0131ndan se\u00e7im yapabilece\u011finiz \u00e7ok say\u0131da do\u011fal mantar tonu bulunmaktad\u0131r.<\/li>\n<\/ul>","protected":false},"excerpt":{"rendered":"<p>Dayan\u0131kl\u0131 cam kavanozlar, y\u00fcksek borosilikat camdan yap\u0131lm\u0131\u015f kapakl\u0131 cam kavanozlar ve mantar kapaklar. Fabrika kalite kontrol\u00fc, toplu sipari\u015f indirimleri mevcuttur.<\/p>","protected":false},"featured_media":24399,"template":"","meta":[],"product_brand":[],"product_cat":[122,124,137],"product_tag":[],"class_list":{"0":"post-24381","1":"product","2":"type-product","3":"status-publish","4":"has-post-thumbnail","6":"product_cat-custom-glass-packaging","7":"product_cat-custom-glass-jars","8":"product_cat-glass-jars-with-lids","10":"first","11":"instock","12":"shipping-taxable","13":"product-type-simple"},"jetpack_sharing_enabled":true,"_links":{"self":[{"href":"https:\/\/yebodaglass.com\/tr\/wp-json\/wp\/v2\/product\/24381","targetHints":{"allow":["GET"]}}],"collection":[{"href":"https:\/\/yebodaglass.com\/tr\/wp-json\/wp\/v2\/product"}],"about":[{"href":"https:\/\/yebodaglass.com\/tr\/wp-json\/wp\/v2\/types\/product"}],"version-history":[{"count":5,"href":"https:\/\/yebodaglass.com\/tr\/wp-json\/wp\/v2\/product\/24381\/revisions"}],"predecessor-version":[{"id":24536,"href":"https:\/\/yebodaglass.com\/tr\/wp-json\/wp\/v2\/product\/24381\/revisions\/24536"}],"wp:featuredmedia":[{"embeddable":true,"href":"https:\/\/yebodaglass.com\/tr\/wp-json\/wp\/v2\/media\/24399"}],"wp:attachment":[{"href":"https:\/\/yebodaglass.com\/tr\/wp-json\/wp\/v2\/media?parent=24381"}],"wp:term":[{"taxonomy":"product_brand","embeddable":true,"href":"https:\/\/yebodaglass.com\/tr\/wp-json\/wp\/v2\/product_brand?post=24381"},{"taxonomy":"product_cat","embeddable":true,"href":"https:\/\/yebodaglass.com\/tr\/wp-json\/wp\/v2\/product_cat?post=24381"},{"taxonomy":"product_tag","embeddable":true,"href":"https:\/\/yebodaglass.com\/tr\/wp-json\/wp\/v2\/product_tag?post=24381"}],"curies":[{"name":"wp","href":"https:\/\/api.w.org\/{rel}","templated":true}]}}