{"id":24324,"date":"2025-12-12T12:00:03","date_gmt":"2025-12-12T04:00:03","guid":{"rendered":"https:\/\/yebodaglass.com\/?post_type=product&#038;p=24324"},"modified":"2025-12-16T11:42:50","modified_gmt":"2025-12-16T03:42:50","slug":"glass-empty-water-bottles-for-drinking-wholesale","status":"publish","type":"product","link":"https:\/\/yebodaglass.com\/tr\/glass-empty-water-bottles-for-drinking-wholesale\/","title":{"rendered":"550 ml&#039;lik Bo\u015f Cam \u0130\u00e7me Suyu \u015ei\u015feleri Toptan Sat\u0131\u015f\u0131"},"content":{"rendered":"<p>Markan\u0131z\u0131n tarz\u0131na uymayan cam \u015fi\u015felerden b\u0131kt\u0131n\u0131z m\u0131? Kalite isteyen markalar i\u00e7in \u00f6zel olarak \u00fcretilmi\u015f bo\u015f cam su \u015fi\u015feleri tasarl\u0131yoruz. Bu bo\u015f su \u015fi\u015feleri, g\u00fcnl\u00fck su t\u00fcketimini \u015f\u0131k bir marka ifadesine d\u00f6n\u00fc\u015ft\u00fcr\u00fcyor. Toplu sipari\u015flerde markan\u0131za uygun \u00f6zel kaplamalar sunuyoruz.<\/p>\n<h2>\u00dcr\u00fcn \u00d6zellikleri<\/h2>\n<p><strong>Geni\u015f 38 mm A\u00e7\u0131kl\u0131k<\/strong><\/p>\n<p>Meyve veya buzla doldurmak \u00e7ok kolay; art\u0131k s\u0131v\u0131 ihtiyac\u0131n\u0131z\u0131 kar\u015f\u0131lamak i\u00e7in da\u011f\u0131n\u0131k demleme y\u00f6ntemlerine gerek yok.<\/p>\n<p><strong>Dayan\u0131kl\u0131 Borosilikat Cam<\/strong><\/p>\n<p>Is\u0131 \u015fokuna kar\u015f\u0131 dayan\u0131kl\u0131; dondurucuda ve bula\u015f\u0131k makinesinde y\u0131kanabilir, uzun \u00f6m\u00fcrl\u00fcd\u00fcr.<\/p>\n<p><strong>S\u0131zd\u0131rmaz Paslanmaz \u00c7elik Kapak<\/strong><\/p>\n<p>\u0130\u00e7eri\u011fi g\u00fcvenli bir \u015fekilde muhafaza eder; hareket halindeyken susuz kalmamak i\u00e7in m\u00fckemmeldir.<\/p>\n<p><strong>\u00d6zelle\u015ftirilebilir Silikon K\u0131l\u0131f<\/strong><\/p>\n<p>Logonuzu ekleyin; yeniden kullan\u0131labilir cam su \u015fi\u015fenizi unutulmaz k\u0131l\u0131n.<\/p>\n<h2>Temel \u00d6zellikler<\/h2>\n<table style=\"border-collapse: collapse; width: 80%; margin-left: auto; margin-right: auto;\" border=\"0\" width=\"360\" cellspacing=\"0\" cellpadding=\"0\">\n<tbody>\n<tr style=\"height: 13.50pt;\">\n<td style=\"height: 13.5pt; width: 54pt; text-align: center;\" width=\"72\" height=\"18\">Kapasite<\/td>\n<td style=\"width: 54pt; text-align: center;\" width=\"72\">Boyut (cm)<\/td>\n<td style=\"width: 54pt; text-align: center;\" width=\"72\">\u00c7ap<\/td>\n<td style=\"width: 54pt; text-align: center;\" width=\"72\">Malzeme<\/td>\n<td style=\"width: 54pt; text-align: center;\" width=\"72\">Renk<\/td>\n<\/tr>\n<tr style=\"height: 13.50pt;\">\n<td style=\"height: 13.5pt; text-align: center;\" height=\"18\">550 ml<\/td>\n<td style=\"text-align: center;\">6.6&#215;22.3<\/td>\n<td style=\"text-align: center;\">38 mm<\/td>\n<td style=\"text-align: center;\">Borosilikat<\/td>\n<td style=\"text-align: center;\">Temizle veya \u00d6zel<\/td>\n<\/tr>\n<\/tbody>\n<\/table>\n<h2>Ba\u015far\u0131 \u00d6rne\u011fi<\/h2>\n<p>G\u00fcneydo\u011fu Asya&#039;n\u0131n \u00f6nde gelen so\u011fuk s\u0131k\u0131m meyve suyu zincirlerinden biri, \u015fi\u015felenmi\u015f i\u00e7ecek i\u015fini geni\u015fletmek istiyordu ve so\u011fuk zincir ta\u015f\u0131mac\u0131l\u0131\u011f\u0131na dayan\u0131kl\u0131, ayn\u0131 zamanda rafta daha \u00e7ekici ve l\u00fcks g\u00f6r\u00fcnecek bir ambalaja ihtiya\u00e7 duyuyordu. Bu nedenle, geni\u015f a\u011f\u0131zl\u0131 bo\u015f su \u015fi\u015fesini se\u00e7tiler ve biz de kapak ve etiket boyutunu marka renklerine uygun \u015fekilde \u00f6zelle\u015ftirdik.<\/p>\n<p>Yap\u0131lan de\u011fi\u015fikliklerin ard\u0131ndan, premium meyve suyu sat\u0131\u015flar\u0131 neredeyse artt\u0131.<\/p>\n<h2>\u00d6zelle\u015ftirme K\u0131lavuzunuz<\/h2>\n<ol>\n<li>\u015ei\u015fenin boyun \u00e7ap\u0131n\u0131, taban tasar\u0131m\u0131n\u0131 veya g\u00f6vde oranlar\u0131n\u0131 de\u011fi\u015ftirerek, dolum hatlar\u0131yla m\u00fcmk\u00fcn olan en iyi uyumlulu\u011fu garanti edebilir ve g\u00f6rsel ay\u0131rt edicilik d\u00fczeyini art\u0131rabiliriz.<\/li>\n<li>Tesisimiz serigrafi bask\u0131, s\u0131cak bask\u0131, etiketleme ve mat y\u00fczey i\u015fleme taleplerinizi kar\u015f\u0131layacak \u015fekilde donat\u0131lm\u0131\u015ft\u0131r. Markan\u0131z\u0131n imaj\u0131na en uygun g\u00f6rsel sunumu se\u00e7me \u00f6zg\u00fcrl\u00fc\u011f\u00fcn\u00fc size sunuyoruz.<\/li>\n<li>\u015ei\u015fe kapaklar\u0131n\u0131 \u00e7e\u015fitli renklerde tasarlayabiliyor veya farkl\u0131 malzemeler (\u00f6rne\u011fin, paslanmaz \u00e7elik, elektrokaplama ve sprey kaplama) kullanarak \u00fcr\u00fcnlerinizin rafta ilgi oda\u011f\u0131 olmas\u0131na yard\u0131mc\u0131 olabiliyoruz.<\/li>\n<\/ol>","protected":false},"excerpt":{"rendered":"<p>Geni\u015f a\u011f\u0131zl\u0131 bo\u015f su \u015fi\u015feleri, i\u00e7ecek markalar\u0131 i\u00e7in idealdir. \u00d6zelle\u015ftirilebilir su \u015fi\u015feleri ve toplu sipari\u015fler sunan g\u00fcvenilir tedarik\u00e7i. \u00dccretsiz numune.<\/p>","protected":false},"featured_media":24336,"template":"","meta":[],"product_brand":[],"product_cat":[123,122,136],"product_tag":[],"class_list":{"0":"post-24324","1":"product","2":"type-product","3":"status-publish","4":"has-post-thumbnail","6":"product_cat-custom-glass-bottles","7":"product_cat-custom-glass-packaging","8":"product_cat-glass-water-bottles","10":"first","11":"instock","12":"shipping-taxable","13":"product-type-simple"},"jetpack_sharing_enabled":true,"_links":{"self":[{"href":"https:\/\/yebodaglass.com\/tr\/wp-json\/wp\/v2\/product\/24324","targetHints":{"allow":["GET"]}}],"collection":[{"href":"https:\/\/yebodaglass.com\/tr\/wp-json\/wp\/v2\/product"}],"about":[{"href":"https:\/\/yebodaglass.com\/tr\/wp-json\/wp\/v2\/types\/product"}],"version-history":[{"count":5,"href":"https:\/\/yebodaglass.com\/tr\/wp-json\/wp\/v2\/product\/24324\/revisions"}],"predecessor-version":[{"id":24413,"href":"https:\/\/yebodaglass.com\/tr\/wp-json\/wp\/v2\/product\/24324\/revisions\/24413"}],"wp:featuredmedia":[{"embeddable":true,"href":"https:\/\/yebodaglass.com\/tr\/wp-json\/wp\/v2\/media\/24336"}],"wp:attachment":[{"href":"https:\/\/yebodaglass.com\/tr\/wp-json\/wp\/v2\/media?parent=24324"}],"wp:term":[{"taxonomy":"product_brand","embeddable":true,"href":"https:\/\/yebodaglass.com\/tr\/wp-json\/wp\/v2\/product_brand?post=24324"},{"taxonomy":"product_cat","embeddable":true,"href":"https:\/\/yebodaglass.com\/tr\/wp-json\/wp\/v2\/product_cat?post=24324"},{"taxonomy":"product_tag","embeddable":true,"href":"https:\/\/yebodaglass.com\/tr\/wp-json\/wp\/v2\/product_tag?post=24324"}],"curies":[{"name":"wp","href":"https:\/\/api.w.org\/{rel}","templated":true}]}}