{"id":24249,"date":"2025-12-03T10:18:31","date_gmt":"2025-12-03T02:18:31","guid":{"rendered":"https:\/\/yebodaglass.com\/?post_type=product&#038;p=24249"},"modified":"2026-03-12T16:37:09","modified_gmt":"2026-03-12T08:37:09","slug":"double-walled-glass-drinking-bottles-with-stainless-steel-lid","status":"publish","type":"product","link":"https:\/\/yebodaglass.com\/tr\/double-walled-glass-drinking-bottles-with-stainless-steel-lid\/","title":{"rendered":"Paslanmaz \u00c7elik Kapakl\u0131 \u00c7ift Cidarl\u0131 Cam \u0130\u00e7ecek \u015ei\u015feleri"},"content":{"rendered":"<p>Bu cam i\u00e7ecek \u015fi\u015feleri, dayan\u0131kl\u0131 borosilikat camdan yap\u0131lm\u0131\u015f \u015f\u0131k silindirik bir profile ve modern \u00e7ift duvarl\u0131 su \u015fi\u015fesi yap\u0131s\u0131na sahiptir. \u015eeffaf cam \u015fi\u015fe g\u00f6vdesi, i\u00e7ecekleri \u00f6n plana \u00e7\u0131kar\u0131r, \u0131s\u0131y\u0131 korur ve termal \u015foku \u00f6nler. \u015ei\u015felerin vidal\u0131 paslanmaz \u00e7elik kapa\u011f\u0131 ve \u00e7ay yapraklar\u0131n\u0131 veya meyve posas\u0131n\u0131 filtrelemek i\u00e7in \u00e7\u0131kar\u0131labilir 304 paslanmaz \u00e7elik filtresi vard\u0131r. Geni\u015f a\u011f\u0131zl\u0131 tasar\u0131m\u0131 sayesinde doldurmas\u0131 ve temizlemesi kolayd\u0131r ve minimalist tasar\u0131m\u0131 ofislerde, spor salonlar\u0131nda ve seyahatlerde kullan\u0131ma uygundur. \u00c7evre dostu su \u015fi\u015feleri olan bu yeniden kullan\u0131labilir cam su \u015fi\u015feleri, kullan\u0131c\u0131lar\u0131n susuz kalmamas\u0131na yard\u0131mc\u0131 olur ve s\u00fcrd\u00fcr\u00fclebilir ya\u015fam tarzlar\u0131n\u0131 destekler.<\/p>\n<h2>Temel \u00d6zellikler<\/h2>\n<table style=\"border-collapse: collapse; width: 80%; margin-left: auto; margin-right: auto;\" border=\"0\" width=\"873\" cellspacing=\"0\" cellpadding=\"0\">\n<tbody>\n<tr style=\"height: 13.50pt;\">\n<td style=\"height: 13.50pt; width: 117.75pt;\" width=\"157\" height=\"18\">Kapasite Se\u00e7enekleri<\/td>\n<td style=\"width: 537.00pt;\" width=\"716\">350 ml \/ 500 ml \/ 700 ml<\/td>\n<\/tr>\n<tr style=\"height: 13.50pt;\">\n<td style=\"height: 13.50pt;\" height=\"18\">Malzeme<\/td>\n<td>Borosilikat cam, paslanmaz \u00e7elik kapak, 304 paslanmaz \u00e7elik filtre, silikon conta<\/td>\n<\/tr>\n<tr style=\"height: 13.50pt;\">\n<td style=\"height: 13.50pt;\" height=\"18\">Yap\u0131<\/td>\n<td>Silindirik \u00e7ift cidarl\u0131 su \u015fi\u015fesi<\/td>\n<\/tr>\n<tr style=\"height: 13.50pt;\">\n<td style=\"height: 13.50pt;\" height=\"18\">Kapak Tipi<\/td>\n<td>Vidal\u0131 paslanmaz \u00e7elik kapak, s\u0131zd\u0131rmaz.<\/td>\n<\/tr>\n<tr style=\"height: 13.50pt;\">\n<td style=\"height: 13.50pt;\" height=\"18\">Filtrele<\/td>\n<td>Tutma sapl\u0131, \u00e7\u0131kar\u0131labilir paslanmaz \u00e7elik \u00e7ay filtresi<\/td>\n<\/tr>\n<tr style=\"height: 13.50pt;\">\n<td style=\"height: 13.50pt;\" height=\"18\">Fok<\/td>\n<td>Damlama yapmayan performans i\u00e7in kal\u0131n silikon s\u0131zd\u0131rmazl\u0131k halkas\u0131<\/td>\n<\/tr>\n<tr style=\"height: 13.50pt;\">\n<td style=\"height: 13.50pt;\" height=\"18\">\u00d6zel Se\u00e7enekler<\/td>\n<td>Logo bask\u0131s\u0131, renk kaplama, silikon k\u0131l\u0131f, kapak tasar\u0131m\u0131, \u00f6l\u00e7ek i\u015faretlemeleri, ambalajlama<\/td>\n<\/tr>\n<tr style=\"height: 13.50pt;\">\n<td style=\"height: 13.50pt;\" height=\"18\">Emniyet<\/td>\n<td>Bula\u015f\u0131k makinesinde y\u0131kanabilir, dondurucuda saklanabilir, \u0131s\u0131 \u015fokuna dayan\u0131kl\u0131d\u0131r.<\/td>\n<\/tr>\n<tr style=\"height: 13.50pt;\">\n<td style=\"height: 13.50pt;\" height=\"18\">Kullan\u0131m<\/td>\n<td>\u00c7ay, meyve \u00e7ay\u0131, kahve, so\u011fuk i\u00e7ecekler, g\u00fcnl\u00fck s\u0131v\u0131 al\u0131m\u0131<\/td>\n<\/tr>\n<\/tbody>\n<\/table>\n<h2>Ba\u015fl\u0131ca \u00dcr\u00fcn \u00d6zellikleri<\/h2>\n<ol>\n<li><strong>\u00c7ift Duvarl\u0131 S\u0131cakl\u0131k Korumas\u0131<\/strong>\u015ei\u015fenin \u00e7ift tarafl\u0131 tasar\u0131m\u0131, i\u00e7eceklerin yal\u0131t\u0131lmas\u0131na ve yo\u011fu\u015fman\u0131n \u00f6nlenmesine yard\u0131mc\u0131 olarak kullan\u0131c\u0131n\u0131n konforunu art\u0131r\u0131r.<\/li>\n<li><strong>\u00dcst\u00fcn Kalitede Borosilikat Cam Yap\u0131<\/strong>\u00c7evre dostu su \u015fi\u015felerimiz, \u0131s\u0131ya, so\u011fu\u011fa ve ani termal \u015foklara dayan\u0131kl\u0131, sa\u011flam borosilikat camdan \u00fcretilmi\u015ftir; bu nedenle s\u0131cak \u00e7ay veya buzla birlikte kullan\u0131labilir.<\/li>\n<li><strong>S\u0131zd\u0131rmaz ve Seyahat Dostu<\/strong>Paslanmaz \u00e7elikten \u00fcretilmi\u015f hassas kapak ve silikon conta, s\u0131zd\u0131rmaz bir tasar\u0131m sa\u011flayarak i\u015fe gidip gelirken, seyahatte veya g\u00fcnl\u00fck s\u0131v\u0131 ihtiyac\u0131n\u0131z\u0131 kar\u015f\u0131lamak i\u00e7in ta\u015f\u0131may\u0131 kolayla\u015ft\u0131r\u0131r.<\/li>\n<\/ol>\n<h2>Ba\u015far\u0131l\u0131 B2B Vakas\u0131<\/h2>\n<p>Hollandal\u0131 bir ticaret \u015firketi, hediye paketleri olarak satt\u0131klar\u0131 y\u00fcksek kaliteli cam su \u015fi\u015felerinin ana distrib\u00fct\u00f6r\u00fc olarak bizimle i\u015f birli\u011fi yapt\u0131. Firma, 500 ml ve 700 ml&#039;lik su \u015fi\u015felerinden 8.000 adet sipari\u015f verdi.<\/p>\n<p>\u00d6zelle\u015ftirme se\u00e7enekleri \u015funlar\u0131 i\u00e7erir:<\/p>\n<ul>\n<li>Paslanmaz \u00e7elik kapak \u00fczerinde lazer kesim logo.<\/li>\n<li>Cam \u015fi\u015felerin g\u00f6vdesinde parlak bir kaplama.<\/li>\n<li>Markal\u0131 ambalaj kutusu<\/li>\n<li>Silikon k\u0131l\u0131f, tutu\u015fu art\u0131rmak i\u00e7in kullan\u0131labilir.<\/li>\n<\/ul>\n<p>Bu cam i\u00e7me \u015fi\u015feleri, piyasaya s\u00fcr\u00fcld\u00fckten sonra, \u00f6zellikle yaprak \u00e7ay t\u00fcketicileri aras\u0131nda en ba\u015far\u0131l\u0131 cam su \u015fi\u015fesi \u00fcr\u00fcnlerinden biri olarak tan\u0131t\u0131ld\u0131. Marka, bir \u00e7eyrek sonra sat\u0131lan hediye setlerinin say\u0131s\u0131nda &#039;lik bir b\u00fcy\u00fcme kaydetti ve 12.000 adetlik ikinci b\u00fcy\u00fck bir toptan sipari\u015f verdi. S\u00fcrd\u00fcr\u00fclebilirlik odakl\u0131 m\u00fc\u015fterileri, yeniden kullan\u0131labilir ve \u00e7evre dostu konumland\u0131rmadan olduk\u00e7a etkilendi.<\/p>\n<h2>B2B Yaz\u0131l\u0131mlar\u0131nda Ki\u015fiselle\u015ftirme \u00d6nerileri<\/h2>\n<ol>\n<li><strong>Kurumsal Sa\u011fl\u0131k ve Esenlik Programlar\u0131<\/strong>\u00c7al\u0131\u015fanlara g\u00fcnl\u00fck su i\u00e7melerini hat\u0131rlatmak ve g\u00fcn boyunca su i\u00e7melerini sa\u011flamak i\u00e7in marka logolar\u0131n\u0131 ve \u00f6l\u00e7\u00fcm i\u015faretlerini sergileyin.<\/li>\n<li><strong>D\u0131\u015f Mekan\/Fitness Perakendesi:<\/strong> Silikon k\u0131l\u0131f ve ta\u015f\u0131ma halkas\u0131 eklenerek, spor, y\u00fcr\u00fcy\u00fc\u015f ve seyahat pazarlar\u0131na y\u00f6nelik olarak kavrama ve ta\u015f\u0131nabilirlik \u00f6zelli\u011fi art\u0131r\u0131lm\u0131\u015f versiyon \u00fcretilmi\u015ftir.<\/li>\n<li><strong>Eko Ya\u015fam Tarz\u0131 Markalar\u0131<\/strong>Renkli kaplamalar, minimalist ambalaj ve s\u00fcrd\u00fcr\u00fclebilirlik mesajlar\u0131, \u015fi\u015feyi \u00e7evre dostu bir su \u015fi\u015fesi ve yeniden kullan\u0131labilir bir ya\u015fam tarz\u0131 \u00fcr\u00fcn\u00fc olarak konumland\u0131rmaya yard\u0131mc\u0131 olacakt\u0131r.<\/li>\n<\/ol>\n<p>Biz profesyonel bir cam su \u015fi\u015fesi \u00fcreticisiyiz ve bu nedenle d\u00fcnya \u00e7ap\u0131ndaki markalara, distrib\u00fct\u00f6rlere ve perakendecilere toptan tedarik \u00e7\u00f6z\u00fcmleri sunuyoruz. Fabrikam\u0131z, k\u00fcresel pazarlarda \u00e7evre dostu su \u015fi\u015feleri i\u00e7in esnek minimum sipari\u015f miktar\u0131 (MOQ), \u00f6zel tasar\u0131m ve g\u00fcvenilir tedarik deste\u011fi sa\u011flamaktad\u0131r.<\/p>","protected":false},"excerpt":{"rendered":"<p>Premium glass drinking bottles made from durable borosilicate glass. Eco friendly water bottle design with double wall insulation, leak-proof lid, ideal for wholesale.<\/p>","protected":false},"featured_media":24250,"template":"","meta":[],"product_brand":[],"product_cat":[136,123,122],"product_tag":[],"class_list":{"0":"post-24249","1":"product","2":"type-product","3":"status-publish","4":"has-post-thumbnail","6":"product_cat-glass-water-bottles","7":"product_cat-custom-glass-bottles","8":"product_cat-custom-glass-packaging","10":"first","11":"instock","12":"shipping-taxable","13":"product-type-simple"},"jetpack_sharing_enabled":true,"_links":{"self":[{"href":"https:\/\/yebodaglass.com\/tr\/wp-json\/wp\/v2\/product\/24249","targetHints":{"allow":["GET"]}}],"collection":[{"href":"https:\/\/yebodaglass.com\/tr\/wp-json\/wp\/v2\/product"}],"about":[{"href":"https:\/\/yebodaglass.com\/tr\/wp-json\/wp\/v2\/types\/product"}],"version-history":[{"count":5,"href":"https:\/\/yebodaglass.com\/tr\/wp-json\/wp\/v2\/product\/24249\/revisions"}],"predecessor-version":[{"id":25420,"href":"https:\/\/yebodaglass.com\/tr\/wp-json\/wp\/v2\/product\/24249\/revisions\/25420"}],"wp:featuredmedia":[{"embeddable":true,"href":"https:\/\/yebodaglass.com\/tr\/wp-json\/wp\/v2\/media\/24250"}],"wp:attachment":[{"href":"https:\/\/yebodaglass.com\/tr\/wp-json\/wp\/v2\/media?parent=24249"}],"wp:term":[{"taxonomy":"product_brand","embeddable":true,"href":"https:\/\/yebodaglass.com\/tr\/wp-json\/wp\/v2\/product_brand?post=24249"},{"taxonomy":"product_cat","embeddable":true,"href":"https:\/\/yebodaglass.com\/tr\/wp-json\/wp\/v2\/product_cat?post=24249"},{"taxonomy":"product_tag","embeddable":true,"href":"https:\/\/yebodaglass.com\/tr\/wp-json\/wp\/v2\/product_tag?post=24249"}],"curies":[{"name":"wp","href":"https:\/\/api.w.org\/{rel}","templated":true}]}}