{"id":24239,"date":"2025-12-02T13:16:32","date_gmt":"2025-12-02T05:16:32","guid":{"rendered":"https:\/\/yebodaglass.com\/?post_type=product&#038;p=24239"},"modified":"2026-03-23T13:24:29","modified_gmt":"2026-03-23T05:24:29","slug":"bulk-small-hexagon-glass-food-storage-jars-with-clamp-lids","status":"publish","type":"product","link":"https:\/\/yebodaglass.com\/tr\/bulk-small-hexagon-glass-food-storage-jars-with-clamp-lids\/","title":{"rendered":"Toplu 100 ml K\u00fc\u00e7\u00fck Alt\u0131gen Cam G\u0131da Saklama Kavanozlar\u0131 Kelep\u00e7eli Kapakl\u0131"},"content":{"rendered":"<p data-start=\"66\" data-end=\"288\">Bu cam g\u0131da saklama kavanozlar\u0131, sade bir tasar\u0131ma sahip alt\u0131gen \u015feklinde olup kristal berrakl\u0131\u011f\u0131nda camdan \u00fcretilmi\u015ftir. \u00d6nemli olan, cam kapa\u011f\u0131 \u00e7ok sa\u011flam bir konumda tutan ve i\u00e7ine yerle\u015ftirilmi\u015f silikon contaya sahip paslanmaz \u00e7elik klipsli kilittir. S\u0131zd\u0131rmazl\u0131\u011f\u0131 sa\u011flamak i\u00e7in tek yapman\u0131z gereken kontrol koluna basmakt\u0131r.<\/p>\n<h2>\u00dcr\u00fcn \u00d6zellikleri<\/h2>\n<ul>\n<li><strong>Geometrik Alt\u0131gen Tasar\u0131m:<\/strong> Alt\u0131gen, d\u00fcz duvarl\u0131, yuvarlanmayan ve \u00fcst \u00fcste istiflenebilen bu \u015fekil, modern ve yerden tasarruf sa\u011flayan bir tasar\u0131md\u0131r.<\/li>\n<li><strong>Hava Ge\u00e7irmez Kelep\u00e7eli Kilit Contas\u0131:<\/strong> Hava ge\u00e7irmez conta: Bu, paslanmaz \u00e7elik bir kelep\u00e7e ile cam kapa\u011f\u0131n silikon contaya bast\u0131r\u0131lmas\u0131yla olu\u015fturulan g\u00fcvenilir, laboratuvar kalitesinde bir hava ge\u00e7irmez contad\u0131r.<\/li>\n<li><strong>Y\u00fcksek G\u00f6r\u00fcn\u00fcrl\u00fckl\u00fc Cam:<\/strong> \u015eeffaf cam duvarlar\u0131 sayesinde, kapa\u011f\u0131 a\u00e7maya gerek kalmadan i\u00e7indekilerin tan\u0131mlanmas\u0131 ve miktar kontrollerinin yap\u0131lmas\u0131 m\u00fcmk\u00fcn olmaktad\u0131r.<\/li>\n<\/ul>\n<h2 style=\"text-align: left;\">Temel \u00d6zellikler<\/h2>\n<table class=\"aligncenter\" style=\"border-collapse: collapse; width: 366.02pt;\" border=\"0\" width=\"488\" cellspacing=\"0\" cellpadding=\"0\">\n<tbody>\n<tr style=\"height: 13.50pt;\">\n<td style=\"height: 13.50pt; width: 92.25pt;\" width=\"123\" height=\"18\">\u015eartname<\/td>\n<td style=\"width: 273.75pt;\" width=\"365\">Detaylar<\/td>\n<\/tr>\n<tr style=\"height: 13.50pt;\">\n<td style=\"height: 13.50pt;\" height=\"18\">Kapasite\u200b<\/td>\n<td>100 ml<\/td>\n<\/tr>\n<tr style=\"height: 13.50pt;\">\n<td style=\"height: 13.50pt;\" height=\"18\">Boyutlar\u200b<\/td>\n<td>5,7\u00d78,7 cm<\/td>\n<\/tr>\n<tr style=\"height: 13.50pt;\">\n<td style=\"height: 13.50pt;\" height=\"18\">Malzeme<\/td>\n<td>\u015eeffaf Cam<\/td>\n<\/tr>\n<tr style=\"height: 13.50pt;\">\n<td style=\"height: 13.50pt;\" height=\"18\">Kapak Tipi\u200b<\/td>\n<td>Tel Halkal\u0131 Metal Kelep\u00e7eli Kapak<\/td>\n<\/tr>\n<tr style=\"height: 13.50pt;\">\n<td style=\"height: 13.50pt;\" height=\"18\">\u0130deal Olanlar \u0130\u00e7in<\/td>\n<td>Cam g\u0131da saklama kavanozlar\u0131, kelep\u00e7eli kapakl\u0131 kavanozlar<\/td>\n<\/tr>\n<\/tbody>\n<\/table>\n<h2>Ba\u015far\u0131 \u00d6yk\u00fcs\u00fc: \u00d6zel \u00c7ay \u015eirketinin Paketleme D\u00f6n\u00fc\u015f\u00fcm\u00fc<\/h2>\n<p>L\u00fcks bir \u00e7ay \u015firketi, yeni piyasaya s\u00fcr\u00fclen \u00f6zel \u00e7ay serisi i\u00e7in \u00f6zg\u00fcn bir ambalaj tasarlamak istedi. Sonunda, benzersiz g\u00f6r\u00fcn\u00fcmleri nedeniyle 100 ml alt\u0131gen cam g\u0131da saklama kavanozlar\u0131m\u0131z\u0131 se\u00e7tiler. Kapaklar\u0131n ge\u00e7meli olmas\u0131 kesinlikle gerekliydi; yorumlara g\u00f6re \u00fcr\u00fcnler daha az oksidasyona maruz kal\u0131yordu, bu nedenle raf \u00f6mr\u00fc \u00f6nceki ambalaja k\u0131yasla uzam\u0131\u015ft\u0131. Yeni imza tasar\u0131mlar\u0131 geometrikti ve sosyal medyada &#039;lik bir payla\u015f\u0131m art\u0131\u015f\u0131 sa\u011flad\u0131. Bu ba\u015far\u0131y\u0131 de\u011ferlendirerek, \u00fclke \u00e7ap\u0131nda da\u011f\u0131t\u0131m i\u00e7in 200.000 kavanozluk ek sipari\u015f verdiler.<\/p>\n<h2>Cam G\u0131da Saklama Kavanozu \u00d6zelle\u015ftirme Se\u00e7enekleri<\/h2>\n<ul>\n<li>Buzlu Panel Kaplama \u2013 Kavanozun her iki taraf\u0131na uygulad\u0131\u011f\u0131n\u0131z buzlu kaplamalarla \u00e7ekici bir g\u00f6r\u00fcn\u00fcm yarat\u0131n.<\/li>\n<li>Serigrafi Bask\u0131l\u0131 Marka Logosu \u2013 D\u00fcz yan panellerle birlikte uzun \u00f6m\u00fcrl\u00fc marka logosu bas\u0131l\u0131r.<\/li>\n<li>Kabartmal\u0131 Kapasite Derecelendirmesi \u2013 Kavanozun bir taraf\u0131na hacim \u00f6l\u00e7\u00fcm\u00fc i\u00e7in g\u00fczel derecelendirmeler koyun.<\/li>\n<li>Kenar Yuvarlatma \u00c7e\u015fitleri \u2013 Farkl\u0131 g\u00f6r\u00fcn\u00fcmler elde etmek i\u00e7in yuvarlatma yar\u0131\u00e7ap\u0131n\u0131 de\u011fi\u015ftirin.<\/li>\n<\/ul>\n<p>Depolaman\u0131z\u0131 bir \u00fcst seviyeye ta\u015f\u0131maya haz\u0131r m\u0131s\u0131n\u0131z? Bu benzersiz alt\u0131gen cam g\u0131da saklama kavanozunun (klipsli kapakl\u0131) toptan fiyat\u0131 i\u00e7in bug\u00fcn bizimle ileti\u015fime ge\u00e7in.<\/p>","protected":false},"excerpt":{"rendered":"<p>Bu alt\u0131gen cam saklama kavanozu, temiz \u00e7izgiler ve g\u00fcvenli tazelik sunar. Kelep\u00e7eli kapakl\u0131 kompakt kavanozlar\u0131m\u0131z baharatlar ve hediyeler i\u00e7in m\u00fckemmeldir. H\u0131zl\u0131 kargo.<\/p>","protected":false},"featured_media":25502,"template":"","meta":[],"product_brand":[],"product_cat":[134,124,122],"product_tag":[],"class_list":{"0":"post-24239","1":"product","2":"type-product","3":"status-publish","4":"has-post-thumbnail","6":"product_cat-airtight-jars","7":"product_cat-custom-glass-jars","8":"product_cat-custom-glass-packaging","10":"first","11":"instock","12":"shipping-taxable","13":"product-type-simple"},"jetpack_sharing_enabled":true,"_links":{"self":[{"href":"https:\/\/yebodaglass.com\/tr\/wp-json\/wp\/v2\/product\/24239","targetHints":{"allow":["GET"]}}],"collection":[{"href":"https:\/\/yebodaglass.com\/tr\/wp-json\/wp\/v2\/product"}],"about":[{"href":"https:\/\/yebodaglass.com\/tr\/wp-json\/wp\/v2\/types\/product"}],"version-history":[{"count":5,"href":"https:\/\/yebodaglass.com\/tr\/wp-json\/wp\/v2\/product\/24239\/revisions"}],"predecessor-version":[{"id":25548,"href":"https:\/\/yebodaglass.com\/tr\/wp-json\/wp\/v2\/product\/24239\/revisions\/25548"}],"wp:featuredmedia":[{"embeddable":true,"href":"https:\/\/yebodaglass.com\/tr\/wp-json\/wp\/v2\/media\/25502"}],"wp:attachment":[{"href":"https:\/\/yebodaglass.com\/tr\/wp-json\/wp\/v2\/media?parent=24239"}],"wp:term":[{"taxonomy":"product_brand","embeddable":true,"href":"https:\/\/yebodaglass.com\/tr\/wp-json\/wp\/v2\/product_brand?post=24239"},{"taxonomy":"product_cat","embeddable":true,"href":"https:\/\/yebodaglass.com\/tr\/wp-json\/wp\/v2\/product_cat?post=24239"},{"taxonomy":"product_tag","embeddable":true,"href":"https:\/\/yebodaglass.com\/tr\/wp-json\/wp\/v2\/product_tag?post=24239"}],"curies":[{"name":"wp","href":"https:\/\/api.w.org\/{rel}","templated":true}]}}