{"id":24229,"date":"2025-12-02T10:26:17","date_gmt":"2025-12-02T02:26:17","guid":{"rendered":"https:\/\/yebodaglass.com\/?post_type=product&#038;p=24229"},"modified":"2025-12-02T11:37:09","modified_gmt":"2025-12-02T03:37:09","slug":"bulk-pumpkin-glass-airtight-jars-with-clamp-lids","status":"publish","type":"product","link":"https:\/\/yebodaglass.com\/tr\/bulk-pumpkin-glass-airtight-jars-with-clamp-lids\/","title":{"rendered":"Toplu 100 ml Balkaba\u011f\u0131 Cam Hava Ge\u00e7irmez Kavanozlar Kelep\u00e7eli Kapakl\u0131"},"content":{"rendered":"<p data-start=\"66\" data-end=\"288\">Bu hava ge\u00e7irmez cam kavanozlar, \u015feffaf camdan yap\u0131lm\u0131\u015ft\u0131r ve sevimli k\u00fc\u00e7\u00fck balkabaklar\u0131 gibi g\u00fczel bir \u015fekle sahiptir. \u015eeffaf kaplar, herkesin kavanozlar\u0131 a\u00e7madan at\u0131\u015ft\u0131rmal\u0131klar\u0131, baharatlar\u0131 veya el i\u015fi malzemelerini tek bak\u0131\u015fta bulmas\u0131n\u0131 sa\u011flar.<\/p>\n<h2>\u00dcr\u00fcn \u00d6zellikleri<\/h2>\n<ul>\n<li><strong>\u015eeffaf Balkaba\u011f\u0131 \u015eekli:<\/strong> Tamamen \u015feffaf cam kap, yuvarlak ve ho\u015f \u015fekilli balkaba\u011f\u0131 fig\u00fcr\u00fcyle birlikte, hem i\u00e7eridekilerin d\u0131\u015far\u0131dan g\u00f6r\u00fclmesini sa\u011fl\u0131yor hem de dekoratif \u0131\u015f\u0131\u011f\u0131n titre\u015fmesini sa\u011fl\u0131yor.<\/li>\n<li><strong>Ge\u00e7meli S\u0131zd\u0131rmazl\u0131k Tasar\u0131m\u0131:<\/strong> Metal ge\u00e7meli kapak \u00e7ok iyi s\u0131zd\u0131rmazl\u0131k sa\u011flar, b\u00f6ylece \u00fcr\u00fcn\u00fc tamamen taze tutar ve nemin i\u00e7eri girmesini neredeyse tamamen engeller. Ayr\u0131ca, a\u00e7\u0131l\u0131p kapanmas\u0131 da kolay ve pratiktir.<\/li>\n<li><strong>K\u00fc\u00e7\u00fck Kapasite:<\/strong> K\u00fc\u00e7\u00fck kapasitesi, \u015fekerleme, bitki \u00e7ay\u0131 ve k\u00fc\u00e7\u00fck at\u0131\u015ft\u0131rmal\u0131klar gibi k\u00fc\u00e7\u00fck par\u00e7alar i\u00e7in idealdir, bu sayede b\u00fcy\u00fck kavanozlar\u0131 a\u00e7arken israf olmaz.<\/li>\n<\/ul>\n<h2 style=\"text-align: left;\">Temel \u00d6zellikler<\/h2>\n<table class=\"aligncenter\" style=\"border-collapse: collapse; width: 342.77pt;\" border=\"0\" width=\"457\" cellspacing=\"0\" cellpadding=\"0\">\n<tbody>\n<tr style=\"height: 13.50pt;\">\n<td style=\"height: 13.50pt; width: 92.25pt;\" width=\"123\" height=\"18\">\u015eartname<\/td>\n<td style=\"width: 250.50pt;\" width=\"334\">Detaylar<\/td>\n<\/tr>\n<tr style=\"height: 13.50pt;\">\n<td style=\"height: 13.50pt;\" height=\"18\">Kapasite\u200b<\/td>\n<td>100 ml<\/td>\n<\/tr>\n<tr style=\"height: 13.50pt;\">\n<td style=\"height: 13.50pt;\" height=\"18\">Boyutlar\u200b<\/td>\n<td>6,4\u00d78cm (Taban \u00d7 Y\u00fckseklik)<\/td>\n<\/tr>\n<tr style=\"height: 13.50pt;\">\n<td style=\"height: 13.50pt;\" height=\"18\">Malzeme<\/td>\n<td>\u015eeffaf Cam<\/td>\n<\/tr>\n<tr style=\"height: 13.50pt;\">\n<td style=\"height: 13.50pt;\" height=\"18\">Kapak Tipi<\/td>\n<td>Tel Halkal\u0131 Metal Kelep\u00e7eli Kapak<\/td>\n<\/tr>\n<tr style=\"height: 13.50pt;\">\n<td style=\"height: 13.50pt;\" height=\"18\">\u0130deal Olanlar \u0130\u00e7in<\/td>\n<td>Cam hava ge\u00e7irmez kavanozlar, cam saklama kavanozlar\u0131<\/td>\n<\/tr>\n<\/tbody>\n<\/table>\n<h2>Ba\u015far\u0131 \u00d6yk\u00fcs\u00fc: \u00d6zel Bir Baharat \u015eirketinin Yeniden Canlanmas\u0131<\/h2>\n<p>\u0130majlar\u0131n\u0131 canland\u0131rmak i\u00e7in kullan\u0131labilecek olas\u0131 \u00fcr\u00fcn se\u00e7enekleri aras\u0131nda, batman\u0131n e\u015fi\u011finde olan bir baharat \u015firketi, \u00fcr\u00fcnlerinin g\u00f6r\u00fcn\u00fcr olmas\u0131n\u0131 ve dolay\u0131s\u0131yla pazarda rekabet\u00e7i olmas\u0131n\u0131 sa\u011flayacak ambalajlara karar verdi. Prestijli yeni \u00fcr\u00fcn serileri i\u00e7in kavanozlar\u0131 biz se\u00e7tik - 100 ml&#039;lik balkaba\u011f\u0131 \u015feklindeki kelep\u00e7eli kapakl\u0131 cam kavanozlar. \u00c7\u0131t\u00e7\u0131tl\u0131 kapaklar\u0131n \u00f6nemli bir rol\u00fc oldu\u011fu ortaya \u00e7\u0131kt\u0131 - \u00f6nceki ambalaja k\u0131yasla \u00fcr\u00fcn bozulmas\u0131n\u0131 azalt\u0131yor ve bu da m\u00fc\u015fterilerin tekrar sat\u0131n alma oranlar\u0131n\u0131 art\u0131r\u0131yor. Benzersiz balkaba\u011f\u0131 \u015fekli onlar\u0131n ticari markas\u0131 haline geldi ve bu da sosyal medya etkile\u015fiminin ve m\u00fc\u015fteri foto\u011fraflar\u0131n\u0131n say\u0131s\u0131n\u0131n artmas\u0131na yol a\u00e7t\u0131. Bu b\u00fcy\u00fck ba\u015far\u0131n\u0131n ard\u0131ndan daha da geni\u015flemeyi hedefleyerek ulusal \u00fcr\u00fcn serileri i\u00e7in 150.000 kavanozluk yeni bir sipari\u015f verdiler.<\/p>\n<h2>\u00d6zelle\u015ftirme Se\u00e7enekleri<\/h2>\n<ul>\n<li>Vitray Se\u00e7enekleri \u2013 Kavanozlar, \u0131\u015f\u0131ktan uzak tutulmas\u0131 gereken e\u015fyalar i\u00e7in kehribar veya ye\u015fil olabilir<\/li>\n<li>\u00d6zel Klips Kaplamalar\u0131 \u2013 Klips kaplamas\u0131 siyah, bak\u0131r veya antika tarzda metalden olabilir<\/li>\n<li>Buzlu Dekoratif Halka \u2013 Asit yeme y\u00f6ntemiyle kavanozun ortas\u0131 zarif mat bir \u015ferit haline gelir<\/li>\n<li>Kapasite Izgaras\u0131 \u2013 Do\u011fru da\u011f\u0131t\u0131m i\u00e7in derecelendirmelerin kullan\u0131lmas\u0131yla yap\u0131l\u0131r<\/li>\n<\/ul>","protected":false},"excerpt":{"rendered":"<p>Sevimli cam hava ge\u00e7irmez kavanozlar tazeli\u011fi zahmetsizce korur. Mutfak veya hediyelik e\u015fya olarak kullanmak i\u00e7in ideal, \u015f\u0131k ve kompakt, kelep\u00e7eli kapakl\u0131 cam kavanozlar, \u00fccretsiz numunelerle birlikte sunulur.<\/p>","protected":false},"featured_media":24231,"template":"","meta":[],"product_brand":[],"product_cat":[122,134,124],"product_tag":[],"class_list":{"0":"post-24229","1":"product","2":"type-product","3":"status-publish","4":"has-post-thumbnail","6":"product_cat-custom-glass-packaging","7":"product_cat-airtight-jars","8":"product_cat-custom-glass-jars","10":"first","11":"instock","12":"shipping-taxable","13":"product-type-simple"},"jetpack_sharing_enabled":true,"_links":{"self":[{"href":"https:\/\/yebodaglass.com\/tr\/wp-json\/wp\/v2\/product\/24229","targetHints":{"allow":["GET"]}}],"collection":[{"href":"https:\/\/yebodaglass.com\/tr\/wp-json\/wp\/v2\/product"}],"about":[{"href":"https:\/\/yebodaglass.com\/tr\/wp-json\/wp\/v2\/types\/product"}],"version-history":[{"count":4,"href":"https:\/\/yebodaglass.com\/tr\/wp-json\/wp\/v2\/product\/24229\/revisions"}],"predecessor-version":[{"id":24238,"href":"https:\/\/yebodaglass.com\/tr\/wp-json\/wp\/v2\/product\/24229\/revisions\/24238"}],"wp:featuredmedia":[{"embeddable":true,"href":"https:\/\/yebodaglass.com\/tr\/wp-json\/wp\/v2\/media\/24231"}],"wp:attachment":[{"href":"https:\/\/yebodaglass.com\/tr\/wp-json\/wp\/v2\/media?parent=24229"}],"wp:term":[{"taxonomy":"product_brand","embeddable":true,"href":"https:\/\/yebodaglass.com\/tr\/wp-json\/wp\/v2\/product_brand?post=24229"},{"taxonomy":"product_cat","embeddable":true,"href":"https:\/\/yebodaglass.com\/tr\/wp-json\/wp\/v2\/product_cat?post=24229"},{"taxonomy":"product_tag","embeddable":true,"href":"https:\/\/yebodaglass.com\/tr\/wp-json\/wp\/v2\/product_tag?post=24229"}],"curies":[{"name":"wp","href":"https:\/\/api.w.org\/{rel}","templated":true}]}}