{"id":24213,"date":"2025-12-02T10:19:55","date_gmt":"2025-12-02T02:19:55","guid":{"rendered":"https:\/\/yebodaglass.com\/?post_type=product&#038;p=24213"},"modified":"2026-03-25T13:18:27","modified_gmt":"2026-03-25T05:18:27","slug":"custom-water-bottle-for-beverage-filling-bulk","status":"publish","type":"product","link":"https:\/\/yebodaglass.com\/tr\/custom-water-bottle-for-beverage-filling-bulk\/","title":{"rendered":"\u0130\u00e7ecek Dolumunda Kullan\u0131ma Uygun \u00d6zel Su \u015ei\u015fesi 300ml \u2013 650ml"},"content":{"rendered":"<p>Bu \u00f6zel tasar\u0131m su \u015fi\u015fesinin sade silindirik \u015fekli ve geni\u015f, d\u00fcz taban\u0131, berrak su dolu barda\u011f\u0131yla birle\u015fince sade bir g\u00f6r\u00fcn\u00fcm sunuyor. Vidal\u0131 boyun k\u0131sm\u0131 bir\u00e7ok farkl\u0131 kapakla uyumludur ve \u00e7e\u015fitli kapak boyutlar\u0131nda mevcuttur.<\/p>\n<h2>\u00dcr\u00fcn \u00d6zellikleri<\/h2>\n<ul>\n<li><strong>Y\u00fcksek \u015eeffafl\u0131kta Cam Malzeme:<\/strong> \u015ei\u015fe, \u015feffaf ve sade bir tasar\u0131ma sahip y\u00fcksek berrakl\u0131kta camdan \u00fcretilmi\u015ftir; bu sayede kullan\u0131c\u0131 \u015fi\u015fenin i\u00e7indeki s\u0131v\u0131y\u0131 net bir \u015fekilde g\u00f6rebilir ve m\u00fckemmel bir g\u00f6r\u00fcn\u00fcm ve dokunma hissi elde edebilir.<\/li>\n<li><strong>Boyun k\u0131sm\u0131ndaki diki\u015f detay\u0131 tasar\u0131m\u0131:<\/strong> Genel olarak di\u015fli boyun tasar\u0131m\u0131, birden fazla s\u0131zd\u0131rmazl\u0131k kapa\u011f\u0131n\u0131n kullan\u0131lmas\u0131na olanak tan\u0131yarak s\u0131v\u0131 depolama s\u0131zd\u0131rmazl\u0131\u011f\u0131n\u0131 ve g\u00fcvenli\u011fini en \u00fcst d\u00fczeye \u00e7\u0131kar\u0131r.<\/li>\n<li><strong>Basit D\u00fcz Silindirik \u015eekil:<\/strong> Temel d\u00fcz silindirik \u015fekil, tutmas\u0131 ve istiflemesi kolayd\u0131r.<\/li>\n<\/ul>\n<h2>Temel \u00d6zellikler<\/h2>\n<table style=\"border-collapse: collapse; width: 80%; margin-left: auto; margin-right: auto;\" border=\"0\" width=\"360\" cellspacing=\"0\" cellpadding=\"0\">\n<tbody>\n<tr style=\"height: 13.50pt;\">\n<td style=\"height: 13.5pt; width: 54pt; text-align: center;\" width=\"72\" height=\"18\">Kapasite(ml)<\/td>\n<td style=\"width: 54pt; text-align: center;\" width=\"72\">Boyut (cm)<\/td>\n<td style=\"width: 54pt; text-align: center;\" width=\"72\">\u00c7ap<\/td>\n<td style=\"width: 54pt; text-align: center;\" width=\"72\">Malzeme<\/td>\n<td style=\"width: 54pt; text-align: center;\" width=\"72\">Renk<\/td>\n<\/tr>\n<tr style=\"height: 13.50pt;\">\n<td style=\"height: 13.5pt; text-align: center;\" align=\"right\" height=\"18\">300<\/td>\n<td style=\"text-align: center;\">6,6 x 13,7<\/td>\n<td class=\"et2\" style=\"text-align: center;\" rowspan=\"4\">38 mm<\/td>\n<td class=\"et2\" style=\"text-align: center;\" rowspan=\"4\">Borosilikat<\/td>\n<td class=\"et2\" style=\"text-align: center;\" rowspan=\"4\">Temizle veya \u00d6zel<\/td>\n<\/tr>\n<tr style=\"height: 13.50pt;\">\n<td style=\"height: 13.5pt; text-align: center;\" align=\"right\" height=\"18\">480<\/td>\n<td style=\"text-align: center;\">6,6 x 19,5<\/td>\n<\/tr>\n<tr style=\"height: 13.50pt;\">\n<td style=\"height: 13.5pt; text-align: center;\" align=\"right\" height=\"18\">550<\/td>\n<td style=\"text-align: center;\">6,6 x 22,5<\/td>\n<\/tr>\n<tr style=\"height: 13.50pt;\">\n<td style=\"height: 13.5pt; text-align: center;\" align=\"right\" height=\"18\">650<\/td>\n<td style=\"text-align: center;\">7,0 x 22,0<\/td>\n<\/tr>\n<\/tbody>\n<\/table>\n<h2>Ba\u015far\u0131 Hikayesi<\/h2>\n<p>\u00dclke genelindeki bir otel zinciri, misafir odalar\u0131ndaki plastik su \u015fi\u015felerini de\u011fi\u015ftirmek istedi. Silikon k\u0131l\u0131fl\u0131, bambu kapakl\u0131 ve kum p\u00fcsk\u00fcrtme y\u00f6ntemiyle marka logosu i\u015flenmi\u015f 473 ml&#039;lik su \u015fi\u015femizi se\u00e7tiler. Otel bu su \u015fi\u015fesini adeta bir simge haline getirdi ve \u00e7ok say\u0131da \u00e7evrimi\u00e7i yorumda oran\u0131nda olumlu de\u011ferlendirme ald\u0131. \u015ei\u015fenin sa\u011flaml\u0131\u011f\u0131, ta\u015f\u0131ma s\u0131ras\u0131nda k\u0131r\u0131lma oran\u0131n\u0131n %1&#039;in alt\u0131nda kalmas\u0131na yol a\u00e7t\u0131. Otel o kadar ba\u015far\u0131l\u0131 oldu ki, t\u00fcm misafir odalar\u0131n\u0131 s\u00fcslemek ve otel lobisinde satmak \u00fczere 250.000 \u015fi\u015fe daha sipari\u015f etti.<\/p>\n<h2>\u00d6zelle\u015ftirme K\u0131lavuzunuz<\/h2>\n<ol>\n<li><strong>\u015ei\u015fe\u200b\u200d\u200b\u200c\u200d\u200b\u200d\u200c\u200b\u200d\u200b\u200c\u200d\u200b\u200d\u200c d\u0131\u015f kaplama:<\/strong> \u015feffaf, mat, degrade, p\u00fcsk\u00fcrtme kaplama, f\u0131r\u0131nlanm\u0131\u015f emaye veya k\u0131smi parlak efektlerden birini se\u00e7ebilirsiniz.<\/li>\n<li><strong>Logo biti\u015fi:<\/strong> Serigrafi bask\u0131, UV bask\u0131, etiket kabartma, metal etiket ve \u0131s\u0131 transfer bask\u0131 se\u00e7eneklerinden birini se\u00e7ebilirsiniz.<\/li>\n<li><strong>Aksesuarlar:<\/strong> silikon k\u0131l\u0131flar, \u00e7ay demlikleri veya pipetlerin kullan\u0131m\u0131 m\u00fcmk\u00fcnd\u00fcr.<\/li>\n<\/ol>","protected":false},"excerpt":{"rendered":"<p>H\u0131zl\u0131 teslimat ve fabrikadan do\u011frudan servis arayan i\u00e7ecek markalar\u0131 i\u00e7in dayan\u0131kl\u0131 16 oz&#039;luk su \u015fi\u015fesi olarak sunulan, kal\u0131n tabanl\u0131 \u00f6zel su \u015fi\u015fesi.<\/p>","protected":false},"featured_media":24214,"template":"","meta":[],"product_brand":[],"product_cat":[136,123,122],"product_tag":[],"class_list":{"0":"post-24213","1":"product","2":"type-product","3":"status-publish","4":"has-post-thumbnail","6":"product_cat-glass-water-bottles","7":"product_cat-custom-glass-bottles","8":"product_cat-custom-glass-packaging","10":"first","11":"instock","12":"shipping-taxable","13":"product-type-simple"},"jetpack_sharing_enabled":true,"_links":{"self":[{"href":"https:\/\/yebodaglass.com\/tr\/wp-json\/wp\/v2\/product\/24213","targetHints":{"allow":["GET"]}}],"collection":[{"href":"https:\/\/yebodaglass.com\/tr\/wp-json\/wp\/v2\/product"}],"about":[{"href":"https:\/\/yebodaglass.com\/tr\/wp-json\/wp\/v2\/types\/product"}],"version-history":[{"count":5,"href":"https:\/\/yebodaglass.com\/tr\/wp-json\/wp\/v2\/product\/24213\/revisions"}],"predecessor-version":[{"id":25598,"href":"https:\/\/yebodaglass.com\/tr\/wp-json\/wp\/v2\/product\/24213\/revisions\/25598"}],"wp:featuredmedia":[{"embeddable":true,"href":"https:\/\/yebodaglass.com\/tr\/wp-json\/wp\/v2\/media\/24214"}],"wp:attachment":[{"href":"https:\/\/yebodaglass.com\/tr\/wp-json\/wp\/v2\/media?parent=24213"}],"wp:term":[{"taxonomy":"product_brand","embeddable":true,"href":"https:\/\/yebodaglass.com\/tr\/wp-json\/wp\/v2\/product_brand?post=24213"},{"taxonomy":"product_cat","embeddable":true,"href":"https:\/\/yebodaglass.com\/tr\/wp-json\/wp\/v2\/product_cat?post=24213"},{"taxonomy":"product_tag","embeddable":true,"href":"https:\/\/yebodaglass.com\/tr\/wp-json\/wp\/v2\/product_tag?post=24213"}],"curies":[{"name":"wp","href":"https:\/\/api.w.org\/{rel}","templated":true}]}}