{"id":24212,"date":"2025-12-01T11:58:09","date_gmt":"2025-12-01T03:58:09","guid":{"rendered":"https:\/\/yebodaglass.com\/?post_type=product&#038;p=24212"},"modified":"2025-12-02T13:23:40","modified_gmt":"2025-12-02T05:23:40","slug":"bulk-unique-airtight-small-glass-jars-for-food-storage","status":"publish","type":"product","link":"https:\/\/yebodaglass.com\/tr\/bulk-unique-airtight-small-glass-jars-for-food-storage\/","title":{"rendered":"G\u0131da Saklama \u0130\u00e7in Toplu 100 ml Benzersiz Hava Ge\u00e7irmez K\u00fc\u00e7\u00fck Cam Kavanozlar"},"content":{"rendered":"<p data-start=\"66\" data-end=\"288\">Camdan yap\u0131lm\u0131\u015f, yuvarlak \u015fekilli, hava ge\u00e7irmeyen k\u00fc\u00e7\u00fck kavanozlar mutfak tezgah\u0131n\u0131za \u015f\u0131k bir hava katacak.<\/p>\n<h2>\u00dcr\u00fcn \u00d6zellikleri<\/h2>\n<ul>\n<li><strong>\u015eeffaf Benzersiz \u015eekil:<\/strong> Tamamen \u015feffaf, yuvarlak \u015fekilli cam bir kap, i\u00e7indeki \u00fcr\u00fcnleri belirginle\u015ftirmenin yan\u0131 s\u0131ra dekorasyon ama\u00e7l\u0131 da kullan\u0131labilir.<\/li>\n<li><strong>Ge\u00e7meli S\u0131zd\u0131rmazl\u0131k Tasar\u0131m\u0131:<\/strong> Metal ge\u00e7meli kapak, m\u00fckemmel s\u0131zd\u0131rmazl\u0131k performans\u0131 sa\u011flayarak nem giri\u015fini etkili bir \u015fekilde \u00f6nler ve \u00fcr\u00fcn\u00fcn taze kalmas\u0131n\u0131 sa\u011flar. A\u00e7ma ve kapama i\u015flemi olduk\u00e7a kolay ve pratiktir.<\/li>\n<li><strong>K\u00fc\u00e7\u00fck Kapasite:<\/strong> K\u00fc\u00e7\u00fck hacmi, daha \u00f6nce a\u00e7\u0131lm\u0131\u015f b\u00fcy\u00fck kavanozlar\u0131 a\u00e7ma israf\u0131n\u0131 \u00f6nlemek i\u00e7in \u015fekerleme, bitki \u00e7ay\u0131 ve at\u0131\u015ft\u0131rmal\u0131klar gibi k\u00fc\u00e7\u00fck \u015feyleri saklamak i\u00e7in idealdir.<\/li>\n<\/ul>\n<h2 style=\"text-align: left;\">Temel \u00d6zellikler<\/h2>\n<table class=\"aligncenter\" style=\"border-collapse: collapse; width: 394.52pt;\" border=\"0\" width=\"526\" cellspacing=\"0\" cellpadding=\"0\">\n<tbody>\n<tr style=\"height: 13.50pt;\">\n<td style=\"height: 13.50pt; width: 92.25pt;\" width=\"123\" height=\"18\">\u015eartname<\/td>\n<td style=\"width: 302.25pt;\" width=\"403\">Detaylar<\/td>\n<\/tr>\n<tr style=\"height: 13.50pt;\">\n<td style=\"height: 13.50pt;\" height=\"18\">Kapasite\u200b<\/td>\n<td>100 ml<\/td>\n<\/tr>\n<tr style=\"height: 13.50pt;\">\n<td style=\"height: 13.50pt;\" height=\"18\">Boyutlar\u200b<\/td>\n<td>5,6\u00d78,4 cm (Taban \u00d7 Y\u00fckseklik)<\/td>\n<\/tr>\n<tr style=\"height: 13.50pt;\">\n<td style=\"height: 13.50pt;\" height=\"18\">Malzeme<\/td>\n<td>\u015eeffaf Cam<\/td>\n<\/tr>\n<tr style=\"height: 13.50pt;\">\n<td style=\"height: 13.50pt;\" height=\"18\">Kapak Tipi<\/td>\n<td>Tel Halkal\u0131 Metal Kelep\u00e7eli Kapak<\/td>\n<\/tr>\n<tr style=\"height: 13.50pt;\">\n<td style=\"height: 13.50pt;\" height=\"18\">\u0130deal Olanlar \u0130\u00e7in<\/td>\n<td>G\u0131da saklama ama\u00e7l\u0131 cam kavanozlar, k\u00fc\u00e7\u00fck hava ge\u00e7irmez kavanozlar<\/td>\n<\/tr>\n<\/tbody>\n<\/table>\n<h2>Ba\u015far\u0131 Hikayesi: Birinci S\u0131n\u0131f Bir \u00c7ay Markas\u0131n\u0131n Hediye Serisi Harika Bir Ba\u015far\u0131 Hikayesine D\u00f6n\u00fc\u015ft\u00fc<\/h2>\n<p>L\u00fcks bir \u00e7ay markas\u0131, yeni piyasaya s\u00fcr\u00fclen birinci s\u0131n\u0131f \u00e7ay numune serisine uygun bir ambalaja ihtiya\u00e7 duyuyordu. Sonunda, al\u0131\u015f\u0131lmad\u0131k \u015fekli nedeniyle g\u0131da saklama i\u00e7in 100 ml hava ge\u00e7irmez cam kavanozlar\u0131m\u0131z\u0131 tercih ettiler. Bu, markan\u0131n ay\u0131rt edici \u00f6zelli\u011fi haline gelerek sosyal medyada yap\u0131lan payla\u015f\u0131mlarda ve kullan\u0131c\u0131 taraf\u0131ndan olu\u015fturulan i\u00e7eriklerde &#039;l\u0131k bir art\u0131\u015f sa\u011flad\u0131. Perakendeciler, bu benzersiz \u015feklin \u00fcr\u00fcnlerinin anl\u0131k sat\u0131n al\u0131mlar\u0131nda &#039;lik bir art\u0131\u015fa yol a\u00e7t\u0131\u011f\u0131n\u0131 bildirdi. Bu m\u00fckemmel performansa dayanarak, 200.000&#039;den fazla kavanozluk bir y\u0131lba\u015f\u0131 hediyesi serisi sipari\u015fi vermeye karar verdiler.<\/p>\n<h2>Hava Ge\u00e7irmez K\u00fc\u00e7\u00fck Kavanozlar \u00d6zelle\u015ftirme Olanaklar\u0131<\/h2>\n<ul>\n<li>Vitray Se\u00e7enekleri \u2013 I\u015f\u0131\u011fa duyarl\u0131 \u00fcr\u00fcnler i\u00e7in renkli cam kavanozlar mevcuttur<\/li>\n<li>Serigrafi Bask\u0131l\u0131 Logo \u2013 \u00dcr\u00fcn, kavanozun k\u0131vr\u0131mlar\u0131na m\u00fckemmel \u015fekilde uyan uzun \u00f6m\u00fcrl\u00fc seramik m\u00fcrekkep kullan\u0131r<\/li>\n<li>Mat Kaplama \u2013 Kavanozun her yerinde daha iyi kavrama i\u00e7in yumu\u015fak dokunu\u015flu bir katman<\/li>\n<li>Kapasite Izgaras\u0131 \u2013 Do\u011fru \u00f6l\u00e7\u00fcm i\u00e7in \u00e7ok k\u00fc\u00e7\u00fck b\u00f6lmeler<\/li>\n<\/ul>\n<p>Biraz \u015f\u0131kl\u0131k katmak istedi\u011finiz \u00fcr\u00fcnleriniz mi var? Bu benzersiz hava ge\u00e7irmez kavanozlar\u0131n toptan fiyatlar\u0131 hakk\u0131nda bilgi almak i\u00e7in hemen bizimle ileti\u015fime ge\u00e7in.<\/p>","protected":false},"excerpt":{"rendered":"<p>G\u00fcvenli tazelik i\u00e7in tasarlanm\u0131\u015f hava ge\u00e7irmez k\u00fc\u00e7\u00fck kavanozlar\u0131 ke\u015ffedin; h\u0131zl\u0131 kargoyla sunulan, kompakt klipsli \u00fcst contaya sahip, g\u0131da saklama i\u00e7in birinci s\u0131n\u0131f \u015feffaf cam kavanozlar.<\/p>","protected":false},"featured_media":24225,"template":"","meta":[],"product_brand":[],"product_cat":[122,134,124],"product_tag":[],"class_list":{"0":"post-24212","1":"product","2":"type-product","3":"status-publish","4":"has-post-thumbnail","6":"product_cat-custom-glass-packaging","7":"product_cat-airtight-jars","8":"product_cat-custom-glass-jars","10":"first","11":"instock","12":"shipping-taxable","13":"product-type-simple"},"jetpack_sharing_enabled":true,"_links":{"self":[{"href":"https:\/\/yebodaglass.com\/tr\/wp-json\/wp\/v2\/product\/24212","targetHints":{"allow":["GET"]}}],"collection":[{"href":"https:\/\/yebodaglass.com\/tr\/wp-json\/wp\/v2\/product"}],"about":[{"href":"https:\/\/yebodaglass.com\/tr\/wp-json\/wp\/v2\/types\/product"}],"version-history":[{"count":4,"href":"https:\/\/yebodaglass.com\/tr\/wp-json\/wp\/v2\/product\/24212\/revisions"}],"predecessor-version":[{"id":24247,"href":"https:\/\/yebodaglass.com\/tr\/wp-json\/wp\/v2\/product\/24212\/revisions\/24247"}],"wp:featuredmedia":[{"embeddable":true,"href":"https:\/\/yebodaglass.com\/tr\/wp-json\/wp\/v2\/media\/24225"}],"wp:attachment":[{"href":"https:\/\/yebodaglass.com\/tr\/wp-json\/wp\/v2\/media?parent=24212"}],"wp:term":[{"taxonomy":"product_brand","embeddable":true,"href":"https:\/\/yebodaglass.com\/tr\/wp-json\/wp\/v2\/product_brand?post=24212"},{"taxonomy":"product_cat","embeddable":true,"href":"https:\/\/yebodaglass.com\/tr\/wp-json\/wp\/v2\/product_cat?post=24212"},{"taxonomy":"product_tag","embeddable":true,"href":"https:\/\/yebodaglass.com\/tr\/wp-json\/wp\/v2\/product_tag?post=24212"}],"curies":[{"name":"wp","href":"https:\/\/api.w.org\/{rel}","templated":true}]}}