{"id":24205,"date":"2025-12-01T11:14:09","date_gmt":"2025-12-01T03:14:09","guid":{"rendered":"https:\/\/yebodaglass.com\/?post_type=product&#038;p=24205"},"modified":"2025-12-01T11:52:30","modified_gmt":"2025-12-01T03:52:30","slug":"bulk-small-square-glass-food-storage-jars","status":"publish","type":"product","link":"https:\/\/yebodaglass.com\/tr\/bulk-small-square-glass-food-storage-jars\/","title":{"rendered":"Hava Ge\u00e7irmez Kapakl\u0131 100 ml&#039;lik K\u00fc\u00e7\u00fck Kare Cam G\u0131da Saklama Kavanozlar\u0131"},"content":{"rendered":"<p data-start=\"66\" data-end=\"288\"><span class=\"bg-green-200\">Bunlar\u200b\u200d\u200b\u200c\u200d\u200b\u200d\u200c\u200b\u200d\u200b\u200c\u200d\u200b\u200d\u200c \u015f\u0131k,<\/span> d\u00fczenli <span class=\"bg-green-200\">k\u00fc\u00e7\u00fck<\/span> hava ge\u00e7irmez cam kavanozlar yap\u0131l\u0131r <span class=\"bg-green-200\">itibaren<\/span> \u015feffaf, berrak cam ve <span class=\"bg-green-200\">harika bir deneyime sahip olmak<\/span> kare \u015feklinde. <span class=\"bg-green-200\">Mutfa\u011f\u0131n\u0131zda k\u00fc\u00e7\u00fck \u015feyleri saklamak veya saklamak i\u00e7in harika olur \u00e7\u00fcnk\u00fc<\/span> k\u00fc\u00e7\u00fck <span class=\"bg-green-200\">boyut, p\u00fcr\u00fczs\u00fcz y\u00fczey ve i\u015flevsel stil.<\/span><\/p>\n<h2>\u00dcr\u00fcn \u00d6zellikleri<\/h2>\n<ul>\n<li><strong>Net Kare Tasar\u0131m:<\/strong> M\u00fckemmel \u015feffafl\u0131ktaki cam kap ve mini kare \u015fekli, kullan\u0131c\u0131ya i\u00e7eri\u011fini g\u00f6rsel olarak kontrol etme olana\u011f\u0131 sa\u011flar; k\u00fc\u00e7\u00fck boyutu ise tezgahlar, saklama kutular\u0131 ve di\u011fer k\u0131s\u0131tl\u0131 alanlar i\u00e7in idealdir.<\/li>\n<li><strong>Ge\u00e7meli S\u0131zd\u0131rmazl\u0131k Tasar\u0131m\u0131:<\/strong> Metal \u00e7\u0131t\u00e7\u0131tl\u0131 kapak s\u0131k\u0131 bir s\u0131zd\u0131rmazl\u0131k sa\u011flayarak, nemin i\u00e7erikten uzak kalmas\u0131n\u0131 ve tazeli\u011fin korunmas\u0131n\u0131 sa\u011flar. A\u00e7mas\u0131 ve kapatmas\u0131 \u00e7ok kolay ve rahatt\u0131r.<\/li>\n<li><strong>K\u00fc\u00e7\u00fck Kapasiteli Uygun:<\/strong> \u00d6rne\u011fin k\u00fcpe, kokulu mum boncuklar\u0131, k\u00fc\u00e7\u00fck baharat \u00f6rnekleri gibi k\u00fc\u00e7\u00fck porsiyonlu e\u015fyalar\u0131 saklamak i\u00e7in k\u00fc\u00e7\u00fck boyutlu bir e\u015fya en uygunudur ve saklama alan\u0131n\u0131 kirletmez.<\/li>\n<\/ul>\n<h2 style=\"text-align: left;\">Temel \u00d6zellikler<\/h2>\n<table class=\"aligncenter\" style=\"border-collapse: collapse; width: 414.77pt;\" border=\"0\" width=\"553\" cellspacing=\"0\" cellpadding=\"0\">\n<tbody>\n<tr style=\"height: 13.50pt;\">\n<td style=\"height: 13.50pt; width: 99.75pt;\" width=\"133\" height=\"18\">\u015eartname<\/td>\n<td style=\"width: 315.00pt;\" width=\"420\">Detaylar<\/td>\n<\/tr>\n<tr style=\"height: 13.50pt;\">\n<td style=\"height: 13.50pt;\" height=\"18\">Kapasite\u200b<\/td>\n<td>100 ml<\/td>\n<\/tr>\n<tr style=\"height: 13.50pt;\">\n<td style=\"height: 13.50pt;\" height=\"18\">Boyutlar\u200b<\/td>\n<td>5,1\u00d77,9 cm (Taban \u00d7 Y\u00fckseklik)<\/td>\n<\/tr>\n<tr style=\"height: 13.50pt;\">\n<td style=\"height: 13.50pt;\" height=\"18\">A\u011f\u0131z \u00c7ap\u0131\u200b<\/td>\n<td>4,3 cm<\/td>\n<\/tr>\n<tr style=\"height: 13.50pt;\">\n<td style=\"height: 13.50pt;\" height=\"18\">Malzeme<\/td>\n<td>\u015eeffaf Cam<\/td>\n<\/tr>\n<tr style=\"height: 13.50pt;\">\n<td style=\"height: 13.50pt;\" height=\"18\">Kapak Tipi\u200b<\/td>\n<td>Tel Halkal\u0131 Metal Kelep\u00e7eli Kapak<\/td>\n<\/tr>\n<tr style=\"height: 13.50pt;\">\n<td style=\"height: 13.50pt;\" height=\"18\">\u0130deal Olanlar \u0130\u00e7in<\/td>\n<td>kare cam g\u0131da saklama kavanozlar\u0131, hava ge\u00e7irmez cam kavanozlar<\/td>\n<\/tr>\n<\/tbody>\n<\/table>\n<h2>Ba\u015far\u0131 \u00d6yk\u00fcs\u00fc: \u00d6zel Baharat \u015eirketi i\u00e7in Paketleme \u00c7\u00f6z\u00fcm\u00fc<\/h2>\n<p>L\u00fcks bir baharat \u015firketi, yeni piyasaya s\u00fcrd\u00fc\u011f\u00fc \u00f6zel baharat serisinin ambalaj\u0131 i\u00e7in \u015f\u0131k g\u00f6r\u00fcn\u00fcml\u00fc, k\u00fc\u00e7\u00fck boyutlu, hava ge\u00e7irmez cam kavanozlara ihtiya\u00e7 duyuyordu. 100 ml&#039;lik kare cam g\u0131da saklama kavanozlar\u0131m\u0131z\u0131 tercih ettiler ve m\u00fc\u015fteri geri bildirimleri, bu ambalaj\u0131n raf \u00f6mr\u00fcn\u00fc \u00f6nceki ambalajlar\u0131na k\u0131yasla oran\u0131nda uzatt\u0131\u011f\u0131n\u0131 g\u00f6steriyor. Ayr\u0131ca, kare ve \u015feffaf tasar\u0131m sat\u0131\u015flar\u0131 oran\u0131nda art\u0131rmaya yard\u0131mc\u0131 oldu. Bu harika sonu\u00e7lar\u0131n ard\u0131ndan, \u00fcr\u00fcn yelpazesini geni\u015fletmek i\u00e7in 150.000 kavanozluk bir sipari\u015f daha verdiler.<\/p>\n<h2>K\u00fc\u00e7\u00fck Hava Ge\u00e7irmez Cam Kavanozlar \u00d6zelle\u015ftirme Se\u00e7enekleri<\/h2>\n<ul>\n<li>Kabartmal\u0131 Kapasite \u0130\u015faretleyicileri \u2013 Do\u011fru da\u011f\u0131t\u0131m i\u00e7in ince derecelendirmeler eklenerek<\/li>\n<li>Renkli S\u0131zd\u0131rmazl\u0131k Halkas\u0131 Se\u00e7enekleri \u2013 Silikon s\u0131zd\u0131rmazl\u0131k halkalar\u0131, renk kodlu depolama sistemlerine uyacak \u015fekilde farkl\u0131 renklerde olabilir<\/li>\n<li>Mat Dokulu Kaplama \u2013 Yumu\u015fak dokunu\u015flu kaplama daha iyi bir kavrama sa\u011flar<\/li>\n<li>\u00d6zel \u015eekil \u00c7e\u015fitleri \u2013 Benzersiz bir g\u00f6r\u00fcn\u00fcm i\u00e7in k\u00f6\u015fe yar\u0131\u00e7aplar\u0131n\u0131 de\u011fi\u015ftirme<\/li>\n<\/ul>","protected":false},"excerpt":{"rendered":"<p>Our small glass jars with airtight lids and small airtight jars deliver clean sealing and sleek design for food and craft use\u2014request free samples today.<\/p>","protected":false},"featured_media":24207,"template":"","meta":[],"product_brand":[],"product_cat":[122,134,124],"product_tag":[],"class_list":{"0":"post-24205","1":"product","2":"type-product","3":"status-publish","4":"has-post-thumbnail","6":"product_cat-custom-glass-packaging","7":"product_cat-airtight-jars","8":"product_cat-custom-glass-jars","10":"first","11":"instock","12":"shipping-taxable","13":"product-type-simple"},"jetpack_sharing_enabled":true,"_links":{"self":[{"href":"https:\/\/yebodaglass.com\/tr\/wp-json\/wp\/v2\/product\/24205","targetHints":{"allow":["GET"]}}],"collection":[{"href":"https:\/\/yebodaglass.com\/tr\/wp-json\/wp\/v2\/product"}],"about":[{"href":"https:\/\/yebodaglass.com\/tr\/wp-json\/wp\/v2\/types\/product"}],"version-history":[{"count":2,"href":"https:\/\/yebodaglass.com\/tr\/wp-json\/wp\/v2\/product\/24205\/revisions"}],"predecessor-version":[{"id":24211,"href":"https:\/\/yebodaglass.com\/tr\/wp-json\/wp\/v2\/product\/24205\/revisions\/24211"}],"wp:featuredmedia":[{"embeddable":true,"href":"https:\/\/yebodaglass.com\/tr\/wp-json\/wp\/v2\/media\/24207"}],"wp:attachment":[{"href":"https:\/\/yebodaglass.com\/tr\/wp-json\/wp\/v2\/media?parent=24205"}],"wp:term":[{"taxonomy":"product_brand","embeddable":true,"href":"https:\/\/yebodaglass.com\/tr\/wp-json\/wp\/v2\/product_brand?post=24205"},{"taxonomy":"product_cat","embeddable":true,"href":"https:\/\/yebodaglass.com\/tr\/wp-json\/wp\/v2\/product_cat?post=24205"},{"taxonomy":"product_tag","embeddable":true,"href":"https:\/\/yebodaglass.com\/tr\/wp-json\/wp\/v2\/product_tag?post=24205"}],"curies":[{"name":"wp","href":"https:\/\/api.w.org\/{rel}","templated":true}]}}