{"id":24195,"date":"2025-12-01T09:53:22","date_gmt":"2025-12-01T01:53:22","guid":{"rendered":"https:\/\/yebodaglass.com\/?post_type=product&#038;p=24195"},"modified":"2025-12-01T11:13:59","modified_gmt":"2025-12-01T03:13:59","slug":"wholesale-cylindrical-small-airtight-jars-with-lids","status":"publish","type":"product","link":"https:\/\/yebodaglass.com\/tr\/wholesale-cylindrical-small-airtight-jars-with-lids\/","title":{"rendered":"Toptan Silindirik K\u00fc\u00e7\u00fck Hava Ge\u00e7irmez Kavanozlar Kapakl\u0131 45ml 60ml 100ml 130ml"},"content":{"rendered":"<p data-start=\"66\" data-end=\"288\">Bu k\u00fc\u00e7\u00fck hava ge\u00e7irmez kavanozlar\u0131n hepsi ayn\u0131 ve metal ge\u00e7meli kapa\u011fa sahip. \u015eeffaf, silindirik camdan \u00fcretilmi\u015fler. Her bir kapta ayr\u0131ca metal ge\u00e7meli kapa\u011fa sahipler. K\u00fc\u00e7\u00fck alanlar i\u00e7in m\u00fckemmel ve k\u00fc\u00e7\u00fck mutfak e\u015fyalar\u0131 veya el i\u015fi malzemelerini saklamak i\u00e7in idealler.<\/p>\n<h2>\u00dcr\u00fcn \u00d6zellikleri<\/h2>\n<ul>\n<li><strong>\u015eeffaf ve \u0130nce Malzeme:<\/strong> Bu kaplar, do\u011fas\u0131 gere\u011fi \u015feffaf olan ve bu sayede kavanozu a\u00e7madan i\u00e7indekileri g\u00f6rmeyi sa\u011flayan camdan yap\u0131lm\u0131\u015ft\u0131r. Ayr\u0131ca, kavanozlar kompakt boyutlar\u0131yla k\u00fc\u00e7\u00fck depolama alanlar\u0131 i\u00e7in m\u00fckemmeldir.<\/li>\n<li><strong>Snap-Lock S\u0131zd\u0131rmazl\u0131k Tasar\u0131m\u0131:<\/strong> Bu kavanozlara tak\u0131lan metal \u00e7\u0131t\u00e7\u0131tl\u0131 kilit, tek bir damla nemin bile i\u00e7eri girmesine izin vermeden m\u00fckemmel bir s\u0131zd\u0131rmazl\u0131k sa\u011flar ve ayn\u0131 zamanda tazeli\u011fini korur. Ayr\u0131ca, a\u00e7\u0131l\u0131p kapanmas\u0131 da \u00e7ok kolayd\u0131r.<\/li>\n<li><strong>Boyut Kompakt ve Kapasite:<\/strong> Bu k\u00fc\u00e7\u00fck kavanozlar, baharatlar\u0131n yeniden paketlenmesi veya bitki \u00e7aylar\u0131n\u0131n k\u00fc\u00e7\u00fck numuneleri gibi az miktardaki \u015feyleri saklaman\u0131z i\u00e7in yeterlidir; b\u00f6ylece b\u00fcy\u00fck kavanozlar\u0131 a\u00e7maktan kaynaklanan israf\u0131 azalt\u0131rs\u0131n\u0131z.<\/li>\n<\/ul>\n<h2 style=\"text-align: left;\">Temel \u00d6zellikler<\/h2>\n<table class=\"aligncenter\" style=\"border-collapse: collapse; width: 414.77pt;\" border=\"0\" width=\"553\" cellspacing=\"0\" cellpadding=\"0\">\n<tbody>\n<tr style=\"height: 13.50pt;\">\n<td style=\"height: 13.50pt; width: 99.75pt;\" width=\"133\" height=\"18\">\u015eartname<\/td>\n<td style=\"width: 315.00pt;\" width=\"420\">Detaylar<\/td>\n<\/tr>\n<tr style=\"height: 13.50pt;\">\n<td style=\"height: 13.50pt;\" height=\"18\">Kapasite\u200b<\/td>\n<td>45ml \/ 60ml \/ 100ml \/ 130ml<\/td>\n<\/tr>\n<tr style=\"height: 13.50pt;\">\n<td style=\"height: 13.50pt;\" height=\"18\">Boyutlar\u200b<\/td>\n<td>4,5\u00d76,5 cm \/ 4,4\u00d78,5 cm \/ 4,4\u00d710,8 cm \/ 4,4\u00d713,2 cm<\/td>\n<\/tr>\n<tr style=\"height: 13.50pt;\">\n<td style=\"height: 13.50pt;\" height=\"18\">Malzeme<\/td>\n<td>\u015eeffaf Cam<\/td>\n<\/tr>\n<tr style=\"height: 13.50pt;\">\n<td style=\"height: 13.50pt;\" height=\"18\">Kapak Tipi<\/td>\n<td>Tel Halkal\u0131 Metal Kelep\u00e7eli Kapak (G\u00fcm\u00fc\u015f)<\/td>\n<\/tr>\n<tr style=\"height: 13.50pt;\">\n<td style=\"height: 13.50pt;\" height=\"18\">\u0130deal Olanlar \u0130\u00e7in<\/td>\n<td>K\u00fc\u00e7\u00fck hava ge\u00e7irmez kavanozlar, cam saklama kavanozlar\u0131<\/td>\n<\/tr>\n<\/tbody>\n<\/table>\n<h2>Ba\u015far\u0131 Hikayesi: Fine Tea Company \u00d6rnek \u00c7\u00f6z\u00fcm\u00fc<\/h2>\n<p>Birinci s\u0131n\u0131f bir \u00e7ay \u015firketi, \u00fcr\u00fcn numuneleri ve hediye setleri i\u00e7in \u015f\u0131k tasar\u0131ml\u0131, minik, hava ge\u00e7irmez kavanozlara ihtiya\u00e7 duyuyordu. Y\u00fcksek kaliteli \u00e7ay numunelerini saklamak i\u00e7in hava ge\u00e7irmez kapakl\u0131 60 ml&#039;lik k\u00fc\u00e7\u00fck cam kavanozlar\u0131m\u0131z\u0131 tercih ettiler. \u0130nce tasar\u0131mlar\u0131 sayesinde \u015f\u0131k numune kutular\u0131 tasarlad\u0131lar ve 12 farkl\u0131 \u00e7ay\u0131 kompakt bir kaba s\u0131\u011fd\u0131rmay\u0131 ba\u015fard\u0131lar. Numunelerin m\u00fc\u015fteri memnuniyeti , numunelerden tam boy sat\u0131n al\u0131mlara d\u00f6n\u00fc\u015f\u00fcm oran\u0131 ise artt\u0131. Bu nedenle, \u00fclke genelinde d\u00fczenlenen bir \u00e7ay tad\u0131m kampanyas\u0131n\u0131 desteklemek i\u00e7in 200.000 cam kavanoz sipari\u015fi verdiler.<\/p>\n<h2>K\u00fc\u00e7\u00fck Hava Ge\u00e7irmez Kavanozlar \u00d6zelle\u015ftirme Se\u00e7enekleri<\/h2>\n<ul>\n<li>Vitray Kapaklar \u2013 I\u015f\u0131\u011fa duyarl\u0131 \u00fcr\u00fcnler i\u00e7in renkli cam kapaklar<\/li>\n<li>Hassas Serigrafi Bask\u0131 \u2013 Seramik m\u00fcrekkeple bas\u0131lan \u00e7ok k\u00fc\u00e7\u00fck mikro logolar<\/li>\n<li>Kapasite Izgaralar\u0131 \u2013 Do\u011fru da\u011f\u0131t\u0131m i\u00e7in k\u00fc\u00e7\u00fck derecelendirme \u00e7izgileri eklendi<\/li>\n<li>Buzlu Dekoratif \u015eeritler \u2013 Se\u00e7ici a\u015f\u0131nd\u0131rma ile yap\u0131lm\u0131\u015f g\u00fczel mat \u015feritler<\/li>\n<\/ul>\n<p>K\u00fc\u00e7\u00fck e\u015fyalar\u0131n\u0131z\u0131 d\u00fczenlemeye haz\u0131r m\u0131s\u0131n\u0131z? Hava ge\u00e7irmez kapakl\u0131, yerden tasarruf sa\u011flayan bu k\u00fc\u00e7\u00fck cam kavanozlar\u0131n toptan fiyatlar\u0131 i\u00e7in bug\u00fcn bizimle ileti\u015fime ge\u00e7in.<\/p>","protected":false},"excerpt":{"rendered":"<p>Kapakl\u0131 silindirik k\u00fc\u00e7\u00fck hava ge\u00e7irmez cam kavanozlar ve baharatlar, numuneler ve saklama i\u00e7in k\u00fc\u00e7\u00fck hava ge\u00e7irmez kavanozlar - toptan al\u0131c\u0131lar i\u00e7in \u00fcst\u00fcn kalite, h\u0131zl\u0131 kargo.<\/p>","protected":false},"featured_media":24199,"template":"","meta":[],"product_brand":[],"product_cat":[122,134,124],"product_tag":[],"class_list":{"0":"post-24195","1":"product","2":"type-product","3":"status-publish","4":"has-post-thumbnail","6":"product_cat-custom-glass-packaging","7":"product_cat-airtight-jars","8":"product_cat-custom-glass-jars","10":"first","11":"instock","12":"shipping-taxable","13":"product-type-simple"},"jetpack_sharing_enabled":true,"_links":{"self":[{"href":"https:\/\/yebodaglass.com\/tr\/wp-json\/wp\/v2\/product\/24195","targetHints":{"allow":["GET"]}}],"collection":[{"href":"https:\/\/yebodaglass.com\/tr\/wp-json\/wp\/v2\/product"}],"about":[{"href":"https:\/\/yebodaglass.com\/tr\/wp-json\/wp\/v2\/types\/product"}],"version-history":[{"count":4,"href":"https:\/\/yebodaglass.com\/tr\/wp-json\/wp\/v2\/product\/24195\/revisions"}],"predecessor-version":[{"id":24204,"href":"https:\/\/yebodaglass.com\/tr\/wp-json\/wp\/v2\/product\/24195\/revisions\/24204"}],"wp:featuredmedia":[{"embeddable":true,"href":"https:\/\/yebodaglass.com\/tr\/wp-json\/wp\/v2\/media\/24199"}],"wp:attachment":[{"href":"https:\/\/yebodaglass.com\/tr\/wp-json\/wp\/v2\/media?parent=24195"}],"wp:term":[{"taxonomy":"product_brand","embeddable":true,"href":"https:\/\/yebodaglass.com\/tr\/wp-json\/wp\/v2\/product_brand?post=24195"},{"taxonomy":"product_cat","embeddable":true,"href":"https:\/\/yebodaglass.com\/tr\/wp-json\/wp\/v2\/product_cat?post=24195"},{"taxonomy":"product_tag","embeddable":true,"href":"https:\/\/yebodaglass.com\/tr\/wp-json\/wp\/v2\/product_tag?post=24195"}],"curies":[{"name":"wp","href":"https:\/\/api.w.org\/{rel}","templated":true}]}}