{"id":24164,"date":"2025-12-01T11:25:52","date_gmt":"2025-12-01T03:25:52","guid":{"rendered":"https:\/\/yebodaglass.com\/?post_type=product&#038;p=24164"},"modified":"2025-12-01T11:25:53","modified_gmt":"2025-12-01T03:25:53","slug":"custom-glass-water-bottle-storage-with-infuser-wholesale","status":"publish","type":"product","link":"https:\/\/yebodaglass.com\/tr\/custom-glass-water-bottle-storage-with-infuser-wholesale\/","title":{"rendered":"\u00d6zel Cam Su \u015ei\u015fesi Saklama Demlikli Toptan 450ml 550ml"},"content":{"rendered":"<p>\u00c7ay i\u00e7in uygun olmayan cam \u015fi\u015felerden b\u0131kt\u0131n\u0131z m\u0131? En iyi cam su \u015fi\u015felerimizi, dahili \u00e7ay demleme aparat\u0131yla tasarl\u0131yoruz. Bu su \u015fi\u015fesi demlemeleri, g\u00fcnl\u00fck s\u0131v\u0131 ihtiyac\u0131n\u0131z\u0131 modaya uygun hale getiriyor. Toplu sipari\u015flerde, markan\u0131zla uyumlu olmas\u0131 i\u00e7in \u00f6zel kaplamalar sunuyoruz.<\/p>\n<h2>\u00dcr\u00fcn \u00d6zellikleri<\/h2>\n<p><strong>Dahili \u00c7ay Demleyici<\/strong><\/p>\n<p>Paslanmaz \u00e7elik filtre, \u00e7ay\u0131n\u0131z\u0131 do\u011frudan \u015fi\u015fede demlemenize olanak tan\u0131r; ekstra bir ekipmana gerek yoktur.<\/p>\n<p><strong>Dayan\u0131kl\u0131 Borosilikat Cam<\/strong><\/p>\n<p>Is\u0131 \u015fokuna maruz kalmaz, dondurucuda kullan\u0131labilir, bula\u015f\u0131k makinesinde y\u0131kanabilir ve uzun \u00f6m\u00fcrl\u00fcd\u00fcr.<\/p>\n<p><strong>\u00d6zelle\u015ftirilebilir Tasar\u0131m<\/strong><\/p>\n<p>M\u00fc\u015fterinin iste\u011fine g\u00f6re renk se\u00e7ene\u011fi sunan \u015feffaf cam, su \u015fi\u015fesi saklamada m\u00fckemmel bir marka olu\u015fturma \u00e7\u00f6z\u00fcm\u00fc.<\/p>\n<h2>Temel \u00d6zellikler<\/h2>\n<table style=\"border-collapse: collapse; width: 80%; margin-left: auto; margin-right: auto;\" border=\"0\" width=\"360\" cellspacing=\"0\" cellpadding=\"0\">\n<tbody>\n<tr style=\"height: 13.50pt;\">\n<td style=\"height: 13.5pt; width: 54pt; text-align: center;\" width=\"72\" height=\"18\">Kapasite(ml)<\/td>\n<td style=\"width: 54pt; text-align: center;\" width=\"72\">Boyut (cm)<\/td>\n<td style=\"width: 54pt; text-align: center;\" width=\"72\">\u00c7ap<\/td>\n<td style=\"width: 54pt; text-align: center;\" width=\"72\">Malzeme<\/td>\n<td style=\"width: 54pt; text-align: center;\" width=\"72\">Demlik Tipi<\/td>\n<\/tr>\n<tr style=\"height: 13.50pt;\">\n<td style=\"height: 13.5pt; text-align: center;\" align=\"right\" height=\"18\">550<\/td>\n<td style=\"text-align: center;\">6,5 x 23,5<\/td>\n<td class=\"et2\" style=\"text-align: center;\" rowspan=\"2\">28 mm<\/td>\n<td class=\"et2\" style=\"text-align: center;\" rowspan=\"2\">Borosilikat<\/td>\n<td class=\"et2\" style=\"text-align: center;\" rowspan=\"2\">Paslanmaz \u00e7elik<\/td>\n<\/tr>\n<tr style=\"height: 13.50pt;\">\n<td style=\"height: 13.5pt; text-align: center;\" align=\"right\" height=\"18\">450<\/td>\n<td style=\"text-align: center;\">5,6 x 24,6<\/td>\n<\/tr>\n<\/tbody>\n<\/table>\n<h2>Ba\u015far\u0131 \u00d6rne\u011fi<\/h2>\n<p>L\u00fcks bir Avrupa bitki \u00e7ay\u0131 markas\u0131, y\u0131ll\u0131k s\u0131n\u0131rl\u0131 say\u0131daki bitki ve meyve \u00e7ay\u0131 hediye setini piyasaya s\u00fcrerken genel \u00fcr\u00fcn de\u011ferini y\u00fckseltmek i\u00e7in m\u00fckemmel bir g\u00f6rsel ve demleme deneyimi arac\u0131 olarak hizmet edecek bir su \u015fi\u015fesine acil ihtiya\u00e7 duyuyordu. Bu nedenle, onlar i\u00e7in bir bardak ve \u00f6zel bir su \u015fi\u015fesi demleyicisi olan bu paslanmaz \u00e7elik su \u015fi\u015fesini \u00fcrettik ve su \u015fi\u015fesi demleyicisinin g\u00f6zenek boyutunu \u00e7ay yapra\u011f\u0131 boyutuna uyacak \u015fekilde de\u011fi\u015ftirdik, b\u00f6ylece \u00e7i\u00e7ekler demleme s\u0131ras\u0131nda deminin yumu\u015fakl\u0131\u011f\u0131n\u0131 kaybetmeden tamamen a\u00e7\u0131labildi. \u00dcr\u00fcn lansman\u0131 sonucunda, hediye setlerinin sat\u0131\u015flar\u0131 bir \u00f6nceki \u00e7eyre\u011fe k\u0131yasla neredeyse artt\u0131 ve marka ayr\u0131ca m\u00fc\u015fteri tekrar sat\u0131n alma oranlar\u0131ndaki art\u0131\u015fa da \u00f6nemli bir g\u00f6nderme yapt\u0131.<\/p>\n<h2>\u00d6zelle\u015ftirme K\u0131lavuzunuz<\/h2>\n<ol>\n<li><strong>\u00d6zelle\u015ftirilebilir\u200b\u200d\u200b\u200c\u200d\u200b\u200d\u200c\u200b\u200d\u200b\u200c\u200d\u200b\u200d\u200c Filtre Yap\u0131s\u0131:<\/strong>\u00c7ay, bitki, meyve dilimleri ve so\u011fuk demleme kahve i\u00e7in kullan\u0131labilen filtre yap\u0131s\u0131, iri\/ince g\u00f6zenekli de\u011fi\u015ftirilebilir filtreler, geni\u015fletilmi\u015f filtreler ve \u00e7\u0131kar\u0131labilir \u00e7ift katmanl\u0131 filtreler gibi \u00f6zellikleri destekliyor.<\/li>\n<li><strong>Kaymaz\/\u00c7arp\u0131\u015fma \u00d6nleyici Alt Tasar\u0131m:<\/strong>Ta\u015f\u0131ma s\u0131ras\u0131nda olu\u015fabilecek hasarlar\u0131 azaltmak ve g\u00fcvenli\u011fi art\u0131rmak i\u00e7in silikon pedler veya kal\u0131nla\u015ft\u0131r\u0131lm\u0131\u015f bir taban yap\u0131s\u0131 eklenebilir.<\/li>\n<li><strong>\u00d6zelle\u015ftirilebilir Aksesuarlar:<\/strong>\u0130ste\u011fe ba\u011fl\u0131 aksesuarlar aras\u0131nda ta\u015f\u0131nabilir kadife \u00e7anta, naylon \u015fi\u015fe k\u0131l\u0131f\u0131 ve a\u00e7\u0131k havada ta\u015f\u0131ma deneyimini kolayla\u015ft\u0131rmak i\u00e7in bir ta\u015f\u0131ma kay\u0131\u015f\u0131 bulunur.<\/li>\n<\/ol>","protected":false},"excerpt":{"rendered":"<p>\u00c7ay demlemek ve su \u015fi\u015fesi saklamak i\u00e7in ideal, demlikli cam su \u015fi\u015fesi saklama kab\u0131. Toplu sipari\u015fleri, fabrikadan do\u011frudan tedariki ve \u00f6zel markalamay\u0131 destekler.<\/p>","protected":false},"featured_media":24165,"template":"","meta":[],"product_brand":[],"product_cat":[122,123,136],"product_tag":[],"class_list":{"0":"post-24164","1":"product","2":"type-product","3":"status-publish","4":"has-post-thumbnail","6":"product_cat-custom-glass-packaging","7":"product_cat-custom-glass-bottles","8":"product_cat-glass-water-bottles","10":"first","11":"instock","12":"shipping-taxable","13":"product-type-simple"},"jetpack_sharing_enabled":true,"_links":{"self":[{"href":"https:\/\/yebodaglass.com\/tr\/wp-json\/wp\/v2\/product\/24164","targetHints":{"allow":["GET"]}}],"collection":[{"href":"https:\/\/yebodaglass.com\/tr\/wp-json\/wp\/v2\/product"}],"about":[{"href":"https:\/\/yebodaglass.com\/tr\/wp-json\/wp\/v2\/types\/product"}],"version-history":[{"count":4,"href":"https:\/\/yebodaglass.com\/tr\/wp-json\/wp\/v2\/product\/24164\/revisions"}],"predecessor-version":[{"id":24194,"href":"https:\/\/yebodaglass.com\/tr\/wp-json\/wp\/v2\/product\/24164\/revisions\/24194"}],"wp:featuredmedia":[{"embeddable":true,"href":"https:\/\/yebodaglass.com\/tr\/wp-json\/wp\/v2\/media\/24165"}],"wp:attachment":[{"href":"https:\/\/yebodaglass.com\/tr\/wp-json\/wp\/v2\/media?parent=24164"}],"wp:term":[{"taxonomy":"product_brand","embeddable":true,"href":"https:\/\/yebodaglass.com\/tr\/wp-json\/wp\/v2\/product_brand?post=24164"},{"taxonomy":"product_cat","embeddable":true,"href":"https:\/\/yebodaglass.com\/tr\/wp-json\/wp\/v2\/product_cat?post=24164"},{"taxonomy":"product_tag","embeddable":true,"href":"https:\/\/yebodaglass.com\/tr\/wp-json\/wp\/v2\/product_tag?post=24164"}],"curies":[{"name":"wp","href":"https:\/\/api.w.org\/{rel}","templated":true}]}}