{"id":24163,"date":"2025-11-28T10:31:40","date_gmt":"2025-11-28T02:31:40","guid":{"rendered":"https:\/\/yebodaglass.com\/?post_type=product&#038;p=24163"},"modified":"2025-11-28T11:43:27","modified_gmt":"2025-11-28T03:43:27","slug":"bulk-large-square-glass-food-storage-jars-with-lids","status":"publish","type":"product","link":"https:\/\/yebodaglass.com\/tr\/bulk-large-square-glass-food-storage-jars-with-lids\/","title":{"rendered":"Kapakl\u0131 B\u00fcy\u00fck Kare Cam G\u0131da Saklama Kavanozlar\u0131 50oz, 64oz, 100oz"},"content":{"rendered":"<p data-start=\"66\" data-end=\"288\">Kapakl\u0131 bu b\u00fcy\u00fck cam saklama kavanozlar\u0131, \u015feffaf camdan yap\u0131lm\u0131\u015ft\u0131r ve \u00fc\u00e7 \u015f\u0131k dikd\u00f6rtgen \u015fekle sahiptir. Her kab\u0131n metal kilitli bir kapa\u011f\u0131 vard\u0131r.<\/p>\n<h2>\u00dcr\u00fcn \u00d6zellikleri<\/h2>\n<ul>\n<li><strong>\u015eeffaf Dikd\u00f6rtgen Malzeme:<\/strong> Cam g\u00f6vdesi \u015feffaf oldu\u011fundan kavanozu a\u00e7madan i\u00e7eri\u011fini hemen g\u00f6rebilir ve stok durumunu takip edebilirsiniz.<\/li>\n<li><strong>Snap-Lock S\u0131zd\u0131rmazl\u0131k Tasar\u0131m\u0131:<\/strong> Metal kilitli kapa\u011f\u0131yla m\u00fckemmel bir s\u0131zd\u0131rmazl\u0131k sa\u011flar, b\u00f6ylece kavanozu su buhar\u0131ndan tamamen ar\u0131nd\u0131r\u0131r ve i\u00e7indekilerin tazeli\u011fini korumas\u0131na yard\u0131mc\u0131 olur. Kavanoz kolayca ve rahat\u00e7a kapat\u0131l\u0131p tekrar a\u00e7\u0131labilir.<\/li>\n<li><strong>B\u00fcy\u00fck Kapasite:<\/strong> Bu b\u00fcy\u00fck kapasiteli saklama kaplar\u0131 mutfa\u011f\u0131n\u0131z i\u00e7in yeterli alan\u0131 sa\u011flayacakt\u0131r, bu nedenle b\u00fcy\u00fck miktarda pirin\u00e7, tah\u0131l veya di\u011fer hammaddelerin vb. depolanmas\u0131 ve kap sat\u0131n al\u0131mlar\u0131n\u0131z\u0131n azalt\u0131lmas\u0131 i\u00e7in m\u00fckemmeldir.<\/li>\n<\/ul>\n<h2 style=\"text-align: left;\">Temel \u00d6zellikler<\/h2>\n<table class=\"aligncenter\" style=\"border-collapse: collapse; width: 438.02pt;\" border=\"0\" width=\"584\" cellspacing=\"0\" cellpadding=\"0\">\n<tbody>\n<tr style=\"height: 13.50pt;\">\n<td style=\"height: 13.50pt; width: 99.75pt;\" width=\"133\" height=\"18\">\u015eartname<\/td>\n<td style=\"width: 338.25pt;\" width=\"451\">Detaylar<\/td>\n<\/tr>\n<tr style=\"height: 13.50pt;\">\n<td style=\"height: 13.50pt;\" height=\"18\">Kapasite\u200b<\/td>\n<td>1500 ml (50 oz) \/ 2000 ml (64 oz) \/ 3000 ml (100 oz)<\/td>\n<\/tr>\n<tr style=\"height: 13.50pt;\">\n<td style=\"height: 13.50pt;\" height=\"18\">Boyutlar\u200b<\/td>\n<td>11,4\u00d719,5 cm \/ 11,4\u00d725,8 cm \/ 14,2\u00d723,9 cm<\/td>\n<\/tr>\n<tr style=\"height: 13.50pt;\">\n<td style=\"height: 13.50pt;\" height=\"18\">Malzeme<\/td>\n<td>Kal\u0131n \u015eeffaf Cam<\/td>\n<\/tr>\n<tr style=\"height: 13.50pt;\">\n<td style=\"height: 13.50pt;\" height=\"18\">Kapak Tipi\/Rengi<\/td>\n<td>Tel Halkal\u0131 Metal Kelep\u00e7eli Kapak<\/td>\n<\/tr>\n<tr style=\"height: 13.50pt;\">\n<td style=\"height: 13.50pt;\" height=\"18\">\u0130deal Olanlar \u0130\u00e7in<\/td>\n<td>Kapakl\u0131 cam g\u0131da saklama kavanozlar\u0131, cam saklama kavanozlar\u0131<\/td>\n<\/tr>\n<\/tbody>\n<\/table>\n<h2>Ba\u015far\u0131 Hikayesi: Ticari Bir F\u0131r\u0131n \u0130\u00e7in Malzeme \u00c7\u00f6z\u00fcm\u00fc<\/h2>\n<p>H\u0131zl\u0131 bir b\u00fcy\u00fcme d\u00f6neminden ge\u00e7en ve daha verimli bir toplu un ve \u015feker depolama y\u00f6ntemine ihtiya\u00e7 duyan bir el yap\u0131m\u0131 f\u0131r\u0131n, malzemelerini depolamak i\u00e7in 2000 ml&#039;lik b\u00fcy\u00fck kare cam saklama kavanozlar\u0131m\u0131z\u0131 tercih etti. S\u0131zd\u0131rmazl\u0131\u011f\u0131 en \u00f6nemli fakt\u00f6r olarak de\u011ferlendirdiler; bu, unun raf \u00f6mr\u00fcn\u00fc oran\u0131nda uzatmakla kalmay\u0131p ayn\u0131 zamanda zararl\u0131lar\u0131n olu\u015fumunu da tamamen engelledi. Dikd\u00f6rtgen \u015fekli sayesinde ayn\u0131 alanda daha fazla malzeme depolayabildiler ve b\u00f6ylece k\u00fc\u00e7\u00fck mutfak d\u00fczenlerini optimize edebildiler. Sonu\u00e7 olarak, t\u00fcm ma\u011fazalar\u0131nda depolama standardizasyonu sa\u011flad\u0131lar ve 500.000 cam kavanoz i\u00e7in yeniden sipari\u015f verdiler.<\/p>\n<h2>Cam G\u0131da Saklama Kavanozlar\u0131 \u00d6zelle\u015ftirme Se\u00e7enekleri:<\/h2>\n<ul>\n<li>Y\u00fckseltilmi\u015f hacim i\u015faretleri \u2013 Porsiyon kontrol\u00fcn\u00fc kolayla\u015ft\u0131rmak i\u00e7in kal\u0131c\u0131 y\u00fckseltilmi\u015f i\u015faretler ekleyin.<\/li>\n<li>Serigrafi bask\u0131l\u0131 etiketler \u2013 Seramik m\u00fcrekkeple bas\u0131lm\u0131\u015f b\u00fcy\u00fck, dayan\u0131kl\u0131 marka logolar\u0131.<\/li>\n<li>G\u00fc\u00e7lendirilmi\u015f taban tasar\u0131m\u0131 \u2013 Un veya tah\u0131l gibi daha a\u011f\u0131r maddeleri desteklemek i\u00e7in kal\u0131nla\u015ft\u0131r\u0131lm\u0131\u015f cam.<\/li>\n<li>Entegre kulplar \u2013 Dolu kavanozlar\u0131n kolayca tutulabilmesi i\u00e7in iste\u011fe ba\u011fl\u0131 kal\u0131planm\u0131\u015f cam kulplar.<\/li>\n<\/ul>\n<p>Depolama alan\u0131n\u0131z\u0131 daha verimli bir \u015fekilde geni\u015fletmek mi istiyorsunuz? Bu yerden tasarruf sa\u011flayan b\u00fcy\u00fck kare cam saklama kavanozlar\u0131n\u0131n toptan fiyatlar\u0131n\u0131 \u00f6\u011frenmek i\u00e7in bizimle ileti\u015fime ge\u00e7mekten \u00e7ekinmeyin.<\/p>","protected":false},"excerpt":{"rendered":"<p>Kapakl\u0131 dayan\u0131kl\u0131 cam g\u0131da saklama kavanozlar\u0131n\u0131 ve y\u00fcksek kaliteli malzemelerden yap\u0131lm\u0131\u015f b\u00fcy\u00fck kare cam saklama kavanozlar\u0131n\u0131 se\u00e7in - fabrikadan do\u011frudan sat\u0131\u015f. \u00dccretsiz numuneler.<\/p>","protected":false},"featured_media":24166,"template":"","meta":[],"product_brand":[],"product_cat":[122,134,124],"product_tag":[],"class_list":{"0":"post-24163","1":"product","2":"type-product","3":"status-publish","4":"has-post-thumbnail","6":"product_cat-custom-glass-packaging","7":"product_cat-airtight-jars","8":"product_cat-custom-glass-jars","10":"first","11":"instock","12":"shipping-taxable","13":"product-type-simple"},"jetpack_sharing_enabled":true,"_links":{"self":[{"href":"https:\/\/yebodaglass.com\/tr\/wp-json\/wp\/v2\/product\/24163","targetHints":{"allow":["GET"]}}],"collection":[{"href":"https:\/\/yebodaglass.com\/tr\/wp-json\/wp\/v2\/product"}],"about":[{"href":"https:\/\/yebodaglass.com\/tr\/wp-json\/wp\/v2\/types\/product"}],"version-history":[{"count":4,"href":"https:\/\/yebodaglass.com\/tr\/wp-json\/wp\/v2\/product\/24163\/revisions"}],"predecessor-version":[{"id":24190,"href":"https:\/\/yebodaglass.com\/tr\/wp-json\/wp\/v2\/product\/24163\/revisions\/24190"}],"wp:featuredmedia":[{"embeddable":true,"href":"https:\/\/yebodaglass.com\/tr\/wp-json\/wp\/v2\/media\/24166"}],"wp:attachment":[{"href":"https:\/\/yebodaglass.com\/tr\/wp-json\/wp\/v2\/media?parent=24163"}],"wp:term":[{"taxonomy":"product_brand","embeddable":true,"href":"https:\/\/yebodaglass.com\/tr\/wp-json\/wp\/v2\/product_brand?post=24163"},{"taxonomy":"product_cat","embeddable":true,"href":"https:\/\/yebodaglass.com\/tr\/wp-json\/wp\/v2\/product_cat?post=24163"},{"taxonomy":"product_tag","embeddable":true,"href":"https:\/\/yebodaglass.com\/tr\/wp-json\/wp\/v2\/product_tag?post=24163"}],"curies":[{"name":"wp","href":"https:\/\/api.w.org\/{rel}","templated":true}]}}