{"id":24154,"date":"2025-11-28T08:55:51","date_gmt":"2025-11-28T00:55:51","guid":{"rendered":"https:\/\/yebodaglass.com\/?post_type=product&#038;p=24154"},"modified":"2025-11-28T11:44:03","modified_gmt":"2025-11-28T03:44:03","slug":"bulk-clear-square-glass-storage-jars-with-glass-lids","status":"publish","type":"product","link":"https:\/\/yebodaglass.com\/tr\/bulk-clear-square-glass-storage-jars-with-glass-lids\/","title":{"rendered":"Toplu \u015eeffaf Kare Cam Saklama Kavanozlar\u0131 Cam Kapakl\u0131 380ml 500ml 750ml 1000ml"},"content":{"rendered":"<p data-start=\"66\" data-end=\"288\">Bu kare cam saklama kavanozlar\u0131, \u015feffaf camdan yap\u0131lm\u0131\u015ft\u0131r ve d\u00f6rt farkl\u0131 boyutta mevcuttur. Yuvarlak ve kare \u015feklindedirler. Her kavanozla birlikte, basit bir metal \u00e7\u0131t\u00e7\u0131tla tutturulmu\u015f cam bir kapak gelir.<\/p>\n<h2>\u00dcr\u00fcn \u00d6zellikleri<\/h2>\n<ul>\n<li><strong>\u015eeffaf Kare Malzeme:<\/strong> Yuvarlat\u0131lm\u0131\u015f kare k\u00f6\u015feli, tamamen \u015feffaf cam kullan\u0131m\u0131, kavanozlar\u0131n i\u00e7eri\u011fini kolayca g\u00f6rmenizi sa\u011flarken, kavanozlar tamamen silindirik olsalard\u0131 daha fazla depolama alan\u0131 tasarrufu sa\u011flarlard\u0131.<\/li>\n<li><strong>Ge\u00e7meli S\u0131zd\u0131rmazl\u0131k Tasar\u0131m\u0131:<\/strong> Kavanozun \u00fczerindeki metal ge\u00e7meli kapak, m\u00fckemmel s\u0131zd\u0131rmazl\u0131k performans\u0131 sa\u011flayarak \u00fcr\u00fcn\u00fcn nem ve tazeli\u011fini etkili bir \u015fekilde korur. Kab\u0131 a\u00e7\u0131p kapatmak \u00e7ok basit ve rahatt\u0131r.<\/li>\n<li><strong>D\u00f6rt Farkl\u0131 Boyut:<\/strong> D\u00f6rt boyut, \u00e7e\u015fitli boyutlardaki e\u015fyalar\u0131 (\u00f6rne\u011fin, baharatlar\u0131 koymak i\u00e7in k\u00fc\u00e7\u00fck kavanozlar, kurutulmu\u015f g\u0131dalar i\u00e7in b\u00fcy\u00fck kavanozlar) bar\u0131nd\u0131rmay\u0131 ama\u00e7lamaktad\u0131r.<\/li>\n<\/ul>\n<h2 style=\"text-align: left;\">Temel \u00d6zellikler<\/h2>\n<table class=\"aligncenter\" style=\"border-collapse: collapse; width: 435.02pt;\" border=\"0\" width=\"580\" cellspacing=\"0\" cellpadding=\"0\">\n<tbody>\n<tr style=\"height: 13.50pt;\">\n<td style=\"height: 13.50pt; width: 99.75pt;\" width=\"133\" height=\"18\">\u015eartname<\/td>\n<td style=\"width: 335.25pt;\" width=\"447\">Detaylar<\/td>\n<\/tr>\n<tr style=\"height: 13.50pt;\">\n<td style=\"height: 13.50pt;\" height=\"18\">Kapasite\u200b<\/td>\n<td>380ml \/ 500ml \/ 750ml \/ 1000ml<\/td>\n<\/tr>\n<tr style=\"height: 13.50pt;\">\n<td style=\"height: 13.50pt;\" height=\"18\">Boyutlar\u200b<\/td>\n<td>8,7\u00d710 cm \/ 10,8\u00d710 cm \/ 11\u00d712,3 cm \/ 11,3\u00d715 cm<\/td>\n<\/tr>\n<tr style=\"height: 13.50pt;\">\n<td style=\"height: 13.50pt;\" height=\"18\">Malzeme<\/td>\n<td>\u015eeffaf Cam (Kavanoz ve Kapak)<\/td>\n<\/tr>\n<tr style=\"height: 13.50pt;\">\n<td style=\"height: 13.50pt;\" height=\"18\">Kapak Tipi\/Rengi<\/td>\n<td>\u00c7elik Kelep\u00e7eli Cam Kapak<\/td>\n<\/tr>\n<tr style=\"height: 13.50pt;\">\n<td style=\"height: 13.50pt;\" height=\"18\">\u0130deal Olanlar \u0130\u00e7in<\/td>\n<td>Cam saklama kavanozlar\u0131, cam kapakl\u0131 cam saklama kavanozlar\u0131<\/td>\n<\/tr>\n<\/tbody>\n<\/table>\n<h2>Ba\u015far\u0131 \u00d6yk\u00fcs\u00fc: Bir \u00c7ay D\u00fckkan\u0131n\u0131n Sergileme Deneyimi Nas\u0131l Geli\u015ftirildi?<\/h2>\n<p>Pahal\u0131 bir \u00e7ay \u015firketi, \u00fcr\u00fcnlerini hem sergileyecek hem de taze tutacak bir depolama \u00e7\u00f6z\u00fcm\u00fcne ihtiya\u00e7 duyuyordu. \u00c7ay \u015firketi, perakende ma\u011fazalar\u0131nda 500 ml&#039;lik kare cam saklama kavanozlar\u0131m\u0131z\u0131 kullanmaya karar verdi. Kare tasar\u0131m sayesinde \u00e7ay \u015firketi, ayn\u0131 tezgah alan\u0131nda daha fazla \u00fcr\u00fcn sergileyebildi. S\u0131zd\u0131rmazl\u0131k o kadar iyi ki \u00e7ay aylarca taze kal\u0131yor ve b\u00f6ylece at\u0131k oran\u0131nda azal\u0131yor. \u015eirket, bu ba\u015far\u0131n\u0131n ard\u0131ndan yeni sat\u0131\u015f noktalar\u0131 a\u00e7mak i\u00e7in 25.000 cam kavanoz sipari\u015fi verdi.<\/p>\n<h2>Cam Saklama Kavanozlar\u0131 \u00d6zelle\u015ftirme Se\u00e7enekleri<\/h2>\n<ul>\n<li>Serigrafi Bask\u0131l\u0131 Degradeler \u2013 \u00dcr\u00fcn\u00fcn belirtilen miktar\u0131n\u0131 kolayla\u015ft\u0131rmak i\u00e7in kullan\u0131\u015fl\u0131 kapasite i\u015faretleri ekleyin<\/li>\n<li>Renkli Cam Kapaklar \u2013 I\u015f\u0131\u011fa duyarl\u0131 \u00fcr\u00fcnler s\u00f6z konusu oldu\u011funda renkli cam kapaklar kulland\u0131\u011f\u0131n\u0131zdan emin olun.<\/li>\n<li>\u00d6zel Klips Renkleri \u2013 Klipsleriniz i\u00e7in bronz, siyah veya nikel aras\u0131ndan se\u00e7im yapabilirsiniz<\/li>\n<li>Silikon S\u0131zd\u0131rmazl\u0131k Halkas\u0131 Se\u00e7enekleri \u2013 Renk \u015femas\u0131n\u0131 korumak i\u00e7in s\u0131zd\u0131rmazl\u0131k halkas\u0131n\u0131n rengi markan\u0131z\u0131n rengi olabilir<\/li>\n<\/ul>\n<p>Depolama alan\u0131n\u0131z\u0131 en iyi \u015fekilde kullanmak ister misiniz? Cam kapakl\u0131 bu \u015f\u0131k kare cam saklama kavanozlar\u0131 i\u00e7in toptan fiyat teklifi almak \u00fczere hemen bizimle ileti\u015fime ge\u00e7in.<\/p>","protected":false},"excerpt":{"rendered":"<p>Kare cam saklama kavanozlar\u0131m\u0131z ve kapakl\u0131 cam saklama kavanozlar\u0131m\u0131z son derece \u015feffaf, dayan\u0131kl\u0131 ve iyi s\u0131zd\u0131rmazl\u0131k \u00f6zelliklerine sahiptir; \u00fccretsiz numuneler mevcuttur.<\/p>","protected":false},"featured_media":24157,"template":"","meta":[],"product_brand":[],"product_cat":[122,134,124],"product_tag":[],"class_list":{"0":"post-24154","1":"product","2":"type-product","3":"status-publish","4":"has-post-thumbnail","6":"product_cat-custom-glass-packaging","7":"product_cat-airtight-jars","8":"product_cat-custom-glass-jars","10":"first","11":"instock","12":"shipping-taxable","13":"product-type-simple"},"jetpack_sharing_enabled":true,"_links":{"self":[{"href":"https:\/\/yebodaglass.com\/tr\/wp-json\/wp\/v2\/product\/24154","targetHints":{"allow":["GET"]}}],"collection":[{"href":"https:\/\/yebodaglass.com\/tr\/wp-json\/wp\/v2\/product"}],"about":[{"href":"https:\/\/yebodaglass.com\/tr\/wp-json\/wp\/v2\/types\/product"}],"version-history":[{"count":5,"href":"https:\/\/yebodaglass.com\/tr\/wp-json\/wp\/v2\/product\/24154\/revisions"}],"predecessor-version":[{"id":24189,"href":"https:\/\/yebodaglass.com\/tr\/wp-json\/wp\/v2\/product\/24154\/revisions\/24189"}],"wp:featuredmedia":[{"embeddable":true,"href":"https:\/\/yebodaglass.com\/tr\/wp-json\/wp\/v2\/media\/24157"}],"wp:attachment":[{"href":"https:\/\/yebodaglass.com\/tr\/wp-json\/wp\/v2\/media?parent=24154"}],"wp:term":[{"taxonomy":"product_brand","embeddable":true,"href":"https:\/\/yebodaglass.com\/tr\/wp-json\/wp\/v2\/product_brand?post=24154"},{"taxonomy":"product_cat","embeddable":true,"href":"https:\/\/yebodaglass.com\/tr\/wp-json\/wp\/v2\/product_cat?post=24154"},{"taxonomy":"product_tag","embeddable":true,"href":"https:\/\/yebodaglass.com\/tr\/wp-json\/wp\/v2\/product_tag?post=24154"}],"curies":[{"name":"wp","href":"https:\/\/api.w.org\/{rel}","templated":true}]}}