{"id":24141,"date":"2025-11-27T11:41:17","date_gmt":"2025-11-27T03:41:17","guid":{"rendered":"https:\/\/yebodaglass.com\/?post_type=product&#038;p=24141"},"modified":"2025-11-27T18:27:41","modified_gmt":"2025-11-27T10:27:41","slug":"wholesale-clear-large-glass-food-storage-jars","status":"publish","type":"product","link":"https:\/\/yebodaglass.com\/tr\/wholesale-clear-large-glass-food-storage-jars\/","title":{"rendered":"Toptan \u015eeffaf B\u00fcy\u00fck Cam G\u0131da Saklama Kavanozlar\u0131 64oz 100oz"},"content":{"rendered":"<p data-start=\"66\" data-end=\"288\">Bu caml\u0131 b\u00fcy\u00fck cam saklama kavanozlar\u0131, \u015feffaf camdan \u00fcretilmi\u015ftir ve iki zarif, ince ve yuvarlak formda gelir. Her kavanozun metal bir kapa\u011f\u0131 vard\u0131r ve bu da onlar\u0131 mutfakta b\u00fcy\u00fck miktarda yiyece\u011fi saklamak i\u00e7in konforlu bir se\u00e7enek haline getirir.<\/p>\n<h2>\u00dcr\u00fcn \u00d6zellikleri<\/h2>\n<ul>\n<li><strong>B\u00fcy\u00fck Kapasite:<\/strong> Ayn\u0131 \u00fcr\u00fcn\u00fcn b\u00fcy\u00fck miktarda saklanmas\u0131na olanak tan\u0131yan bu kavanozlar\u0131n hacim se\u00e7enekleri 2 litre ve 3 litredir, b\u00f6ylece paketleme ve s\u0131k s\u0131k dolum ihtiyac\u0131 en aza indirilir.<\/li>\n<li><strong>M\u00fckemmel S\u0131zd\u0131rmazl\u0131k:<\/strong> Kelep\u00e7eler ve kau\u00e7uk conta birlikte \u00e7al\u0131\u015farak nemi, zararl\u0131lar\u0131 ve havay\u0131 tamamen d\u0131\u015far\u0131da tutar ve b\u00f6ylece saklama s\u0131ras\u0131nda g\u0131dalar\u0131n bir ay veya daha fazla s\u00fcre taze kalmas\u0131n\u0131 sa\u011flar.<\/li>\n<li><strong>Kolay Doldurma ve Tekrar Doldurma i\u00e7in Geni\u015f A\u011f\u0131z Tasar\u0131m\u0131:<\/strong> Geni\u015f a\u011f\u0131z tasar\u0131m\u0131, b\u00fcy\u00fck elleri olan veya b\u00fcy\u00fck ka\u015f\u0131k kullanan ki\u015filer i\u00e7in bile yiyeceklerin h\u0131zl\u0131 ve kolay bir \u015fekilde doldurulup bo\u015falt\u0131lmas\u0131n\u0131 sa\u011flar.<\/li>\n<\/ul>\n<h2 style=\"text-align: left;\">Temel \u00d6zellikler<\/h2>\n<table class=\"aligncenter\" style=\"border-collapse: collapse; width: 402.77pt;\" border=\"0\" width=\"537\" cellspacing=\"0\" cellpadding=\"0\">\n<tbody>\n<tr style=\"height: 13.50pt;\">\n<td style=\"height: 13.50pt; width: 99.75pt;\" width=\"133\" height=\"18\">\u015eartname<\/td>\n<td style=\"width: 303.00pt;\" width=\"404\">Detaylar<\/td>\n<\/tr>\n<tr style=\"height: 13.50pt;\">\n<td style=\"height: 13.50pt;\" height=\"18\">Kapasite\u200b<\/td>\n<td>2000 ml (64 oz) \/ 3000 ml (100 oz)<\/td>\n<\/tr>\n<tr style=\"height: 13.50pt;\">\n<td style=\"height: 13.50pt;\" height=\"18\">Boyutlar\u200b<\/td>\n<td>12,7\u00d725,3 cm \/ 14,5\u00d726,5 cm<\/td>\n<\/tr>\n<tr style=\"height: 13.50pt;\">\n<td style=\"height: 13.50pt;\" height=\"18\">Malzeme<\/td>\n<td>Kal\u0131n \u015eeffaf Cam<\/td>\n<\/tr>\n<tr style=\"height: 13.50pt;\">\n<td style=\"height: 13.50pt;\" height=\"18\">Kapak Tipi\u200b<\/td>\n<td>Tel Halkal\u0131 Metal Kelep\u00e7eli Kapak (G\u00fcm\u00fc\u015f)<\/td>\n<\/tr>\n<tr style=\"height: 13.50pt;\">\n<td style=\"height: 13.50pt;\" height=\"18\">\u0130deal Olanlar \u0130\u00e7in<\/td>\n<td>B\u00fcy\u00fck cam saklama kavanozlar\u0131, cam g\u0131da saklama kavanozlar\u0131<\/td>\n<\/tr>\n<\/tbody>\n<\/table>\n<h2>Ba\u015far\u0131 Hikayesi: S\u0131f\u0131r At\u0131k Marketinin Ba\u015far\u0131 Hikayesi<\/h2>\n<p>S\u0131f\u0131r at\u0131k uygulayan bir market, toplu g\u0131dalar\u0131n depolanmas\u0131 i\u00e7in pratik ve \u015f\u0131k olmas\u0131 amac\u0131yla, b\u00fcy\u00fck kapasiteli cam g\u0131da saklama kavanozlar\u0131na ihtiya\u00e7 duyuyordu. Tah\u0131l, kuruyemi\u015f ve makarna saklamak i\u00e7in 3 litre kapasiteli b\u00fcy\u00fck cam g\u0131da saklama kavanozlar\u0131m\u0131z\u0131 kulland\u0131lar. M\u00fckemmel s\u0131zd\u0131rmazl\u0131k, \u00fcr\u00fcnlerin raf \u00f6mr\u00fcn\u00fc \u00f6nemli \u00f6l\u00e7\u00fcde uzatt\u0131 ve bu da g\u0131da israf\u0131nda azalma ve yeniden sat\u0131n alma oranlar\u0131nda art\u0131\u015f sa\u011flad\u0131. Olumlu pazar geri bildirimleri sayesinde, ma\u011faza ba\u015fka ma\u011fazalar a\u00e7mak i\u00e7in 500.000 kavanozluk yeni bir sipari\u015f verdi.<\/p>\n<h2>\u00d6zel Cam Saklama Kavanozlar\u0131 \u00c7\u00f6z\u00fcmleri<\/h2>\n<ul>\n<li>Kabartmal\u0131 Kapasite \u0130\u015faretleri \u2013 Derecelendirmeleri y\u00fckselterek kolay ve kal\u0131c\u0131 hale getirin.<\/li>\n<li>Serigrafi Bask\u0131l\u0131 Etiketler \u2013 Marka veya i\u00e7erik etiketlerini net ve belirgin bir \u015fekilde basmak i\u00e7in seramik m\u00fcrekkep kullan\u0131n.<\/li>\n<li>G\u00fc\u00e7lendirilmi\u015f Taban \u2013 A\u011f\u0131r e\u015fyalar\u0131 ta\u015f\u0131yabilmek i\u00e7in daha kal\u0131n cam taban.<\/li>\n<li>Entegre Sap \u2013 Kolay ta\u015f\u0131ma i\u00e7in entegre cam sap ile donat\u0131labilir.<\/li>\n<\/ul>","protected":false},"excerpt":{"rendered":"<p>B\u00fcy\u00fck cam saklama kavanozlar\u0131m\u0131z ve b\u00fcy\u00fck cam g\u0131da saklama kavanozlar\u0131m\u0131z kristal berrakl\u0131\u011f\u0131nda, dayan\u0131kl\u0131d\u0131r ve kiler malzemelerini ve malzemelerini saklamak i\u00e7in idealdir. \u00dccretsiz numuneler.<\/p>","protected":false},"featured_media":24152,"template":"","meta":[],"product_brand":[],"product_cat":[122,134,124],"product_tag":[],"class_list":{"0":"post-24141","1":"product","2":"type-product","3":"status-publish","4":"has-post-thumbnail","6":"product_cat-custom-glass-packaging","7":"product_cat-airtight-jars","8":"product_cat-custom-glass-jars","10":"first","11":"instock","12":"shipping-taxable","13":"product-type-simple"},"jetpack_sharing_enabled":true,"_links":{"self":[{"href":"https:\/\/yebodaglass.com\/tr\/wp-json\/wp\/v2\/product\/24141","targetHints":{"allow":["GET"]}}],"collection":[{"href":"https:\/\/yebodaglass.com\/tr\/wp-json\/wp\/v2\/product"}],"about":[{"href":"https:\/\/yebodaglass.com\/tr\/wp-json\/wp\/v2\/types\/product"}],"version-history":[{"count":3,"href":"https:\/\/yebodaglass.com\/tr\/wp-json\/wp\/v2\/product\/24141\/revisions"}],"predecessor-version":[{"id":24153,"href":"https:\/\/yebodaglass.com\/tr\/wp-json\/wp\/v2\/product\/24141\/revisions\/24153"}],"wp:featuredmedia":[{"embeddable":true,"href":"https:\/\/yebodaglass.com\/tr\/wp-json\/wp\/v2\/media\/24152"}],"wp:attachment":[{"href":"https:\/\/yebodaglass.com\/tr\/wp-json\/wp\/v2\/media?parent=24141"}],"wp:term":[{"taxonomy":"product_brand","embeddable":true,"href":"https:\/\/yebodaglass.com\/tr\/wp-json\/wp\/v2\/product_brand?post=24141"},{"taxonomy":"product_cat","embeddable":true,"href":"https:\/\/yebodaglass.com\/tr\/wp-json\/wp\/v2\/product_cat?post=24141"},{"taxonomy":"product_tag","embeddable":true,"href":"https:\/\/yebodaglass.com\/tr\/wp-json\/wp\/v2\/product_tag?post=24141"}],"curies":[{"name":"wp","href":"https:\/\/api.w.org\/{rel}","templated":true}]}}