{"id":24128,"date":"2025-11-28T12:00:50","date_gmt":"2025-11-28T04:00:50","guid":{"rendered":"https:\/\/yebodaglass.com\/?post_type=product&#038;p=24128"},"modified":"2026-04-14T13:10:55","modified_gmt":"2026-04-14T05:10:55","slug":"custom-clear-water-bottle-with-sleeve-wholesale","status":"publish","type":"product","link":"https:\/\/yebodaglass.com\/tr\/custom-clear-water-bottle-with-sleeve-wholesale\/","title":{"rendered":"\u00d6zel \u015eeffaf Su \u015ei\u015fesi ve K\u0131l\u0131f\u0131 Toptan 550ml \u2013 1000ml"},"content":{"rendered":"<p>\u015eeffaf su \u015fi\u015fesi tasar\u0131m\u0131, g\u0131da s\u0131n\u0131f\u0131 borosilikat camdan \u00fcretilmi\u015f basit silindirik bir \u015fekle sahiptir. Cam g\u00f6vde, s\u0131zd\u0131rmaz ve hava ge\u00e7irmez bir bariyer olu\u015fturan g\u0131da s\u0131n\u0131f\u0131 silikon s\u0131zd\u0131rmazl\u0131k halkas\u0131 i\u00e7eren g\u00fcm\u00fc\u015f renkli metal vidal\u0131 kapa\u011fa sahip p\u00fcr\u00fczs\u00fcz bir y\u00fczeye sahiptir.<\/p>\n<h2>\u00dcr\u00fcn \u00d6zellikleri<\/h2>\n<p><strong>Dayan\u0131kl\u0131 Borosilikat Cam<\/strong><\/p>\n<p>Is\u0131 \u015fokuna maruz kalmaz, dondurucuya veya bula\u015f\u0131k makinesine koyulabilir ve uzun s\u00fcreli kullan\u0131ma uygundur.<\/p>\n<p><strong>Geni\u015f 38 mm A\u00e7\u0131kl\u0131k<\/strong><\/p>\n<p>Doldurma, temizleme ve d\u00f6kme i\u015flemleri olduk\u00e7a kolay hale getirilmi\u015ftir; g\u00fcnl\u00fck su t\u00fcketimi veya spor \u015fi\u015feleri i\u00e7in idealdir.<\/p>\n<p><strong>\u00d6zelle\u015ftirilebilir Kol Tasar\u0131m\u0131<\/strong><\/p>\n<p>Logonuzu silikon k\u0131l\u0131f\u0131n \u00fczerine yerle\u015ftirin; \u015feffaf su \u015fi\u015fenizin bir haf\u0131za markas\u0131 olmas\u0131na yard\u0131mc\u0131 olur.<\/p>\n<h2>Temel \u00d6zellikler<\/h2>\n<table style=\"border-collapse: collapse; width: 80%; margin-left: auto; margin-right: auto;\" border=\"0\" width=\"360\" cellspacing=\"0\" cellpadding=\"0\">\n<tbody>\n<tr style=\"height: 13.50pt;\">\n<td style=\"height: 13.5pt; width: 54pt; text-align: center;\" width=\"72\" height=\"18\">Kapasite(ml)<\/td>\n<td style=\"width: 54pt; text-align: center;\" width=\"72\">Boyut (cm)<\/td>\n<td style=\"width: 54pt; text-align: center;\" width=\"72\">\u00c7ap<\/td>\n<td style=\"width: 54pt; text-align: center;\" width=\"72\">Malzeme<\/td>\n<td style=\"width: 54pt; text-align: center;\" width=\"72\">Renk<\/td>\n<\/tr>\n<tr style=\"height: 13.50pt;\">\n<td style=\"height: 13.5pt; text-align: center;\" align=\"right\" height=\"18\">550<\/td>\n<td style=\"text-align: center;\">6.6&#215;23.0<\/td>\n<td class=\"et2\" style=\"text-align: center;\" rowspan=\"3\">38 mm<\/td>\n<td class=\"et2\" style=\"text-align: center;\" rowspan=\"3\">Borosilikat<\/td>\n<td class=\"et2\" style=\"text-align: center;\" rowspan=\"3\">Temizlemek<\/td>\n<\/tr>\n<tr style=\"height: 13.50pt;\">\n<td style=\"height: 13.5pt; text-align: center;\" align=\"right\" height=\"18\">750<\/td>\n<td style=\"text-align: center;\">7.0&#215;27.2<\/td>\n<\/tr>\n<tr style=\"height: 13.50pt;\">\n<td style=\"height: 13.5pt; text-align: center;\" align=\"right\" height=\"18\">1000<\/td>\n<td style=\"text-align: center;\">7.9&#215;29.1<\/td>\n<\/tr>\n<\/tbody>\n<\/table>\n<h2>Ba\u015far\u0131 \u00d6yk\u00fcs\u00fc: Ulusal Sa\u011fl\u0131k Abonelik Kutusu \u00d6zel Sipari\u015fi<\/h2>\n<p>ABD merkezli sa\u011fl\u0131k abonelik \u015firketi, neopren k\u0131l\u0131f ve lazerle i\u015flenmi\u015f ilham verici slogan kullanarak \u00f6zelle\u015ftirdikleri 500 ml&#039;lik k\u0131l\u0131fl\u0131 su \u015fi\u015femizi se\u00e7ti. K\u0131l\u0131fl\u0131 \u015fi\u015fe sistemi, m\u00fc\u015fterilerin dayan\u0131kl\u0131 borosilikat cam tasar\u0131m\u0131 sayesinde korumal\u0131 ve korumas\u0131z cam \u015fi\u015feler aras\u0131ndaki k\u0131r\u0131lmalar\u0131n &#039;ini \u00f6nlemesi nedeniyle y\u00fcksek performans g\u00f6sterdi. \u015ei\u015fe tasar\u0131m\u0131, lezzeti korurken kolay temizlik imkan\u0131 sa\u011fl\u0131yor ve bu da abonelerin g\u00fcn boyunca oran\u0131nda \u015fi\u015feyi kullanmas\u0131n\u0131 sa\u011fl\u0131yor. Mevcut \u00fcr\u00fcnleriyle ba\u015far\u0131 elde ettikten sonra, yeni fonksiyonel i\u00e7ecek tozu serilerini desteklemek i\u00e7in 380.000 adet daha \u015fi\u015fe sipari\u015f ettiler.<\/p>\n<h2>\u015eeffaf Su \u015ei\u015fesi Ki\u015fiselle\u015ftirme Se\u00e7enekleri<\/h2>\n<ul>\n<li>Kapak Tasar\u0131m\u0131: \u00dcr\u00fcn, siyah, alt\u0131n, rose gold ve bambu malzemeler dahil olmak \u00fczere \u00e7e\u015fitli metal kaplama se\u00e7enekleri sunmaktad\u0131r.<\/li>\n<li>Ki\u015fiselle\u015ftirilebilir \u015fi\u015fe k\u0131l\u0131flar\u0131: \u00dcr\u00fcn, neopren, silikon ve kuma\u015f olmak \u00fczere \u00fc\u00e7 farkl\u0131 k\u0131l\u0131f malzemesi sunarken, m\u00fc\u015fteriler \u00e7e\u015fitli renk se\u00e7enekleri, desen tasar\u0131mlar\u0131 ve logo bask\u0131s\u0131 aras\u0131ndan se\u00e7im yapabilirler.<\/li>\n<li>Aksesuarlar: Temizleme f\u0131r\u00e7alar\u0131, meyve \u0131slatma aparatlar\u0131 veya ta\u015f\u0131ma ask\u0131lar\u0131yla uyumludur.<\/li>\n<\/ul>","protected":false},"excerpt":{"rendered":"<p>Daha iyi koruma i\u00e7in k\u0131l\u0131fl\u0131 \u015feffaf su \u015fi\u015fesi. Fabrikadan do\u011frudan tedarik, haz\u0131r stok ve h\u0131zl\u0131 kargo, toplu sipari\u015fler ve perakende dolum i\u00e7in idealdir.<\/p>","protected":false},"featured_media":24129,"template":"","meta":[],"product_brand":[],"product_cat":[136,123,122],"product_tag":[],"class_list":{"0":"post-24128","1":"product","2":"type-product","3":"status-publish","4":"has-post-thumbnail","6":"product_cat-glass-water-bottles","7":"product_cat-custom-glass-bottles","8":"product_cat-custom-glass-packaging","10":"first","11":"instock","12":"shipping-taxable","13":"product-type-simple"},"jetpack_sharing_enabled":true,"_links":{"self":[{"href":"https:\/\/yebodaglass.com\/tr\/wp-json\/wp\/v2\/product\/24128","targetHints":{"allow":["GET"]}}],"collection":[{"href":"https:\/\/yebodaglass.com\/tr\/wp-json\/wp\/v2\/product"}],"about":[{"href":"https:\/\/yebodaglass.com\/tr\/wp-json\/wp\/v2\/types\/product"}],"version-history":[{"count":5,"href":"https:\/\/yebodaglass.com\/tr\/wp-json\/wp\/v2\/product\/24128\/revisions"}],"predecessor-version":[{"id":25780,"href":"https:\/\/yebodaglass.com\/tr\/wp-json\/wp\/v2\/product\/24128\/revisions\/25780"}],"wp:featuredmedia":[{"embeddable":true,"href":"https:\/\/yebodaglass.com\/tr\/wp-json\/wp\/v2\/media\/24129"}],"wp:attachment":[{"href":"https:\/\/yebodaglass.com\/tr\/wp-json\/wp\/v2\/media?parent=24128"}],"wp:term":[{"taxonomy":"product_brand","embeddable":true,"href":"https:\/\/yebodaglass.com\/tr\/wp-json\/wp\/v2\/product_brand?post=24128"},{"taxonomy":"product_cat","embeddable":true,"href":"https:\/\/yebodaglass.com\/tr\/wp-json\/wp\/v2\/product_cat?post=24128"},{"taxonomy":"product_tag","embeddable":true,"href":"https:\/\/yebodaglass.com\/tr\/wp-json\/wp\/v2\/product_tag?post=24128"}],"curies":[{"name":"wp","href":"https:\/\/api.w.org\/{rel}","templated":true}]}}