{"id":24111,"date":"2025-11-27T12:00:19","date_gmt":"2025-11-27T04:00:19","guid":{"rendered":"https:\/\/yebodaglass.com\/?post_type=product&#038;p=24111"},"modified":"2026-04-13T09:34:01","modified_gmt":"2026-04-13T01:34:01","slug":"28mm-diameter-custom-water-bottles-bulk","status":"publish","type":"product","link":"https:\/\/yebodaglass.com\/tr\/28mm-diameter-custom-water-bottles-bulk\/","title":{"rendered":"28 mm \u00c7apl\u0131 \u00d6zel Su \u015ei\u015feleri Toplu 280 ml - 1000 ml"},"content":{"rendered":"<p>\u00d6zel tasar\u0131m su \u015fi\u015feleri, silindirik \u015fekilleriyle modern minimalist tasar\u0131m gereksinimlerini kar\u015f\u0131layan bir tasar\u0131ma sahiptir. \u015ei\u015feler, y\u00fcksek dayan\u0131kl\u0131l\u0131k ve termal \u015fok korumas\u0131 sa\u011flayan \u015feffaf borosilikat camdan \u00fcretilmi\u015ftir. Sistem, etkili bir s\u0131zd\u0131rma mekanizmas\u0131 olu\u015fturan parlak g\u00fcm\u00fc\u015f metal vidal\u0131 kapakla birlikte standart bir di\u015fli ba\u011flant\u0131 kullan\u0131r.<\/p>\n<h2>\u00dcr\u00fcn \u00d6zellikleri<\/h2>\n<ul>\n<li><strong>Minimalist Silindirik Tasar\u0131m:<\/strong> D\u00fcz duvarl\u0131 cam silindir, temel tasar\u0131m\u0131n\u0131 korurken temizlenebilen ve etiketlenebilen cam kab\u0131 tutmak i\u00e7in kolay bir yol sa\u011flar.<\/li>\n<li><strong>Dayan\u0131kl\u0131 Borosilikat Cam:<\/strong> Borosilikat cam malzeme, termal \u015fok direnci sa\u011flayarak hem s\u0131cak hem de so\u011fuk i\u00e7ecekleri koku tutmadan g\u00fcvenli bir \u015fekilde muhafaza etmeyi m\u00fcmk\u00fcn k\u0131lar.<\/li>\n<li><strong>\u015e\u0131k Metal Vidal\u0131 Kapak:<\/strong> Parlak y\u00fczeyli g\u00fcm\u00fc\u015f metal kapak, modern bir g\u00f6r\u00fcn\u00fcm yarat\u0131rken g\u00fcvenli s\u0131zd\u0131rmazl\u0131k mekanizmas\u0131 sayesinde s\u0131z\u0131nt\u0131lara kar\u015f\u0131 koruma sa\u011flar.<\/li>\n<\/ul>\n<h2>Temel \u00d6zellikler<\/h2>\n<table style=\"border-collapse: collapse; width: 80%; margin-left: auto; margin-right: auto;\" border=\"0\" width=\"360\" cellspacing=\"0\" cellpadding=\"0\">\n<tbody>\n<tr style=\"height: 13.50pt;\">\n<td style=\"height: 13.5pt; width: 54pt; text-align: center;\" width=\"72\" height=\"18\">Kapasite(ml)<\/td>\n<td style=\"width: 54pt; text-align: center;\" width=\"72\">Boyut (cm)<\/td>\n<td style=\"width: 54pt; text-align: center;\" width=\"72\">\u00c7ap(mm)<\/td>\n<td style=\"width: 54pt; text-align: center;\" width=\"72\">Malzeme<\/td>\n<td style=\"width: 54pt; text-align: center;\" width=\"72\">Renk<\/td>\n<\/tr>\n<tr style=\"height: 13.50pt;\">\n<td style=\"height: 13.5pt; text-align: center;\" align=\"right\" height=\"18\">280<\/td>\n<td style=\"text-align: center;\">5,5 x 17,5<\/td>\n<td class=\"et2\" style=\"text-align: center;\" rowspan=\"6\">28<\/td>\n<td class=\"et2\" style=\"text-align: center;\" rowspan=\"6\">Borosilikat<\/td>\n<td class=\"et2\" style=\"text-align: center;\" rowspan=\"6\">Temizle veya \u00d6zel<\/td>\n<\/tr>\n<tr style=\"height: 13.50pt;\">\n<td style=\"height: 13.5pt; text-align: center;\" align=\"right\" height=\"18\">360<\/td>\n<td style=\"text-align: center;\">6,0 x 19,0<\/td>\n<\/tr>\n<tr style=\"height: 13.50pt;\">\n<td style=\"height: 13.5pt; text-align: center;\" align=\"right\" height=\"18\">450<\/td>\n<td style=\"text-align: center;\">6,6 x 21,5<\/td>\n<\/tr>\n<tr style=\"height: 13.50pt;\">\n<td style=\"height: 13.5pt; text-align: center;\" align=\"right\" height=\"18\">550<\/td>\n<td style=\"text-align: center;\">6,6 x 22,5<\/td>\n<\/tr>\n<tr style=\"height: 13.50pt;\">\n<td style=\"height: 13.5pt; text-align: center;\" align=\"right\" height=\"18\">750<\/td>\n<td style=\"text-align: center;\">7,0 x 25,9<\/td>\n<\/tr>\n<tr style=\"height: 13.50pt;\">\n<td style=\"height: 13.5pt; text-align: center;\" align=\"right\" height=\"18\">1000<\/td>\n<td style=\"text-align: center;\">7,9 x 27,8<\/td>\n<\/tr>\n<\/tbody>\n<\/table>\n<h2>Ba\u015far\u0131 \u00d6yk\u00fcs\u00fc: Bat\u0131 Yakas\u0131 Sa\u011fl\u0131kl\u0131 Ya\u015fam Markas\u0131ndan \u00d6zel Sipari\u015f<\/h2>\n<p>Kaliforniya merkezli bir sa\u011fl\u0131kl\u0131 ya\u015fam abonelik kutusu \u015firketi, kendi tasarlad\u0131klar\u0131 ve siyah silikon k\u0131l\u0131flarla kaplad\u0131klar\u0131 500 ml&#039;lik \u00f6zel su \u015fi\u015felerimizi tercih etti. \u00d6zel \u015fi\u015feler ola\u011fan\u00fcst\u00fc sonu\u00e7lar verdi \u00e7\u00fcnk\u00fc m\u00fc\u015fteriler, borosilikat cam malzemenin standart soda-kire\u00e7 cam \u015fi\u015felere g\u00f6re daha d\u00fc\u015f\u00fck k\u0131r\u0131lma oran\u0131na sahip oldu\u011funu belirtti. Ki\u015fiselle\u015ftirilmi\u015f etkile\u015fimlerle birlikte birinci s\u0131n\u0131f hizmeti deneyimleyen abonelerin sadakatinde &#039;l\u0131k bir art\u0131\u015f g\u00f6r\u00fcld\u00fc. \u015eirket, adaptogen i\u00e7eren i\u00e7ecekleri de kapsayan \u00fcr\u00fcn yelpazesini desteklemek i\u00e7in 350.000 su \u015fi\u015fesi sat\u0131n alarak daha da b\u00fcy\u00fck bir ba\u015far\u0131 elde etti.<\/p>\n<h2>Toplu Su \u015ei\u015feleri \u0130\u00e7in \u00d6zelle\u015ftirme \u00d6nerileri<\/h2>\n<ul>\n<li>Kapak Tasar\u0131m\u0131: \u00dcr\u00fcn, alt\u0131n, rose gold, siyah ve bak\u0131r gibi \u00e7e\u015fitli metal kaplama se\u00e7eneklerinin yan\u0131 s\u0131ra bambu malzeme se\u00e7ene\u011fi de sunmaktad\u0131r.<\/li>\n<li>Aksesuarlar: M\u00fc\u015fteriler, daha iyi kavrama ve yal\u0131t\u0131m sa\u011flayan silikon k\u0131l\u0131flar veya \u00f6zel tasar\u0131ml\u0131 tutacaklar aras\u0131nda se\u00e7im yapabilirler.<\/li>\n<li>Dahili Filtre: \u00dcr\u00fcn, eklenen meyve, bitki ve \u00e7aylar\u0131 filtrelemek i\u00e7in cam veya paslanmaz \u00e7elikten yap\u0131lm\u0131\u015f \u00e7\u0131kar\u0131labilir bir filtreye sahiptir.<\/li>\n<\/ul>","protected":false},"excerpt":{"rendered":"<p>28 mm \u00e7apl\u0131 \u00f6zel su \u015fi\u015felerinin do\u011frudan fabrikadan tedariki, \u00e7e\u015fitli i\u00e7ecek dolum ihtiya\u00e7lar\u0131 i\u00e7in g\u00fcvenilir bir toplu su \u015fi\u015fesi \u00e7\u00f6z\u00fcm\u00fc sunar. \u00dccretsiz numune.<\/p>","protected":false},"featured_media":24112,"template":"","meta":[],"product_brand":[],"product_cat":[136,123,122],"product_tag":[],"class_list":{"0":"post-24111","1":"product","2":"type-product","3":"status-publish","4":"has-post-thumbnail","6":"product_cat-glass-water-bottles","7":"product_cat-custom-glass-bottles","8":"product_cat-custom-glass-packaging","10":"first","11":"instock","12":"shipping-taxable","13":"product-type-simple"},"jetpack_sharing_enabled":true,"_links":{"self":[{"href":"https:\/\/yebodaglass.com\/tr\/wp-json\/wp\/v2\/product\/24111","targetHints":{"allow":["GET"]}}],"collection":[{"href":"https:\/\/yebodaglass.com\/tr\/wp-json\/wp\/v2\/product"}],"about":[{"href":"https:\/\/yebodaglass.com\/tr\/wp-json\/wp\/v2\/types\/product"}],"version-history":[{"count":5,"href":"https:\/\/yebodaglass.com\/tr\/wp-json\/wp\/v2\/product\/24111\/revisions"}],"predecessor-version":[{"id":25752,"href":"https:\/\/yebodaglass.com\/tr\/wp-json\/wp\/v2\/product\/24111\/revisions\/25752"}],"wp:featuredmedia":[{"embeddable":true,"href":"https:\/\/yebodaglass.com\/tr\/wp-json\/wp\/v2\/media\/24112"}],"wp:attachment":[{"href":"https:\/\/yebodaglass.com\/tr\/wp-json\/wp\/v2\/media?parent=24111"}],"wp:term":[{"taxonomy":"product_brand","embeddable":true,"href":"https:\/\/yebodaglass.com\/tr\/wp-json\/wp\/v2\/product_brand?post=24111"},{"taxonomy":"product_cat","embeddable":true,"href":"https:\/\/yebodaglass.com\/tr\/wp-json\/wp\/v2\/product_cat?post=24111"},{"taxonomy":"product_tag","embeddable":true,"href":"https:\/\/yebodaglass.com\/tr\/wp-json\/wp\/v2\/product_tag?post=24111"}],"curies":[{"name":"wp","href":"https:\/\/api.w.org\/{rel}","templated":true}]}}