{"id":24110,"date":"2025-11-27T09:30:57","date_gmt":"2025-11-27T01:30:57","guid":{"rendered":"https:\/\/yebodaglass.com\/?post_type=product&#038;p=24110"},"modified":"2025-11-27T10:43:48","modified_gmt":"2025-11-27T02:43:48","slug":"bulk-round-glass-pantry-storage-jars-with-airtight-lids","status":"publish","type":"product","link":"https:\/\/yebodaglass.com\/tr\/bulk-round-glass-pantry-storage-jars-with-airtight-lids\/","title":{"rendered":"Hava Ge\u00e7irmez Kapakl\u0131 Toplu Yuvarlak Cam Kiler Saklama Kavanozlar\u0131 150ml 380ml 500ml"},"content":{"rendered":"<p data-start=\"66\" data-end=\"288\">Bu cam kiler saklama kavanozlar\u0131, tamamen \u015feffaf camdan yap\u0131lm\u0131\u015f, sade ama \u015f\u0131k, p\u00fcr\u00fczs\u00fcz, yuvarlak bir tasar\u0131ma sahiptir. Her kavanozla birlikte \u015f\u0131k, metal, ge\u00e7meli cam kapak ve s\u0131zd\u0131rmaz kapak verilir. Yumu\u015fak ve kavisli formu, herhangi bir saklama dolab\u0131n\u0131n karanl\u0131k k\u00f6\u015fesini ayd\u0131nlatacakt\u0131r.<\/p>\n<h2>\u00dcr\u00fcn \u00d6zellikleri<\/h2>\n<ul>\n<li><strong>Ge\u00e7meli S\u0131zd\u0131rmazl\u0131k Tasar\u0131m\u0131:<\/strong> \u00dczerine tak\u0131lan metal ge\u00e7meli kapak, iyi bir s\u0131zd\u0131rmazl\u0131k performans\u0131 sa\u011flayarak nemin i\u00e7eri girmesini etkili bir \u015fekilde \u00f6nler ve saklanan e\u015fyalar\u0131n taze kalmas\u0131n\u0131 sa\u011flar. Kapatma ve a\u00e7ma i\u015flemi olduk\u00e7a basittir ve saniyeler i\u00e7inde yap\u0131labilir.<\/li>\n<li><strong>Geni\u015f Taban Tasar\u0131m\u0131na Sahip \u00c7e\u015fitli Boyutlar:<\/strong> K\u00fc\u00e7\u00fck, orta ve b\u00fcy\u00fck boy se\u00e7enekleriyle gelen yuvarlak saklama kavanozlar\u0131, farkl\u0131 boyutlardaki e\u015fyalar i\u00e7in kullan\u0131labilir ve \u015f\u0131k tasar\u0131m\u0131yla da g\u00f6z doldurur.<\/li>\n<li><strong>Rahat ve G\u00fcvenli:<\/strong> Kutunun geni\u015f taban\u0131 onu olduk\u00e7a sa\u011flam k\u0131lar ve devrilme olas\u0131l\u0131\u011f\u0131 daha d\u00fc\u015f\u00fckt\u00fcr. Kavanozun p\u00fcr\u00fczs\u00fcz yuvarlak hatlar\u0131 yerden tasarruf sa\u011flar ve mutfaklar, tezgahlar ve di\u011fer depolama ortamlar\u0131 i\u00e7in idealdir.<\/li>\n<\/ul>\n<h2 style=\"text-align: left;\">Temel \u00d6zellikler<\/h2>\n<table class=\"aligncenter\" style=\"border-collapse: collapse; width: 521.27pt;\" border=\"0\" width=\"695\" cellspacing=\"0\" cellpadding=\"0\">\n<tbody>\n<tr style=\"height: 13.50pt;\">\n<td style=\"height: 13.50pt; width: 99.75pt;\" width=\"133\" height=\"18\">\u00d6zellik<\/td>\n<td style=\"width: 421.50pt;\" width=\"562\">Detaylar<\/td>\n<\/tr>\n<tr style=\"height: 13.50pt;\">\n<td style=\"height: 13.50pt;\" height=\"18\">Boyutlar<\/td>\n<td>150 ml: 7,6 \u00d7 7,8 cm \/ 380 ml: 9,5 \u00d7 9,8 cm \/ 500 ml: 11 \u00d7 10,5 cm<\/td>\n<\/tr>\n<tr style=\"height: 13.50pt;\">\n<td style=\"height: 13.50pt;\" height=\"18\">Malzeme<\/td>\n<td>\u015eeffaf soda-kire\u00e7 cam kavanoz + temperli cam kapak<\/td>\n<\/tr>\n<tr style=\"height: 13.50pt;\">\n<td style=\"height: 13.50pt;\" height=\"18\">Uygun Olanlar<\/td>\n<td>hava ge\u00e7irmez kapakl\u0131 cam kavanoz, cam saklama kavanozlar\u0131<\/td>\n<\/tr>\n<\/tbody>\n<\/table>\n<h2>Ba\u015far\u0131 Hikayesi: Bir Gurme \u015eirketinin Perakende Ba\u015far\u0131 Hikayesi<\/h2>\n<p>\u00d6zel bir g\u0131da \u015firketi, \u00fcr\u00fcnlerini rakip kurabiye ve at\u0131\u015ft\u0131rmal\u0131k raflar\u0131nda \u00f6ne \u00e7\u0131karacak bir ambalaj aray\u0131\u015f\u0131ndayd\u0131. Sonu\u00e7 olarak, l\u00fcks \u00fcr\u00fcn serileri i\u00e7in 500 ml&#039;lik cam saklama kavanozlar\u0131m\u0131z\u0131 tercih ettiler. S\u0131zd\u0131rmaz kapa\u011f\u0131n rol\u00fc en \u00f6nemlisiydi; unlu mamullerin raf \u00f6mr\u00fcn\u00fc oran\u0131nda uzat\u0131yordu. Markalar\u0131yla hemen \u00f6zde\u015fle\u015fen sevimli &#034;tombul&#034; g\u00f6r\u00fcn\u00fcm, anl\u0131k sat\u0131n al\u0131mlar\u0131n\u0131 art\u0131rd\u0131. Bu ola\u011fan\u00fcst\u00fc performans\u0131n \u0131\u015f\u0131\u011f\u0131nda, ulusal perakende zincirine do\u011fru geni\u015flemelerini s\u00fcrd\u00fcrmek i\u00e7in 300.000&#039;den fazla kavanozluk ek sipari\u015f verdiler.<\/p>\n<h2>Cam Saklama Kavanozlar\u0131 \u00d6zelle\u015ftirme Se\u00e7enekleri<\/h2>\n<ul>\n<li>Buzlu Cam Kaplama \u2013 Asit a\u015f\u0131nd\u0131rma i\u015fleminin sonucunda \u015f\u0131k mat bir g\u00f6r\u00fcn\u00fcm elde edilir.<\/li>\n<li>Renkli S\u0131zd\u0131rmazl\u0131k Halkas\u0131 Se\u00e7enekleri \u2013 Silikon s\u0131zd\u0131rmazl\u0131k halkalar\u0131 markan\u0131z\u0131n renklerinde mevcuttur.<\/li>\n<li>Kapasite Izgaras\u0131 \u2013 Kullan\u0131c\u0131n\u0131n rahat takibi i\u00e7in kullan\u0131\u015fl\u0131 derecelendirmeler koyun.<\/li>\n<li>\u00d6zel \u015eekil \u2013 Farkl\u0131 bir marka imaj\u0131 sunmak i\u00e7in &#034;tombul&#034; \u015feklin e\u011frili\u011finin derecesini de\u011fi\u015ftirin.<\/li>\n<li>Mat Kaplama \u2013 S\u00fcrekli kavrama ve g\u00f6rsel zevk i\u00e7in t\u00fcm y\u00fczeyi kaplayan yumu\u015fak dokunu\u015flu kaplama.<\/li>\n<\/ul>\n<p>Depolama alan\u0131n\u0131z\u0131 renklendirmek ister misiniz? Hava ge\u00e7irmez kapakl\u0131 bu muhte\u015fem cam kavanozun toptan fiyat\u0131na ula\u015fmak i\u00e7in bug\u00fcn bizimle ileti\u015fime ge\u00e7ebilirsiniz.<\/p>","protected":false},"excerpt":{"rendered":"<p>Hava ge\u00e7irmez kapakl\u0131 cam kavanozlar\u0131m\u0131zla kilerinizi d\u00fczenli tutun. Dayan\u0131kl\u0131 ve temiz cam kiler saklama kavanozlar\u0131, h\u0131zl\u0131 kargo se\u00e7ene\u011fiyle \u00e7e\u015fitli boyutlarda mevcuttur.<\/p>","protected":false},"featured_media":24120,"template":"","meta":[],"product_brand":[],"product_cat":[122,134,124],"product_tag":[],"class_list":{"0":"post-24110","1":"product","2":"type-product","3":"status-publish","4":"has-post-thumbnail","6":"product_cat-custom-glass-packaging","7":"product_cat-airtight-jars","8":"product_cat-custom-glass-jars","10":"first","11":"instock","12":"shipping-taxable","13":"product-type-simple"},"jetpack_sharing_enabled":true,"_links":{"self":[{"href":"https:\/\/yebodaglass.com\/tr\/wp-json\/wp\/v2\/product\/24110","targetHints":{"allow":["GET"]}}],"collection":[{"href":"https:\/\/yebodaglass.com\/tr\/wp-json\/wp\/v2\/product"}],"about":[{"href":"https:\/\/yebodaglass.com\/tr\/wp-json\/wp\/v2\/types\/product"}],"version-history":[{"count":4,"href":"https:\/\/yebodaglass.com\/tr\/wp-json\/wp\/v2\/product\/24110\/revisions"}],"predecessor-version":[{"id":24188,"href":"https:\/\/yebodaglass.com\/tr\/wp-json\/wp\/v2\/product\/24110\/revisions\/24188"}],"wp:featuredmedia":[{"embeddable":true,"href":"https:\/\/yebodaglass.com\/tr\/wp-json\/wp\/v2\/media\/24120"}],"wp:attachment":[{"href":"https:\/\/yebodaglass.com\/tr\/wp-json\/wp\/v2\/media?parent=24110"}],"wp:term":[{"taxonomy":"product_brand","embeddable":true,"href":"https:\/\/yebodaglass.com\/tr\/wp-json\/wp\/v2\/product_brand?post=24110"},{"taxonomy":"product_cat","embeddable":true,"href":"https:\/\/yebodaglass.com\/tr\/wp-json\/wp\/v2\/product_cat?post=24110"},{"taxonomy":"product_tag","embeddable":true,"href":"https:\/\/yebodaglass.com\/tr\/wp-json\/wp\/v2\/product_tag?post=24110"}],"curies":[{"name":"wp","href":"https:\/\/api.w.org\/{rel}","templated":true}]}}