{"id":24100,"date":"2025-11-26T12:11:49","date_gmt":"2025-11-26T04:11:49","guid":{"rendered":"https:\/\/yebodaglass.com\/?post_type=product&#038;p=24100"},"modified":"2026-04-15T15:15:39","modified_gmt":"2026-04-15T07:15:39","slug":"bulk-food-storage-glass-jars-with-airtight-clamp-lids","status":"publish","type":"product","link":"https:\/\/yebodaglass.com\/tr\/bulk-food-storage-glass-jars-with-airtight-clamp-lids\/","title":{"rendered":"Hava Ge\u00e7irmez Kilitli Kapakl\u0131, 80 ml - 350 ml Aras\u0131 B\u00fcy\u00fck Boy G\u0131da Saklama Cam Kavanozlar\u0131"},"content":{"rendered":"<p data-start=\"66\" data-end=\"288\">Saklama kaplar\u0131, \u015feffaf cam malzemeden \u00fcretilmi\u015f silindirik bir tasar\u0131ma sahiptir ve g\u00fc\u00e7l\u00fc metal klipsler ile kau\u00e7uk s\u0131zd\u0131rmazl\u0131k halkalar\u0131n\u0131n birle\u015fimiyle tamamen hava ge\u00e7irmez bir kapatma sa\u011flayan geleneksel paslanmaz \u00e7elik klipsli kapaklarla birlikte gelir.<\/p>\n<h2>\u00dcr\u00fcn \u00d6zellikleri<\/h2>\n<ul>\n<li><strong>Ger\u00e7ek M\u00fch\u00fcr Korumas\u0131:<\/strong> \u00c7\u0131t\u00e7\u0131tl\u0131 kapak ve kau\u00e7uk conta, oksijen ve nemin i\u00e7eri girmesini tamamen engeller, b\u00f6ylece kahve, un, baharat veya \u00e7ay daha uzun s\u00fcre taze kal\u0131r.<\/li>\n<li><strong>Kolay Doldurma ve Temizleme i\u00e7in Geni\u015f A\u00e7\u0131l\u0131m \u00d6zelli\u011fi:<\/strong> Geni\u015f a\u011f\u0131z k\u0131sm\u0131 sayesinde kavanozlar\u0131 rahatl\u0131kla kep\u00e7eleyebilir, d\u00f6kebilir veya silebilirsiniz, bu sayede kavanozlar daha kullan\u0131c\u0131 dostudur.<\/li>\n<li><strong>Bu Kavanozlarla Dost\u00e7a ve Uzun \u00d6m\u00fcrl\u00fc Bir Ya\u015fam:<\/strong> Dayan\u0131kl\u0131 camdan \u00fcretilen bu saklama kavanozlar\u0131 bula\u015f\u0131k makinesinde y\u0131kanabilir, b\u00f6ylece g\u00fcnl\u00fck her kullan\u0131mdan sonra \u00e7ama\u015f\u0131r makinesinde \u00e7ok h\u0131zl\u0131 bir \u015fekilde temizlenebilir.<\/li>\n<\/ul>\n<h2 style=\"text-align: left;\">Temel \u00d6zellikler<\/h2>\n<table class=\"aligncenter\" style=\"border-collapse: collapse; width: 807.02pt;\" border=\"0\" width=\"1076\" cellspacing=\"0\" cellpadding=\"0\">\n<tbody>\n<tr style=\"height: 13.50pt;\">\n<td style=\"height: 13.50pt; width: 99.75pt;\" width=\"133\" height=\"18\">\u00d6zellik<\/td>\n<td style=\"width: 707.25pt;\" width=\"943\">Detaylar<\/td>\n<\/tr>\n<tr style=\"height: 13.50pt;\">\n<td style=\"height: 13.50pt;\" height=\"18\">Boyut ve Kapasite<\/td>\n<td>80 ml: 6,1 \u00d7 7,3 cm \/ 100 ml: 6,3 \u00d7 7,1 cm \/ 150 ml: 7,5 \u00d7 7,2 cm \/ 180 ml: 7,9 \u00d7 8,1 cm \/ 200 ml: 7,6 \u00d7 8,2 cm \/ 220 ml: 7,6 \u00d7 9 cm \/ 300 ml: 7,8 \u00d7 10,3 cm \/ 350 ml: 9,2 \u00d7 9,7 cm<\/td>\n<\/tr>\n<tr style=\"height: 13.50pt;\">\n<td style=\"height: 13.50pt;\" height=\"18\">Malzeme<\/td>\n<td>\u015eeffaf soda-kire\u00e7 cam kavanoz + temperli cam kapak<\/td>\n<\/tr>\n<tr style=\"height: 13.50pt;\">\n<td style=\"height: 13.50pt;\" height=\"18\">Uygun Olanlar<\/td>\n<td>Saklama cam kavanozlar\u0131, g\u0131da saklama cam kavanozlar\u0131<\/td>\n<\/tr>\n<\/tbody>\n<\/table>\n<h2>Ba\u015far\u0131 \u00d6yk\u00fcs\u00fc: Ulusal Bir Kahve Zincirinden \u00d6zel Sipari\u015f<\/h2>\n<p>Amerikan kahve zinciri, kahve \u00e7ekirdeklerini saklamak i\u00e7in bak\u0131r klipslerle ve serigrafi bask\u0131l\u0131 kavrulma tarihleriyle \u00f6zelle\u015ftirdikleri g\u0131da s\u0131n\u0131f\u0131 cam kavanozlar\u0131m\u0131z\u0131 se\u00e7ti. \u00d6zel g\u0131da s\u0131n\u0131f\u0131 cam kavanozlar, po\u015fet kahveye k\u0131yasla kahve \u00e7ekirdeklerinin raf \u00f6mr\u00fcn\u00fc uzatt\u0131\u011f\u0131 ve \u00f6nceki kaplara k\u0131yasla k\u0131r\u0131lma oranlar\u0131n\u0131 azaltt\u0131\u011f\u0131 i\u00e7in ola\u011fan\u00fcst\u00fc performans g\u00f6sterdi. \u00d6nceki ba\u015far\u0131l\u0131 deneyimlerinden dolay\u0131, yeni \u00f6zel \u00e7ay \u00fcr\u00fcn serilerini desteklemek i\u00e7in 350.000 adet daha kavanoz sipari\u015fi verdiler.<\/p>\n<h2>Saklama Cam Kavanozlar\u0131 \u00d6zelle\u015ftirme Se\u00e7enekleri<\/h2>\n<ul>\n<li>Ki\u015fiselle\u015ftirilmi\u015f Kapak Kaplamalar\u0131 \u2013 Se\u00e7kin bir aura yayan kavanozun kapa\u011f\u0131 i\u00e7in bak\u0131r, alt\u0131n veya siyah tokalar se\u00e7ebilirsiniz.<\/li>\n<li>Kavanozlar\u0131n silikon contalar\u0131 farkl\u0131 renklerle boyanm\u0131\u015ft\u0131r - Markan\u0131z\u0131n renklerine uygun contalar\u0131 se\u00e7in<\/li>\n<li>\u00d6zelle\u015ftirilmi\u015f Kavanoz \u015eekilleri\u2013Kavanozun \u015feklini de\u011fi\u015ftirerek ona farkl\u0131 bir g\u00f6r\u00fcn\u00fcm kazand\u0131r\u0131n<\/li>\n<\/ul>","protected":false},"excerpt":{"rendered":"<p>\u015eeffaf ve kal\u0131n camdan \u00fcretilen birinci s\u0131n\u0131f saklama cam kavanozlar\u0131m\u0131z\u0131 ke\u015ffedin. Hava ge\u00e7irmez g\u0131da saklama cam kavanozlar\u0131m\u0131z uzun s\u00fcreli tazelik ve \u00fccretsiz numuneler sunar.<\/p>","protected":false},"featured_media":24101,"template":"","meta":[],"product_brand":[],"product_cat":[134,124,122],"product_tag":[],"class_list":{"0":"post-24100","1":"product","2":"type-product","3":"status-publish","4":"has-post-thumbnail","6":"product_cat-airtight-jars","7":"product_cat-custom-glass-jars","8":"product_cat-custom-glass-packaging","10":"first","11":"instock","12":"shipping-taxable","13":"product-type-simple"},"jetpack_sharing_enabled":true,"_links":{"self":[{"href":"https:\/\/yebodaglass.com\/tr\/wp-json\/wp\/v2\/product\/24100","targetHints":{"allow":["GET"]}}],"collection":[{"href":"https:\/\/yebodaglass.com\/tr\/wp-json\/wp\/v2\/product"}],"about":[{"href":"https:\/\/yebodaglass.com\/tr\/wp-json\/wp\/v2\/types\/product"}],"version-history":[{"count":5,"href":"https:\/\/yebodaglass.com\/tr\/wp-json\/wp\/v2\/product\/24100\/revisions"}],"predecessor-version":[{"id":25787,"href":"https:\/\/yebodaglass.com\/tr\/wp-json\/wp\/v2\/product\/24100\/revisions\/25787"}],"wp:featuredmedia":[{"embeddable":true,"href":"https:\/\/yebodaglass.com\/tr\/wp-json\/wp\/v2\/media\/24101"}],"wp:attachment":[{"href":"https:\/\/yebodaglass.com\/tr\/wp-json\/wp\/v2\/media?parent=24100"}],"wp:term":[{"taxonomy":"product_brand","embeddable":true,"href":"https:\/\/yebodaglass.com\/tr\/wp-json\/wp\/v2\/product_brand?post=24100"},{"taxonomy":"product_cat","embeddable":true,"href":"https:\/\/yebodaglass.com\/tr\/wp-json\/wp\/v2\/product_cat?post=24100"},{"taxonomy":"product_tag","embeddable":true,"href":"https:\/\/yebodaglass.com\/tr\/wp-json\/wp\/v2\/product_tag?post=24100"}],"curies":[{"name":"wp","href":"https:\/\/api.w.org\/{rel}","templated":true}]}}