{"id":24099,"date":"2025-11-26T12:11:20","date_gmt":"2025-11-26T04:11:20","guid":{"rendered":"https:\/\/yebodaglass.com\/?post_type=product&#038;p=24099"},"modified":"2025-11-27T17:06:46","modified_gmt":"2025-11-27T09:06:46","slug":"wholesale-clear-airtight-glass-jars-with-attached-lids","status":"publish","type":"product","link":"https:\/\/yebodaglass.com\/tr\/wholesale-clear-airtight-glass-jars-with-attached-lids\/","title":{"rendered":"Toptan \u015eeffaf Hava Ge\u00e7irmez Cam Kavanozlar (Ekstra Kapakl\u0131) 25oz, 32oz, 50oz"},"content":{"rendered":"<p>Bu hava ge\u00e7irmez cam kavanozlar \u015feffaf camdan yap\u0131lm\u0131\u015ft\u0131r ve \u00fc\u00e7 \u015f\u0131k, ince ve yuvarlak \u015fekilde gelir. Her kavanoz, metal kapakl\u0131 bir cam kapakla birlikte gelir. Hava ge\u00e7irmez kapak, \u00e7ay ve makarna gibi farkl\u0131 t\u00fcrdeki yiyecekleri taze tutman\u0131n harika bir yoludur.<\/p>\n<h2>\u00dcr\u00fcn \u00d6zellikleri<\/h2>\n<ul>\n<li><strong>\u015eeffaf Malzeme, Net G\u00f6r\u00fcn\u00fcm:<\/strong> Kavanozun g\u00f6vdesi tamamen \u015feffaf camdan oldu\u011fundan, i\u00e7indeki maddenin t\u00fcr\u00fc ve miktar\u0131 a\u00e7\u0131k\u00e7a g\u00f6r\u00fclebilmektedir, bu nedenle h\u0131zl\u0131 bir tan\u0131mlama i\u00e7in kavanozu a\u00e7man\u0131za gerek kalmaz.<\/li>\n<li><strong>Ger\u00e7ek S\u0131zd\u0131rmazl\u0131k Korumas\u0131:<\/strong> Kal\u0131n kau\u00e7uk conta halkas\u0131 g\u00fc\u00e7l\u00fc bir s\u0131zd\u0131rmazl\u0131k sa\u011flayarak nemi ve zararl\u0131lar\u0131 etkili bir \u015fekilde engeller ve bu da g\u0131dan\u0131n taze kalmas\u0131n\u0131 sa\u011flar.<\/li>\n<li><strong>Kaybolmayan Tek Par\u00e7a Kapak:<\/strong> Kapak, kavanoz g\u00f6vdesine s\u0131k\u0131 bir \u015fekilde ba\u011fl\u0131 oldu\u011fundan kapa\u011f\u0131n kaybolmas\u0131 gibi bir sorun ya\u015fanmaz ve mutfa\u011f\u0131n\u0131zda daha rahat kullan\u0131m imkan\u0131 sunar.<\/li>\n<\/ul>\n<h2 style=\"text-align: left;\">Temel \u00d6zellikler<\/h2>\n<table class=\"aligncenter\" style=\"border-collapse: collapse; width: 417.02pt;\" border=\"0\" width=\"556\" cellspacing=\"0\" cellpadding=\"0\">\n<tbody>\n<tr style=\"height: 13.50pt;\">\n<td style=\"height: 13.50pt; width: 99.75pt;\" width=\"133\" height=\"18\">\u015eartname<\/td>\n<td style=\"width: 317.25pt;\" width=\"423\">Detaylar<\/td>\n<\/tr>\n<tr style=\"height: 13.50pt;\">\n<td style=\"height: 13.50pt;\" height=\"18\">Kapasite\u200b<\/td>\n<td>750 ml (25 oz) \/ 1000 ml (32 oz) \/ 1500 ml (50 oz)<\/td>\n<\/tr>\n<tr style=\"height: 13.50pt;\">\n<td style=\"height: 13.50pt;\" height=\"18\">Boyutlar\u200b<\/td>\n<td>10,8\u00d714 cm \/ 11\u00d717 cm \/ 11,6\u00d721,8 cm<\/td>\n<\/tr>\n<tr style=\"height: 13.50pt;\">\n<td style=\"height: 13.50pt;\" height=\"18\">Malzeme<\/td>\n<td>\u015eeffaf Cam<\/td>\n<\/tr>\n<tr style=\"height: 13.50pt;\">\n<td style=\"height: 13.50pt;\" height=\"18\">Kapak Tipi\u200b<\/td>\n<td>Tel Halkal\u0131 Ekli Metal Kelep\u00e7e Kapa\u011f\u0131<\/td>\n<\/tr>\n<tr style=\"height: 13.50pt;\">\n<td style=\"height: 13.50pt;\" height=\"18\">\u0130deal Olanlar \u0130\u00e7in<\/td>\n<td>Hava ge\u00e7irmez cam kavanozlar, kapakl\u0131 cam kavanozlar<\/td>\n<\/tr>\n<\/tbody>\n<\/table>\n<h2>Ba\u015far\u0131 Hikayesi: \u00d6zel Bir G\u0131da Perakendecisinin Depolama \u00c7\u00f6z\u00fcm\u00fc<\/h2>\n<p>Bir \u00f6zel g\u0131da ma\u011fazas\u0131, birinci s\u0131n\u0131f \u00fcr\u00fcnlerini etkili bir \u015fekilde sergilemeyen ambalajlarla bo\u011fu\u015fuyordu. Daha sonra, toplu kuru g\u0131da reyonunda kapakl\u0131 1500 ml&#039;lik cam kavanozlar\u0131m\u0131z\u0131 kullanmaya ba\u015flad\u0131lar. Tek par\u00e7a kapak, kapak hasar\u0131n\u0131 0 azalt\u0131yor ve m\u00fc\u015fteriler i\u00e7in self servis hizmetini daha kolay hale getiriyor. M\u00fc\u015fteri geri bildirimlerine g\u00f6re, hava ge\u00e7irmez conta m\u00fckemmel ve tah\u0131l gevrekleri ile makarnalar\u0131n raf \u00f6mr\u00fcn\u00fc &#039;ye kadar uzat\u0131yor. Ola\u011fan\u00fcst\u00fc etkinli\u011fi nedeniyle, t\u00fcm ma\u011fazalar\u0131n\u0131 donatmak \u00fczere 200.000&#039;den fazla \u015fi\u015fe sipari\u015f etti.<\/p>\n<h2>Hava Ge\u00e7irmez Cam Kavanozlar \u0130\u00e7in \u00d6zelle\u015ftirme \u0130pu\u00e7lar\u0131<\/h2>\n<ul>\n<li>Y\u00fckseltilmi\u015f Kapasite \u0130\u015faretleyicileri \u2013 Porsiyon kontrol\u00fcn\u00fc kolayla\u015ft\u0131rmak i\u00e7in y\u00fckseltilmi\u015f derecelendirmeler ekleyin<\/li>\n<li>Serigrafi Bask\u0131l\u0131 Marka Logosu \u2013 Uzun \u00f6m\u00fcrl\u00fc sonu\u00e7lar i\u00e7in dayan\u0131kl\u0131 seramik m\u00fcrekkep kullan\u0131r<\/li>\n<li>Renkli s\u0131zd\u0131rmazl\u0131k halkalar\u0131 \u2013 Markan\u0131z\u0131n renk \u015femas\u0131na uygun bir silikon s\u0131zd\u0131rmazl\u0131k halkas\u0131 se\u00e7in<\/li>\n<li>\u00d6zel Kavanoz Oranlar\u0131 \u2013 Benzersiz bir sil\u00fcet i\u00e7in kavanozun en boy oran\u0131n\u0131 ayarlay\u0131n<\/li>\n<\/ul>","protected":false},"excerpt":{"rendered":"<p>G\u00fcvenli g\u0131da saklama ve temiz sunum i\u00e7in \u00fcretilen hava ge\u00e7irmez cam kavanozlar\u0131m\u0131z ve kapakl\u0131 cam kavanozlar\u0131m\u0131z, toplu sipari\u015fler i\u00e7in toptan tekliflerimizle desteklenmektedir.<\/p>","protected":false},"featured_media":24135,"template":"","meta":[],"product_brand":[],"product_cat":[122,134,124],"product_tag":[],"class_list":{"0":"post-24099","1":"product","2":"type-product","3":"status-publish","4":"has-post-thumbnail","6":"product_cat-custom-glass-packaging","7":"product_cat-airtight-jars","8":"product_cat-custom-glass-jars","10":"first","11":"instock","12":"shipping-taxable","13":"product-type-simple"},"jetpack_sharing_enabled":true,"_links":{"self":[{"href":"https:\/\/yebodaglass.com\/tr\/wp-json\/wp\/v2\/product\/24099","targetHints":{"allow":["GET"]}}],"collection":[{"href":"https:\/\/yebodaglass.com\/tr\/wp-json\/wp\/v2\/product"}],"about":[{"href":"https:\/\/yebodaglass.com\/tr\/wp-json\/wp\/v2\/types\/product"}],"version-history":[{"count":5,"href":"https:\/\/yebodaglass.com\/tr\/wp-json\/wp\/v2\/product\/24099\/revisions"}],"predecessor-version":[{"id":24146,"href":"https:\/\/yebodaglass.com\/tr\/wp-json\/wp\/v2\/product\/24099\/revisions\/24146"}],"wp:featuredmedia":[{"embeddable":true,"href":"https:\/\/yebodaglass.com\/tr\/wp-json\/wp\/v2\/media\/24135"}],"wp:attachment":[{"href":"https:\/\/yebodaglass.com\/tr\/wp-json\/wp\/v2\/media?parent=24099"}],"wp:term":[{"taxonomy":"product_brand","embeddable":true,"href":"https:\/\/yebodaglass.com\/tr\/wp-json\/wp\/v2\/product_brand?post=24099"},{"taxonomy":"product_cat","embeddable":true,"href":"https:\/\/yebodaglass.com\/tr\/wp-json\/wp\/v2\/product_cat?post=24099"},{"taxonomy":"product_tag","embeddable":true,"href":"https:\/\/yebodaglass.com\/tr\/wp-json\/wp\/v2\/product_tag?post=24099"}],"curies":[{"name":"wp","href":"https:\/\/api.w.org\/{rel}","templated":true}]}}