{"id":24084,"date":"2025-11-26T11:40:59","date_gmt":"2025-11-26T03:40:59","guid":{"rendered":"https:\/\/yebodaglass.com\/?post_type=product&#038;p=24084"},"modified":"2026-03-12T18:03:24","modified_gmt":"2026-03-12T10:03:24","slug":"custom-design-water-bottles-with-silicone-sleeve","status":"publish","type":"product","link":"https:\/\/yebodaglass.com\/tr\/custom-design-water-bottles-with-silicone-sleeve\/","title":{"rendered":"Silikon K\u0131l\u0131fl\u0131 \u00d6zel Tasar\u0131m Cam Su \u015ei\u015feleri 250ml 350ml 500ml"},"content":{"rendered":"<p>Bu \u00f6zel tasar\u0131m su \u015fi\u015feleri, ince boyunlu ve p\u00fcr\u00fczs\u00fcz g\u00f6vdeli, uzun silindirik cam \u015fi\u015fe \u015feklinde olup g\u00fcvenli bir al\u00fcminyum kapa\u011fa sahiptir. \u015eeffaf yap\u0131s\u0131, i\u00e7ecek \u015fi\u015felerinin temiz ve modern g\u00f6r\u00fcnmesini sa\u011flayarak meyve suyu, \u00e7ay, s\u00fct ve smoothie gibi i\u00e7eceklerle kullan\u0131ma uygundur. \u015ei\u015feler ta\u015f\u0131nabilir ve g\u00fcnl\u00fck s\u0131v\u0131 al\u0131m\u0131, spor, kafe, meyve suyu markas\u0131 ve perakende ambalajlama i\u00e7in kullan\u0131\u015fl\u0131 bir \u015fekilde tasarlanm\u0131\u015ft\u0131r.<\/p>\n<p>S\u0131zd\u0131rmaz kapak, \u00fcr\u00fcn\u00fcn g\u00fcvenli bir \u015fekilde ta\u015f\u0131nmas\u0131n\u0131 sa\u011flayan bir vida ile s\u0131k\u0131\u015ft\u0131r\u0131l\u0131r; silikon k\u0131l\u0131f ve ta\u015f\u0131ma halkas\u0131 gibi \u00f6\u011feler, kullan\u0131c\u0131lar\u0131n \u015fi\u015feyi ta\u015f\u0131may\u0131 kolayla\u015ft\u0131rabilece\u011fi ve her kullan\u0131mda \u015fi\u015feyi rahat bir arkada\u015fa d\u00f6n\u00fc\u015ft\u00fcrebilece\u011fi \u015f\u0131k ek \u00f6zelliklerden sadece birka\u00e7 \u00f6rnektir. Yeniden kullan\u0131labilir ve \u00e7evre dostu cam su kaplar\u0131, ayn\u0131 zamanda susuz kalmamak ve tek kullan\u0131ml\u0131k plastik kullan\u0131m\u0131n\u0131 en aza indirmek i\u00e7in harika bir yol sunar.<\/p>\n<h2>Temel \u00d6zellikler<\/h2>\n<table style=\"border-collapse: collapse; width: 80%; margin-left: auto; margin-right: auto;\" border=\"0\" width=\"868\" cellspacing=\"0\" cellpadding=\"0\">\n<tbody>\n<tr style=\"height: 13.50pt;\">\n<td style=\"height: 13.50pt; width: 138.00pt;\" width=\"184\" height=\"18\">\u00dcr\u00fcn<\/td>\n<td style=\"width: 513.00pt;\" width=\"684\">\u00f6zel tasar\u0131m su \u015fi\u015fesi<\/td>\n<\/tr>\n<tr style=\"height: 13.50pt;\">\n<td style=\"height: 13.50pt; width: 138.00pt;\" width=\"184\" height=\"18\">Kapasite Se\u00e7enekleri<\/td>\n<td style=\"width: 513.00pt;\" width=\"684\">250 ml \/ 350 ml \/ 500 ml<\/td>\n<\/tr>\n<tr style=\"height: 13.50pt;\">\n<td style=\"height: 13.50pt;\" height=\"18\">\u015ei\u015fe Malzemesi<\/td>\n<td>Kur\u015funsuz soda-kire\u00e7 cam\u0131<\/td>\n<\/tr>\n<tr style=\"height: 13.50pt;\">\n<td style=\"height: 13.50pt;\" height=\"18\">Kapak Malzemesi<\/td>\n<td>S\u0131zd\u0131rmazl\u0131k astarl\u0131 al\u00fcminyum kapak<\/td>\n<\/tr>\n<tr style=\"height: 13.50pt;\">\n<td style=\"height: 13.50pt;\" height=\"18\">\u015ei\u015fe A\u011fz\u0131<\/td>\n<td>30 mm i\u00e7 \u00e7ap<\/td>\n<\/tr>\n<tr style=\"height: 13.50pt;\">\n<td style=\"height: 13.50pt;\" height=\"18\">Yap\u0131<\/td>\n<td>\u0130nce silindirik cam \u015fi\u015fe<\/td>\n<\/tr>\n<tr style=\"height: 13.50pt;\">\n<td style=\"height: 13.50pt;\" height=\"18\">M\u00fch\u00fcr Tipi<\/td>\n<td>Kal\u0131n s\u0131zd\u0131rmazl\u0131k halkal\u0131, vidal\u0131, s\u0131zd\u0131rmaz kapak<\/td>\n<\/tr>\n<tr style=\"height: 13.50pt;\">\n<td style=\"height: 13.50pt;\" height=\"18\">\u0130ste\u011fe Ba\u011fl\u0131 Aksesuarlar<\/td>\n<td>Silikon k\u0131l\u0131f, ta\u015f\u0131ma halkas\u0131, \u00f6l\u00e7\u00fc i\u015faretleri<\/td>\n<\/tr>\n<tr style=\"height: 13.50pt;\">\n<td style=\"height: 13.50pt;\" height=\"18\">\u00d6zel Se\u00e7enekler<\/td>\n<td>Logo bask\u0131s\u0131, \u015fi\u015fe rengi, kapak stili, silikon kapak, ambalaj kutusu<\/td>\n<\/tr>\n<tr style=\"height: 13.50pt;\">\n<td style=\"height: 13.50pt;\" height=\"18\">Uygulamalar<\/td>\n<td>Meyve suyu, \u00e7ay, s\u00fct, smoothie, yeniden kullan\u0131labilir cam su \u015fi\u015fesi<\/td>\n<\/tr>\n<\/tbody>\n<\/table>\n<h2>\u00dcr\u00fcn \u00d6zellikleri<\/h2>\n<ol>\n<li><strong>Minimalist \/ Ta\u015f\u0131nabilir Tasar\u0131m<\/strong>Bu su \u015fi\u015fesi ince ve hafiftir, bu nedenle herhangi bir spor veya seyahat \u00e7antas\u0131na s\u0131\u011far ve g\u00fcnl\u00fck su al\u0131m\u0131n\u0131 s\u00fcrd\u00fcrmek i\u00e7in ideal bir se\u00e7imdir.<\/li>\n<li><strong>\u00c7evre Dostu Yeniden Kullan\u0131labilir \u00c7\u00f6z\u00fcm<\/strong>Bu \u00e7evre dostu ve yeniden kullan\u0131labilir kaplar, t\u00fcketicilerin s\u00fcrd\u00fcr\u00fclebilir bir \u015fekilde su t\u00fcketmelerine ve plastik \u015fi\u015fe at\u0131klar\u0131n\u0131n azalmas\u0131na yard\u0131mc\u0131 olacakt\u0131r.<\/li>\n<li><strong>S\u0131zd\u0131rmaz ve G\u00fcvenli Kapak<\/strong>Bu \u015fi\u015fe, ince silikon s\u0131zd\u0131rmazl\u0131k halkas\u0131 ve hassas di\u015fli yap\u0131s\u0131 sayesinde \u00e7anta veya s\u0131rt \u00e7antas\u0131yla bile s\u0131zd\u0131rmazd\u0131r.<\/li>\n<\/ol>\n<h2>Ba\u015far\u0131l\u0131 B2B Vakas\u0131<\/h2>\n<p>Avustralya&#039;da faaliyet g\u00f6steren bir sa\u011fl\u0131kl\u0131 i\u00e7ecek markas\u0131, so\u011fuk s\u0131k\u0131m meyve sular\u0131 i\u00e7in kullan\u0131lan \u00f6zel tasar\u0131m su \u015fi\u015fesi ambalajlar\u0131 konusunda uzun vadeli tedarik\u00e7imiz olarak bizimle ortakl\u0131k kurdu.<\/p>\n<p>Firma, yeni bir \u00fcr\u00fcn olarak silikon k\u0131l\u0131fl\u0131 350 ml&#039;lik cam su \u015fi\u015fesinden 15.000 adet sipari\u015f vermi\u015fti. Geleneksel ihtiya\u00e7lar\u0131 ise \u015funlard\u0131:<\/p>\n<ul>\n<li>Cam \u015fi\u015fenin \u00fczerine logo bas\u0131lm\u0131\u015ft\u0131r.<\/li>\n<li>UV korumal\u0131, kehribar rengi \u015fi\u015fe.<\/li>\n<li>\u00d6zel al\u00fcminyum kapak tasar\u0131m\u0131<\/li>\n<li>Markal\u0131 ambalaj kutular\u0131<\/li>\n<\/ul>\n<p>\u00dcr\u00fcn\u00fcn piyasaya s\u00fcr\u00fclmesi b\u00fcy\u00fck bir ba\u015far\u0131yd\u0131 ve \u015fi\u015fe, perakende meyve sular\u0131 i\u00e7in en iyi cam su \u015fi\u015fesi ambalaj formatlar\u0131ndan biri haline geldi. Marka, sekiz ay i\u00e7inde 25.000 adetlik ikinci toptan sipari\u015fi verdi; bu da \u00e7evre dostu, yeniden kullan\u0131labilir i\u00e7ecek ambalajlar\u0131na olan y\u00fcksek pazar talebini bir kez daha g\u00f6sterdi.<\/p>\n<h2>B2B Uygulamalar\u0131na Y\u00f6nelik Bireyselle\u015ftirme \u00d6nerileri<\/h2>\n<ol>\n<li><strong>Meyve Suyu ve \u0130\u00e7ecek Markalar\u0131<\/strong>Silikon k\u0131l\u0131f veya dokulu kaplama ekleyerek, tutu\u015fu iyile\u015ftiren ve marka farkl\u0131la\u015fmas\u0131n\u0131 sa\u011flayan silikon kapakl\u0131 cam su \u015fi\u015fesi olu\u015fturun.<\/li>\n<li><strong>Fitness \/ Ya\u015fam Tarz\u0131 Perakendecileri<\/strong>Ta\u015f\u0131ma halkas\u0131 ve \u00f6l\u00e7\u00fc i\u015faretleri bulunmal\u0131d\u0131r; bu i\u015faretler m\u00fc\u015fterilerin g\u00fcnl\u00fck su t\u00fcketimlerini takip etmelerine ve egzersiz seanslar\u0131 s\u0131ras\u0131nda susuz kalmamalar\u0131na yard\u0131mc\u0131 olur.<\/li>\n<li><strong>Kurumsal Tan\u0131t\u0131m \u00dcr\u00fcnleri<\/strong>Promosyon ama\u00e7l\u0131 hediyeler veya sa\u011fl\u0131k kampanyalar\u0131 i\u00e7in logo bask\u0131l\u0131 ve uygun fiyatl\u0131 ambalajl\u0131, markaya \u00f6zel tasar\u0131m su \u015fi\u015fesi se\u00e7enekleri sunuyoruz.<\/li>\n<\/ol>\n<p>Geli\u015fmi\u015f bir cam su \u015fi\u015fesi \u00fcreticisi olarak, d\u00fcnya \u00e7ap\u0131ndaki distrib\u00fct\u00f6rlere, i\u00e7ecek markalar\u0131na ve perakendecilere g\u00fcvenilir toptan tedarik hizmetleri sunuyoruz. Fabrikam\u0131z esnek toplu \u00fcretim yapmam\u0131za olanak tan\u0131yor ve m\u00fc\u015fterilerimiz stil, s\u00fcrd\u00fcr\u00fclebilirlik ve performans\u0131n birle\u015fimi olan kaliteli cam su \u015fi\u015feleri \u00fcretmeyi ba\u015fard\u0131lar.<\/p>","protected":false},"excerpt":{"rendered":"<p>Silikon k\u0131l\u0131fl\u0131, dayan\u0131kl\u0131 camdan \u00fcretilmi\u015f \u00f6zel tasar\u0131m su \u015fi\u015fesi. Toptan sat\u0131\u015fa sunulan, s\u0131zd\u0131rmaz ve g\u00fcnl\u00fck su ihtiyac\u0131n\u0131z\u0131 kar\u015f\u0131lamak i\u00e7in tekrar kullan\u0131labilir \u00e7evre dostu cam su \u015fi\u015feleri.<\/p>","protected":false},"featured_media":25425,"template":"","meta":[],"product_brand":[],"product_cat":[136,123,122],"product_tag":[],"class_list":{"0":"post-24084","1":"product","2":"type-product","3":"status-publish","4":"has-post-thumbnail","6":"product_cat-glass-water-bottles","7":"product_cat-custom-glass-bottles","8":"product_cat-custom-glass-packaging","10":"first","11":"instock","12":"shipping-taxable","13":"product-type-simple"},"jetpack_sharing_enabled":true,"_links":{"self":[{"href":"https:\/\/yebodaglass.com\/tr\/wp-json\/wp\/v2\/product\/24084","targetHints":{"allow":["GET"]}}],"collection":[{"href":"https:\/\/yebodaglass.com\/tr\/wp-json\/wp\/v2\/product"}],"about":[{"href":"https:\/\/yebodaglass.com\/tr\/wp-json\/wp\/v2\/types\/product"}],"version-history":[{"count":5,"href":"https:\/\/yebodaglass.com\/tr\/wp-json\/wp\/v2\/product\/24084\/revisions"}],"predecessor-version":[{"id":25427,"href":"https:\/\/yebodaglass.com\/tr\/wp-json\/wp\/v2\/product\/24084\/revisions\/25427"}],"wp:featuredmedia":[{"embeddable":true,"href":"https:\/\/yebodaglass.com\/tr\/wp-json\/wp\/v2\/media\/25425"}],"wp:attachment":[{"href":"https:\/\/yebodaglass.com\/tr\/wp-json\/wp\/v2\/media?parent=24084"}],"wp:term":[{"taxonomy":"product_brand","embeddable":true,"href":"https:\/\/yebodaglass.com\/tr\/wp-json\/wp\/v2\/product_brand?post=24084"},{"taxonomy":"product_cat","embeddable":true,"href":"https:\/\/yebodaglass.com\/tr\/wp-json\/wp\/v2\/product_cat?post=24084"},{"taxonomy":"product_tag","embeddable":true,"href":"https:\/\/yebodaglass.com\/tr\/wp-json\/wp\/v2\/product_tag?post=24084"}],"curies":[{"name":"wp","href":"https:\/\/api.w.org\/{rel}","templated":true}]}}