{"id":24080,"date":"2025-11-26T09:31:37","date_gmt":"2025-11-26T01:31:37","guid":{"rendered":"https:\/\/yebodaglass.com\/?post_type=product&#038;p=24080"},"modified":"2025-11-26T11:53:52","modified_gmt":"2025-11-26T03:53:52","slug":"wholesale-small-clear-glass-storage-jars-with-lids","status":"publish","type":"product","link":"https:\/\/yebodaglass.com\/tr\/wholesale-small-clear-glass-storage-jars-with-lids\/","title":{"rendered":"Toptan K\u00fc\u00e7\u00fck \u015eeffaf Cam Saklama Kavanozlar\u0131 Kapakl\u0131 80ml 100ml 150ml"},"content":{"rendered":"<p data-start=\"66\" data-end=\"288\">Bunlar, \u015feffaf camdan yap\u0131lm\u0131\u015f, silindir \u015feklinde saklama kavanozlar\u0131d\u0131r. Her kavanozla birlikte \u015f\u0131k bir metal kapak da verilmektedir.<\/p>\n<h2>\u00dcr\u00fcn \u00d6zellikleri<\/h2>\n<ul>\n<li><strong>\u015eeffaf Malzeme:<\/strong> Kavanozlar tamamen \u015feffaf camdan \u00fcretildi\u011fi i\u00e7in, i\u00e7indekilerin t\u00fcr\u00fc ve miktar\u0131 a\u00e7\u0131k\u00e7a g\u00f6r\u00fclebiliyor ve b\u00f6ylece kapa\u011f\u0131 a\u00e7maya gerek kalmadan kolayca ay\u0131rt edilebiliyor.<\/li>\n<li><strong>Ge\u00e7meli S\u0131zd\u0131rmazl\u0131k Tasar\u0131m\u0131:<\/strong> Metal ge\u00e7meli kapa\u011f\u0131 sayesinde hem m\u00fckemmel bir s\u0131zd\u0131rmazl\u0131k performans\u0131 sa\u011flar hem de nemin i\u00e7eri girmesini etkili bir \u015fekilde \u00f6nleyerek tazeli\u011fin korunmas\u0131n\u0131 sa\u011flar. Kapat\u0131lmas\u0131 ve a\u00e7\u0131lmas\u0131 olduk\u00e7a kolay ve h\u0131zl\u0131d\u0131r.<\/li>\n<li><strong>K\u0131sa ve Kararl\u0131 Tasar\u0131m:<\/strong> Kavanozlar\u0131n k\u0131sa, kal\u0131n ve yuvarlak g\u00f6vdeleri, kavanozlar\u0131n raflarda sa\u011flam ve dayan\u0131kl\u0131 olmas\u0131n\u0131 sa\u011flaman\u0131n yan\u0131 s\u0131ra, saklama alan\u0131ndan da tasarruf sa\u011flayarak mutfaklarda, dolaplarda ve di\u011fer yerlerde kullan\u0131ma uygundur.<\/li>\n<\/ul>\n<h2 style=\"text-align: left;\">Temel \u00d6zellikler<\/h2>\n<table class=\"aligncenter\" style=\"border-collapse: collapse; width: 519.77pt;\" border=\"0\" width=\"693\" cellspacing=\"0\" cellpadding=\"0\">\n<tbody>\n<tr style=\"height: 13.50pt;\">\n<td style=\"height: 13.50pt; width: 94.50pt;\" width=\"126\" height=\"18\">\u00d6zellik<\/td>\n<td style=\"width: 425.25pt;\" width=\"567\">Detaylar<\/td>\n<\/tr>\n<tr style=\"height: 13.50pt;\">\n<td style=\"height: 13.50pt;\" height=\"18\">Boyutlar<\/td>\n<td>80 ml: 6,1 \u00d7 7,3 cm \/ 100 ml: 6,3 \u00d7 7,1 cm \/ 150 ml: 7,5 \u00d7 7,2 cm<\/td>\n<\/tr>\n<tr style=\"height: 13.50pt;\">\n<td style=\"height: 13.50pt;\" height=\"18\">Malzeme<\/td>\n<td>\u015eeffaf soda-kire\u00e7 cam kavanoz + temperli cam kapak<\/td>\n<\/tr>\n<tr style=\"height: 13.50pt;\">\n<td style=\"height: 13.50pt;\" height=\"18\">M\u00fch\u00fcr Tipi<\/td>\n<td>Hava ge\u00e7irmez kapakl\u0131 m\u00fch\u00fcrl\u00fc tel klipsli ba\u011flant\u0131<\/td>\n<\/tr>\n<tr style=\"height: 13.50pt;\">\n<td style=\"height: 13.50pt;\" height=\"18\">Uygun Olanlar<\/td>\n<td>Cam saklama kavanozu, g\u0131da saklama kavanozu<\/td>\n<\/tr>\n<\/tbody>\n<\/table>\n<h2>Ba\u015far\u0131 Hikayesi: Bir G\u0131da Markas\u0131n\u0131n Depolama Alan\u0131n\u0131n Y\u00fckseltilmesi<\/h2>\n<p>\u00d6zel bir g\u0131da \u015firketi, birinci s\u0131n\u0131f baharat kar\u0131\u015f\u0131mlar\u0131n\u0131 paketlemek i\u00e7in k\u00fc\u00e7\u00fck, kapakl\u0131 cam saklama kavanozlar\u0131 ar\u0131yordu. 150 ml&#039;lik cam saklama kavanozlar\u0131m\u0131z son tercihleriydi. Baharatlar\u0131 12 aydan uzun s\u00fcre taze tutan \u00e7\u0131t\u00e7\u0131tl\u0131 kapaklar\u0131n m\u00fckemmel s\u0131zd\u0131rmazl\u0131\u011f\u0131 sayesinde m\u00fc\u015fteri memnuniyeti artt\u0131. M\u00fc\u015fteriler, sat\u0131n ald\u0131klar\u0131 cam kavanozlardan baharatlar\u0131n canl\u0131 renklerini net bir \u015fekilde g\u00f6rebiliyorlard\u0131 ve bu da ma\u011faza sat\u0131\u015flar\u0131nda &#039;lik bir art\u0131\u015fa yol a\u00e7t\u0131. \u015eirket o kadar memnun kald\u0131 ki, i\u015fini yeni perakende pazarlar\u0131na geni\u015fletmek i\u00e7in 200.000 kavanozluk bir toplu sipari\u015f daha verdi.<\/p>\n<h2>Cam Saklama Kavanozu \u00d6zelle\u015ftirme \u00c7\u00f6z\u00fcmleri<\/h2>\n<ul>\n<li>Serigrafi Bask\u0131l\u0131 Etiketler \u2013 Kal\u0131c\u0131 seramik bask\u0131 y\u00f6ntemini uygulayarak g\u00f6rsel olarak \u00e7arp\u0131c\u0131 bir marka kimli\u011fi yarat\u0131n.<\/li>\n<li>Buzlu Cam Efekti \u2013 Asit a\u015f\u0131nd\u0131rma y\u00f6ntemini kullanarak \u015f\u0131k mat bir g\u00f6r\u00fcn\u00fcm elde edin.<\/li>\n<li>Kapasite \u0130\u015faretlemeleri \u2013 Kabartmal\u0131 veya bas\u0131l\u0131 derecelendirmeler ekleyerek kullan\u0131c\u0131 gezinmesini kolayla\u015ft\u0131r\u0131n.<\/li>\n<li>\u00d6zel Kavanoz \u015eekilleri \u2013 Benzersiz bir g\u00f6r\u00fcn\u00fcm elde etmek i\u00e7in sadece d\u0131\u015f hatlarda k\u00fc\u00e7\u00fck bir de\u011fi\u015fiklik.<\/li>\n<\/ul>\n<p>Belirli bir pazar i\u00e7in \u00f6zelle\u015ftirmeye ihtiyac\u0131n\u0131z varsa veya kapasiteye g\u00f6re bir fiyat listesi eklemek istiyorsan\u0131z bizimle ileti\u015fime ge\u00e7mekten \u00e7ekinmeyin.<\/p>","protected":false},"excerpt":{"rendered":"<p>Yuvarlak cam saklama kavanozlar\u0131m\u0131z baharatlar, at\u0131\u015ft\u0131rmal\u0131klar ve el sanatlar\u0131 i\u00e7in hava ge\u00e7irmez s\u0131zd\u0131rmazl\u0131k sa\u011flar. Spot tedarik i\u00e7in haz\u0131r kapakl\u0131 birinci s\u0131n\u0131f cam saklama kavanozlar\u0131, h\u0131zl\u0131 kargo.<\/p>","protected":false},"featured_media":24093,"template":"","meta":[],"product_brand":[],"product_cat":[122,134,124],"product_tag":[],"class_list":{"0":"post-24080","1":"product","2":"type-product","3":"status-publish","4":"has-post-thumbnail","6":"product_cat-custom-glass-packaging","7":"product_cat-airtight-jars","8":"product_cat-custom-glass-jars","10":"first","11":"instock","12":"shipping-taxable","13":"product-type-simple"},"jetpack_sharing_enabled":true,"_links":{"self":[{"href":"https:\/\/yebodaglass.com\/tr\/wp-json\/wp\/v2\/product\/24080","targetHints":{"allow":["GET"]}}],"collection":[{"href":"https:\/\/yebodaglass.com\/tr\/wp-json\/wp\/v2\/product"}],"about":[{"href":"https:\/\/yebodaglass.com\/tr\/wp-json\/wp\/v2\/types\/product"}],"version-history":[{"count":3,"href":"https:\/\/yebodaglass.com\/tr\/wp-json\/wp\/v2\/product\/24080\/revisions"}],"predecessor-version":[{"id":24098,"href":"https:\/\/yebodaglass.com\/tr\/wp-json\/wp\/v2\/product\/24080\/revisions\/24098"}],"wp:featuredmedia":[{"embeddable":true,"href":"https:\/\/yebodaglass.com\/tr\/wp-json\/wp\/v2\/media\/24093"}],"wp:attachment":[{"href":"https:\/\/yebodaglass.com\/tr\/wp-json\/wp\/v2\/media?parent=24080"}],"wp:term":[{"taxonomy":"product_brand","embeddable":true,"href":"https:\/\/yebodaglass.com\/tr\/wp-json\/wp\/v2\/product_brand?post=24080"},{"taxonomy":"product_cat","embeddable":true,"href":"https:\/\/yebodaglass.com\/tr\/wp-json\/wp\/v2\/product_cat?post=24080"},{"taxonomy":"product_tag","embeddable":true,"href":"https:\/\/yebodaglass.com\/tr\/wp-json\/wp\/v2\/product_tag?post=24080"}],"curies":[{"name":"wp","href":"https:\/\/api.w.org\/{rel}","templated":true}]}}