{"id":24044,"date":"2025-11-24T16:02:34","date_gmt":"2025-11-24T08:02:34","guid":{"rendered":"https:\/\/yebodaglass.com\/?post_type=product&#038;p=24044"},"modified":"2025-11-24T17:34:31","modified_gmt":"2025-11-24T09:34:31","slug":"vintage-spice-jars-with-wooden-lids-wholesale","status":"publish","type":"product","link":"https:\/\/yebodaglass.com\/tr\/vintage-spice-jars-with-wooden-lids-wholesale\/","title":{"rendered":"Ah\u015fap Kapakl\u0131 Vintage Baharat Kavanozlar\u0131 Toptan 410ml"},"content":{"rendered":"<p>Baharat tazeli\u011fini korumayan eski baharat kavanozlar\u0131ndan b\u0131kt\u0131n\u0131z m\u0131? Vintage bir hava katmak i\u00e7in ah\u015fap kapakl\u0131 eski baharat kavanozlar\u0131 \u00fcretiyoruz. Bu baharat kavanozu setleri, baharat saklama alan\u0131n\u0131z\u0131 bir marka m\u0131knat\u0131s\u0131na d\u00f6n\u00fc\u015ft\u00fcr\u00fcyor. Toplu sipari\u015flerde, etiket uygulaman\u0131za uygun \u00f6zel ah\u015fap kaplamalar sunuyoruz.<\/p>\n<h2>\u00dcr\u00fcn \u00d6zellikleri<\/h2>\n<p><strong>Vintage\u200b\u200d\u200b\u200c\u200d\u200b\u200d\u200c\u200b\u200d\u200b\u200c\u200d\u200b\u200d\u200c Doku Tasar\u0131m\u0131<\/strong><\/p>\n<p>Kabartmal\u0131 desenli buzlu cam \u2014 baharatlar i\u00e7in yap\u0131lm\u0131\u015f.<\/p>\n<p><strong>Ah\u015fap Kapak Contas\u0131<\/strong><\/p>\n<p>Ah\u015fap kapak hava ge\u00e7irmez bir kapatma sa\u011flar ve baharatlar\u0131n taze kalmas\u0131n\u0131 sa\u011flar.<\/p>\n<p><strong>\u00c7ok Y\u00f6nl\u00fc 410 ml Kapasite<\/strong><\/p>\n<p>Her t\u00fcrl\u00fc baharat\u0131 tutabilir; toplu ve toptan al\u0131mlar i\u00e7in m\u00fckemmeldir.<\/p>\n<h2>Temel \u00d6zellikler<\/h2>\n<table style=\"border-collapse: collapse; width: 80%; margin-left: auto; margin-right: auto;\" border=\"0\" width=\"216\" cellspacing=\"0\" cellpadding=\"0\">\n<tbody>\n<tr style=\"height: 13.50pt;\">\n<td style=\"height: 13.5pt; width: 54pt; text-align: center;\" width=\"72\" height=\"18\">Kapasite<\/td>\n<td style=\"width: 54pt; text-align: center;\" width=\"72\">Boyut (cm)<\/td>\n<td style=\"width: 54pt; text-align: center;\" width=\"72\">Aksesuarlar<\/td>\n<\/tr>\n<tr style=\"height: 13.50pt;\">\n<td style=\"height: 13.5pt; text-align: center;\" height=\"18\">410 ml<\/td>\n<td style=\"text-align: center;\">8,6 x 10,5<\/td>\n<td style=\"text-align: center;\">Tahta ka\u015f\u0131k<\/td>\n<\/tr>\n<\/tbody>\n<\/table>\n<h2>Ba\u015far\u0131 \u00d6rne\u011fi<\/h2>\n<p>Vancouver merkezli l\u00fcks bir \u00e7e\u015fni markas\u0131, \u00fcr\u00fcnlerinin tutars\u0131zl\u0131\u011f\u0131 nedeniyle ma\u011faza raflar\u0131nda fark edilmeyi olduk\u00e7a zorla\u015ft\u0131rd\u0131\u011f\u0131 i\u00e7in bir s\u00fcredir zor zamanlar ge\u00e7iriyordu. Ah\u015fap kapakl\u0131 ve ka\u015f\u0131k setli bu vintage baharat kavanozlar\u0131n\u0131 se\u00e7tiler. Kabartmal\u0131 dokumuzu, koyu ah\u015fap kapa\u011f\u0131m\u0131z\u0131 ve ki\u015fiselle\u015ftirilmi\u015f boyut se\u00e7eneklerimizi kullanarak, daha do\u011fal ve el yap\u0131m\u0131 g\u00f6r\u00fcnen bir marka g\u00f6rsel kimli\u011fi olu\u015fturmay\u0131 ba\u015fard\u0131lar.<\/p>\n<p>Yeni \u00fcr\u00fcn\u00fcn lansman\u0131ndan sonraki ilk \u00fc\u00e7 ayda perakende geri bildirimlerinde \u00e7arp\u0131c\u0131 bir de\u011fi\u015fim ya\u015fand\u0131 ve \u00f6zellikle \u00fcr\u00fcne e\u015flik eden hediye seti \u00e7ok iyi sat\u0131ld\u0131. Toplam gelir, \u00f6nceki \u200b\u200d\u200b\u200c\u200d\u200b\u200d\u200c\u200b\u200d\u200c\u200d\u200b\u200d\u200c ambalaj\u0131na k\u0131yasla yakla\u015f\u0131k artt\u0131.<\/p>\n<h2>\u00d6zelle\u015ftirme K\u0131lavuzunuz<\/h2>\n<ol>\n<li><strong>\u00d6zelle\u015ftirilebilir\u200b\u200d\u200b\u200c\u200d\u200b\u200d\u200c\u200b\u200d\u200c\u200d\u200b\u200d\u200c Ah\u015fap Kapaklar:<\/strong>Kapaklar\u0131n\u0131z i\u00e7in ceviz, bambu veya me\u015fe gibi malzemeler se\u00e7in ve markan\u0131z\u0131n do\u011fal veya l\u00fcks y\u00f6n\u00fcn\u00fc en iyi \u015fekilde tamamlayacak renk ve dokuyu belirleyin.<\/li>\n<li><strong>Cam Kabartma ve Dokulu Kaplamalar:<\/strong>Markan\u0131z\u0131 daha tan\u0131n\u0131r k\u0131lmak i\u00e7in m\u00fc\u015fterilerinize elmas, dalgal\u0131, vintage kareli desenler veya \u00f6zel kabartmal\u0131 logo sunun.<\/li>\n<li><strong>Kapasite ve Boyun Tasar\u0131m Se\u00e7enekleri:<\/strong>Kavanozun hacmini 100ml, 150ml ve 250ml olarak belirleyebilir veya ka\u015f\u0131k veya s\u00fczge\u00e7li kapak i\u00e7in boyun boyutunu de\u011fi\u015ftirebilirsiniz.<\/li>\n<\/ol>","protected":false},"excerpt":{"rendered":"<p>Vintage baharat kavanozlar\u0131ndan ilham al\u0131narak tasarlanan baharat kavanozu seti, baharat kavanozu setinin cazibesini sunarak \u015f\u0131k ve ki\u015fiselle\u015ftirilebilir baharat saklama alanlar\u0131 aray\u0131\u015f\u0131nda olanlar i\u00e7in idealdir.<\/p>","protected":false},"featured_media":24059,"template":"","meta":[],"product_brand":[],"product_cat":[128,124,122],"product_tag":[],"class_list":{"0":"post-24044","1":"product","2":"type-product","3":"status-publish","4":"has-post-thumbnail","6":"product_cat-spice-jars","7":"product_cat-custom-glass-jars","8":"product_cat-custom-glass-packaging","10":"first","11":"instock","12":"shipping-taxable","13":"product-type-simple"},"jetpack_sharing_enabled":true,"_links":{"self":[{"href":"https:\/\/yebodaglass.com\/tr\/wp-json\/wp\/v2\/product\/24044","targetHints":{"allow":["GET"]}}],"collection":[{"href":"https:\/\/yebodaglass.com\/tr\/wp-json\/wp\/v2\/product"}],"about":[{"href":"https:\/\/yebodaglass.com\/tr\/wp-json\/wp\/v2\/types\/product"}],"version-history":[{"count":5,"href":"https:\/\/yebodaglass.com\/tr\/wp-json\/wp\/v2\/product\/24044\/revisions"}],"predecessor-version":[{"id":24060,"href":"https:\/\/yebodaglass.com\/tr\/wp-json\/wp\/v2\/product\/24044\/revisions\/24060"}],"wp:featuredmedia":[{"embeddable":true,"href":"https:\/\/yebodaglass.com\/tr\/wp-json\/wp\/v2\/media\/24059"}],"wp:attachment":[{"href":"https:\/\/yebodaglass.com\/tr\/wp-json\/wp\/v2\/media?parent=24044"}],"wp:term":[{"taxonomy":"product_brand","embeddable":true,"href":"https:\/\/yebodaglass.com\/tr\/wp-json\/wp\/v2\/product_brand?post=24044"},{"taxonomy":"product_cat","embeddable":true,"href":"https:\/\/yebodaglass.com\/tr\/wp-json\/wp\/v2\/product_cat?post=24044"},{"taxonomy":"product_tag","embeddable":true,"href":"https:\/\/yebodaglass.com\/tr\/wp-json\/wp\/v2\/product_tag?post=24044"}],"curies":[{"name":"wp","href":"https:\/\/api.w.org\/{rel}","templated":true}]}}