{"id":24035,"date":"2025-11-24T14:21:56","date_gmt":"2025-11-24T06:21:56","guid":{"rendered":"https:\/\/yebodaglass.com\/?post_type=product&#038;p=24035"},"modified":"2025-11-24T17:30:11","modified_gmt":"2025-11-24T09:30:11","slug":"custom-vintage-pickle-jar-with-lids-wholesale","status":"publish","type":"product","link":"https:\/\/yebodaglass.com\/tr\/custom-vintage-pickle-jar-with-lids-wholesale\/","title":{"rendered":"50 ml - 380 ml \u00d6zel Vintage Tur\u015fu Kavanozu Kapakl\u0131 Toptan"},"content":{"rendered":"<p>Salatal\u0131\u011f\u0131n\u0131z\u0131n rengini solduran tur\u015fu kavanozlar\u0131ndan b\u0131kt\u0131n\u0131z m\u0131? An\u0131nda nostalji i\u00e7in k\u0131rm\u0131z\u0131-beyaz kapakl\u0131 vintage tur\u015fu kavanozlar\u0131 tasarl\u0131yoruz. Bu tur\u015fu so\u011fan kavanozlar\u0131, yiyecek saklama alan\u0131n\u0131z\u0131 bir marka m\u0131knat\u0131s\u0131na d\u00f6n\u00fc\u015ft\u00fcr\u00fcyor. Toplu sipari\u015flerde, etiket uygulaman\u0131za uygun \u00f6zel boyutlar mevcuttur.<\/p>\n<h2>\u00dcr\u00fcn \u00d6zellikleri<\/h2>\n<p><strong>Klasik retro g\u00f6r\u00fcn\u00fcm<\/strong><\/p>\n<p>Retro kareli vidal\u0131 kapak stiliyle bu \u00fcr\u00fcn g\u00f6rsel olarak \u015f\u0131kl\u0131k katar ve el yap\u0131m\u0131 yiyecekler, \u00e7iftlik i\u015fleme tesisleri ve markal\u0131 hediye setleri i\u00e7in m\u00fckemmel bir uyum sa\u011flayabilir.<\/p>\n<p><strong>Birden Fazla Boyut Mevcuttur<\/strong><\/p>\n<p>\u00dcr\u00fcn yelpazemiz, k\u00fc\u00e7\u00fck bir numune kavanozundan b\u00fcy\u00fck bir aile boyu pakete kadar \u00e7e\u015fitli boyutlarda, toptanc\u0131lar\u0131n ve g\u0131da fabrikalar\u0131n\u0131n farkl\u0131 tur\u015fu \u00fcr\u00fcnleri i\u00e7in ambalaj ihtiya\u00e7lar\u0131n\u0131 kar\u015f\u0131layacak kapasitededir.<\/p>\n<p><strong>Y\u00fcksek Is\u0131 ve Asit Direnci<\/strong><\/p>\n<p>Cam, sirke, ac\u0131 ya\u011f ve \u015feker \u015furubu gibi \u00e7e\u015fitli s\u0131v\u0131larda sebzelerin tur\u015fulanmas\u0131na uygundur ve koku ve korozyona kar\u015f\u0131 dayan\u0131kl\u0131d\u0131r, bu nedenle uzun s\u00fcre g\u00fcvenli bir \u015fekilde saklanmas\u0131n\u0131 garanti eder.<\/p>\n<h2>Temel \u00d6zellikler<\/h2>\n<table style=\"border-collapse: collapse; width: 80%; margin-left: auto; margin-right: auto;\" border=\"0\" width=\"288\" cellspacing=\"0\" cellpadding=\"0\">\n<tbody>\n<tr style=\"height: 13.50pt;\">\n<td style=\"height: 13.5pt; width: 54pt; text-align: center;\" width=\"72\" height=\"18\">Kapasite(ml)<\/td>\n<td style=\"width: 54pt; text-align: center;\" width=\"72\">Boyut(cm)<\/td>\n<td style=\"width: 54pt; text-align: center;\" width=\"72\">Kullan\u0131m<\/td>\n<td style=\"width: 54pt; text-align: center;\" width=\"72\">Kapaklar<\/td>\n<\/tr>\n<tr style=\"height: 13.50pt;\">\n<td style=\"height: 13.5pt; text-align: center;\" align=\"right\" height=\"18\">50<\/td>\n<td style=\"text-align: center;\">4.4 * 5.5<\/td>\n<td class=\"et2\" style=\"text-align: center;\" rowspan=\"6\">Re\u00e7el, tur\u015fu, bal<\/td>\n<td class=\"et2\" style=\"text-align: center;\" rowspan=\"6\">Teneke kapak<\/td>\n<\/tr>\n<tr style=\"height: 13.50pt;\">\n<td style=\"height: 13.5pt; text-align: center;\" align=\"right\" height=\"18\">100<\/td>\n<td style=\"text-align: center;\">5.9 * 6.4<\/td>\n<\/tr>\n<tr style=\"height: 13.50pt;\">\n<td style=\"height: 13.5pt; text-align: center;\" align=\"right\" height=\"18\">150<\/td>\n<td style=\"text-align: center;\">6.5 * 6.8<\/td>\n<\/tr>\n<tr style=\"height: 13.50pt;\">\n<td style=\"height: 13.5pt; text-align: center;\" align=\"right\" height=\"18\">200<\/td>\n<td style=\"text-align: center;\">6.5 * 8.5<\/td>\n<\/tr>\n<tr style=\"height: 13.50pt;\">\n<td style=\"height: 13.5pt; text-align: center;\" align=\"right\" height=\"18\">250<\/td>\n<td style=\"text-align: center;\">7.5 * 9.7<\/td>\n<\/tr>\n<tr style=\"height: 13.50pt;\">\n<td style=\"height: 13.5pt; text-align: center;\" align=\"right\" height=\"18\">380<\/td>\n<td style=\"text-align: center;\">8.4 * 11.5<\/td>\n<\/tr>\n<\/tbody>\n<\/table>\n<h2>Ba\u015far\u0131 \u00d6rne\u011fi<\/h2>\n<p>Polonya&#039;da tar\u0131msal i\u015fleme \u00fcr\u00fcnleri \u00fcreten bir firma, yaln\u0131zca geleneksel, ev tarz\u0131n\u0131 yans\u0131tmakla kalmay\u0131p ayn\u0131 zamanda markan\u0131n s\u00fcpermarketlerdeki g\u00f6r\u00fcn\u00fcrl\u00fc\u011f\u00fcn\u00fc de art\u0131racak bir ambalaj yaratma g\u00f6reviyle bize ba\u015fvurdu. \u00d6nerimiz, nostaljik kareli kapakl\u0131 eski moda tur\u015fu kavanozuydu ve iki \u00fcr\u00fcn serisinde de kapa\u011f\u0131n boyutu ve renginde de\u011fi\u015fiklikler yapt\u0131k: tur\u015fu so\u011fan ve kar\u0131\u015f\u0131k sebzeler.<\/p>\n<p>Yerel s\u00fcpermarket zincirlerinden gelen ilk tur\u015fu so\u011fan kavanozu partisinden sadece iki ay sonra, \u00e7ekici g\u00f6r\u00fcn\u00fcm\u00fc ve iyi s\u0131zd\u0131rmazl\u0131k performans\u0131 sayesinde &#039;lik bir sat\u0131\u015f art\u0131\u015f\u0131 kaydedildi.<\/p>\n<h2>\u00d6zelle\u015ftirme K\u0131lavuzunuz<\/h2>\n<ol>\n<li><strong>Kapak tasar\u0131m\u0131n\u0131 daha ki\u015fisel hale getirin:<\/strong> Se\u00e7ti\u011finiz teman\u0131n \u015firket logonuzu, kenarl\u0131k dokusunu veya renk bloklar\u0131n\u0131, klasik k\u0131rm\u0131z\u0131 ve beyaz kareli desenle birlikte kapa\u011fa ekleyerek onu benzersiz bir tan\u0131mlay\u0131c\u0131ya d\u00f6n\u00fc\u015ft\u00fcrebilirsiniz.<\/li>\n<li><strong>Etiket kuma\u015f\u0131n\u0131 geli\u015ftirin:<\/strong> \u00dcr\u00fcn\u00fcn\u00fcze daha rafine veya &#034;rustik retro&#034; bir g\u00f6rsel stil ve doku kazand\u0131rmak i\u00e7in mat ka\u011f\u0131t, oleofobik sentetik ka\u011f\u0131t veya metalik etiketler se\u00e7in.<\/li>\n<\/ol>","protected":false},"excerpt":{"rendered":"<p>Kapakl\u0131 vintage tur\u015fu kavanozu, sizin i\u00e7in ideal tur\u015fu so\u011fan kavanozlar\u0131. Fabrikadan do\u011frudan tedarik ve ki\u015fiselle\u015ftirme mevcuttur. Hemen teslim edilebilir.<\/p>","protected":false},"featured_media":24036,"template":"","meta":[],"product_brand":[],"product_cat":[122,124,133],"product_tag":[],"class_list":{"0":"post-24035","1":"product","2":"type-product","3":"status-publish","4":"has-post-thumbnail","6":"product_cat-custom-glass-packaging","7":"product_cat-custom-glass-jars","8":"product_cat-pickle-jars","10":"first","11":"instock","12":"shipping-taxable","13":"product-type-simple"},"jetpack_sharing_enabled":true,"_links":{"self":[{"href":"https:\/\/yebodaglass.com\/tr\/wp-json\/wp\/v2\/product\/24035","targetHints":{"allow":["GET"]}}],"collection":[{"href":"https:\/\/yebodaglass.com\/tr\/wp-json\/wp\/v2\/product"}],"about":[{"href":"https:\/\/yebodaglass.com\/tr\/wp-json\/wp\/v2\/types\/product"}],"version-history":[{"count":5,"href":"https:\/\/yebodaglass.com\/tr\/wp-json\/wp\/v2\/product\/24035\/revisions"}],"predecessor-version":[{"id":24054,"href":"https:\/\/yebodaglass.com\/tr\/wp-json\/wp\/v2\/product\/24035\/revisions\/24054"}],"wp:featuredmedia":[{"embeddable":true,"href":"https:\/\/yebodaglass.com\/tr\/wp-json\/wp\/v2\/media\/24036"}],"wp:attachment":[{"href":"https:\/\/yebodaglass.com\/tr\/wp-json\/wp\/v2\/media?parent=24035"}],"wp:term":[{"taxonomy":"product_brand","embeddable":true,"href":"https:\/\/yebodaglass.com\/tr\/wp-json\/wp\/v2\/product_brand?post=24035"},{"taxonomy":"product_cat","embeddable":true,"href":"https:\/\/yebodaglass.com\/tr\/wp-json\/wp\/v2\/product_cat?post=24035"},{"taxonomy":"product_tag","embeddable":true,"href":"https:\/\/yebodaglass.com\/tr\/wp-json\/wp\/v2\/product_tag?post=24035"}],"curies":[{"name":"wp","href":"https:\/\/api.w.org\/{rel}","templated":true}]}}