{"id":24010,"date":"2025-11-21T14:34:47","date_gmt":"2025-11-21T06:34:47","guid":{"rendered":"https:\/\/yebodaglass.com\/?post_type=product&#038;p=24010"},"modified":"2025-11-21T14:52:06","modified_gmt":"2025-11-21T06:52:06","slug":"glass-pickle-jars-wholesale-with-high-top-lids","status":"publish","type":"product","link":"https:\/\/yebodaglass.com\/tr\/glass-pickle-jars-wholesale-with-high-top-lids\/","title":{"rendered":"100 ml - 750 ml Y\u00fcksek Kapakl\u0131 Cam Tur\u015fu Kavanozlar\u0131 Toptan Sat\u0131\u015f"},"content":{"rendered":"<p>S\u0131zd\u0131ran veya salatal\u0131klar\u0131n\u0131z\u0131 lekeleyen tur\u015fu kavanozlar\u0131ndan b\u0131kt\u0131n\u0131z m\u0131? Cam tur\u015fu kavanozlar\u0131n\u0131 toptan \u00fcretiyoruz - art\u0131k \u00fcz\u00fcc\u00fc tuzlu su d\u00f6k\u00fclmelerine son. Bu tur\u015fu kavanozu kaplar\u0131, yiyecek saklama alan\u0131n\u0131z\u0131 markal\u0131 bir g\u00fc\u00e7 merkezine d\u00f6n\u00fc\u015ft\u00fcrecek. Toplu sipari\u015flerde markan\u0131za uygun \u00f6zel boyutlar mevcuttur.<\/p>\n<h2>\u00dcr\u00fcn \u00d6zellikleri<\/h2>\n<p><strong>Y\u00fcksek \u00dcst Metal Kapak Contas\u0131<\/strong><\/p>\n<p>Tuzlu su ve lezzet metal kapakla hapsedilir; tur\u015fular hi\u00e7bir zaman bozulmadan taze kal\u0131r.<\/p>\n<p><strong>Kristal Berrakl\u0131\u011f\u0131nda Cam G\u00f6r\u00fcn\u00fcrl\u00fc\u011f\u00fc<\/strong><\/p>\n<p>En taze dereotunun nas\u0131l \u00fcretildi\u011fine tan\u0131k olun \u2013 m\u00fc\u015fterileriniz cam kavanozlar\u0131n\u0131za an\u0131nda g\u00fcven duyuyor.<\/p>\n<p><strong>\u00c7oklu Kapasite Se\u00e7enekleri<\/strong><\/p>\n<p>100 ml&#039;den 220 ml&#039;ye kadar olan hacimler k\u00fc\u00e7\u00fck partilere veya b\u00fcy\u00fck hacimli ihtiya\u00e7lara hizmet edebilir.<\/p>\n<h2>Temel \u00d6zellikler<\/h2>\n<table style=\"border-collapse: collapse; width: 80%; margin-left: auto; margin-right: auto;\" border=\"0\" width=\"216\" cellspacing=\"0\" cellpadding=\"0\">\n<tbody>\n<tr style=\"height: 13.50pt;\">\n<td style=\"height: 13.5pt; width: 54pt; text-align: center;\" width=\"72\" height=\"18\">Kapasite(ml)<\/td>\n<td style=\"width: 54pt; text-align: center;\" width=\"72\">Boyut (cm)<\/td>\n<td style=\"width: 54pt; text-align: center;\" width=\"72\">Kapaklar<\/td>\n<\/tr>\n<tr style=\"height: 13.50pt;\">\n<td style=\"height: 13.5pt; text-align: center;\" align=\"right\" height=\"18\">100<\/td>\n<td style=\"text-align: center;\">6,2 x 6,8<\/td>\n<td class=\"et2\" style=\"text-align: center;\" rowspan=\"7\">Y\u00fcksek \u00dcst Metal Kapaklar<\/td>\n<\/tr>\n<tr style=\"height: 13.50pt;\">\n<td style=\"height: 13.5pt; text-align: center;\" align=\"right\" height=\"18\">150 \/ 5oz<\/td>\n<td style=\"text-align: center;\">7,5 x 6,6<\/td>\n<\/tr>\n<tr style=\"height: 13.50pt;\">\n<td style=\"height: 13.5pt; text-align: center;\" align=\"right\" height=\"18\">180 \/ 6oz<\/td>\n<td style=\"text-align: center;\">7,3 x 7,8<\/td>\n<\/tr>\n<tr style=\"height: 13.50pt;\">\n<td style=\"height: 13.5pt; text-align: center;\" align=\"right\" height=\"18\">220<\/td>\n<td style=\"text-align: center;\">6,6 x 10,6<\/td>\n<\/tr>\n<tr style=\"height: 13.50pt;\">\n<td style=\"height: 13.5pt; text-align: center;\" align=\"right\" height=\"18\">380<\/td>\n<td style=\"text-align: center;\">7,5 x 12,5<\/td>\n<\/tr>\n<tr style=\"height: 13.50pt;\">\n<td style=\"height: 13.5pt; text-align: center;\" align=\"right\" height=\"18\">500<\/td>\n<td style=\"text-align: center;\">7,5 x 14,9<\/td>\n<\/tr>\n<tr style=\"height: 13.50pt;\">\n<td style=\"height: 13.5pt; text-align: center;\" align=\"right\" height=\"18\">750 \/ 25oz<\/td>\n<td style=\"text-align: center;\">8,6 x 17,5<\/td>\n<\/tr>\n<\/tbody>\n<\/table>\n<h2>Ba\u015far\u0131 Hikayesi<\/h2>\n<p>Bat\u0131 Kanada&#039;da \u00f6zel bir tur\u015fu markas\u0131, \u00fcr\u00fcn yelpazesini yenilemek i\u00e7in bizimle geldi ve bu uzun kapakl\u0131 cam tur\u015fu kavanozunu se\u00e7ti. Yeni \u00fcr\u00fcnleri \u00e7e\u015fitli tur\u015fu sebzeleri ve salamura sular\u0131yd\u0131 ve eski ambalajlar nakliye s\u0131ras\u0131nda s\u0131k s\u0131k s\u0131zd\u0131r\u0131yor ve hasar g\u00f6r\u00fcyordu. Onlara daha kal\u0131n duvarl\u0131 ve daha sa\u011flam uzun kapakl\u0131 bir kavanoz verdik.<\/p>\n<p>Sonu\u00e7 olarak, yeni cam tur\u015fu kavanozunun s\u0131zd\u0131rmazl\u0131\u011f\u0131 iyile\u015ftirildi ve yeni \u00fcr\u00fcn\u00fcn sat\u0131\u015flar\u0131 \u00fc\u00e7 ay i\u00e7inde neredeyse oran\u0131nda artt\u0131.<\/p>\n<h2>\u00d6zelle\u015ftirme K\u0131lavuzunuz<\/h2>\n<ol>\n<li><strong>Birden fazla kapak t\u00fcr\u00fcn\u00fc destekler:<\/strong> Basit uzun kapak d\u0131\u015f\u0131nda, conta takviyeli kapaklar veya farkl\u0131 malzemelerden \u00fcretilmi\u015f kapaklar da tercih edilebilir, b\u00f6ylece daha uyumlu bir stil ve otomatik kapak \u00fcretim hatlar\u0131 ile daha iyi uyumluluk sa\u011flan\u0131r.<\/li>\n<li><strong>Buzlu etiket alan\u0131:<\/strong> Kaplar buzlu veya hafif kaymaz dokulu olabilir, b\u00f6ylece etiketleme uygulamas\u0131 kolayla\u015f\u0131r ve genel ambalaj kalitesi artar.<\/li>\n<li><strong>B\u00fcy\u00fck sipari\u015fleriniz i\u00e7in istedi\u011finiz renkli cam:<\/strong> Kehribar, ye\u015fil veya di\u011fer renkli cam se\u00e7enekleri, yaln\u0131zca \u0131\u015f\u0131\u011fa duyarl\u0131 \u00fcr\u00fcnlerin koruyucu \u00f6zelliklerini geli\u015ftirmek i\u00e7in de\u011fil, ayn\u0131 zamanda markay\u0131 g\u00fc\u00e7lendirmek i\u00e7in de kullan\u0131labilir.<\/li>\n<\/ol>","protected":false},"excerpt":{"rendered":"<p>Y\u00fcksek kapakl\u0131 toptan cam tur\u015fu kavanozlar\u0131, toplu olarak tur\u015fu kavanozu \u00e7\u00f6z\u00fcm\u00fcne ihtiya\u00e7 duyan, fabrikadan do\u011frudan tedarik ve \u00f6zelle\u015ftirilebilir se\u00e7eneklere sahip markalar i\u00e7in idealdir.<\/p>","protected":false},"featured_media":24020,"template":"","meta":[],"product_brand":[],"product_cat":[122,124,133],"product_tag":[],"class_list":{"0":"post-24010","1":"product","2":"type-product","3":"status-publish","4":"has-post-thumbnail","6":"product_cat-custom-glass-packaging","7":"product_cat-custom-glass-jars","8":"product_cat-pickle-jars","10":"first","11":"instock","12":"shipping-taxable","13":"product-type-simple"},"jetpack_sharing_enabled":true,"_links":{"self":[{"href":"https:\/\/yebodaglass.com\/tr\/wp-json\/wp\/v2\/product\/24010","targetHints":{"allow":["GET"]}}],"collection":[{"href":"https:\/\/yebodaglass.com\/tr\/wp-json\/wp\/v2\/product"}],"about":[{"href":"https:\/\/yebodaglass.com\/tr\/wp-json\/wp\/v2\/types\/product"}],"version-history":[{"count":5,"href":"https:\/\/yebodaglass.com\/tr\/wp-json\/wp\/v2\/product\/24010\/revisions"}],"predecessor-version":[{"id":24021,"href":"https:\/\/yebodaglass.com\/tr\/wp-json\/wp\/v2\/product\/24010\/revisions\/24021"}],"wp:featuredmedia":[{"embeddable":true,"href":"https:\/\/yebodaglass.com\/tr\/wp-json\/wp\/v2\/media\/24020"}],"wp:attachment":[{"href":"https:\/\/yebodaglass.com\/tr\/wp-json\/wp\/v2\/media?parent=24010"}],"wp:term":[{"taxonomy":"product_brand","embeddable":true,"href":"https:\/\/yebodaglass.com\/tr\/wp-json\/wp\/v2\/product_brand?post=24010"},{"taxonomy":"product_cat","embeddable":true,"href":"https:\/\/yebodaglass.com\/tr\/wp-json\/wp\/v2\/product_cat?post=24010"},{"taxonomy":"product_tag","embeddable":true,"href":"https:\/\/yebodaglass.com\/tr\/wp-json\/wp\/v2\/product_tag?post=24010"}],"curies":[{"name":"wp","href":"https:\/\/api.w.org\/{rel}","templated":true}]}}