{"id":23970,"date":"2025-11-20T14:40:02","date_gmt":"2025-11-20T06:40:02","guid":{"rendered":"https:\/\/yebodaglass.com\/?post_type=product&#038;p=23970"},"modified":"2025-11-20T14:40:03","modified_gmt":"2025-11-20T06:40:03","slug":"double-handle-glass-jar-for-pickles-bulk","status":"publish","type":"product","link":"https:\/\/yebodaglass.com\/tr\/double-handle-glass-jar-for-pickles-bulk\/","title":{"rendered":"80ml \u2013 200ml \u00c7ift Sapl\u0131 Tur\u015fu Kavanozu Toplu Sat\u0131\u015f"},"content":{"rendered":"<p>Ellerinizden kay\u0131p giden tur\u015fu kavanozlar\u0131ndan b\u0131kt\u0131n\u0131z m\u0131? Kolay kavrama i\u00e7in \u00e7ift kulakl\u0131 tur\u015fu kavanozlar\u0131 tasarl\u0131yoruz. Bu cam tur\u015fu kavanozlar\u0131, yiyecek saklama alan\u0131n\u0131z\u0131 markal\u0131 bir ifadeye d\u00f6n\u00fc\u015ft\u00fcr\u00fcyor. Toplu sipari\u015flerde markan\u0131za uygun \u00f6zel boyutlar mevcuttur.<\/p>\n<h2>\u00dcr\u00fcn \u00d6zellikleri<\/h2>\n<p><strong>\u00c7ift Kulak Tutma Tasar\u0131m\u0131<\/strong><\/p>\n<p>Kolayca tutun; art\u0131k salatal\u0131k demetleri d\u00fc\u015fmeyecek.<\/p>\n<p><strong>Kristal Berrakl\u0131\u011f\u0131nda Cam G\u00f6r\u00fcn\u00fcrl\u00fc\u011f\u00fc<\/strong><\/p>\n<p>Her dereotu dal\u0131n\u0131 g\u00f6r\u00fcn; m\u00fc\u015fterileriniz cam kavanozlar\u0131n\u0131za an\u0131nda g\u00fcven duysun.<\/p>\n<p><strong>Hava Ge\u00e7irmez Metal Kapak Contas\u0131<\/strong><\/p>\n<p>Tuzlu suda bekletilmi\u015f ve lezzetli tur\u015fular - asla bozulmaz.<\/p>\n<h2>Temel \u00d6zellikler<\/h2>\n<table style=\"border-collapse: collapse; width: 80%; margin-left: auto; margin-right: auto;\" border=\"0\" width=\"216\" cellspacing=\"0\" cellpadding=\"0\">\n<tbody>\n<tr style=\"height: 13.50pt;\">\n<td style=\"height: 13.5pt; width: 54pt; text-align: center;\" width=\"72\" height=\"18\">Kapasite(ml)<\/td>\n<td style=\"width: 54pt; text-align: center;\" width=\"72\">Boyut (cm)<\/td>\n<td style=\"width: 54pt; text-align: center;\" width=\"72\">\u015eekil<\/td>\n<\/tr>\n<tr style=\"height: 13.50pt;\">\n<td style=\"height: 13.5pt; text-align: center;\" align=\"right\" height=\"18\">80<\/td>\n<td style=\"text-align: center;\">6,9 x 4,4<\/td>\n<td class=\"et2\" style=\"text-align: center;\" rowspan=\"4\">Yuvarlak<\/td>\n<\/tr>\n<tr style=\"height: 13.50pt;\">\n<td style=\"height: 13.5pt; text-align: center;\" align=\"right\" height=\"18\">100<\/td>\n<td style=\"text-align: center;\">7,6 x 4,6<\/td>\n<\/tr>\n<tr style=\"height: 13.50pt;\">\n<td style=\"height: 13.5pt; text-align: center;\" align=\"right\" height=\"18\">150<\/td>\n<td style=\"text-align: center;\">8,0 x 5,4<\/td>\n<\/tr>\n<tr style=\"height: 13.50pt;\">\n<td style=\"height: 13.5pt; text-align: center;\" align=\"right\" height=\"18\">200<\/td>\n<td style=\"text-align: center;\">8,9 x 5,5<\/td>\n<\/tr>\n<\/tbody>\n<\/table>\n<h2>Ba\u015far\u0131 \u00d6rne\u011fi<\/h2>\n<p>G\u00fcneydo\u011fu Asyal\u0131 bir \u00e7e\u015fni \u00fcreticisi, \u00e7ift kulplu kimchi kavanozlar\u0131m\u0131za ge\u00e7erek ambalajlar\u0131n\u0131 geli\u015ftirdi. \u00c7al\u0131\u015fanlar\u0131n\u0131n, s\u0131cak dolum s\u0131ras\u0131nda rahat\u00e7a kavranabilecek ve uzun mesafeleri ta\u015f\u0131yabilecek kadar sa\u011flam bir kimchi kavanozuna ihtiyac\u0131 vard\u0131.<\/p>\n<p>G\u00fc\u00e7lendirilmi\u015f cam kavanoz g\u00f6vdemiz, geni\u015f a\u011f\u0131zl\u0131 tasar\u0131m\u0131m\u0131z ve hava ge\u00e7irmez kapa\u011f\u0131m\u0131z sayesinde dolum verimlilikleri oran\u0131nda artt\u0131 ve nakliye s\u0131ras\u0131nda meydana gelen k\u0131r\u0131lmalar \u00f6nemli \u00f6l\u00e7\u00fcde azalt\u0131ld\u0131.<\/p>\n<p>Herb &amp; Spice Co., tur\u015fu cam kavanoz \u00fcr\u00fcn gam\u0131m\u0131za ge\u00e7ti. Sonu\u00e7? 15 kat daha h\u0131zl\u0131 t\u00fckendi ve 5 y\u0131ld\u0131zl\u0131 yorumlar ald\u0131. Neden mi? \u00c7ift kulakl\u0131 tutma yeri sayesinde b\u00fct\u00fcn salatal\u0131\u011f\u0131 kolayca tutabiliyorlard\u0131 ve \u00f6zel k\u0131rm\u0131z\u0131 metal kapaklar\u0131 markalar\u0131yla uyumluydu. Art\u0131k 200&#039;den fazla ma\u011fazada en \u00e7ok satanlar aras\u0131ndalar.<\/p>\n<h2>\u00d6zelle\u015ftirme K\u0131lavuzunuz<\/h2>\n<ol>\n<li><strong>Geli\u015ftirilmi\u015f\u200b\u200d\u200b\u200c\u200d\u200b\u200d\u200c\u200b\u200d\u200b\u200c\u200d\u200b\u200d\u200c Kapaklar:<\/strong> Metal, renkli, elektroliz kaplamal\u0131 ve emniyetli kapaklar olabilir, ayr\u0131ca daha iyi koruma i\u00e7in s\u0131zd\u0131rmazl\u0131k contas\u0131 ekleme se\u00e7ene\u011fi de mevcuttur.<\/li>\n<li><strong>Cam kal\u0131nl\u0131\u011f\u0131 ve konturu:<\/strong> Bas\u0131nca daha dayan\u0131kl\u0131 olmas\u0131 ve g\u00fcvenli ta\u015f\u0131nmas\u0131 i\u00e7in daha kal\u0131n takviyeli camdan yap\u0131labilir; ayr\u0131ca kavanozun e\u011frili\u011fi ve sap \u00f6l\u00e7\u00fcleri de\u011fi\u015ftirilebilir.<\/li>\n<li><strong>Ki\u015fiselle\u015ftirilmi\u015f Marka:<\/strong> Tur\u015fu cam kavanozu sprey boyama, bask\u0131, s\u0131cak damgalama ve etiketleme i\u015flemleriyle markalanabilir.<\/li>\n<\/ol>","protected":false},"excerpt":{"rendered":"<p>\u00c7ift kulplu tasar\u0131ma sahip tur\u015fu kavanozu, toplu paketleme i\u00e7in idealdir. Bu cam tur\u015fu kavanozu, g\u00fcvenli s\u0131zd\u0131rmazl\u0131k, fabrikadan do\u011frudan tedarik ve \u00f6zelle\u015ftirilebilir se\u00e7enekler sunar.<\/p>","protected":false},"featured_media":23971,"template":"","meta":[],"product_brand":[],"product_cat":[122,124,133],"product_tag":[],"class_list":{"0":"post-23970","1":"product","2":"type-product","3":"status-publish","4":"has-post-thumbnail","6":"product_cat-custom-glass-packaging","7":"product_cat-custom-glass-jars","8":"product_cat-pickle-jars","10":"first","11":"instock","12":"shipping-taxable","13":"product-type-simple"},"jetpack_sharing_enabled":true,"_links":{"self":[{"href":"https:\/\/yebodaglass.com\/tr\/wp-json\/wp\/v2\/product\/23970","targetHints":{"allow":["GET"]}}],"collection":[{"href":"https:\/\/yebodaglass.com\/tr\/wp-json\/wp\/v2\/product"}],"about":[{"href":"https:\/\/yebodaglass.com\/tr\/wp-json\/wp\/v2\/types\/product"}],"version-history":[{"count":4,"href":"https:\/\/yebodaglass.com\/tr\/wp-json\/wp\/v2\/product\/23970\/revisions"}],"predecessor-version":[{"id":23978,"href":"https:\/\/yebodaglass.com\/tr\/wp-json\/wp\/v2\/product\/23970\/revisions\/23978"}],"wp:featuredmedia":[{"embeddable":true,"href":"https:\/\/yebodaglass.com\/tr\/wp-json\/wp\/v2\/media\/23971"}],"wp:attachment":[{"href":"https:\/\/yebodaglass.com\/tr\/wp-json\/wp\/v2\/media?parent=23970"}],"wp:term":[{"taxonomy":"product_brand","embeddable":true,"href":"https:\/\/yebodaglass.com\/tr\/wp-json\/wp\/v2\/product_brand?post=23970"},{"taxonomy":"product_cat","embeddable":true,"href":"https:\/\/yebodaglass.com\/tr\/wp-json\/wp\/v2\/product_cat?post=23970"},{"taxonomy":"product_tag","embeddable":true,"href":"https:\/\/yebodaglass.com\/tr\/wp-json\/wp\/v2\/product_tag?post=23970"}],"curies":[{"name":"wp","href":"https:\/\/api.w.org\/{rel}","templated":true}]}}