{"id":23940,"date":"2025-11-19T14:08:56","date_gmt":"2025-11-19T06:08:56","guid":{"rendered":"https:\/\/yebodaglass.com\/?post_type=product&#038;p=23940"},"modified":"2025-11-19T17:21:31","modified_gmt":"2025-11-19T09:21:31","slug":"custom-glass-jar-for-pickle-with-airtight-cap-bulk","status":"publish","type":"product","link":"https:\/\/yebodaglass.com\/tr\/custom-glass-jar-for-pickle-with-airtight-cap-bulk\/","title":{"rendered":"Tur\u015fu \u0130\u00e7in Hava Ge\u00e7irmez Kapakl\u0131 \u00d6zel Cam Kavanoz 100 oz"},"content":{"rendered":"<p>S\u0131zd\u0131ran veya salatal\u0131\u011f\u0131n\u0131z\u0131n rengini solduran tur\u015fu kavanozlar\u0131ndan b\u0131kt\u0131n\u0131z m\u0131? Tur\u015fu i\u00e7in cam kavanozlar tasarl\u0131yoruz; art\u0131k \u00fcz\u00fcc\u00fc tuzlu su d\u00f6k\u00fclmelerine son. Tur\u015fu yapmak i\u00e7in kullan\u0131lan bu cam kavanozlar, yiyecek saklama alan\u0131n\u0131z\u0131 markal\u0131 bir g\u00fc\u00e7 merkezine d\u00f6n\u00fc\u015ft\u00fcr\u00fcyor. Toplu sipari\u015flerde, markan\u0131za uygun \u00f6zel kaplamalar elde edersiniz.<\/p>\n<h2>\u00dcr\u00fcn \u00d6zellikleri<\/h2>\n<p><strong>B\u00fcy\u00fck Hacim Yap\u0131s\u0131<\/strong><\/p>\n<p>B\u00fct\u00fcn bir sebzeyi veya b\u00fcy\u00fck miktarda malzemeyi tur\u015fulamak i\u00e7in kullan\u0131labilir, b\u00f6ylece ailelerin, b\u00fcy\u00fck restoranlar\u0131n veya g\u0131da fabrikalar\u0131n\u0131n depolama ihtiya\u00e7lar\u0131n\u0131 kar\u015f\u0131layabilir.<\/p>\n<p><strong>Cam Kapak + Metal Mandall\u0131 Kilitli S\u0131zd\u0131rmazl\u0131k Yap\u0131s\u0131<\/strong><\/p>\n<p>\u00c7\u0131t\u00e7\u0131tl\u0131 mekanizmas\u0131 hava ge\u00e7irmezli\u011fi g\u00fc\u00e7lendirdi\u011finden hava giri\u015fini azaltmada etkili bir yoldur ve bu sayede fermantasyon, tur\u015fu yap\u0131m\u0131 ve uzun s\u00fcreli saklama i\u00e7in uygun bir cihazd\u0131r.<\/p>\n<p><strong>S\u00fcper \u015eeffaf Cam<\/strong><\/p>\n<p>Kavanoz, tur\u015fu \u00fcr\u00fcnlerinin rengini ve durumunu g\u00f6rsel olarak g\u00f6sterir, b\u00f6ylece fermantasyonu veya kalitedeki herhangi bir de\u011fi\u015fikli\u011fi izlemek \u00e7ok kolayla\u015f\u0131r.<\/p>\n<h2>Temel \u00d6zellikler<\/h2>\n<table style=\"border-collapse: collapse; width: 80%; margin-left: AUTO; margin-right: AUTO;\" border=\"0\" width=\"288\" cellspacing=\"0\" cellpadding=\"0\">\n<tbody>\n<tr style=\"height: 13.50pt;\">\n<td style=\"height: 13.5pt; width: 54pt; text-align: center;\" width=\"72\" height=\"18\">Kapasite<\/td>\n<td style=\"width: 54pt; text-align: center;\" width=\"72\">Malzeme<\/td>\n<td style=\"width: 54pt; text-align: center;\" width=\"72\">Kapak Tipi<\/td>\n<td style=\"width: 54pt; text-align: center;\" width=\"72\">\u015eekil<\/td>\n<\/tr>\n<tr style=\"height: 13.50pt;\">\n<td style=\"height: 13.5pt; text-align: center;\" height=\"18\">3000ml (\u00f6zel)<\/td>\n<td style=\"text-align: center;\">\u00dcst\u00fcn Cam<\/td>\n<td style=\"text-align: center;\">Kelep\u00e7eli Hava Ge\u00e7irmez Kapaklar<\/td>\n<td style=\"text-align: center;\">Yuvarlak (\u00f6zelle\u015ftirilebilir)<\/td>\n<\/tr>\n<\/tbody>\n<\/table>\n<h2>Ba\u015far\u0131 \u00d6rne\u011fi<\/h2>\n<p>Geleneksel tur\u015fu \u00fcreten b\u00fcy\u00fck bir g\u0131da i\u015fleme tesisi, fermantasyon s\u00fcreci i\u00e7in daha iyi bir ambalaj \u00e7\u00f6z\u00fcm\u00fc ararken, tur\u015fular\u0131 i\u00e7in b\u00fcy\u00fck kapasiteli cam kavanozumuzu kullanmaya karar verdi. Uzun ve zorlu fermantasyon d\u00f6ng\u00fcs\u00fc taleplerini kar\u015f\u0131layabilmek i\u00e7in tesis, kavanoz duvarlar\u0131n\u0131 kal\u0131nla\u015ft\u0131rd\u0131 ve ayr\u0131ca tuz ve aside dayan\u0131kl\u0131 s\u0131zd\u0131rmazl\u0131k contalar\u0131 takt\u0131. B\u00f6ylece metal kilitleme yap\u0131s\u0131, uzun s\u00fcre y\u00fcksek tuzlu bir ortamda bile stabil kalabiliyor.<\/p>\n<p>Yap\u0131lan iyile\u015ftirmelerle tur\u015fular fermantasyon s\u0131ras\u0131nda g\u00f6rsel olarak ula\u015f\u0131labilir hale geldi, parti hatas\u0131 oran\u0131 yakla\u015f\u0131k oran\u0131nda d\u00fc\u015ft\u00fc ve depo y\u00f6netimi daha \u00e7ok halk\u0131n i\u015fi haline geldi.<\/p>\n<h2>\u00d6zelle\u015ftirme K\u0131lavuzunuz<\/h2>\n<ol>\n<li><strong>S\u0131zd\u0131rmazl\u0131k Sistemi Y\u00fckseltmesi:<\/strong>Metal mandallar elektrolizle kaplanm\u0131\u015f, boyanm\u0131\u015f veya paslanmaz \u00e7elik kaplamal\u0131 olabilir ve asit dayan\u0131kl\u0131 contalar ve silikon halkalar daha iyi s\u0131zd\u0131rmazl\u0131k sa\u011flamak i\u00e7in de\u011fi\u015ftirilebilir.<\/li>\n<li><strong>Cam Malzemeleri ve Kaplamalar\u0131:<\/strong>Y\u00fcksek \u015feffafl\u0131k, buzlu cam, yar\u0131 \u015feffaf cam ve patlamaya dayan\u0131kl\u0131 cam gibi malzemeler mevcuttur. Ayr\u0131ca, \u015fi\u015fe g\u00f6vdesine veya \u015fi\u015fe taban\u0131na logolar kabartma olarak i\u015flenebilir.<\/li>\n<li><strong>Aksesuar Se\u00e7enekleri:<\/strong>\u00d6l\u00e7\u00fc ka\u015f\u0131klar\u0131, s\u0131zd\u0131rmazl\u0131k etiketleri, marka asma etiketleri ve d\u0131\u015f etiket tasar\u0131mlar\u0131, markan\u0131zla daha eksiksiz bir \u00fcr\u00fcn portf\u00f6y\u00fc olu\u015fturmak i\u00e7in kullanabilece\u011finiz uyumlu \u00fcr\u00fcnlerdir.<\/li>\n<\/ol>","protected":false},"excerpt":{"rendered":"<p>Glass jar for pickle are available with free samples for testing. And glass jars for pickling, ideal for bulk buyers with factory-direct supply. Custom available.<\/p>","protected":false},"featured_media":23941,"template":"","meta":[],"product_brand":[],"product_cat":[122,124,133],"product_tag":[],"class_list":{"0":"post-23940","1":"product","2":"type-product","3":"status-publish","4":"has-post-thumbnail","6":"product_cat-custom-glass-packaging","7":"product_cat-custom-glass-jars","8":"product_cat-pickle-jars","10":"first","11":"instock","12":"shipping-taxable","13":"product-type-simple"},"jetpack_sharing_enabled":true,"_links":{"self":[{"href":"https:\/\/yebodaglass.com\/tr\/wp-json\/wp\/v2\/product\/23940","targetHints":{"allow":["GET"]}}],"collection":[{"href":"https:\/\/yebodaglass.com\/tr\/wp-json\/wp\/v2\/product"}],"about":[{"href":"https:\/\/yebodaglass.com\/tr\/wp-json\/wp\/v2\/types\/product"}],"version-history":[{"count":5,"href":"https:\/\/yebodaglass.com\/tr\/wp-json\/wp\/v2\/product\/23940\/revisions"}],"predecessor-version":[{"id":23954,"href":"https:\/\/yebodaglass.com\/tr\/wp-json\/wp\/v2\/product\/23940\/revisions\/23954"}],"wp:featuredmedia":[{"embeddable":true,"href":"https:\/\/yebodaglass.com\/tr\/wp-json\/wp\/v2\/media\/23941"}],"wp:attachment":[{"href":"https:\/\/yebodaglass.com\/tr\/wp-json\/wp\/v2\/media?parent=23940"}],"wp:term":[{"taxonomy":"product_brand","embeddable":true,"href":"https:\/\/yebodaglass.com\/tr\/wp-json\/wp\/v2\/product_brand?post=23940"},{"taxonomy":"product_cat","embeddable":true,"href":"https:\/\/yebodaglass.com\/tr\/wp-json\/wp\/v2\/product_cat?post=23940"},{"taxonomy":"product_tag","embeddable":true,"href":"https:\/\/yebodaglass.com\/tr\/wp-json\/wp\/v2\/product_tag?post=23940"}],"curies":[{"name":"wp","href":"https:\/\/api.w.org\/{rel}","templated":true}]}}