{"id":23903,"date":"2025-11-18T16:15:47","date_gmt":"2025-11-18T08:15:47","guid":{"rendered":"https:\/\/yebodaglass.com\/?post_type=product&#038;p=23903"},"modified":"2026-03-26T14:10:56","modified_gmt":"2026-03-26T06:10:56","slug":"wholesale-clear-32-oz-swing-top-bottles-with-stripes","status":"publish","type":"product","link":"https:\/\/yebodaglass.com\/tr\/wholesale-clear-32-oz-swing-top-bottles-with-stripes\/","title":{"rendered":"Toptan \u015eeffaf 16 oz 32 oz \u00c7izgili Sal\u0131ncak Kapakl\u0131 \u015ei\u015feler"},"content":{"rendered":"<p data-start=\"66\" data-end=\"288\">Bu 32 oz&#039;luk sallanan kapakl\u0131 \u015fi\u015feler, \u015f\u0131k dikey \u00e7izgili desene sahip \u015feffaf camdan \u00fcretilmi\u015ftir. Metal ge\u00e7meli kapak, son derece g\u00fcvenilir bir s\u0131zd\u0131rmazl\u0131k sa\u011flayan harika bir tasar\u0131m \u00f6zelli\u011fi olmas\u0131n\u0131n yan\u0131 s\u0131ra, s\u0131v\u0131 depolama i\u00e7in de m\u00fckemmel bir \u00e7\u00f6z\u00fcmd\u00fcr.<\/p>\n<h2>\u00dcr\u00fcn \u00d6zellikleri<\/h2>\n<ul>\n<li><strong>\u015eeffaf Cam Malzemesi:<\/strong> \u015eeffaf cam, s\u0131v\u0131n\u0131n d\u0131\u015far\u0131dan tan\u0131mlanmas\u0131nda \u00e7ok yard\u0131mc\u0131 olur, \u00e7\u00fcnk\u00fc hem rengi hem de hacmi kolayca kontrol edilebilir.<\/li>\n<li><strong>Dikey \u015eerit:<\/strong> \u00dcr\u00fcn\u00fcn dikey \u00e7izgili deseni, \u00fcr\u00fcn\u00fcn g\u00fczelli\u011fine ve \u00f6zg\u00fcnl\u00fc\u011f\u00fcne katk\u0131da bulunurken ayn\u0131 zamanda kullan\u0131c\u0131ya daha iyi bir tutu\u015f imk\u00e2n\u0131 sa\u011fl\u0131yor.<\/li>\n<li><strong>Ge\u00e7meli S\u0131zd\u0131rmazl\u0131k Tasar\u0131m\u0131:<\/strong> Bu metal ge\u00e7meli t\u0131pa s\u0131k\u0131ca kapan\u0131r, bu nedenle etkili bir \u015fekilde s\u0131zd\u0131rmazl\u0131k sa\u011flar ve i\u00e7eri\u011fi taze tutar, ayr\u0131ca kolay bir \u015fekilde a\u00e7\u0131l\u0131p kapanmaya yard\u0131mc\u0131 olur.<\/li>\n<\/ul>\n<h2 style=\"text-align: left;\">Temel \u00d6zellikler<\/h2>\n<table class=\"aligncenter\" style=\"border-collapse: collapse; width: 474.77pt;\" border=\"0\" width=\"633\" cellspacing=\"0\" cellpadding=\"0\">\n<tbody>\n<tr style=\"height: 13.50pt;\">\n<td style=\"height: 13.50pt; width: 98.25pt;\" width=\"131\" height=\"18\">\u015eartname<\/td>\n<td style=\"width: 376.50pt;\" width=\"502\">Detaylar<\/td>\n<\/tr>\n<tr style=\"height: 13.50pt;\">\n<td style=\"height: 13.50pt;\" height=\"18\">Boyutlar<\/td>\n<td>500 ml (16 oz): 7 cm \u00d7 26,6 cm\/1000 ml (32 oz): 8,5 cm \u00d7 31,5 cm<\/td>\n<\/tr>\n<tr style=\"height: 13.50pt;\">\n<td style=\"height: 13.50pt;\" height=\"18\">Malzeme<\/td>\n<td>Y\u00fcksek berrakl\u0131kta \u015feffaf cam<\/td>\n<\/tr>\n<tr style=\"height: 13.50pt;\">\n<td style=\"height: 13.50pt;\" height=\"18\">Y\u00fczey Dokusu<\/td>\n<td>Kavrama ve estetik i\u00e7in dikey \u00e7izgili desen<\/td>\n<\/tr>\n<tr style=\"height: 13.50pt;\">\n<td style=\"height: 13.50pt;\" height=\"18\">Kapatma Sistemi<\/td>\n<td>Turuncu\/beyaz t\u0131pal\u0131 paslanmaz \u00e7elik sal\u0131ncak \u00fcstleri<\/td>\n<\/tr>\n<tr style=\"height: 13.50pt;\">\n<td style=\"height: 13.50pt;\" height=\"18\">\u0130deal \u0130\u00e7in<\/td>\n<td>Kapakl\u0131 \u015fi\u015feler, kapakl\u0131 \u015fi\u015feler toptan sat\u0131\u015f\u0131<\/td>\n<\/tr>\n<\/tbody>\n<\/table>\n<h2>Ba\u015far\u0131 \u00d6yk\u00fcs\u00fc: Bir El Yap\u0131m\u0131 Me\u015frubat \u00dcreticisinin Birinci S\u0131n\u0131f D\u00f6n\u00fc\u015f\u00fcm\u00fc<\/h2>\n<p>Bir zanaatkar soda markas\u0131, l\u00fcks hediyelik e\u015fya pazar\u0131na girmek istiyordu. Amiral gemisi i\u00e7eceklerini \u00f6ne \u00e7\u0131karmak i\u00e7in, dikey \u00e7izgili desenle s\u00fcslenmi\u015f, sallanan kapakl\u0131 toptan \u015fi\u015felerimizi kullanmaya karar verdiler. Bu benzersiz \u00e7izgi, markan\u0131n ba\u015far\u0131s\u0131nda \u00f6nemli bir etken oldu. Kullan\u0131c\u0131n\u0131n kapa\u011f\u0131 daha iyi kavramas\u0131n\u0131 sa\u011flayarak kayma ve d\u00fc\u015fmelerden kaynaklanan kaza say\u0131s\u0131n\u0131 azaltt\u0131 ve sat\u0131\u015flar\u0131 art\u0131rd\u0131. Bu olumlu t\u00fcketici tepkileriyle marka, \u015fu anda parti ba\u015f\u0131na 200.000 \u015fi\u015fe sipari\u015f veriyor ve bu tasar\u0131m\u0131, amiral gemisi \u00fcr\u00fcn\u00fc i\u00e7in tek ambalaj haline getiriyor.<\/p>\n<h2>Dokulu Sal\u0131ncakl\u0131 Kapakl\u0131 \u015ei\u015fenizi \u00d6zelle\u015ftirin<\/h2>\n<p>Di\u011fer \u00fcr\u00fcnler taraf\u0131ndan kopyalanamayan markal\u0131 vidal\u0131 kapakl\u0131 bir \u015fi\u015fe olu\u015fturmak i\u00e7in bu \u00fcr\u00fcn odakl\u0131 \u00f6zelle\u015ftirme se\u00e7eneklerini kullan\u0131n:<\/p>\n<ul>\n<li><strong>S\u0131zd\u0131rmazl\u0131k Halkas\u0131 Renk Se\u00e7imi:<\/strong> S\u0131zd\u0131rmazl\u0131k halkas\u0131n\u0131 markan\u0131z\u0131n rengine g\u00f6re ayarlay\u0131n ve b\u00f6ylece rafta tekrar markan\u0131z\u0131n renginde olsun.<\/li>\n<li><strong>Vitray:<\/strong> \u015eeffaf cam yerine kehribar veya ye\u015fil cam kullan\u0131lmas\u0131, bira gibi \u0131\u015f\u0131\u011fa duyarl\u0131 i\u00e7ecekler i\u00e7in uygundur.<\/li>\n<li><strong>Buzlu Doku:<\/strong> Kaburgalardaki buzlu y\u00fczey, dramatik bir kontrast yaratman\u0131n yan\u0131 s\u0131ra daha dokulu bir dokunsal deneyim de yarat\u0131yor.<\/li>\n<li><strong>\u00d6zel Renkli S\u0131r:<\/strong> \u015ei\u015fenin dibine veya boynuna renkli cam \u015ferit eklenmesiyle ortaya e\u015fsiz bir g\u00f6r\u00fcn\u00fcm \u00e7\u0131k\u0131yor.<\/li>\n<\/ul>\n<p>32 oz&#039;luk a\u00e7\u0131l\u0131r kapan\u0131r kapakl\u0131 \u015fi\u015felerin toptan fiyatlar\u0131n\u0131 \u00f6\u011frenmek istiyorsan\u0131z l\u00fctfen bizimle ileti\u015fime ge\u00e7in.<\/p>","protected":false},"excerpt":{"rendered":"<p>\u0130\u00e7ecekler, fermantasyon ve g\u0131da ambalajlar\u0131 i\u00e7in tasarlanm\u0131\u015f, birinci s\u0131n\u0131f s\u0131zd\u0131rmaz contalara sahip, \u015f\u0131k \u00e7izgili 32 oz&#039;luk sallanan kapakl\u0131 \u015fi\u015feler. Toptan sat\u0131\u015f fiyatlar\u0131 mevcuttur.<\/p>","protected":false},"featured_media":25628,"template":"","meta":[],"product_brand":[],"product_cat":[132,123,122],"product_tag":[],"class_list":{"0":"post-23903","1":"product","2":"type-product","3":"status-publish","4":"has-post-thumbnail","6":"product_cat-glass-flip-top-bottles","7":"product_cat-custom-glass-bottles","8":"product_cat-custom-glass-packaging","10":"first","11":"instock","12":"shipping-taxable","13":"product-type-simple"},"jetpack_sharing_enabled":true,"_links":{"self":[{"href":"https:\/\/yebodaglass.com\/tr\/wp-json\/wp\/v2\/product\/23903","targetHints":{"allow":["GET"]}}],"collection":[{"href":"https:\/\/yebodaglass.com\/tr\/wp-json\/wp\/v2\/product"}],"about":[{"href":"https:\/\/yebodaglass.com\/tr\/wp-json\/wp\/v2\/types\/product"}],"version-history":[{"count":4,"href":"https:\/\/yebodaglass.com\/tr\/wp-json\/wp\/v2\/product\/23903\/revisions"}],"predecessor-version":[{"id":23921,"href":"https:\/\/yebodaglass.com\/tr\/wp-json\/wp\/v2\/product\/23903\/revisions\/23921"}],"wp:featuredmedia":[{"embeddable":true,"href":"https:\/\/yebodaglass.com\/tr\/wp-json\/wp\/v2\/media\/25628"}],"wp:attachment":[{"href":"https:\/\/yebodaglass.com\/tr\/wp-json\/wp\/v2\/media?parent=23903"}],"wp:term":[{"taxonomy":"product_brand","embeddable":true,"href":"https:\/\/yebodaglass.com\/tr\/wp-json\/wp\/v2\/product_brand?post=23903"},{"taxonomy":"product_cat","embeddable":true,"href":"https:\/\/yebodaglass.com\/tr\/wp-json\/wp\/v2\/product_cat?post=23903"},{"taxonomy":"product_tag","embeddable":true,"href":"https:\/\/yebodaglass.com\/tr\/wp-json\/wp\/v2\/product_tag?post=23903"}],"curies":[{"name":"wp","href":"https:\/\/api.w.org\/{rel}","templated":true}]}}