{"id":23894,"date":"2025-11-18T15:02:38","date_gmt":"2025-11-18T07:02:38","guid":{"rendered":"https:\/\/yebodaglass.com\/?post_type=product&#038;p=23894"},"modified":"2026-04-10T09:36:18","modified_gmt":"2026-04-10T01:36:18","slug":"empty-clear-glass-flip-top-bottles-wholesale","status":"publish","type":"product","link":"https:\/\/yebodaglass.com\/tr\/empty-clear-glass-flip-top-bottles-wholesale\/","title":{"rendered":"350 ml - 1000 ml Bo\u015f \u015eeffaf Cam Kapakl\u0131 \u015ei\u015feler Toptan Sat\u0131\u015f"},"content":{"rendered":"<p data-start=\"66\" data-end=\"288\"><span aria-haspopup=\"dialog\" aria-expanded=\"false\" aria-controls=\"radix-_r_8f_\" data-state=\"closed\" data-slot=\"popover-trigger\">P\u00fcr\u00fczs\u00fcz ve hafif\u00e7e incelen g\u00f6vdesi ve ince boynuyla geleneksel ve kullan\u0131\u015fl\u0131 bir \u015fi\u015fe olan bu cam kapakl\u0131 \u015fi\u015fe klasik bir tasar\u0131ma sahiptir.<\/span> <span aria-haspopup=\"dialog\" aria-expanded=\"false\" aria-controls=\"radix-_r_8g_\" data-state=\"closed\" data-slot=\"popover-trigger\">\u015ei\u015fe, \u015feffaf camdan yap\u0131lm\u0131\u015f olup, kapa\u011f\u0131 s\u0131k\u0131ca kapanan ve \u015fi\u015feyi sabitleyen bir mekanizmaya sahiptir.<\/span> <span aria-haspopup=\"dialog\" aria-expanded=\"false\" aria-controls=\"radix-_r_8h_\" data-state=\"closed\" data-slot=\"popover-trigger\">Bu yap\u0131, hava ge\u00e7irmez bir \u00f6rt\u00fc olu\u015fturarak tazeli\u011fi korur ve s\u0131z\u0131nt\u0131lar\u0131 \u00f6nler.<\/span> <span aria-haspopup=\"dialog\" aria-expanded=\"false\" aria-controls=\"radix-_r_8i_\" data-state=\"closed\" data-slot=\"popover-trigger\">Bu seri, 350 ml&#039;den 1000 ml&#039;ye kadar de\u011fi\u015fen boyutlarda sunularak ambalaj gereksinimlerinde esneklik sa\u011flar.<\/span> <span aria-haspopup=\"dialog\" aria-expanded=\"false\" aria-controls=\"radix-_r_8j_\" data-state=\"closed\" data-slot=\"popover-trigger\">Bunlar, soda, meyve suyu ve kombucha gibi i\u00e7eceklerin saklanmas\u0131nda yayg\u0131n olarak kullan\u0131lan \u015fi\u015felerdir. Toptan olarak a\u00e7\u0131l\u0131r kapan\u0131r kapakl\u0131 \u015fi\u015feler tedarik ediyoruz.<\/span><\/p>\n<h2>\u00dcr\u00fcn \u00d6zellikleri<\/h2>\n<ul>\n<li><strong>Ge\u00e7meli S\u0131zd\u0131rmazl\u0131k Tasar\u0131m\u0131:<\/strong> K\u0131rm\u0131z\u0131 ve beyaz metal \u00e7\u0131t\u00e7\u0131tl\u0131 t\u0131palar iyi bir s\u0131zd\u0131rmazl\u0131k performans\u0131 sa\u011flayarak i\u00e7indekilerin daha uzun s\u00fcre dayanmas\u0131n\u0131 sa\u011flar. Ayr\u0131ca a\u00e7\u0131l\u0131p kapanmas\u0131 da olduk\u00e7a kolayd\u0131r.<\/li>\n<li><strong>Farkl\u0131 \u015ei\u015fe \u015eekilleri ve Boyutlar\u0131:<\/strong> D\u00f6rt farkl\u0131 \u015fi\u015fe \u015fekli ve boyutu, farkl\u0131 hacimsel ihtiya\u00e7lar\u0131n yan\u0131 s\u0131ra g\u00f6rsel ihtiya\u00e7lar\u0131 da kar\u015f\u0131layabilir. Ayr\u0131ca i\u00e7ecekler, soslar ve di\u011fer ambalaj senaryolar\u0131 i\u00e7in de kullan\u0131labilirler.<\/li>\n<li><strong>Seri Tasar\u0131m:<\/strong> Tek bir tasar\u0131m stiline sahip olan kaplar seri olarak kullan\u0131labilir, b\u00f6ylece depolama ve kullan\u0131m aras\u0131ndaki genel uyum art\u0131r\u0131l\u0131r.<\/li>\n<\/ul>\n<h2 style=\"text-align: left;\">Temel \u00d6zellikler<\/h2>\n<table style=\"border-collapse: collapse; width: 80%; margin-left: auto; margin-right: auto;\" border=\"0\" width=\"144\" cellspacing=\"0\" cellpadding=\"0\">\n<tbody>\n<tr style=\"height: 13.50pt;\">\n<td style=\"height: 13.5pt; width: 54pt; text-align: center;\" width=\"72\" height=\"18\">\u015eartname<\/td>\n<td style=\"width: 54pt; text-align: center;\" width=\"72\">Detaylar<\/td>\n<\/tr>\n<tr style=\"height: 13.50pt;\">\n<td style=\"height: 13.5pt; text-align: center;\" height=\"18\">Kapasiteler<\/td>\n<td style=\"text-align: center;\">350 ml (12 oz) \/ 500 ml (16 oz) \/ 750 ml (25 oz) \/ 1000 ml (32 oz)<\/td>\n<\/tr>\n<tr style=\"height: 13.50pt;\">\n<td style=\"height: 13.5pt; text-align: center;\" height=\"18\">Boyun A\u00e7\u0131kl\u0131\u011f\u0131<\/td>\n<td style=\"text-align: center;\">1,9 cm (350,500 ml) \u2022 1,8 cm (750,1000 ml)<\/td>\n<\/tr>\n<tr style=\"height: 13.50pt;\">\n<td style=\"height: 13.5pt; text-align: center;\" height=\"18\">Kapan\u0131\u015f<\/td>\n<td style=\"text-align: center;\">K\u0131rm\u0131z\u0131\/beyaz t\u0131pa ve de\u011fi\u015ftirilebilir silikon contaya sahip metal sal\u0131ncak \u00fcst\u00fc<\/td>\n<\/tr>\n<tr style=\"height: 13.50pt;\">\n<td style=\"height: 13.5pt; text-align: center;\" height=\"18\">Malzeme<\/td>\n<td style=\"text-align: center;\">Y\u00fcksek berrakl\u0131kta \u015feffaf cam<\/td>\n<\/tr>\n<tr style=\"height: 13.50pt;\">\n<td style=\"height: 13.5pt; text-align: center;\" height=\"18\">M\u00fch\u00fcr Tipi<\/td>\n<td style=\"text-align: center;\">S\u0131k\u0131\u015ft\u0131rma y\u00f6ntemiyle kapat\u0131lm\u0131\u015f, kau\u00e7uk benzeri contal\u0131 kapak<\/td>\n<\/tr>\n<\/tbody>\n<\/table>\n<h2>Ba\u015far\u0131 Hikayesi<\/h2>\n<p><span aria-haspopup=\"dialog\" aria-expanded=\"false\" aria-controls=\"radix-_r_8k_\" data-state=\"closed\" data-slot=\"popover-trigger\">Alman i\u00e7ecek markalar\u0131ndan biri, el yap\u0131m\u0131 olacak yeni bir gazl\u0131 limonata \u00fcr\u00fcn serisini piyasaya s\u00fcrmek \u00fczereydi.<\/span> <span aria-haspopup=\"dialog\" aria-expanded=\"false\" aria-controls=\"radix-_r_8l_\" data-state=\"closed\" data-slot=\"popover-trigger\">\u00c7e\u015fitli tedarik\u00e7ileri kar\u015f\u0131la\u015ft\u0131rd\u0131ktan sonra, 25 oz&#039;luk ge\u00e7meli cam \u015fi\u015felerimizi tercih ettiler.<\/span> <span aria-haspopup=\"dialog\" aria-expanded=\"false\" aria-controls=\"radix-_r_8m_\" data-state=\"closed\" data-slot=\"popover-trigger\">\u015ei\u015fenin \u00fczerine beyaz seramik ile markalar\u0131 bas\u0131lm\u0131\u015f olup, paslanmaz \u00e7elik vidal\u0131 kapa\u011f\u0131nda ise \u015fi\u015feye uzun s\u00fcreli k\u00f6p\u00fcrme \u00f6zelli\u011fi kazand\u0131ran ve limon temas\u0131n\u0131 \u00e7a\u011fr\u0131\u015ft\u0131ran sar\u0131 renkli g\u0131da s\u0131n\u0131f\u0131 silikon conta bulunmaktad\u0131r.<\/span><\/p>\n<p><span aria-haspopup=\"dialog\" aria-expanded=\"false\" aria-controls=\"radix-_r_8n_\" data-state=\"closed\" data-slot=\"popover-trigger\">Alt\u0131 ay i\u00e7inde marka, yeni ambalaj\u0131n\u0131n sat\u0131\u015f hacmini, piyasaya s\u00fcr\u00fcld\u00fc\u011f\u00fc zamana k\u0131yasla y\u00fczde 28 art\u0131rd\u0131.<\/span> <span aria-haspopup=\"dialog\" aria-expanded=\"false\" aria-controls=\"radix-_r_8o_\" data-state=\"closed\" data-slot=\"popover-trigger\">M\u00fc\u015fteri, olumlu pazar tepkisi nedeniyle ilk y\u0131l i\u00e7inde \u00fc\u00e7 adet toplu sipari\u015f daha verdi.<\/span><\/p>\n<h2>Flip Top \u015ei\u015felerinizi Tasarlay\u0131n<\/h2>\n<ul>\n<li><strong>\u00d6zel\u200b\u200d\u200b\u200c\u200d\u200b\u200d\u200c\u200b\u200d\u200b\u200c\u200d\u200b\u200d\u200c M\u00fch\u00fcr Rengi:<\/strong> M\u00fch\u00fcr\u00fcn k\u0131rm\u0131z\u0131 ve beyaz k\u0131s\u0131mlar\u0131n\u0131 markan\u0131z\u0131n rengine d\u00f6n\u00fc\u015ft\u00fcrerek h\u0131zl\u0131 ve kolay tan\u0131nmas\u0131n\u0131 sa\u011flay\u0131n.<\/li>\n<li><strong>Cam Filmi:<\/strong> Bira veya sirke gibi \u0131\u015f\u0131\u011fa duyarl\u0131 bir \u00fcr\u00fcn\u00fc UV \u0131\u015f\u0131nlar\u0131ndan korumak istiyorsan\u0131z kehribar veya ye\u015fil cam tercih edin.<\/li>\n<li><strong>Asit Y\u00fczl\u00fc Logo:<\/strong> Zarif, uzun \u00f6m\u00fcrl\u00fc ve silinmez buzlu bir stil i\u00e7in logonuzu asit kaz\u0131ma y\u00f6ntemiyle cam\u0131n \u00fczerine yerle\u015ftirin.<\/li>\n<li><strong>\u00c7\u0131t\u00e7\u0131t Biti\u015fi:<\/strong> \u00c7\u0131t\u00e7\u0131t\u0131n\u0131z i\u00e7in siyah veya galvaniz gibi belirli metal \u00e7\u0131t\u00e7\u0131t kaplamalar\u0131n\u0131 se\u00e7erek daha ki\u015fiselle\u015ftirilmi\u015f bir g\u00f6r\u00fcn\u00fcm elde edin.<\/li>\n<\/ul>\n<p>H\u0131zl\u0131 kargo hizmetiyle toplu olarak sat\u0131n al\u0131nabilen kapakl\u0131 \u015fi\u015felerimizi toptan olarak sunuyoruz. Bu \u00e7ok ama\u00e7l\u0131 vidal\u0131 kapakl\u0131 cam \u015fi\u015fe i\u00e7in fiyat teklifi almak \u00fczere bizimle ileti\u015fime ge\u00e7mekten \u00e7ekinmeyin.<\/p>","protected":false},"excerpt":{"rendered":"<p>Dayan\u0131kl\u0131 cam kapakl\u0131 \u015fi\u015feler, g\u00fc\u00e7l\u00fc kapakl\u0131, hava ge\u00e7irmez, toptan kapakl\u0131 \u015fi\u015fe arayan markalar i\u00e7in m\u00fckemmel. \u00dccretsiz numuneler.<\/p>","protected":false},"featured_media":23895,"template":"","meta":[],"product_brand":[],"product_cat":[132,123,122],"product_tag":[],"class_list":{"0":"post-23894","1":"product","2":"type-product","3":"status-publish","4":"has-post-thumbnail","6":"product_cat-glass-flip-top-bottles","7":"product_cat-custom-glass-bottles","8":"product_cat-custom-glass-packaging","10":"first","11":"instock","12":"shipping-taxable","13":"product-type-simple"},"jetpack_sharing_enabled":true,"_links":{"self":[{"href":"https:\/\/yebodaglass.com\/tr\/wp-json\/wp\/v2\/product\/23894","targetHints":{"allow":["GET"]}}],"collection":[{"href":"https:\/\/yebodaglass.com\/tr\/wp-json\/wp\/v2\/product"}],"about":[{"href":"https:\/\/yebodaglass.com\/tr\/wp-json\/wp\/v2\/types\/product"}],"version-history":[{"count":5,"href":"https:\/\/yebodaglass.com\/tr\/wp-json\/wp\/v2\/product\/23894\/revisions"}],"predecessor-version":[{"id":25398,"href":"https:\/\/yebodaglass.com\/tr\/wp-json\/wp\/v2\/product\/23894\/revisions\/25398"}],"wp:featuredmedia":[{"embeddable":true,"href":"https:\/\/yebodaglass.com\/tr\/wp-json\/wp\/v2\/media\/23895"}],"wp:attachment":[{"href":"https:\/\/yebodaglass.com\/tr\/wp-json\/wp\/v2\/media?parent=23894"}],"wp:term":[{"taxonomy":"product_brand","embeddable":true,"href":"https:\/\/yebodaglass.com\/tr\/wp-json\/wp\/v2\/product_brand?post=23894"},{"taxonomy":"product_cat","embeddable":true,"href":"https:\/\/yebodaglass.com\/tr\/wp-json\/wp\/v2\/product_cat?post=23894"},{"taxonomy":"product_tag","embeddable":true,"href":"https:\/\/yebodaglass.com\/tr\/wp-json\/wp\/v2\/product_tag?post=23894"}],"curies":[{"name":"wp","href":"https:\/\/api.w.org\/{rel}","templated":true}]}}