{"id":23879,"date":"2025-11-18T13:42:49","date_gmt":"2025-11-18T05:42:49","guid":{"rendered":"https:\/\/yebodaglass.com\/?post_type=product&#038;p=23879"},"modified":"2026-03-26T13:58:11","modified_gmt":"2026-03-26T05:58:11","slug":"wholesale-clear-cylindrical-glass-resealable-bottles","status":"publish","type":"product","link":"https:\/\/yebodaglass.com\/tr\/wholesale-clear-cylindrical-glass-resealable-bottles\/","title":{"rendered":"Toptan \u015eeffaf Silindirik Cam Tekrar Kapat\u0131labilir \u015ei\u015feler 600ml 1000ml"},"content":{"rendered":"<p>Our glass resealable bottles ( 600ml and 1000ml capacities ) feature a clean cylindrical shape with a distinct shoulder and thick, stable base. The bottles are made of clear glass that gives the product a high visibility. The durable swing top topper is attached to each unit, consisting of a metal wire bail and a food grade sealing gasket to provide airtight protection. There is also easy branding and labelling done on the smooth surface.<\/p>\n<h2 style=\"text-align: left;\">Temel \u00d6zellikler<\/h2>\n<table class=\"aligncenter\" style=\"border-collapse: collapse; width: 581.27pt;\" border=\"0\" width=\"775\" cellspacing=\"0\" cellpadding=\"0\">\n<tbody>\n<tr style=\"height: 13.50pt;\">\n<td style=\"height: 13.50pt; width: 164.25pt;\" width=\"219\" height=\"18\">\u015eartname<\/td>\n<td style=\"width: 417.00pt;\" width=\"556\">Detaylar<\/td>\n<\/tr>\n<tr style=\"height: 13.50pt;\">\n<td style=\"height: 13.50pt;\" height=\"18\">Boyutlar (D \u00d7 Y)<\/td>\n<td>600 ml (20 oz) 7,4 \u00d7 23,7 cm\/1000 ml (32 oz) 8,1 \u00d7 28,9 cm<\/td>\n<\/tr>\n<tr style=\"height: 13.50pt;\">\n<td style=\"height: 13.50pt;\" height=\"18\">\u015ei\u015fe Bo\u011faz\u0131 \u0130\u00e7 \u00c7ap\u0131<\/td>\n<td>2,8 cm \u00e7ap\u0131nda<\/td>\n<\/tr>\n<tr style=\"height: 13.50pt;\">\n<td style=\"height: 13.50pt;\" height=\"18\">Kapatma T\u00fcr\u00fc<\/td>\n<td>swing top<\/td>\n<\/tr>\n<tr style=\"height: 13.50pt;\">\n<td style=\"height: 13.50pt;\" height=\"18\">Malzeme<\/td>\n<td>Lead-free soda-lime glass, stainless steel, silicone pad<\/td>\n<\/tr>\n<tr style=\"height: 13.50pt;\">\n<td style=\"height: 13.50pt;\" height=\"18\">ustomization Options:<\/td>\n<td>C Color, Size, Surface Finish, Logo, Packaging<\/td>\n<\/tr>\n<\/tbody>\n<\/table>\n<h2>Ba\u015fvuru<\/h2>\n<p>These sealable glass bottles are widely used across food and beverage industries where airtight storage is essential. They can be used to store oils, vinegar, syrups and homemade beverages or to package water, juices, kombucha, beer and other fermented beverages. The resealable secure closure ensures that they can be distributed to retailers as well as used repeatedly by consumers. Moreover, they are also widely utilised in the hospitality, cafes, breweries, and line of their own products to provide quality preservation and maintenance of the quality of products during storing and transportation.<\/p>\n<h2>Ba\u015far\u0131 \u00d6yk\u00fcs\u00fc: Bir Butik Bira Fabrikas\u0131 \u0130\u00e7in M\u00fckemmel Se\u00e7im<\/h2>\n<p>Butik soda \u00fcreten k\u00fc\u00e7\u00fck bir bira fabrikas\u0131, y\u00fcksek karbonatl\u0131 zencefilli gazozlar\u0131 i\u00e7in sa\u011flam bir kaba ihtiya\u00e7 duyuyordu. S\u0131zd\u0131rmaz cam \u015fi\u015felerimizi tercih etmeleri sayesinde, 7 g\u00fcn i\u00e7inde %2&#039;den daha az karbondioksit kayb\u0131 ya\u015fad\u0131lar ve m\u00fc\u015fterilerin bayat bira \u015fikayetleri s\u0131f\u0131ra indi. Buna ek olarak, \u015fi\u015fe ba\u015f\u0131na 5 kez \u015fi\u015felemeden sonra conta de\u011fi\u015ftirme oran\u0131 %0,5&#039;in alt\u0131ndayd\u0131. \u00c7ok memnun kald\u0131lar ve alt\u0131 ay i\u00e7inde \u00fc\u00e7 kez sipari\u015f verme karar\u0131 ald\u0131lar. B\u00f6ylece, alt\u0131 ayl\u0131k s\u00fcrenin sonunda sipari\u015f hacimlerini 1.200 \u015fi\u015feden 200.000 \u015fi\u015feye \u00e7\u0131karm\u0131\u015flard\u0131.<\/p>\n<h2>Vidal\u0131 Kapakl\u0131 \u015ei\u015felerinizi \u00d6zelle\u015ftirin<\/h2>\n<ul>\n<li><strong>Serigrafi Bask\u0131:<\/strong> Etiket tasar\u0131m\u0131n\u0131z\u0131 serigrafi bask\u0131 yard\u0131m\u0131yla do\u011frudan \u015fi\u015fenin \u00fczerine uygulay\u0131n; bu \u00e7ok dayan\u0131kl\u0131 ve profesyonel g\u00f6r\u00fcn\u00fcml\u00fc bir y\u00fczeydir.<\/li>\n<li><strong>\u00c7\u0131t\u00e7\u0131t Kaplamalar\u0131:<\/strong> \u00d6rne\u011fin, metal \u00e7\u0131t\u00e7\u0131tl\u0131 ba\u011flant\u0131 elemanlar\u0131n\u0131n baz\u0131 kaplama se\u00e7enekleri aras\u0131nda, \u00fcr\u00fcn\u00fcn\u00fcze benzersiz bir g\u00f6r\u00fcn\u00fcm kazand\u0131rmak i\u00e7in se\u00e7ebilece\u011finiz siyah veya galvanizli olanlar da yer almaktad\u0131r.<\/li>\n<li><strong>Kehribar veya Ye\u015fil Cam:<\/strong> Renkli cam tercih etmek, bira veya sirke gibi \u0131\u015f\u0131\u011fa duyarl\u0131 i\u00e7ecekleri koruman\u0131n bir yolu olabilir.<\/li>\n<li><strong>Hacim \u0130\u015faretleri:<\/strong> Hem kullan\u0131\u015fl\u0131l\u0131k hem de profesyonellik a\u00e7\u0131s\u0131ndan \u015fi\u015fenin yan taraf\u0131na kabartmal\u0131 veya bask\u0131l\u0131 hacim i\u015faretleri de ekleyebilirsiniz.<\/li>\n<\/ul>\n<p>\u0130deal ambalaj\u0131n\u0131z\u0131 tasarlamaya haz\u0131r m\u0131s\u0131n\u0131z? Vidal\u0131 kapakl\u0131 \u015fi\u015felerimizi hemen sat\u0131n alabilir ve k\u0131sa s\u00fcrede size teslim edebiliriz. Bug\u00fcn bizimle ileti\u015fime ge\u00e7erseniz, bu yeniden kullan\u0131labilir cam m\u00fch\u00fcrl\u00fc \u015fi\u015felerin toptan fiyatlar\u0131 hakk\u0131nda g\u00f6r\u00fc\u015febiliriz.<\/p>","protected":false},"excerpt":{"rendered":"<p>Beyaz kapakl\u0131, tekrar kapat\u0131labilen cam \u015fi\u015feler, yiyecek, i\u00e7ecek veya fermantasyon i\u00e7in idealdir. Toplu al\u0131mlarda da kullan\u0131labilen, kapat\u0131labilir cam \u015fi\u015feler. H\u0131zl\u0131 kargo.<\/p>","protected":false},"featured_media":25624,"template":"","meta":[],"product_brand":[],"product_cat":[132,123,122,80,81,20],"product_tag":[],"class_list":{"0":"post-23879","1":"product","2":"type-product","3":"status-publish","4":"has-post-thumbnail","6":"product_cat-glass-flip-top-bottles","7":"product_cat-custom-glass-bottles","8":"product_cat-custom-glass-packaging","9":"product_cat-glass-bottles","10":"product_cat-flip-top-bottles","11":"product_cat-glass-containers","13":"first","14":"instock","15":"shipping-taxable","16":"product-type-simple"},"jetpack_sharing_enabled":true,"_links":{"self":[{"href":"https:\/\/yebodaglass.com\/tr\/wp-json\/wp\/v2\/product\/23879","targetHints":{"allow":["GET"]}}],"collection":[{"href":"https:\/\/yebodaglass.com\/tr\/wp-json\/wp\/v2\/product"}],"about":[{"href":"https:\/\/yebodaglass.com\/tr\/wp-json\/wp\/v2\/types\/product"}],"version-history":[{"count":5,"href":"https:\/\/yebodaglass.com\/tr\/wp-json\/wp\/v2\/product\/23879\/revisions"}],"predecessor-version":[{"id":25617,"href":"https:\/\/yebodaglass.com\/tr\/wp-json\/wp\/v2\/product\/23879\/revisions\/25617"}],"wp:featuredmedia":[{"embeddable":true,"href":"https:\/\/yebodaglass.com\/tr\/wp-json\/wp\/v2\/media\/25624"}],"wp:attachment":[{"href":"https:\/\/yebodaglass.com\/tr\/wp-json\/wp\/v2\/media?parent=23879"}],"wp:term":[{"taxonomy":"product_brand","embeddable":true,"href":"https:\/\/yebodaglass.com\/tr\/wp-json\/wp\/v2\/product_brand?post=23879"},{"taxonomy":"product_cat","embeddable":true,"href":"https:\/\/yebodaglass.com\/tr\/wp-json\/wp\/v2\/product_cat?post=23879"},{"taxonomy":"product_tag","embeddable":true,"href":"https:\/\/yebodaglass.com\/tr\/wp-json\/wp\/v2\/product_tag?post=23879"}],"curies":[{"name":"wp","href":"https:\/\/api.w.org\/{rel}","templated":true}]}}