{"id":23874,"date":"2025-11-18T14:12:37","date_gmt":"2025-11-18T06:12:37","guid":{"rendered":"https:\/\/yebodaglass.com\/?post_type=product&#038;p=23874"},"modified":"2025-11-18T14:12:38","modified_gmt":"2025-11-18T06:12:38","slug":"pickling-jar-wholesale-glass-jar-factory","status":"publish","type":"product","link":"https:\/\/yebodaglass.com\/tr\/pickling-jar-wholesale-glass-jar-factory\/","title":{"rendered":"Toptan 220ml 250ml 280ml Paketleme \u0130\u00e7in \u015eeffaf Cam Tur\u015fu Kavanozu"},"content":{"rendered":"<p>S\u0131zd\u0131ran veya salatal\u0131\u011f\u0131n\u0131z\u0131n rengini solduran tur\u015fu kavanozlar\u0131ndan b\u0131kt\u0131n\u0131z m\u0131? Cam tur\u015fu kavanozlar\u0131 \u00fcretiyoruz; art\u0131k \u00fcz\u00fcc\u00fc tuzlu su d\u00f6k\u00fclmelerine son. Bu tur\u015fu kavanozlar\u0131, yiyecek saklama alan\u0131n\u0131z\u0131 markal\u0131 bir ifadeye d\u00f6n\u00fc\u015ft\u00fcr\u00fcyor. Toplu sipari\u015flerde markan\u0131za uygun \u00f6zel renkler mevcuttur.<\/p>\n<h2>\u00dcr\u00fcn \u00d6zellikleri<\/h2>\n<p><strong>Kaymaz \u015fi\u015fe taban\u0131<\/strong><\/p>\n<p>Kaymayan \u015fi\u015fe taban\u0131 tasar\u0131m\u0131n\u0131n dahil edilmesi, tur\u015fu kavanozunu sadece sabitlemekle kalmaz, ayn\u0131 zamanda \u00e7al\u0131\u015ft\u0131rmay\u0131 da daha g\u00fcvenli hale getirir.<\/p>\n<p><strong>3 boyutlu dokulu y\u00fczey<\/strong><\/p>\n<p>Tur\u015fu kavanozunun yan taraf\u0131ndaki doku, kullan\u0131c\u0131n\u0131n \u015fi\u015feyi daha s\u0131k\u0131 tutmas\u0131na yard\u0131mc\u0131 oldu\u011fu gibi, kavanozun i\u00e7indekileri g\u00f6rsel olarak da daha \u00e7ekici hale getiriyor.<\/p>\n<p><strong>Vidal\u0131 kapak s\u0131zd\u0131rmazl\u0131k tasar\u0131m\u0131<\/strong><\/p>\n<p>K\u0131rm\u0131z\u0131 vidal\u0131 kapak, ola\u011fan\u00fcst\u00fc s\u0131zd\u0131rmaz performans sunan s\u0131k\u0131 di\u015fli bir yap\u0131dan yap\u0131lm\u0131\u015ft\u0131r ve oda s\u0131cakl\u0131\u011f\u0131nda s\u0131cak dolum ve depolamaya olanak tan\u0131r.<\/p>\n<h2>Temel \u00d6zellikler<\/h2>\n<table style=\"border-collapse: collapse; width: 80%; margin-left: auto; margin-right: auto;\" border=\"0\" width=\"216\" cellspacing=\"0\" cellpadding=\"0\">\n<tbody>\n<tr style=\"height: 13.50pt;\">\n<td style=\"height: 13.5pt; width: 54pt; text-align: center;\" width=\"72\" height=\"18\">Kapasite(ml)<\/td>\n<td style=\"width: 54pt; text-align: center;\" width=\"72\">Boyut (cm)<\/td>\n<td style=\"width: 54pt; text-align: center;\" width=\"72\">\u00d6zel Se\u00e7enekler<\/td>\n<\/tr>\n<tr style=\"height: 13.50pt;\">\n<td style=\"height: 13.5pt; text-align: center;\" align=\"right\" height=\"18\">220<\/td>\n<td style=\"text-align: center;\">6,2 x 11,3<\/td>\n<td class=\"et2\" style=\"text-align: center;\" rowspan=\"3\">Kapaklar, renk, etiket, logo<\/td>\n<\/tr>\n<tr style=\"height: 13.50pt;\">\n<td style=\"height: 13.5pt; text-align: center;\" align=\"right\" height=\"18\">250<\/td>\n<td style=\"text-align: center;\">6,5 x 12,7<\/td>\n<\/tr>\n<tr style=\"height: 13.50pt;\">\n<td style=\"height: 13.5pt; text-align: center;\" align=\"right\" height=\"18\">280<\/td>\n<td style=\"text-align: center;\">6,5 x 13,5<\/td>\n<\/tr>\n<\/tbody>\n<\/table>\n<h2>Ba\u015far\u0131 \u00d6rne\u011fi<\/h2>\n<p>Do\u011fu Avrupal\u0131 \u200b\u200bbir tur\u015fu markas\u0131, ambalaj yenilemesi i\u00e7in tur\u015fu kavanozumuzu se\u00e7ti. \u00dcr\u00fcn\u00fcn kalitesini vurgulamak i\u00e7in, benzersiz bir marka etiketi ve son derece \u015feffaf bir \u015fi\u015feyle birlikte gelen siyah bir s\u0131zd\u0131rmazl\u0131k kapa\u011f\u0131 tasarlad\u0131lar.<\/p>\n<p>Yeni paketleri, lansmandan sonraki y\u0131l\u0131n son \u00e7eyre\u011finde &#039;lik bir sat\u0131\u015f b\u00fcy\u00fcmesi elde etmelerinde etkili oldu.<\/p>\n<h2>Tur\u015fu Kavanozu \u0130\u00e7in \u00d6zelle\u015ftirme K\u0131lavuzunuz<\/h2>\n<ol>\n<li><strong>\u015ei\u015fe Bask\u0131s\u0131 ve Etiket \u00d6zelle\u015ftirmesi:<\/strong> Tur\u015fu kavanozunun \u00fczerine marka logonuzu, bir grafi\u011fi veya bir metni do\u011frudan basmak i\u00e7in serigrafi bask\u0131 veya \u0131s\u0131 transfer bask\u0131 gibi bask\u0131 y\u00f6ntemlerinden birini tercih edebilir; farkl\u0131 paketleme stilleri ihtiya\u00e7lar\u0131n\u0131z i\u00e7in renkli veya \u015feffaf etiketler se\u00e7ebilirsiniz.<\/li>\n<li><strong>\u015ei\u015fe Kapa\u011f\u0131 Malzemesi ve Renk Se\u00e7imi:<\/strong> \u0130htiya\u00e7lar\u0131n\u0131za g\u00f6re elektrokaplama, f\u0131r\u0131n boya veya mat kaplamal\u0131 metal vidal\u0131 kapaklar se\u00e7ilebilir; ya da \u015fi\u015fe stiline uyacak \u015fekilde \u00f6zelle\u015ftirilebilen bir renge sahip plastik vidal\u0131 kapak se\u00e7ilebilir, bu da seri \u00fcretimi kolayla\u015ft\u0131racakt\u0131r.<\/li>\n<\/ol>\n<p>&nbsp;<\/p>","protected":false},"excerpt":{"rendered":"<p>G\u0131da markalar\u0131 i\u00e7in fabrikadan do\u011frudan tur\u015fu kavanozu; bu tur\u015fu sebze kavanozu toplu sipari\u015fleri, \u00f6zel kapaklar\u0131 ve etiketleri destekler ve al\u0131c\u0131lar i\u00e7in g\u00fcvenilir ambalajlama sunar.<\/p>","protected":false},"featured_media":23880,"template":"","meta":[],"product_brand":[],"product_cat":[122,124,133],"product_tag":[],"class_list":{"0":"post-23874","1":"product","2":"type-product","3":"status-publish","4":"has-post-thumbnail","6":"product_cat-custom-glass-packaging","7":"product_cat-custom-glass-jars","8":"product_cat-pickle-jars","10":"first","11":"instock","12":"shipping-taxable","13":"product-type-simple"},"jetpack_sharing_enabled":true,"_links":{"self":[{"href":"https:\/\/yebodaglass.com\/tr\/wp-json\/wp\/v2\/product\/23874","targetHints":{"allow":["GET"]}}],"collection":[{"href":"https:\/\/yebodaglass.com\/tr\/wp-json\/wp\/v2\/product"}],"about":[{"href":"https:\/\/yebodaglass.com\/tr\/wp-json\/wp\/v2\/types\/product"}],"version-history":[{"count":2,"href":"https:\/\/yebodaglass.com\/tr\/wp-json\/wp\/v2\/product\/23874\/revisions"}],"predecessor-version":[{"id":23884,"href":"https:\/\/yebodaglass.com\/tr\/wp-json\/wp\/v2\/product\/23874\/revisions\/23884"}],"wp:featuredmedia":[{"embeddable":true,"href":"https:\/\/yebodaglass.com\/tr\/wp-json\/wp\/v2\/media\/23880"}],"wp:attachment":[{"href":"https:\/\/yebodaglass.com\/tr\/wp-json\/wp\/v2\/media?parent=23874"}],"wp:term":[{"taxonomy":"product_brand","embeddable":true,"href":"https:\/\/yebodaglass.com\/tr\/wp-json\/wp\/v2\/product_brand?post=23874"},{"taxonomy":"product_cat","embeddable":true,"href":"https:\/\/yebodaglass.com\/tr\/wp-json\/wp\/v2\/product_cat?post=23874"},{"taxonomy":"product_tag","embeddable":true,"href":"https:\/\/yebodaglass.com\/tr\/wp-json\/wp\/v2\/product_tag?post=23874"}],"curies":[{"name":"wp","href":"https:\/\/api.w.org\/{rel}","templated":true}]}}